{"id":286,"date":"2025-03-04T15:53:38","date_gmt":"2025-03-04T14:53:38","guid":{"rendered":"https:\/\/casavinicolaciccariello.com\/?page_id=286"},"modified":"2025-04-08T13:14:56","modified_gmt":"2025-04-08T11:14:56","slug":"die-gaeta-anlage","status":"publish","type":"page","link":"https:\/\/casavinicolaciccariello.com\/de\/unternehmen\/die-gaeta-anlage\/","title":{"rendered":"Das Werk Gaeta"},"content":{"rendered":"<div data-elementor-type=\"wp-page\" data-elementor-id=\"286\" class=\"elementor elementor-286\" data-elementor-post-type=\"page\">\n\t\t\t\t<div class=\"wd-negative-gap elementor-element elementor-element-1a74982 e-flex e-con-boxed e-con e-parent\" data-id=\"1a74982\" data-element_type=\"container\">\n\t\t\t\t\t<div class=\"e-con-inner\">\n\t\t<div class=\"elementor-element elementor-element-1a4ae3c e-con-full e-flex e-con e-child\" data-id=\"1a4ae3c\" data-element_type=\"container\">\n\t\t\t\t<div class=\"elementor-element elementor-element-e7d02bc elementor-widget elementor-widget-image\" data-id=\"e7d02bc\" data-element_type=\"widget\" data-widget_type=\"image.default\">\n\t\t\t\t<div class=\"elementor-widget-container\">\n\t\t\t\t\t\t\t\t\t\t\t\t\t\t\t<img decoding=\"async\" src=\"https:\/\/casavinicolaciccariello.com\/wp-content\/uploads\/elementor\/thumbs\/veduta-gaeta-ciccariello-r40hjqd8rcbzljeq8iuusswt1nwvxheu4nyoaouzoo.jpg\" title=\"ansicht-gaeta-ciccariello\" alt=\"Unternehmen,\" loading=\"lazy\" \/>\t\t\t\t\t\t\t\t\t\t\t\t\t\t\t<\/div>\n\t\t\t\t<\/div>\n\t\t\t\t<\/div>\n\t\t<div class=\"elementor-element elementor-element-5f2c454 e-con-full e-flex e-con e-child\" data-id=\"5f2c454\" data-element_type=\"container\">\n\t\t\t\t<div class=\"elementor-element elementor-element-309a211 wd-width-100 elementor-widget elementor-widget-wd_title\" data-id=\"309a211\" data-element_type=\"widget\" data-widget_type=\"wd_title.default\">\n\t\t\t\t<div class=\"elementor-widget-container\">\n\t\t\t\t\t\t\t<div class=\"title-wrapper wd-set-mb reset-last-child wd-title-color-default wd-title-style-default wd-title-size-default text-left\">\n\n\t\t\t\n\t\t\t<div class=\"liner-continer\">\n\t\t\t\t<h4 class=\"woodmart-title-container title wd-fontsize-l\">Hochmoderne Technologien<\/h4> \n\t\t\t\t\t\t\t<\/div>\n\n\t\t\t\t\t\t\t<div class=\"title-after_title reset-last-child wd-fontsize-xs\">\n\t\t\t\t\t<p>Lo <strong>Werk in Gaeta<\/strong> Die mit modernster Abf\u00fcll- und Lagertechnik ausgestattete Anlage hat das Ziel, echte Qualit\u00e4tsweine zu erzeugen und dabei die alten Weinbautraditionen zu respektieren. Diese Anlage ist auch mit Edelstahltanks ausgestattet, von denen 70 temperaturgesteuert sind und auf ein K\u00fchlaggregat von <strong>600.000 fr\/h<\/strong>.<\/p>\t\t\t\t<\/div>\n\t\t\t\t\t<\/div>\n\t\t\t\t\t\t<\/div>\n\t\t\t\t<\/div>\n\t\t\t\t<\/div>\n\t\t\t\t\t<\/div>\n\t\t\t\t<\/div>\n\t\t<div class=\"wd-negative-gap elementor-element elementor-element-6927e2d e-flex e-con-boxed e-con e-parent\" data-id=\"6927e2d\" data-element_type=\"container\">\n\t\t\t\t\t<div class=\"e-con-inner\">\n\t\t<div class=\"elementor-element elementor-element-281ea4c e-con-full e-flex e-con e-child\" data-id=\"281ea4c\" data-element_type=\"container\">\n\t\t\t\t<div class=\"elementor-element elementor-element-9ffe39e wd-width-100 elementor-widget elementor-widget-wd_title\" data-id=\"9ffe39e\" data-element_type=\"widget\" data-widget_type=\"wd_title.default\">\n\t\t\t\t<div class=\"elementor-widget-container\">\n\t\t\t\t\t\t\t<div class=\"title-wrapper wd-set-mb reset-last-child wd-title-color-default wd-title-style-default wd-title-size-default text-left\">\n\n\t\t\t\n\t\t\t<div class=\"liner-continer\">\n\t\t\t\t<h4 class=\"woodmart-title-container title wd-fontsize-l\">Produktionskapazit\u00e4t<\/h4> \n\t\t\t\t\t\t\t<\/div>\n\n\t\t\t\t\t\t\t<div class=\"title-after_title reset-last-child wd-fontsize-xs\">\n\t\t\t\t\t<p>Die Produktionskapazit\u00e4t dieser Anlage betr\u00e4gt <strong>6.000 Flaschen pro Stunde<\/strong>vollst\u00e4ndig automatisiert, so dass sich die menschliche Komponente nur auf Kontrollt\u00e4tigkeiten beschr\u00e4nkt. Die gesamte Jahresproduktion bel\u00e4uft sich daher auf <strong>3.000.000<\/strong> von Flaschen in den verschiedenen Formaten und Typen, obwohl das tats\u00e4chliche Produktionspotenzial es erlauben w\u00fcrde, die <strong>12.000.000 Flaschen pro Jahr<\/strong>.<\/p>\t\t\t\t<\/div>\n\t\t\t\t\t<\/div>\n\t\t\t\t\t\t<\/div>\n\t\t\t\t<\/div>\n\t\t\t\t<\/div>\n\t\t<div class=\"elementor-element elementor-element-1df0764 e-con-full e-flex e-con e-child\" data-id=\"1df0764\" data-element_type=\"container\">\n\t\t\t\t<div class=\"elementor-element elementor-element-54e5584 elementor-widget elementor-widget-image\" data-id=\"54e5584\" data-element_type=\"widget\" data-widget_type=\"image.default\">\n\t\t\t\t<div class=\"elementor-widget-container\">\n\t\t\t\t\t\t\t\t\t\t\t\t\t\t\t<img decoding=\"async\" src=\"https:\/\/casavinicolaciccariello.com\/wp-content\/uploads\/elementor\/thumbs\/cavici2-scaled-r5k0kmqjeiuro2dlrqwm8pm1yi330d2n1ufni9sco8.jpg\" title=\"OLYMPUS DIGITALKAMERA\" alt=\"Das Werk Gaeta,\" loading=\"lazy\" \/>\t\t\t\t\t\t\t\t\t\t\t\t\t\t\t<\/div>\n\t\t\t\t<\/div>\n\t\t\t\t<\/div>\n\t\t\t\t\t<\/div>\n\t\t\t\t<\/div>\n\t\t<div class=\"wd-negative-gap elementor-element elementor-element-90a1ba2 e-flex e-con-boxed e-con e-parent\" data-id=\"90a1ba2\" data-element_type=\"container\">\n\t\t\t\t\t<div class=\"e-con-inner\">\n\t\t<div class=\"elementor-element elementor-element-894d82d e-con-full e-flex e-con e-child\" data-id=\"894d82d\" data-element_type=\"container\">\n\t\t\t\t<div class=\"elementor-element elementor-element-4383ceb elementor-widget elementor-widget-image\" data-id=\"4383ceb\" data-element_type=\"widget\" data-widget_type=\"image.default\">\n\t\t\t\t<div class=\"elementor-widget-container\">\n\t\t\t\t\t\t\t\t\t\t\t\t\t\t\t<img decoding=\"async\" src=\"https:\/\/casavinicolaciccariello.com\/wp-content\/uploads\/elementor\/thumbs\/cavici4-scaled-r5k0l8ctrpod33i79i91c25nmd4ixeggstftjmwap4.jpg\" title=\"OLYMPUS DIGITALKAMERA\" alt=\"Das Werk Gaeta,\" loading=\"lazy\" \/>\t\t\t\t\t\t\t\t\t\t\t\t\t\t\t<\/div>\n\t\t\t\t<\/div>\n\t\t\t\t<\/div>\n\t\t<div class=\"elementor-element elementor-element-0ff38b8 e-con-full e-flex e-con e-child\" data-id=\"0ff38b8\" data-element_type=\"container\">\n\t\t\t\t<div class=\"elementor-element elementor-element-301937c wd-width-100 elementor-widget elementor-widget-wd_title\" data-id=\"301937c\" data-element_type=\"widget\" data-widget_type=\"wd_title.default\">\n\t\t\t\t<div class=\"elementor-widget-container\">\n\t\t\t\t\t\t\t<div class=\"title-wrapper wd-set-mb reset-last-child wd-title-color-default wd-title-style-default wd-title-size-default text-left\">\n\n\t\t\t\n\t\t\t<div class=\"liner-continer\">\n\t\t\t\t<h4 class=\"woodmart-title-container title wd-fontsize-l\">Zertifizierungen<\/h4> \n\t\t\t\t\t\t\t<\/div>\n\n\t\t\t\t\t\t\t<div class=\"title-after_title reset-last-child wd-fontsize-xs\">\n\t\t\t\t\t<p>Dank modernster Technologie wird die gesamte Produktionskette von CA.VI.CI. unter der Kontrolle des<strong>HACCP<\/strong>nicht zu vergessen die Zertifizierung, die f\u00fcr die meisten seiner Produkte von der internationalen Organisation <strong>SGS<\/strong>einem weltweit f\u00fchrenden Anbieter von Inspektions-, Pr\u00fcf-, Test- und Zertifizierungsdienstleistungen.<\/p>\t\t\t\t<\/div>\n\t\t\t\t\t<\/div>\n\t\t\t\t\t\t<\/div>\n\t\t\t\t<\/div>\n\t\t\t\t<\/div>\n\t\t\t\t\t<\/div>\n\t\t\t\t<\/div>\n\t\t<div class=\"wd-negative-gap elementor-element elementor-element-1f08508 wd-section-stretch e-flex e-con-boxed e-con e-parent\" data-id=\"1f08508\" data-element_type=\"container\">\n\t\t\t\t\t<div class=\"e-con-inner\">\n\t\t\t\t<div class=\"elementor-element elementor-element-99baefd elementor-widget elementor-widget-template\" data-id=\"99baefd\" data-element_type=\"widget\" data-widget_type=\"template.default\">\n\t\t\t\t<div class=\"elementor-widget-container\">\n\t\t\t\t\t\t\t<div class=\"elementor-template\">\n\t\t\t\t\t<div data-elementor-type=\"container\" data-elementor-id=\"630\" class=\"elementor elementor-630\" data-elementor-post-type=\"elementor_library\">\n\t\t\t\t<div class=\"wd-negative-gap elementor-element elementor-element-f053996 e-flex e-con-boxed e-con e-parent\" data-id=\"f053996\" data-element_type=\"container\" data-settings=\"{&quot;background_background&quot;:&quot;classic&quot;}\">\n\t\t\t\t\t<div class=\"e-con-inner\">\n\t\t<div class=\"elementor-element elementor-element-5bc5b67f text-center e-con-full e-flex e-con e-child\" data-id=\"5bc5b67f\" data-element_type=\"container\">\n\t\t\t\t<div class=\"elementor-element elementor-element-44537d40 wd-width-100 elementor-widget elementor-widget-wd_title\" data-id=\"44537d40\" data-element_type=\"widget\" data-widget_type=\"wd_title.default\">\n\t\t\t\t<div class=\"elementor-widget-container\">\n\t\t\t\t\t\t\t<div class=\"title-wrapper wd-set-mb reset-last-child wd-title-color-white wd-title-style-default wd-title-size-large text-center\">\n\n\t\t\t\t\t\t\t\t\t\t\t<div class=\"title-subtitle subtitle-color-white subtitle-style-default wd-fontsize-xs\">\n\t\t\t\t\tHaben Sie eine Idee? \t\t\t\t<\/div>\n\t\t\t\n\t\t\t<div class=\"liner-continer\">\n\t\t\t\t<h4 class=\"woodmart-title-container title wd-fontsize-xxl\">Wir f\u00fcllen sie ab<\/h4> \n\t\t\t\t\t\t\t<\/div>\n\n\t\t\t\t\t\t\t<div class=\"title-after_title reset-last-child wd-fontsize-s\">\n\t\t\t\t\t<p>Ihr Etikett, unser Wein: Starten Sie Ihr Projekt noch heute.<\/p>\t\t\t\t<\/div>\n\t\t\t\t\t<\/div>\n\t\t\t\t\t\t<\/div>\n\t\t\t\t<\/div>\n\t\t\t\t<div class=\"elementor-element elementor-element-3b8d9d42 elementor-widget__width-auto elementor-widget elementor-widget-wd_button\" data-id=\"3b8d9d42\" data-element_type=\"widget\" data-widget_type=\"wd_button.default\">\n\t\t\t\t<div class=\"elementor-widget-container\">\n\t\t\t\t\t\t\t<div class=\"wd-button-wrapper text-center\" >\n\t\t\t<a class=\"btn btn-style-round btn-shape-rectangle btn-size-default btn-color-black btn-icon-pos-right\"  href=\"\/de\/kontaktieren-sie-uns\/\">\n\t\t\t\t<span class=\"wd-btn-text\" data-elementor-setting-key=\"text\">\n\t\t\t\t\tKontakt\t\t\t\t<\/span>\n\n\t\t\t\t\t\t\t<\/a>\n\t\t<\/div>\n\t\t\t\t\t\t<\/div>\n\t\t\t\t<\/div>\n\t\t\t\t<\/div>\n\t\t<div class=\"elementor-element elementor-element-16a19449 e-con-full e-flex e-con e-child\" data-id=\"16a19449\" data-element_type=\"container\">\n\t\t\t\t<div class=\"elementor-element elementor-element-65a9bb39 elementor-widget elementor-widget-wd_image_or_svg\" data-id=\"65a9bb39\" data-element_type=\"widget\" data-widget_type=\"wd_image_or_svg.default\">\n\t\t\t\t<div class=\"elementor-widget-container\">\n\t\t\t\t\t\n\t\t<div class=\"wd-image text-left\">\n\t\t\t\t\t\t\t\t<img fetchpriority=\"high\" decoding=\"async\" width=\"1200\" height=\"487\" src=\"https:\/\/casavinicolaciccariello.com\/wp-content\/uploads\/2025\/04\/cavici-m2.png\" class=\"attachment-full size-full\" alt=\"Das Werk Gaeta,\" srcset=\"https:\/\/casavinicolaciccariello.com\/wp-content\/uploads\/2025\/04\/cavici-m2.png 1200w, https:\/\/casavinicolaciccariello.com\/wp-content\/uploads\/2025\/04\/cavici-m2-300x122.png 300w, https:\/\/casavinicolaciccariello.com\/wp-content\/uploads\/2025\/04\/cavici-m2-1024x416.png 1024w, https:\/\/casavinicolaciccariello.com\/wp-content\/uploads\/2025\/04\/cavici-m2-768x312.png 768w, https:\/\/casavinicolaciccariello.com\/wp-content\/uploads\/2025\/04\/cavici-m2-18x7.png 18w, https:\/\/casavinicolaciccariello.com\/wp-content\/uploads\/2025\/04\/cavici-m2-150x61.png 150w\" sizes=\"(max-width: 1200px) 100vw, 1200px\" \/>\t\t\t\t\t<\/div>\n\n\t\t\t\t\t\t<\/div>\n\t\t\t\t<\/div>\n\t\t\t\t<\/div>\n\t\t\t\t\t<\/div>\n\t\t\t\t<\/div>\n\t\t\t\t<\/div>\n\t\t\t\t<\/div>\n\t\t\t\t\t\t<\/div>\n\t\t\t\t<\/div>\n\t\t\t\t\t<\/div>\n\t\t\t\t<\/div>\n\t\t\t\t<\/div>","protected":false},"excerpt":{"rendered":"<p>Tecnologie all&#8217;avanguardia Lo stabilimento sito in Gaeta composto da modernissime strutture per quanto riguarda la tecnologia dell\u2019imbottigliamento e conservazione, ha<\/p>","protected":false},"author":2,"featured_media":0,"parent":178,"menu_order":0,"comment_status":"closed","ping_status":"closed","template":"","meta":{"footnotes":""},"class_list":["post-286","page","type-page","status-publish","hentry"],"yoast_head":"<!-- This site is optimized with the Yoast SEO plugin v27.2 - https:\/\/yoast.com\/product\/yoast-seo-wordpress\/ -->\n<title>Lo stabilimento di Gaeta | Casa Vinicola Ciccariello<\/title>\n<meta name=\"robots\" content=\"index, follow, max-snippet:-1, max-image-preview:large, max-video-preview:-1\" \/>\n<link rel=\"canonical\" href=\"https:\/\/casavinicolaciccariello.com\/de\/unternehmen\/die-gaeta-anlage\/\" \/>\n<meta property=\"og:locale\" content=\"de_DE\" \/>\n<meta property=\"og:type\" content=\"article\" \/>\n<meta property=\"og:title\" content=\"Lo stabilimento di Gaeta | Casa Vinicola Ciccariello\" \/>\n<meta property=\"og:description\" content=\"Tecnologie all&#8217;avanguardia Lo stabilimento sito in Gaeta composto da modernissime strutture per quanto riguarda la tecnologia dell\u2019imbottigliamento e conservazione, ha\" \/>\n<meta property=\"og:url\" content=\"https:\/\/casavinicolaciccariello.com\/de\/unternehmen\/die-gaeta-anlage\/\" \/>\n<meta property=\"og:site_name\" content=\"Casa Vinicola Ciccariello\" \/>\n<meta property=\"article:publisher\" content=\"https:\/\/www.facebook.com\/casavinicolaciccariello\" \/>\n<meta property=\"article:modified_time\" content=\"2025-04-08T11:14:56+00:00\" \/>\n<meta property=\"og:image\" content=\"https:\/\/casavinicolaciccariello.com\/wp-content\/uploads\/elementor\/thumbs\/veduta-gaeta-ciccariello-r40hjqd8rcbzljeq8iuusswt1nwvxheu4nyoaouzoo.jpg\" \/>\n<meta name=\"twitter:card\" content=\"summary_large_image\" \/>\n<meta name=\"twitter:label1\" content=\"Gesch\u00e4tzte Lesezeit\" \/>\n\t<meta name=\"twitter:data1\" content=\"1\u00a0Minute\" \/>\n<script type=\"application\/ld+json\" class=\"yoast-schema-graph\">{\"@context\":\"https:\/\/schema.org\",\"@graph\":[{\"@type\":\"WebPage\",\"@id\":\"https:\/\/casavinicolaciccariello.com\/azienda\/lo-stabilimento-di-gaeta\/\",\"url\":\"https:\/\/casavinicolaciccariello.com\/azienda\/lo-stabilimento-di-gaeta\/\",\"name\":\"Lo stabilimento di Gaeta | Casa Vinicola Ciccariello\",\"isPartOf\":{\"@id\":\"https:\/\/casavinicolaciccariello.com\/#website\"},\"primaryImageOfPage\":{\"@id\":\"https:\/\/casavinicolaciccariello.com\/azienda\/lo-stabilimento-di-gaeta\/#primaryimage\"},\"image\":{\"@id\":\"https:\/\/casavinicolaciccariello.com\/azienda\/lo-stabilimento-di-gaeta\/#primaryimage\"},\"thumbnailUrl\":\"https:\/\/casavinicolaciccariello.com\/wp-content\/uploads\/elementor\/thumbs\/veduta-gaeta-ciccariello-r40hjqd8rcbzljeq8iuusswt1nwvxheu4nyoaouzoo.jpg\",\"datePublished\":\"2025-03-04T14:53:38+00:00\",\"dateModified\":\"2025-04-08T11:14:56+00:00\",\"breadcrumb\":{\"@id\":\"https:\/\/casavinicolaciccariello.com\/azienda\/lo-stabilimento-di-gaeta\/#breadcrumb\"},\"inLanguage\":\"de\",\"potentialAction\":[{\"@type\":\"ReadAction\",\"target\":[\"https:\/\/casavinicolaciccariello.com\/azienda\/lo-stabilimento-di-gaeta\/\"]}]},{\"@type\":\"ImageObject\",\"inLanguage\":\"de\",\"@id\":\"https:\/\/casavinicolaciccariello.com\/azienda\/lo-stabilimento-di-gaeta\/#primaryimage\",\"url\":\"https:\/\/casavinicolaciccariello.com\/wp-content\/uploads\/elementor\/thumbs\/veduta-gaeta-ciccariello-r40hjqd8rcbzljeq8iuusswt1nwvxheu4nyoaouzoo.jpg\",\"contentUrl\":\"https:\/\/casavinicolaciccariello.com\/wp-content\/uploads\/elementor\/thumbs\/veduta-gaeta-ciccariello-r40hjqd8rcbzljeq8iuusswt1nwvxheu4nyoaouzoo.jpg\"},{\"@type\":\"BreadcrumbList\",\"@id\":\"https:\/\/casavinicolaciccariello.com\/azienda\/lo-stabilimento-di-gaeta\/#breadcrumb\",\"itemListElement\":[{\"@type\":\"ListItem\",\"position\":1,\"name\":\"Home\",\"item\":\"https:\/\/casavinicolaciccariello.com\/\"},{\"@type\":\"ListItem\",\"position\":2,\"name\":\"Azienda\",\"item\":\"https:\/\/casavinicolaciccariello.com\/azienda\/\"},{\"@type\":\"ListItem\",\"position\":3,\"name\":\"Lo stabilimento di Gaeta\"}]},{\"@type\":\"WebSite\",\"@id\":\"https:\/\/casavinicolaciccariello.com\/#website\",\"url\":\"https:\/\/casavinicolaciccariello.com\/\",\"name\":\"Casa Vinicola Ciccariello\",\"description\":\"Dal 1966, la tradizione in ogni sorso.\",\"publisher\":{\"@id\":\"https:\/\/casavinicolaciccariello.com\/#organization\"},\"alternateName\":\"Cavici\",\"potentialAction\":[{\"@type\":\"SearchAction\",\"target\":{\"@type\":\"EntryPoint\",\"urlTemplate\":\"https:\/\/casavinicolaciccariello.com\/?s={search_term_string}\"},\"query-input\":{\"@type\":\"PropertyValueSpecification\",\"valueRequired\":true,\"valueName\":\"search_term_string\"}}],\"inLanguage\":\"de\"},{\"@type\":\"Organization\",\"@id\":\"https:\/\/casavinicolaciccariello.com\/#organization\",\"name\":\"Casa Vinicola Ciccariello\",\"alternateName\":\"CA.VI.CI SRL\",\"url\":\"https:\/\/casavinicolaciccariello.com\/\",\"logo\":{\"@type\":\"ImageObject\",\"inLanguage\":\"de\",\"@id\":\"https:\/\/casavinicolaciccariello.com\/#\/schema\/logo\/image\/\",\"url\":\"https:\/\/casavinicolaciccariello.com\/wp-content\/uploads\/2025\/03\/logo1200px.png\",\"contentUrl\":\"https:\/\/casavinicolaciccariello.com\/wp-content\/uploads\/2025\/03\/logo1200px.png\",\"width\":1200,\"height\":343,\"caption\":\"Casa Vinicola Ciccariello\"},\"image\":{\"@id\":\"https:\/\/casavinicolaciccariello.com\/#\/schema\/logo\/image\/\"},\"sameAs\":[\"https:\/\/www.facebook.com\/casavinicolaciccariello\",\"https:\/\/www.instagram.com\/casa_vinicola_ciccariello\/\"]}]}<\/script>\n<!-- \/ Yoast SEO plugin. -->","yoast_head_json":{"title":"Lo stabilimento di Gaeta | Casa Vinicola Ciccariello","robots":{"index":"index","follow":"follow","max-snippet":"max-snippet:-1","max-image-preview":"max-image-preview:large","max-video-preview":"max-video-preview:-1"},"canonical":"https:\/\/casavinicolaciccariello.com\/de\/unternehmen\/die-gaeta-anlage\/","og_locale":"de_DE","og_type":"article","og_title":"Lo stabilimento di Gaeta | Casa Vinicola Ciccariello","og_description":"Tecnologie all&#8217;avanguardia Lo stabilimento sito in Gaeta composto da modernissime strutture per quanto riguarda la tecnologia dell\u2019imbottigliamento e conservazione, ha","og_url":"https:\/\/casavinicolaciccariello.com\/de\/unternehmen\/die-gaeta-anlage\/","og_site_name":"Casa Vinicola Ciccariello","article_publisher":"https:\/\/www.facebook.com\/casavinicolaciccariello","article_modified_time":"2025-04-08T11:14:56+00:00","og_image":[{"url":"https:\/\/casavinicolaciccariello.com\/wp-content\/uploads\/elementor\/thumbs\/veduta-gaeta-ciccariello-r40hjqd8rcbzljeq8iuusswt1nwvxheu4nyoaouzoo.jpg","type":"","width":"","height":""}],"twitter_card":"summary_large_image","twitter_misc":{"Gesch\u00e4tzte Lesezeit":"1\u00a0Minute"},"schema":{"@context":"https:\/\/schema.org","@graph":[{"@type":"WebPage","@id":"https:\/\/casavinicolaciccariello.com\/azienda\/lo-stabilimento-di-gaeta\/","url":"https:\/\/casavinicolaciccariello.com\/azienda\/lo-stabilimento-di-gaeta\/","name":"Lo stabilimento di Gaeta | Casa Vinicola Ciccariello","isPartOf":{"@id":"https:\/\/casavinicolaciccariello.com\/#website"},"primaryImageOfPage":{"@id":"https:\/\/casavinicolaciccariello.com\/azienda\/lo-stabilimento-di-gaeta\/#primaryimage"},"image":{"@id":"https:\/\/casavinicolaciccariello.com\/azienda\/lo-stabilimento-di-gaeta\/#primaryimage"},"thumbnailUrl":"https:\/\/casavinicolaciccariello.com\/wp-content\/uploads\/elementor\/thumbs\/veduta-gaeta-ciccariello-r40hjqd8rcbzljeq8iuusswt1nwvxheu4nyoaouzoo.jpg","datePublished":"2025-03-04T14:53:38+00:00","dateModified":"2025-04-08T11:14:56+00:00","breadcrumb":{"@id":"https:\/\/casavinicolaciccariello.com\/azienda\/lo-stabilimento-di-gaeta\/#breadcrumb"},"inLanguage":"de","potentialAction":[{"@type":"ReadAction","target":["https:\/\/casavinicolaciccariello.com\/azienda\/lo-stabilimento-di-gaeta\/"]}]},{"@type":"ImageObject","inLanguage":"de","@id":"https:\/\/casavinicolaciccariello.com\/azienda\/lo-stabilimento-di-gaeta\/#primaryimage","url":"https:\/\/casavinicolaciccariello.com\/wp-content\/uploads\/elementor\/thumbs\/veduta-gaeta-ciccariello-r40hjqd8rcbzljeq8iuusswt1nwvxheu4nyoaouzoo.jpg","contentUrl":"https:\/\/casavinicolaciccariello.com\/wp-content\/uploads\/elementor\/thumbs\/veduta-gaeta-ciccariello-r40hjqd8rcbzljeq8iuusswt1nwvxheu4nyoaouzoo.jpg"},{"@type":"BreadcrumbList","@id":"https:\/\/casavinicolaciccariello.com\/azienda\/lo-stabilimento-di-gaeta\/#breadcrumb","itemListElement":[{"@type":"ListItem","position":1,"name":"Home","item":"https:\/\/casavinicolaciccariello.com\/"},{"@type":"ListItem","position":2,"name":"Azienda","item":"https:\/\/casavinicolaciccariello.com\/azienda\/"},{"@type":"ListItem","position":3,"name":"Lo stabilimento di Gaeta"}]},{"@type":"WebSite","@id":"https:\/\/casavinicolaciccariello.com\/#website","url":"https:\/\/casavinicolaciccariello.com\/","name":"Casa Vinicola Ciccariello","description":"Dal 1966, la tradizione in ogni sorso.","publisher":{"@id":"https:\/\/casavinicolaciccariello.com\/#organization"},"alternateName":"Cavici","potentialAction":[{"@type":"SearchAction","target":{"@type":"EntryPoint","urlTemplate":"https:\/\/casavinicolaciccariello.com\/?s={search_term_string}"},"query-input":{"@type":"PropertyValueSpecification","valueRequired":true,"valueName":"search_term_string"}}],"inLanguage":"de"},{"@type":"Organization","@id":"https:\/\/casavinicolaciccariello.com\/#organization","name":"Casa Vinicola Ciccariello","alternateName":"CA.VI.CI SRL","url":"https:\/\/casavinicolaciccariello.com\/","logo":{"@type":"ImageObject","inLanguage":"de","@id":"https:\/\/casavinicolaciccariello.com\/#\/schema\/logo\/image\/","url":"https:\/\/casavinicolaciccariello.com\/wp-content\/uploads\/2025\/03\/logo1200px.png","contentUrl":"https:\/\/casavinicolaciccariello.com\/wp-content\/uploads\/2025\/03\/logo1200px.png","width":1200,"height":343,"caption":"Casa Vinicola Ciccariello"},"image":{"@id":"https:\/\/casavinicolaciccariello.com\/#\/schema\/logo\/image\/"},"sameAs":["https:\/\/www.facebook.com\/casavinicolaciccariello","https:\/\/www.instagram.com\/casa_vinicola_ciccariello\/"]}]}},"_links":{"self":[{"href":"https:\/\/casavinicolaciccariello.com\/de\/wp-json\/wp\/v2\/pages\/286","targetHints":{"allow":["GET"]}}],"collection":[{"href":"https:\/\/casavinicolaciccariello.com\/de\/wp-json\/wp\/v2\/pages"}],"about":[{"href":"https:\/\/casavinicolaciccariello.com\/de\/wp-json\/wp\/v2\/types\/page"}],"author":[{"embeddable":true,"href":"https:\/\/casavinicolaciccariello.com\/de\/wp-json\/wp\/v2\/users\/2"}],"replies":[{"embeddable":true,"href":"https:\/\/casavinicolaciccariello.com\/de\/wp-json\/wp\/v2\/comments?post=286"}],"version-history":[{"count":34,"href":"https:\/\/casavinicolaciccariello.com\/de\/wp-json\/wp\/v2\/pages\/286\/revisions"}],"predecessor-version":[{"id":653,"href":"https:\/\/casavinicolaciccariello.com\/de\/wp-json\/wp\/v2\/pages\/286\/revisions\/653"}],"up":[{"embeddable":true,"href":"https:\/\/casavinicolaciccariello.com\/de\/wp-json\/wp\/v2\/pages\/178"}],"wp:attachment":[{"href":"https:\/\/casavinicolaciccariello.com\/de\/wp-json\/wp\/v2\/media?parent=286"}],"curies":[{"name":"wp","href":"https:\/\/api.w.org\/{rel}","templated":true}]}}