{"id":334,"date":"2025-03-04T16:44:30","date_gmt":"2025-03-04T15:44:30","guid":{"rendered":"https:\/\/casavinicolaciccariello.com\/?page_id=334"},"modified":"2025-05-28T10:48:19","modified_gmt":"2025-05-28T08:48:19","slug":"bedingungen-und-konditionen","status":"publish","type":"page","link":"https:\/\/casavinicolaciccariello.com\/de\/bedingungen-und-konditionen\/","title":{"rendered":"Bedingungen und Konditionen"},"content":{"rendered":"<div data-elementor-type=\"wp-page\" data-elementor-id=\"334\" class=\"elementor elementor-334\" data-elementor-post-type=\"page\">\n\t\t\t\t<div class=\"wd-negative-gap elementor-element elementor-element-7b8fee4 e-flex e-con-boxed e-con e-parent\" data-id=\"7b8fee4\" data-element_type=\"container\">\n\t\t\t\t\t<div class=\"e-con-inner\">\n\t\t\t\t<div class=\"elementor-element elementor-element-a406975 color-scheme-inherit text-left elementor-widget elementor-widget-text-editor\" data-id=\"a406975\" data-element_type=\"widget\" data-widget_type=\"text-editor.default\">\n\t\t\t\t<div class=\"elementor-widget-container\">\n\t\t\t\t\t\t\t\t\t<p class=\"p1\">Die Gegenwart <span class=\"s1\"><b>Allgemeine Verkaufsbedingungen<\/b><\/span> regeln den Kauf von Produkten, die \u00fcber die offizielle Website von <span class=\"s1\"><b>Weingut Ciccariello<\/b><\/span> durch Endverbraucher. Mit Ihrer Bestellung akzeptieren Sie die auf dieser Seite genannten Bedingungen vollst\u00e4ndig.<\/p><h3><b>1. Allgemeine Informationen<\/b><\/h3><p class=\"p1\"><b>Weingut Ciccariello<\/b><b><\/b><\/p><p class=\"p2\"><span class=\"s1\"><b>Eingetragener Sitz<\/b><\/span>Via Sant'Agostino 41, 04024 Gaeta (LT)<\/p><p class=\"p1\"><b>PEC\/Digitales Domizil<\/b><span class=\"s2\">: cavici@legalmail.it<\/span><\/p><p class=\"p1\"><b>Steuernummer und Eintragungsnummer im Unternehmensregister<\/b><span class=\"s2\">: 01867220590<\/span><\/p><p class=\"p2\"><span class=\"s1\"><b>MwSt.-Nr.<\/b><\/span>: 01867220590<\/p><p class=\"p2\"><span class=\"s1\"><b>REA-Nummer<\/b><\/span>LT - 128940<\/p><p class=\"p1\">E-Mail: info@cavici.it<\/p><p class=\"p1\">Telefon: 0771 470864<\/p><p class=\"p1\">Die Website www.casavinicolaciccariello.com wird von der oben genannten Gesellschaft betrieben und ist ihr Eigentum.<\/p><hr \/><h3><b>2. Modalit\u00e4ten des Erwerbs<\/b><\/h3><p class=\"p1\">Alle zum Verkauf stehenden Produkte werden in ihren jeweiligen Produktbl\u00e4ttern beschrieben. Die Bilder sind indikativ und k\u00f6nnen leicht vom tats\u00e4chlichen Produkt abweichen.<\/p><p class=\"p1\">Um den Kauf abzuschlie\u00dfen, muss der Kunde:<\/p><ul><li><p class=\"p1\">W\u00e4hlen Sie die gew\u00fcnschten Produkte<\/p><\/li><li><p class=\"p1\">F\u00fcllen Sie das Bestellformular mit pers\u00f6nlichen Daten aus<\/p><\/li><li><p class=\"p1\">Zahlungsmethode ausw\u00e4hlen<\/p><\/li><li><p class=\"p1\">Bestellung best\u00e4tigen<\/p><\/li><\/ul><p class=\"p1\">Die Best\u00e4tigung der Bestellung setzt die Annahme der vorliegenden Verkaufsbedingungen voraus.<\/p><hr \/><h3><b>3. Preise und Bezahlung<\/b><\/h3><p class=\"p1\">Alle Preise sind in Euro (\u20ac) angegeben und <span class=\"s1\"><b>einschlie\u00dflich der aktuellen Mehrwertsteuer<\/b><\/span>.<\/p><p class=\"p1\">Die Versandkosten werden vor Abschluss des Kaufes gesondert ausgewiesen.<\/p><p class=\"p1\">Die folgenden Zahlungsarten werden akzeptiert:<\/p><ul><li><p class=\"p1\">Kredit-\/Debitkarten (Stripe)<\/p><\/li><li><p class=\"p1\">PayPal<\/p><\/li><li><p class=\"p1\">Apple Pay \/ Google Pay<\/p><\/li><li><p class=\"p1\">Klarna (Zahlung in 3 Raten)<\/p><\/li><li><p class=\"p1\">Amazon Pay<\/p><\/li><li><p class=\"p1\">Vorab\u00fcberweisung<\/p><\/li><li><p class=\"p1\">Nachnahme (+4\u20ac)<\/p><\/li><\/ul><p class=\"p1\">Die Zahlung per Nachnahme ist nur f\u00fcr Sendungen innerhalb Italiens m\u00f6glich.<\/p><hr \/><h3><b>4. Versand<\/b><\/h3><p class=\"p1\">Die Bearbeitung der Auftr\u00e4ge erfolgt innerhalb von <span class=\"s1\"><b>1-2 Arbeitstage<\/b><\/span> und geliefert in <span class=\"s1\"><b>1-2 Arbeitstage<\/b><\/span> per Express-Kurier.<\/p><p class=\"p1\"><span class=\"s1\"><b>Kostenloser Versand<\/b><\/span> f\u00fcr Auftr\u00e4ge, die \u00fcber <span class=\"s1\"><b>\u20ac70<\/b><\/span>. F\u00fcr kleinere Bestellungen: <span class=\"s1\"><b>\u20ac3,50<\/b><\/span>.<\/p><p class=\"p1\">F\u00fcr weitere Einzelheiten siehe <a href=\"#\">Versand und Lieferung<\/a>.<\/p><hr \/><h3><b>5. R\u00fccktrittsrecht<\/b><\/h3><p class=\"p1\">Der Kunde hat das Recht, vom Kauf zur\u00fcckzutreten innerhalb <span class=\"s1\"><b>14 Tage<\/b><\/span> Erhalt der Waren, wie in der Gesetzesverordnung 206\/2005 vorgesehen.<\/p><p class=\"p1\">F\u00fcr die Aus\u00fcbung des Widerrufsrechts und die R\u00fcckgabeverfahren konsultieren Sie bitte den entsprechenden Abschnitt <a href=\"#\">R\u00fccksendungen und Erstattungen<\/a>.<\/p><hr \/><h3><b>6. Garantie und mangelhafte Produkte<\/b><\/h3><p class=\"p1\">Die Produkte sind abgedeckt durch <span class=\"s1\"><b>gesetzliche Garantie der Konformit\u00e4t<\/b><\/span> die im Verbrauchergesetzbuch vorgesehen sind.<\/p><p class=\"p1\">Im Falle von M\u00e4ngeln muss der Kunde das Problem innerhalb von <span class=\"s1\"><b>2 Monate nach Entdeckung<\/b><\/span>eine fotografische Dokumentation beizuf\u00fcgen. Wir sorgen f\u00fcr Ersatz oder R\u00fcckerstattung ohne zus\u00e4tzliche Kosten.<\/p><hr \/><h3><b>7. Haftung<\/b><\/h3><p class=\"p1\">Casa Vinicola Ciccariello kann nicht f\u00fcr Versp\u00e4tungen oder Sch\u00e4den haftbar gemacht werden, die durch Ereignisse h\u00f6herer Gewalt, einschlie\u00dflich Streiks, Naturkatastrophen, Unterbrechungen der Kurierdienste oder unvorhergesehene technische Probleme verursacht werden.<\/p><hr \/><h3><b>8. Datenverarbeitung<\/b><\/h3><p class=\"p1\">Die vom Kunden zur Verf\u00fcgung gestellten personenbezogenen Daten werden in \u00dcbereinstimmung mit den geltenden Rechtsvorschriften zum Schutz personenbezogener Daten (GDPR - EU-Verordnung 2016\/679) verarbeitet.<\/p><p class=\"p1\">Weitere Informationen finden Sie in unserem <a href=\"#\">Datenschutzbestimmungen<\/a>.<\/p><hr \/><h3><b>9. Zust\u00e4ndigkeit<\/b><\/h3><p class=\"p1\">Alle Streitigkeiten, die sich aus dem Kaufvertrag ergeben, werden von der <span class=\"s1\"><b>Verbraucherforum<\/b><\/span> nach italienischem Recht.<\/p>\t\t\t\t\t\t\t\t<\/div>\n\t\t\t\t<\/div>\n\t\t\t\t\t<\/div>\n\t\t\t\t<\/div>\n\t\t\t\t<\/div>","protected":false},"excerpt":{"rendered":"<p>Diese Allgemeinen Verkaufsbedingungen regeln den Kauf von Produkten, die \u00fcber die offizielle Website von Casa Vinicola Ciccariello<\/p>","protected":false},"author":2,"featured_media":0,"parent":0,"menu_order":0,"comment_status":"closed","ping_status":"closed","template":"","meta":{"footnotes":""},"class_list":["post-334","page","type-page","status-publish","hentry"],"yoast_head":"<!-- This site is optimized with the Yoast SEO plugin v27.2 - https:\/\/yoast.com\/product\/yoast-seo-wordpress\/ -->\n<title>Termini e Condizioni | Casa Vinicola Ciccariello<\/title>\n<meta name=\"robots\" content=\"index, follow, max-snippet:-1, max-image-preview:large, max-video-preview:-1\" \/>\n<link rel=\"canonical\" href=\"https:\/\/casavinicolaciccariello.com\/de\/bedingungen-und-konditionen\/\" \/>\n<meta property=\"og:locale\" content=\"de_DE\" \/>\n<meta property=\"og:type\" content=\"article\" \/>\n<meta property=\"og:title\" content=\"Termini e Condizioni | Casa Vinicola Ciccariello\" \/>\n<meta property=\"og:description\" content=\"Le presenti Condizioni Generali di Vendita regolano l\u2019acquisto di prodotti effettuato tramite il sito web ufficiale di Casa Vinicola Ciccariello\" \/>\n<meta property=\"og:url\" content=\"https:\/\/casavinicolaciccariello.com\/de\/bedingungen-und-konditionen\/\" \/>\n<meta property=\"og:site_name\" content=\"Casa Vinicola Ciccariello\" \/>\n<meta property=\"article:publisher\" content=\"https:\/\/www.facebook.com\/casavinicolaciccariello\" \/>\n<meta property=\"article:modified_time\" content=\"2025-05-28T08:48:19+00:00\" \/>\n<meta property=\"og:image\" content=\"https:\/\/casavinicolaciccariello.com\/wp-content\/uploads\/2025\/03\/logo1200px.png\" \/>\n\t<meta property=\"og:image:width\" content=\"1200\" \/>\n\t<meta property=\"og:image:height\" content=\"343\" \/>\n\t<meta property=\"og:image:type\" content=\"image\/png\" \/>\n<meta name=\"twitter:card\" content=\"summary_large_image\" \/>\n<meta name=\"twitter:label1\" content=\"Gesch\u00e4tzte Lesezeit\" \/>\n\t<meta name=\"twitter:data1\" content=\"3\u00a0Minuten\" \/>\n<script type=\"application\/ld+json\" class=\"yoast-schema-graph\">{\"@context\":\"https:\/\/schema.org\",\"@graph\":[{\"@type\":\"WebPage\",\"@id\":\"https:\/\/casavinicolaciccariello.com\/termini-e-condizioni\/\",\"url\":\"https:\/\/casavinicolaciccariello.com\/termini-e-condizioni\/\",\"name\":\"Termini e Condizioni | Casa Vinicola Ciccariello\",\"isPartOf\":{\"@id\":\"https:\/\/casavinicolaciccariello.com\/#website\"},\"datePublished\":\"2025-03-04T15:44:30+00:00\",\"dateModified\":\"2025-05-28T08:48:19+00:00\",\"breadcrumb\":{\"@id\":\"https:\/\/casavinicolaciccariello.com\/termini-e-condizioni\/#breadcrumb\"},\"inLanguage\":\"de\",\"potentialAction\":[{\"@type\":\"ReadAction\",\"target\":[\"https:\/\/casavinicolaciccariello.com\/termini-e-condizioni\/\"]}]},{\"@type\":\"BreadcrumbList\",\"@id\":\"https:\/\/casavinicolaciccariello.com\/termini-e-condizioni\/#breadcrumb\",\"itemListElement\":[{\"@type\":\"ListItem\",\"position\":1,\"name\":\"Home\",\"item\":\"https:\/\/casavinicolaciccariello.com\/\"},{\"@type\":\"ListItem\",\"position\":2,\"name\":\"Termini e Condizioni\"}]},{\"@type\":\"WebSite\",\"@id\":\"https:\/\/casavinicolaciccariello.com\/#website\",\"url\":\"https:\/\/casavinicolaciccariello.com\/\",\"name\":\"Casa Vinicola Ciccariello\",\"description\":\"Dal 1966, la tradizione in ogni sorso.\",\"publisher\":{\"@id\":\"https:\/\/casavinicolaciccariello.com\/#organization\"},\"alternateName\":\"Cavici\",\"potentialAction\":[{\"@type\":\"SearchAction\",\"target\":{\"@type\":\"EntryPoint\",\"urlTemplate\":\"https:\/\/casavinicolaciccariello.com\/?s={search_term_string}\"},\"query-input\":{\"@type\":\"PropertyValueSpecification\",\"valueRequired\":true,\"valueName\":\"search_term_string\"}}],\"inLanguage\":\"de\"},{\"@type\":\"Organization\",\"@id\":\"https:\/\/casavinicolaciccariello.com\/#organization\",\"name\":\"Casa Vinicola Ciccariello\",\"alternateName\":\"CA.VI.CI SRL\",\"url\":\"https:\/\/casavinicolaciccariello.com\/\",\"logo\":{\"@type\":\"ImageObject\",\"inLanguage\":\"de\",\"@id\":\"https:\/\/casavinicolaciccariello.com\/#\/schema\/logo\/image\/\",\"url\":\"https:\/\/casavinicolaciccariello.com\/wp-content\/uploads\/2025\/03\/logo1200px.png\",\"contentUrl\":\"https:\/\/casavinicolaciccariello.com\/wp-content\/uploads\/2025\/03\/logo1200px.png\",\"width\":1200,\"height\":343,\"caption\":\"Casa Vinicola Ciccariello\"},\"image\":{\"@id\":\"https:\/\/casavinicolaciccariello.com\/#\/schema\/logo\/image\/\"},\"sameAs\":[\"https:\/\/www.facebook.com\/casavinicolaciccariello\",\"https:\/\/www.instagram.com\/casa_vinicola_ciccariello\/\"]}]}<\/script>\n<!-- \/ Yoast SEO plugin. -->","yoast_head_json":{"title":"Termini e Condizioni | Casa Vinicola Ciccariello","robots":{"index":"index","follow":"follow","max-snippet":"max-snippet:-1","max-image-preview":"max-image-preview:large","max-video-preview":"max-video-preview:-1"},"canonical":"https:\/\/casavinicolaciccariello.com\/de\/bedingungen-und-konditionen\/","og_locale":"de_DE","og_type":"article","og_title":"Termini e Condizioni | Casa Vinicola Ciccariello","og_description":"Le presenti Condizioni Generali di Vendita regolano l\u2019acquisto di prodotti effettuato tramite il sito web ufficiale di Casa Vinicola Ciccariello","og_url":"https:\/\/casavinicolaciccariello.com\/de\/bedingungen-und-konditionen\/","og_site_name":"Casa Vinicola Ciccariello","article_publisher":"https:\/\/www.facebook.com\/casavinicolaciccariello","article_modified_time":"2025-05-28T08:48:19+00:00","og_image":[{"width":1200,"height":343,"url":"https:\/\/casavinicolaciccariello.com\/wp-content\/uploads\/2025\/03\/logo1200px.png","type":"image\/png"}],"twitter_card":"summary_large_image","twitter_misc":{"Gesch\u00e4tzte Lesezeit":"3\u00a0Minuten"},"schema":{"@context":"https:\/\/schema.org","@graph":[{"@type":"WebPage","@id":"https:\/\/casavinicolaciccariello.com\/termini-e-condizioni\/","url":"https:\/\/casavinicolaciccariello.com\/termini-e-condizioni\/","name":"Termini e Condizioni | Casa Vinicola Ciccariello","isPartOf":{"@id":"https:\/\/casavinicolaciccariello.com\/#website"},"datePublished":"2025-03-04T15:44:30+00:00","dateModified":"2025-05-28T08:48:19+00:00","breadcrumb":{"@id":"https:\/\/casavinicolaciccariello.com\/termini-e-condizioni\/#breadcrumb"},"inLanguage":"de","potentialAction":[{"@type":"ReadAction","target":["https:\/\/casavinicolaciccariello.com\/termini-e-condizioni\/"]}]},{"@type":"BreadcrumbList","@id":"https:\/\/casavinicolaciccariello.com\/termini-e-condizioni\/#breadcrumb","itemListElement":[{"@type":"ListItem","position":1,"name":"Home","item":"https:\/\/casavinicolaciccariello.com\/"},{"@type":"ListItem","position":2,"name":"Termini e Condizioni"}]},{"@type":"WebSite","@id":"https:\/\/casavinicolaciccariello.com\/#website","url":"https:\/\/casavinicolaciccariello.com\/","name":"Casa Vinicola Ciccariello","description":"Dal 1966, la tradizione in ogni sorso.","publisher":{"@id":"https:\/\/casavinicolaciccariello.com\/#organization"},"alternateName":"Cavici","potentialAction":[{"@type":"SearchAction","target":{"@type":"EntryPoint","urlTemplate":"https:\/\/casavinicolaciccariello.com\/?s={search_term_string}"},"query-input":{"@type":"PropertyValueSpecification","valueRequired":true,"valueName":"search_term_string"}}],"inLanguage":"de"},{"@type":"Organization","@id":"https:\/\/casavinicolaciccariello.com\/#organization","name":"Casa Vinicola Ciccariello","alternateName":"CA.VI.CI SRL","url":"https:\/\/casavinicolaciccariello.com\/","logo":{"@type":"ImageObject","inLanguage":"de","@id":"https:\/\/casavinicolaciccariello.com\/#\/schema\/logo\/image\/","url":"https:\/\/casavinicolaciccariello.com\/wp-content\/uploads\/2025\/03\/logo1200px.png","contentUrl":"https:\/\/casavinicolaciccariello.com\/wp-content\/uploads\/2025\/03\/logo1200px.png","width":1200,"height":343,"caption":"Casa Vinicola Ciccariello"},"image":{"@id":"https:\/\/casavinicolaciccariello.com\/#\/schema\/logo\/image\/"},"sameAs":["https:\/\/www.facebook.com\/casavinicolaciccariello","https:\/\/www.instagram.com\/casa_vinicola_ciccariello\/"]}]}},"_links":{"self":[{"href":"https:\/\/casavinicolaciccariello.com\/de\/wp-json\/wp\/v2\/pages\/334","targetHints":{"allow":["GET"]}}],"collection":[{"href":"https:\/\/casavinicolaciccariello.com\/de\/wp-json\/wp\/v2\/pages"}],"about":[{"href":"https:\/\/casavinicolaciccariello.com\/de\/wp-json\/wp\/v2\/types\/page"}],"author":[{"embeddable":true,"href":"https:\/\/casavinicolaciccariello.com\/de\/wp-json\/wp\/v2\/users\/2"}],"replies":[{"embeddable":true,"href":"https:\/\/casavinicolaciccariello.com\/de\/wp-json\/wp\/v2\/comments?post=334"}],"version-history":[{"count":3,"href":"https:\/\/casavinicolaciccariello.com\/de\/wp-json\/wp\/v2\/pages\/334\/revisions"}],"predecessor-version":[{"id":986,"href":"https:\/\/casavinicolaciccariello.com\/de\/wp-json\/wp\/v2\/pages\/334\/revisions\/986"}],"wp:attachment":[{"href":"https:\/\/casavinicolaciccariello.com\/de\/wp-json\/wp\/v2\/media?parent=334"}],"curies":[{"name":"wp","href":"https:\/\/api.w.org\/{rel}","templated":true}]}}