{"id":958,"date":"2025-05-28T09:51:59","date_gmt":"2025-05-28T07:51:59","guid":{"rendered":"https:\/\/casavinicolaciccariello.com\/?page_id=958"},"modified":"2025-08-05T11:24:41","modified_gmt":"2025-08-05T09:24:41","slug":"versand","status":"publish","type":"page","link":"https:\/\/casavinicolaciccariello.com\/de\/versand\/","title":{"rendered":"Versand"},"content":{"rendered":"<div data-elementor-type=\"wp-page\" data-elementor-id=\"958\" class=\"elementor elementor-958\" data-elementor-post-type=\"page\">\n\t\t\t\t<div class=\"wd-negative-gap elementor-element elementor-element-43f7422 e-flex e-con-boxed e-con e-parent\" data-id=\"43f7422\" data-element_type=\"container\">\n\t\t\t\t\t<div class=\"e-con-inner\">\n\t\t\t\t<div class=\"elementor-element elementor-element-00f35da color-scheme-inherit text-left elementor-widget elementor-widget-text-editor\" data-id=\"00f35da\" data-element_type=\"widget\" data-widget_type=\"text-editor.default\">\n\t\t\t\t<div class=\"elementor-widget-container\">\n\t\t\t\t\t\t\t\t\t<h2><b>Versand und Lieferung<\/b><\/h2><p class=\"p3\">Unter <span class=\"s2\"><b>Weingut Ciccariello<\/b><\/span>wir setzen uns daf\u00fcr ein, dass jede Bestellung mit der gr\u00f6\u00dftm\u00f6glichen Sorgfalt und in k\u00fcrzester Zeit geliefert wird. Nachstehend finden Sie alle n\u00fctzlichen Informationen zu Lieferzeiten, Kosten und Versandarten.<\/p><h3><b>Vorbereitungszeit<\/b><\/h3><p class=\"p3\">Jede Bestellung wird in unserem Lager sorgf\u00e4ltig vorbereitet von <span class=\"s2\"><b>1-2 Arbeitstage<\/b><\/span> ab dem Zeitpunkt der Best\u00e4tigung. Wir achten besonders auf die Verpackung, um die Flaschen w\u00e4hrend des Transports zu sch\u00fctzen und sicherzustellen, dass sie in perfektem Zustand am Zielort ankommen.<\/p><h3><b>Lieferzeiten<\/b><\/h3><p class=\"p3\">Sobald das Paket dem Kurier anvertraut wurde, wird es im Allgemeinen in <span class=\"s2\"><b>2-3 giorni lavorativi<\/b><\/span>. Die Zeiten k\u00f6nnen je nach Reiseziel oder nationalen Feiertagen leicht variieren.<\/p><h3><b>Kosten f\u00fcr den Versand<\/b><\/h3><ul><li><p class=\"p1\"><b>Standard-Versand<\/b><span class=\"s1\">: \u20ac <\/span><b>10<\/b><b><\/b><\/p><\/li><li><p class=\"p1\"><span class=\"s1\"><b>Kostenloser Versand<\/b><\/span>f\u00fcr alle Auftr\u00e4ge mit einem Betrag von gleich oder mehr als <span class=\"s1\"><b>\u20ac70<\/b><\/span><\/p><\/li><\/ul><p class=\"p3\">Das System berechnet automatisch die Versandkosten w\u00e4hrend des Bestellvorgangs und wendet gegebenenfalls den kostenlosen Versand an.<\/p><h3><b>Zahlung bei Lieferung (Nachnahme)<\/b><\/h3><p class=\"p3\">Wir bieten die M\u00f6glichkeit, per Nachnahme zu bezahlen. In diesem Fall gibt es eine <span class=\"s2\"><b>Aufpreis von 4,00 \u20ac.<\/b><\/span>unabh\u00e4ngig von der H\u00f6he der Bestellung. Wir raten Ihnen, den genauen Betrag vorzubereiten, da der Kurier m\u00f6glicherweise kein Wechselgeld zur Verf\u00fcgung hat.<\/p><h3><b>Verwendete Kuriere<\/b><\/h3><p class=\"p3\">Wir arbeiten mit zuverl\u00e4ssigen und schnellen Kurierdiensten zusammen, die so ausgew\u00e4hlt wurden, dass ein p\u00fcnktlicher und nachvollziehbarer Service in jeder Phase gew\u00e4hrleistet ist. Nach dem Versand erhalten Sie eine E-Mail mit dem Tracking-Code, mit dem Sie die Lieferung in Echtzeit verfolgen k\u00f6nnen.<\/p><h3><b>Bediente Reiseziele<\/b><\/h3><p class=\"p3\">Wir liefern in ganz Italien, auch auf die Inseln. Wenn Sie besondere Anforderungen haben oder mehrere Sendungen an verschiedene Adressen w\u00fcnschen, kontaktieren Sie uns bitte vor Ihrer Bestellung: Wir helfen Ihnen gerne weiter.<\/p>\t\t\t\t\t\t\t\t<\/div>\n\t\t\t\t<\/div>\n\t\t\t\t\t<\/div>\n\t\t\t\t<\/div>\n\t\t\t\t<\/div>","protected":false},"excerpt":{"rendered":"<p>Versand und Lieferung Bei Casa Vinicola Ciccariello bem\u00fchen wir uns, jede Bestellung mit gr\u00f6\u00dfter Sorgfalt zu liefern,<\/p>","protected":false},"author":2,"featured_media":0,"parent":0,"menu_order":0,"comment_status":"closed","ping_status":"closed","template":"","meta":{"footnotes":""},"class_list":["post-958","page","type-page","status-publish","hentry"],"yoast_head":"<!-- This site is optimized with the Yoast SEO plugin v27.2 - https:\/\/yoast.com\/product\/yoast-seo-wordpress\/ -->\n<title>Spedizione | Casa Vinicola Ciccariello<\/title>\n<meta name=\"robots\" content=\"index, follow, max-snippet:-1, max-image-preview:large, max-video-preview:-1\" \/>\n<link rel=\"canonical\" href=\"https:\/\/casavinicolaciccariello.com\/de\/versand\/\" \/>\n<meta property=\"og:locale\" content=\"de_DE\" \/>\n<meta property=\"og:type\" content=\"article\" \/>\n<meta property=\"og:title\" content=\"Spedizione | Casa Vinicola Ciccariello\" \/>\n<meta property=\"og:description\" content=\"Spedizione e Consegna Alla Casa Vinicola Ciccariello, ci impegniamo a garantire che ogni ordine venga consegnato con la massima cura,\" \/>\n<meta property=\"og:url\" content=\"https:\/\/casavinicolaciccariello.com\/de\/versand\/\" \/>\n<meta property=\"og:site_name\" content=\"Casa Vinicola Ciccariello\" \/>\n<meta property=\"article:publisher\" content=\"https:\/\/www.facebook.com\/casavinicolaciccariello\" \/>\n<meta property=\"article:modified_time\" content=\"2025-08-05T09:24:41+00:00\" \/>\n<meta property=\"og:image\" content=\"https:\/\/casavinicolaciccariello.com\/wp-content\/uploads\/2025\/03\/logo1200px.png\" \/>\n\t<meta property=\"og:image:width\" content=\"1200\" \/>\n\t<meta property=\"og:image:height\" content=\"343\" \/>\n\t<meta property=\"og:image:type\" content=\"image\/png\" \/>\n<meta name=\"twitter:card\" content=\"summary_large_image\" \/>\n<meta name=\"twitter:label1\" content=\"Gesch\u00e4tzte Lesezeit\" \/>\n\t<meta name=\"twitter:data1\" content=\"2\u00a0Minuten\" \/>\n<script type=\"application\/ld+json\" class=\"yoast-schema-graph\">{\"@context\":\"https:\/\/schema.org\",\"@graph\":[{\"@type\":\"WebPage\",\"@id\":\"https:\/\/casavinicolaciccariello.com\/spedizione\/\",\"url\":\"https:\/\/casavinicolaciccariello.com\/spedizione\/\",\"name\":\"Spedizione | Casa Vinicola Ciccariello\",\"isPartOf\":{\"@id\":\"https:\/\/casavinicolaciccariello.com\/#website\"},\"datePublished\":\"2025-05-28T07:51:59+00:00\",\"dateModified\":\"2025-08-05T09:24:41+00:00\",\"breadcrumb\":{\"@id\":\"https:\/\/casavinicolaciccariello.com\/spedizione\/#breadcrumb\"},\"inLanguage\":\"de\",\"potentialAction\":[{\"@type\":\"ReadAction\",\"target\":[\"https:\/\/casavinicolaciccariello.com\/spedizione\/\"]}]},{\"@type\":\"BreadcrumbList\",\"@id\":\"https:\/\/casavinicolaciccariello.com\/spedizione\/#breadcrumb\",\"itemListElement\":[{\"@type\":\"ListItem\",\"position\":1,\"name\":\"Home\",\"item\":\"https:\/\/casavinicolaciccariello.com\/\"},{\"@type\":\"ListItem\",\"position\":2,\"name\":\"Spedizione\"}]},{\"@type\":\"WebSite\",\"@id\":\"https:\/\/casavinicolaciccariello.com\/#website\",\"url\":\"https:\/\/casavinicolaciccariello.com\/\",\"name\":\"Casa Vinicola Ciccariello\",\"description\":\"Dal 1966, la tradizione in ogni sorso.\",\"publisher\":{\"@id\":\"https:\/\/casavinicolaciccariello.com\/#organization\"},\"alternateName\":\"Cavici\",\"potentialAction\":[{\"@type\":\"SearchAction\",\"target\":{\"@type\":\"EntryPoint\",\"urlTemplate\":\"https:\/\/casavinicolaciccariello.com\/?s={search_term_string}\"},\"query-input\":{\"@type\":\"PropertyValueSpecification\",\"valueRequired\":true,\"valueName\":\"search_term_string\"}}],\"inLanguage\":\"de\"},{\"@type\":\"Organization\",\"@id\":\"https:\/\/casavinicolaciccariello.com\/#organization\",\"name\":\"Casa Vinicola Ciccariello\",\"alternateName\":\"CA.VI.CI SRL\",\"url\":\"https:\/\/casavinicolaciccariello.com\/\",\"logo\":{\"@type\":\"ImageObject\",\"inLanguage\":\"de\",\"@id\":\"https:\/\/casavinicolaciccariello.com\/#\/schema\/logo\/image\/\",\"url\":\"https:\/\/casavinicolaciccariello.com\/wp-content\/uploads\/2025\/03\/logo1200px.png\",\"contentUrl\":\"https:\/\/casavinicolaciccariello.com\/wp-content\/uploads\/2025\/03\/logo1200px.png\",\"width\":1200,\"height\":343,\"caption\":\"Casa Vinicola Ciccariello\"},\"image\":{\"@id\":\"https:\/\/casavinicolaciccariello.com\/#\/schema\/logo\/image\/\"},\"sameAs\":[\"https:\/\/www.facebook.com\/casavinicolaciccariello\",\"https:\/\/www.instagram.com\/casa_vinicola_ciccariello\/\"]}]}<\/script>\n<!-- \/ Yoast SEO plugin. -->","yoast_head_json":{"title":"Spedizione | Casa Vinicola Ciccariello","robots":{"index":"index","follow":"follow","max-snippet":"max-snippet:-1","max-image-preview":"max-image-preview:large","max-video-preview":"max-video-preview:-1"},"canonical":"https:\/\/casavinicolaciccariello.com\/de\/versand\/","og_locale":"de_DE","og_type":"article","og_title":"Spedizione | Casa Vinicola Ciccariello","og_description":"Spedizione e Consegna Alla Casa Vinicola Ciccariello, ci impegniamo a garantire che ogni ordine venga consegnato con la massima cura,","og_url":"https:\/\/casavinicolaciccariello.com\/de\/versand\/","og_site_name":"Casa Vinicola Ciccariello","article_publisher":"https:\/\/www.facebook.com\/casavinicolaciccariello","article_modified_time":"2025-08-05T09:24:41+00:00","og_image":[{"width":1200,"height":343,"url":"https:\/\/casavinicolaciccariello.com\/wp-content\/uploads\/2025\/03\/logo1200px.png","type":"image\/png"}],"twitter_card":"summary_large_image","twitter_misc":{"Gesch\u00e4tzte Lesezeit":"2\u00a0Minuten"},"schema":{"@context":"https:\/\/schema.org","@graph":[{"@type":"WebPage","@id":"https:\/\/casavinicolaciccariello.com\/spedizione\/","url":"https:\/\/casavinicolaciccariello.com\/spedizione\/","name":"Spedizione | Casa Vinicola Ciccariello","isPartOf":{"@id":"https:\/\/casavinicolaciccariello.com\/#website"},"datePublished":"2025-05-28T07:51:59+00:00","dateModified":"2025-08-05T09:24:41+00:00","breadcrumb":{"@id":"https:\/\/casavinicolaciccariello.com\/spedizione\/#breadcrumb"},"inLanguage":"de","potentialAction":[{"@type":"ReadAction","target":["https:\/\/casavinicolaciccariello.com\/spedizione\/"]}]},{"@type":"BreadcrumbList","@id":"https:\/\/casavinicolaciccariello.com\/spedizione\/#breadcrumb","itemListElement":[{"@type":"ListItem","position":1,"name":"Home","item":"https:\/\/casavinicolaciccariello.com\/"},{"@type":"ListItem","position":2,"name":"Spedizione"}]},{"@type":"WebSite","@id":"https:\/\/casavinicolaciccariello.com\/#website","url":"https:\/\/casavinicolaciccariello.com\/","name":"Casa Vinicola Ciccariello","description":"Dal 1966, la tradizione in ogni sorso.","publisher":{"@id":"https:\/\/casavinicolaciccariello.com\/#organization"},"alternateName":"Cavici","potentialAction":[{"@type":"SearchAction","target":{"@type":"EntryPoint","urlTemplate":"https:\/\/casavinicolaciccariello.com\/?s={search_term_string}"},"query-input":{"@type":"PropertyValueSpecification","valueRequired":true,"valueName":"search_term_string"}}],"inLanguage":"de"},{"@type":"Organization","@id":"https:\/\/casavinicolaciccariello.com\/#organization","name":"Casa Vinicola Ciccariello","alternateName":"CA.VI.CI SRL","url":"https:\/\/casavinicolaciccariello.com\/","logo":{"@type":"ImageObject","inLanguage":"de","@id":"https:\/\/casavinicolaciccariello.com\/#\/schema\/logo\/image\/","url":"https:\/\/casavinicolaciccariello.com\/wp-content\/uploads\/2025\/03\/logo1200px.png","contentUrl":"https:\/\/casavinicolaciccariello.com\/wp-content\/uploads\/2025\/03\/logo1200px.png","width":1200,"height":343,"caption":"Casa Vinicola Ciccariello"},"image":{"@id":"https:\/\/casavinicolaciccariello.com\/#\/schema\/logo\/image\/"},"sameAs":["https:\/\/www.facebook.com\/casavinicolaciccariello","https:\/\/www.instagram.com\/casa_vinicola_ciccariello\/"]}]}},"_links":{"self":[{"href":"https:\/\/casavinicolaciccariello.com\/de\/wp-json\/wp\/v2\/pages\/958","targetHints":{"allow":["GET"]}}],"collection":[{"href":"https:\/\/casavinicolaciccariello.com\/de\/wp-json\/wp\/v2\/pages"}],"about":[{"href":"https:\/\/casavinicolaciccariello.com\/de\/wp-json\/wp\/v2\/types\/page"}],"author":[{"embeddable":true,"href":"https:\/\/casavinicolaciccariello.com\/de\/wp-json\/wp\/v2\/users\/2"}],"replies":[{"embeddable":true,"href":"https:\/\/casavinicolaciccariello.com\/de\/wp-json\/wp\/v2\/comments?post=958"}],"version-history":[{"count":3,"href":"https:\/\/casavinicolaciccariello.com\/de\/wp-json\/wp\/v2\/pages\/958\/revisions"}],"predecessor-version":[{"id":1049,"href":"https:\/\/casavinicolaciccariello.com\/de\/wp-json\/wp\/v2\/pages\/958\/revisions\/1049"}],"wp:attachment":[{"href":"https:\/\/casavinicolaciccariello.com\/de\/wp-json\/wp\/v2\/media?parent=958"}],"curies":[{"name":"wp","href":"https:\/\/api.w.org\/{rel}","templated":true}]}}