{"id":963,"date":"2025-05-28T09:55:14","date_gmt":"2025-05-28T07:55:14","guid":{"rendered":"https:\/\/casavinicolaciccariello.com\/?page_id=963"},"modified":"2025-05-28T09:58:47","modified_gmt":"2025-05-28T07:58:47","slug":"zahlung-2","status":"publish","type":"page","link":"https:\/\/casavinicolaciccariello.com\/de\/zahlung-2\/","title":{"rendered":"Zahlung"},"content":{"rendered":"<div data-elementor-type=\"wp-page\" data-elementor-id=\"963\" class=\"elementor elementor-963\" data-elementor-post-type=\"page\">\n\t\t\t\t<div class=\"wd-negative-gap elementor-element elementor-element-49d7026 e-flex e-con-boxed e-con e-parent\" data-id=\"49d7026\" data-element_type=\"container\">\n\t\t\t\t\t<div class=\"e-con-inner\">\n\t\t\t\t<div class=\"elementor-element elementor-element-31f8d5d color-scheme-inherit text-left elementor-widget elementor-widget-text-editor\" data-id=\"31f8d5d\" data-element_type=\"widget\" data-widget_type=\"text-editor.default\">\n\t\t\t\t<div class=\"elementor-widget-container\">\n\t\t\t\t\t\t\t\t\t<p class=\"p1\">Um Ihnen ein H\u00f6chstma\u00df an Komfort und Sicherheit beim Einkaufen zu bieten, k\u00f6nnen Sie im <span class=\"s1\"><b>Weingut Ciccariello<\/b><\/span> Wir bieten eine breite Palette von Zahlungsm\u00f6glichkeiten f\u00fcr jeden Bedarf. Alle Zahlungen werden \u00fcber sichere und zertifizierte Systeme abgewickelt.<\/p><h3><b>Kredit- und Debitkarten<\/b><\/h3><p class=\"p1\">Wir akzeptieren alle wichtigen <span class=\"s1\"><b>Kredit- und Debitkarten<\/b><\/span> (Visa, Mastercard, Maestro, American Express) \u00fcber <span class=\"s1\"><b>Streifen<\/b><\/span>eine sichere und schnelle Plattform f\u00fcr Online-Zahlungen.<\/p><h3><b>PayPal<\/b><\/h3><p class=\"p1\">Sie k\u00f6nnen w\u00e4hlen, ob Sie per <span class=\"s1\"><b>PayPal<\/b><\/span>, die sichere Methode schlechthin, mit der Sie einkaufen k\u00f6nnen, ohne jedes Mal Ihre Bankdaten eingeben zu m\u00fcssen. Sie k\u00f6nnen PayPal auch ohne Registrierung und mit einer dazugeh\u00f6rigen Karte nutzen.<\/p><h3><b>Apple Pay und Google Pay<\/b><\/h3><p class=\"p1\">F\u00fcr diejenigen, die von kompatiblen Ger\u00e4ten aus kaufen, bieten wir auch die Zahlung per <span class=\"s1\"><b>Apple Pay<\/b><\/span> e <span class=\"s1\"><b>Google Pay<\/b><\/span>f\u00fcr ein noch schnelleres und nahtloseres Erlebnis.<\/p><h3><b>Klarna (Zahlung in 3 Raten)<\/b><\/h3><p class=\"p1\">Dank der Zusammenarbeit mit <span class=\"s1\"><b>Klarna<\/b><\/span>k\u00f6nnen Sie die Zahlung aufteilen in <span class=\"s1\"><b>3 bequeme zinslose Ratenzahlungen<\/b><\/span>direkt beim Bezahlvorgang. Eine flexible L\u00f6sung f\u00fcr einen sorglosen Einkauf.<\/p><h3><b>Amazon Pay<\/b><\/h3><p class=\"p1\">Mit <span class=\"s1\"><b>Amazon Pay<\/b><\/span>k\u00f6nnen Sie die Zahlung \u00fcber das bereits verwendete Amazon-Konto vornehmen, ohne Ihre Daten erneut eingeben zu m\u00fcssen. Schnell, sicher und vertraut.<\/p><h3><b>Bank\u00fcberweisung<\/b><\/h3><p class=\"p1\">Wir akzeptieren Zahlungen per <span class=\"s1\"><b>Bank\u00fcberweisung im Voraus<\/b><\/span>. Die Bankverbindung wird nach Best\u00e4tigung der Bestellung per E-Mail zugesandt. Der Versand erfolgt erst nach Zahlungseingang (durchschnittlich 1-2 Arbeitstage).<\/p><h3><b>Zahlung bei Lieferung (Nachnahme)<\/b><\/h3><p class=\"p1\">Sie k\u00f6nnen direkt bei der Lieferung per Nachnahme bezahlen. Dieser Service umfasst eine <span class=\"s1\"><b>Aufpreis von 4,00 \u20ac.<\/b><\/span>die zum Gesamtbetrag der Bestellung hinzukommt. Bitte bereiten Sie den genauen Betrag vor, der dem Kurier \u00fcbergeben werden soll.<\/p>\t\t\t\t\t\t\t\t<\/div>\n\t\t\t\t<\/div>\n\t\t\t\t\t<\/div>\n\t\t\t\t<\/div>\n\t\t\t\t<\/div>","protected":false},"excerpt":{"rendered":"<p>Um Ihnen ein H\u00f6chstma\u00df an Komfort und Sicherheit beim Einkauf zu bieten, stellen wir Ihnen in der Casa Vinicola Ciccariello eine breite Palette von<\/p>","protected":false},"author":2,"featured_media":0,"parent":0,"menu_order":0,"comment_status":"closed","ping_status":"closed","template":"","meta":{"footnotes":""},"class_list":["post-963","page","type-page","status-publish","hentry"],"yoast_head":"<!-- This site is optimized with the Yoast SEO plugin v27.2 - https:\/\/yoast.com\/product\/yoast-seo-wordpress\/ -->\n<title>Pagamento | Casa Vinicola Ciccariello<\/title>\n<meta name=\"robots\" content=\"index, follow, max-snippet:-1, max-image-preview:large, max-video-preview:-1\" \/>\n<link rel=\"canonical\" href=\"https:\/\/casavinicolaciccariello.com\/de\/zahlung-2\/\" \/>\n<meta property=\"og:locale\" content=\"de_DE\" \/>\n<meta property=\"og:type\" content=\"article\" \/>\n<meta property=\"og:title\" content=\"Pagamento | Casa Vinicola Ciccariello\" \/>\n<meta property=\"og:description\" content=\"Per offrirti la massima comodit\u00e0 e sicurezza durante gli acquisti, alla Casa Vinicola Ciccariello mettiamo a disposizione una vasta gamma\" \/>\n<meta property=\"og:url\" content=\"https:\/\/casavinicolaciccariello.com\/de\/zahlung-2\/\" \/>\n<meta property=\"og:site_name\" content=\"Casa Vinicola Ciccariello\" \/>\n<meta property=\"article:publisher\" content=\"https:\/\/www.facebook.com\/casavinicolaciccariello\" \/>\n<meta property=\"article:modified_time\" content=\"2025-05-28T07:58:47+00:00\" \/>\n<meta property=\"og:image\" content=\"https:\/\/casavinicolaciccariello.com\/wp-content\/uploads\/2025\/03\/logo1200px.png\" \/>\n\t<meta property=\"og:image:width\" content=\"1200\" \/>\n\t<meta property=\"og:image:height\" content=\"343\" \/>\n\t<meta property=\"og:image:type\" content=\"image\/png\" \/>\n<meta name=\"twitter:card\" content=\"summary_large_image\" \/>\n<meta name=\"twitter:label1\" content=\"Gesch\u00e4tzte Lesezeit\" \/>\n\t<meta name=\"twitter:data1\" content=\"2\u00a0Minuten\" \/>\n<script type=\"application\/ld+json\" class=\"yoast-schema-graph\">{\"@context\":\"https:\/\/schema.org\",\"@graph\":[{\"@type\":\"WebPage\",\"@id\":\"https:\/\/casavinicolaciccariello.com\/pagamento-2\/\",\"url\":\"https:\/\/casavinicolaciccariello.com\/pagamento-2\/\",\"name\":\"Pagamento | Casa Vinicola Ciccariello\",\"isPartOf\":{\"@id\":\"https:\/\/casavinicolaciccariello.com\/#website\"},\"datePublished\":\"2025-05-28T07:55:14+00:00\",\"dateModified\":\"2025-05-28T07:58:47+00:00\",\"breadcrumb\":{\"@id\":\"https:\/\/casavinicolaciccariello.com\/pagamento-2\/#breadcrumb\"},\"inLanguage\":\"de\",\"potentialAction\":[{\"@type\":\"ReadAction\",\"target\":[\"https:\/\/casavinicolaciccariello.com\/pagamento-2\/\"]}]},{\"@type\":\"BreadcrumbList\",\"@id\":\"https:\/\/casavinicolaciccariello.com\/pagamento-2\/#breadcrumb\",\"itemListElement\":[{\"@type\":\"ListItem\",\"position\":1,\"name\":\"Home\",\"item\":\"https:\/\/casavinicolaciccariello.com\/\"},{\"@type\":\"ListItem\",\"position\":2,\"name\":\"Pagamento\"}]},{\"@type\":\"WebSite\",\"@id\":\"https:\/\/casavinicolaciccariello.com\/#website\",\"url\":\"https:\/\/casavinicolaciccariello.com\/\",\"name\":\"Casa Vinicola Ciccariello\",\"description\":\"Dal 1966, la tradizione in ogni sorso.\",\"publisher\":{\"@id\":\"https:\/\/casavinicolaciccariello.com\/#organization\"},\"alternateName\":\"Cavici\",\"potentialAction\":[{\"@type\":\"SearchAction\",\"target\":{\"@type\":\"EntryPoint\",\"urlTemplate\":\"https:\/\/casavinicolaciccariello.com\/?s={search_term_string}\"},\"query-input\":{\"@type\":\"PropertyValueSpecification\",\"valueRequired\":true,\"valueName\":\"search_term_string\"}}],\"inLanguage\":\"de\"},{\"@type\":\"Organization\",\"@id\":\"https:\/\/casavinicolaciccariello.com\/#organization\",\"name\":\"Casa Vinicola Ciccariello\",\"alternateName\":\"CA.VI.CI SRL\",\"url\":\"https:\/\/casavinicolaciccariello.com\/\",\"logo\":{\"@type\":\"ImageObject\",\"inLanguage\":\"de\",\"@id\":\"https:\/\/casavinicolaciccariello.com\/#\/schema\/logo\/image\/\",\"url\":\"https:\/\/casavinicolaciccariello.com\/wp-content\/uploads\/2025\/03\/logo1200px.png\",\"contentUrl\":\"https:\/\/casavinicolaciccariello.com\/wp-content\/uploads\/2025\/03\/logo1200px.png\",\"width\":1200,\"height\":343,\"caption\":\"Casa Vinicola Ciccariello\"},\"image\":{\"@id\":\"https:\/\/casavinicolaciccariello.com\/#\/schema\/logo\/image\/\"},\"sameAs\":[\"https:\/\/www.facebook.com\/casavinicolaciccariello\",\"https:\/\/www.instagram.com\/casa_vinicola_ciccariello\/\"]}]}<\/script>\n<!-- \/ Yoast SEO plugin. -->","yoast_head_json":{"title":"Pagamento | Casa Vinicola Ciccariello","robots":{"index":"index","follow":"follow","max-snippet":"max-snippet:-1","max-image-preview":"max-image-preview:large","max-video-preview":"max-video-preview:-1"},"canonical":"https:\/\/casavinicolaciccariello.com\/de\/zahlung-2\/","og_locale":"de_DE","og_type":"article","og_title":"Pagamento | Casa Vinicola Ciccariello","og_description":"Per offrirti la massima comodit\u00e0 e sicurezza durante gli acquisti, alla Casa Vinicola Ciccariello mettiamo a disposizione una vasta gamma","og_url":"https:\/\/casavinicolaciccariello.com\/de\/zahlung-2\/","og_site_name":"Casa Vinicola Ciccariello","article_publisher":"https:\/\/www.facebook.com\/casavinicolaciccariello","article_modified_time":"2025-05-28T07:58:47+00:00","og_image":[{"width":1200,"height":343,"url":"https:\/\/casavinicolaciccariello.com\/wp-content\/uploads\/2025\/03\/logo1200px.png","type":"image\/png"}],"twitter_card":"summary_large_image","twitter_misc":{"Gesch\u00e4tzte Lesezeit":"2\u00a0Minuten"},"schema":{"@context":"https:\/\/schema.org","@graph":[{"@type":"WebPage","@id":"https:\/\/casavinicolaciccariello.com\/pagamento-2\/","url":"https:\/\/casavinicolaciccariello.com\/pagamento-2\/","name":"Pagamento | Casa Vinicola Ciccariello","isPartOf":{"@id":"https:\/\/casavinicolaciccariello.com\/#website"},"datePublished":"2025-05-28T07:55:14+00:00","dateModified":"2025-05-28T07:58:47+00:00","breadcrumb":{"@id":"https:\/\/casavinicolaciccariello.com\/pagamento-2\/#breadcrumb"},"inLanguage":"de","potentialAction":[{"@type":"ReadAction","target":["https:\/\/casavinicolaciccariello.com\/pagamento-2\/"]}]},{"@type":"BreadcrumbList","@id":"https:\/\/casavinicolaciccariello.com\/pagamento-2\/#breadcrumb","itemListElement":[{"@type":"ListItem","position":1,"name":"Home","item":"https:\/\/casavinicolaciccariello.com\/"},{"@type":"ListItem","position":2,"name":"Pagamento"}]},{"@type":"WebSite","@id":"https:\/\/casavinicolaciccariello.com\/#website","url":"https:\/\/casavinicolaciccariello.com\/","name":"Casa Vinicola Ciccariello","description":"Dal 1966, la tradizione in ogni sorso.","publisher":{"@id":"https:\/\/casavinicolaciccariello.com\/#organization"},"alternateName":"Cavici","potentialAction":[{"@type":"SearchAction","target":{"@type":"EntryPoint","urlTemplate":"https:\/\/casavinicolaciccariello.com\/?s={search_term_string}"},"query-input":{"@type":"PropertyValueSpecification","valueRequired":true,"valueName":"search_term_string"}}],"inLanguage":"de"},{"@type":"Organization","@id":"https:\/\/casavinicolaciccariello.com\/#organization","name":"Casa Vinicola Ciccariello","alternateName":"CA.VI.CI SRL","url":"https:\/\/casavinicolaciccariello.com\/","logo":{"@type":"ImageObject","inLanguage":"de","@id":"https:\/\/casavinicolaciccariello.com\/#\/schema\/logo\/image\/","url":"https:\/\/casavinicolaciccariello.com\/wp-content\/uploads\/2025\/03\/logo1200px.png","contentUrl":"https:\/\/casavinicolaciccariello.com\/wp-content\/uploads\/2025\/03\/logo1200px.png","width":1200,"height":343,"caption":"Casa Vinicola Ciccariello"},"image":{"@id":"https:\/\/casavinicolaciccariello.com\/#\/schema\/logo\/image\/"},"sameAs":["https:\/\/www.facebook.com\/casavinicolaciccariello","https:\/\/www.instagram.com\/casa_vinicola_ciccariello\/"]}]}},"_links":{"self":[{"href":"https:\/\/casavinicolaciccariello.com\/de\/wp-json\/wp\/v2\/pages\/963","targetHints":{"allow":["GET"]}}],"collection":[{"href":"https:\/\/casavinicolaciccariello.com\/de\/wp-json\/wp\/v2\/pages"}],"about":[{"href":"https:\/\/casavinicolaciccariello.com\/de\/wp-json\/wp\/v2\/types\/page"}],"author":[{"embeddable":true,"href":"https:\/\/casavinicolaciccariello.com\/de\/wp-json\/wp\/v2\/users\/2"}],"replies":[{"embeddable":true,"href":"https:\/\/casavinicolaciccariello.com\/de\/wp-json\/wp\/v2\/comments?post=963"}],"version-history":[{"count":3,"href":"https:\/\/casavinicolaciccariello.com\/de\/wp-json\/wp\/v2\/pages\/963\/revisions"}],"predecessor-version":[{"id":970,"href":"https:\/\/casavinicolaciccariello.com\/de\/wp-json\/wp\/v2\/pages\/963\/revisions\/970"}],"wp:attachment":[{"href":"https:\/\/casavinicolaciccariello.com\/de\/wp-json\/wp\/v2\/media?parent=963"}],"curies":[{"name":"wp","href":"https:\/\/api.w.org\/{rel}","templated":true}]}}