{"id":102,"date":"2025-08-11T17:24:13","date_gmt":"2025-08-11T15:24:13","guid":{"rendered":"https:\/\/casavinicolaciccariello.com\/prodotto\/falanghina-igp-lazio\/"},"modified":"2025-08-11T17:24:18","modified_gmt":"2025-08-11T15:24:18","slug":"falanghina-igp-lazio","status":"publish","type":"product","link":"https:\/\/casavinicolaciccariello.com\/de\/p\/falanghina-igp-lazio\/","title":{"rendered":"Falanghina g.g.A. Latium"},"content":{"rendered":"<h2>Falanghina g.g.A. Latium<\/h2>\n<p><strong>Ein eleganter Ausdruck des Herzens von Latium<\/strong> - Die <strong>Falanghina g.g.A. Latium<\/strong> ist die Verk\u00f6rperung der Weintradition dieser geschichts- und kulturreichen Region. Sorgf\u00e4ltig auf den fruchtbaren B\u00f6den Latiums angebaut, zeichnet sich diese wei\u00dfe Rebsorte durch ihre F\u00e4higkeit aus, den authentischen Charakter des Terroirs zu vermitteln und einen Wein anzubieten, der durch seine raffinierte Einfachheit und seine lebendige Pers\u00f6nlichkeit besticht.<\/p>\n<p>Seine Farbe <strong>helles Strohgelb<\/strong> antizipiert ein Parf\u00fcm <strong>charakteristisch und fruchtig<\/strong>Er erinnert an Noten von Zitrusfr\u00fcchten und gr\u00fcnem Apfel, die an die sonnigen Tage erinnern, die die Weinberge erw\u00e4rmen. Am Gaumen pr\u00e4sentiert er sich mit einem <strong>trockener, delikater und anhaltender Geschmack<\/strong>ausgeglichen durch eine leichte Frische, die dazu einl\u00e4dt, ihn in seiner ganzen Reinheit zu genie\u00dfen. Seine nat\u00fcrliche Eleganz macht ihn zu einem vielseitigen Wein, der Momente der Geselligkeit und raffinierte Fischgerichte und delikate Vorspeisen begleiten kann.<\/p>\n<h3>Das Gebiet und die Geschichte<\/h3>\n<p>Die Weinberge, die das Leben der <strong>Falanghina g.g.A. Latium<\/strong> befinden sich in einem geschichtstr\u00e4chtigen Gebiet, in dem die h\u00fcgelige Landschaft und die kalkhaltigen B\u00f6den ein ideales Mikroklima f\u00fcr die Reifung hochwertiger Trauben schaffen. Die Tradition dieser Rebsorte in Latium hat ihre Wurzeln in der Antike und bringt ein Erbe an Wissen mit sich, das von Generation zu Generation weitergegeben wird. Handwerkliches K\u00f6nnen und Respekt vor der Natur stehen im Mittelpunkt jeder Flasche und machen jeden Schluck zu einer Reise zu den Wurzeln eines gro\u00dfz\u00fcgigen und authentischen Landes.<\/p>\n<h3>Verkostungstipps und Kombinationen<\/h3>\n<ul>\n<li>Fischgerichte wie Tintenfisch, Seezunge und Wolfsbarsch<\/li>\n<li>Krustentiere und Meeresfr\u00fcchte<\/li>\n<li>Delikate Vorspeisen und Frischk\u00e4se<\/li>\n<li>Informelle Anl\u00e4sse und Familienmittagessen<\/li>\n<\/ul>\n<p>Gek\u00fchlt bei einer Temperatur zwischen 8 und 10\u00b0C serviert, kommen seine Frische und sein aromatisches Profil voll zur Geltung. Er ist der ideale Begleiter f\u00fcr sommerliche Mittagessen, Aperitifs oder gesellige Momente, in denen sein einfacher, aber raffinierter Charakter voll zur Geltung kommt.<\/p>\n<h3>FAQ<\/h3>\n<h4>1. Was ist die ideale Serviertemperatur?<\/h4>\n<p>Es ist ratsam, den Falanghina bei einer Temperatur von etwa 8-10\u00b0C zu genie\u00dfen, um sein Aroma und seine Frische voll zur Geltung zu bringen.<\/p>\n<h4>2. Zu welchen Gerichten passt es am besten?<\/h4>\n<p>Dank seiner leichten und ausgewogenen Struktur passt er hervorragend zu Fischgerichten, Krustentieren, delikaten Vorspeisen und Frischk\u00e4se.<\/p>\n<h4>3. Welches sind die wichtigsten organoleptischen Merkmale?<\/h4>\n<p>Der Wein hat eine blass strohgelbe Farbe, ein fruchtiges Aroma mit Noten von Zitrusfr\u00fcchten und gr\u00fcnem Apfel und einen trockenen, delikaten und anhaltenden Geschmack, ideal f\u00fcr alle, die Frische und Raffinesse in einer einzigen Flasche suchen.<\/p>","protected":false},"excerpt":{"rendered":"<p>Falanghina IGP Lazio: ein Wein mit strohgelber Farbe, der ein fruchtiges Bouquet und einen anhaltenden, ausgewogenen Geschmack verstr\u00f6mt. Perfekt f\u00fcr gesellige Momente, zeichnet er sich durch seine Frische und Delikatesse aus, ideal um gek\u00fchlt zu Fisch- und Meeresfr\u00fcchtegerichten genossen zu werden.<\/p>","protected":false},"featured_media":1072,"comment_status":"closed","ping_status":"open","template":"","meta":[],"product_brand":[18],"product_cat":[28],"product_tag":[161],"class_list":{"0":"post-102","1":"product","2":"type-product","3":"status-publish","4":"has-post-thumbnail","6":"product_brand-casa-vinicola-ciccariello","7":"product_cat-linea-tradizionale","8":"product_tag-vino-bianco","9":"pa_annata-132","10":"pa_formato-17","11":"pa_linea-linea-tradizionale","13":"first","14":"instock","15":"purchasable","16":"product-type-simple"},"yoast_head":"<!-- This site is optimized with the Yoast SEO plugin v27.2 - https:\/\/yoast.com\/product\/yoast-seo-wordpress\/ -->\n<title>Falanghina IGP Lazio | Casa Vinicola Ciccariello<\/title>\n<meta name=\"robots\" content=\"index, follow, max-snippet:-1, max-image-preview:large, max-video-preview:-1\" \/>\n<link rel=\"canonical\" href=\"https:\/\/casavinicolaciccariello.com\/de\/p\/falanghina-igp-lazio\/\" \/>\n<meta property=\"og:locale\" content=\"de_DE\" \/>\n<meta property=\"og:type\" content=\"article\" \/>\n<meta property=\"og:title\" content=\"Falanghina IGP Lazio | Casa Vinicola Ciccariello\" \/>\n<meta property=\"og:description\" content=\"Falanghina IGP Lazio: un vino dal colore giallo paglierino, che sprigiona un profumo fruttato e un gusto persistente ed equilibrato. Perfetto per momenti di convivialit\u00e0, si distingue per la sua freschezza e delicatezza, ideale da gustare fresco in compagnia di piatti di pesce e crostacei.\" \/>\n<meta property=\"og:url\" content=\"https:\/\/casavinicolaciccariello.com\/de\/p\/falanghina-igp-lazio\/\" \/>\n<meta property=\"og:site_name\" content=\"Casa Vinicola Ciccariello\" \/>\n<meta property=\"article:publisher\" content=\"https:\/\/www.facebook.com\/casavinicolaciccariello\" \/>\n<meta property=\"article:modified_time\" content=\"2025-08-11T15:24:18+00:00\" \/>\n<meta property=\"og:image\" content=\"https:\/\/casavinicolaciccariello.com\/wp-content\/uploads\/2025\/08\/739260f7-10a3-4857-b396-49140a1d43f3.jpeg\" \/>\n\t<meta property=\"og:image:width\" content=\"1707\" \/>\n\t<meta property=\"og:image:height\" content=\"2560\" \/>\n\t<meta property=\"og:image:type\" content=\"image\/jpeg\" \/>\n<meta name=\"twitter:card\" content=\"summary_large_image\" \/>\n<meta name=\"twitter:label1\" content=\"Gesch\u00e4tzte Lesezeit\" \/>\n\t<meta name=\"twitter:data1\" content=\"2\u00a0Minuten\" \/>\n<script type=\"application\/ld+json\" class=\"yoast-schema-graph\">{\"@context\":\"https:\/\/schema.org\",\"@graph\":[{\"@type\":\"WebPage\",\"@id\":\"https:\/\/casavinicolaciccariello.com\/p\/falanghina-igp-lazio\/\",\"url\":\"https:\/\/casavinicolaciccariello.com\/p\/falanghina-igp-lazio\/\",\"name\":\"Falanghina IGP Lazio | Casa Vinicola Ciccariello\",\"isPartOf\":{\"@id\":\"https:\/\/casavinicolaciccariello.com\/#website\"},\"primaryImageOfPage\":{\"@id\":\"https:\/\/casavinicolaciccariello.com\/p\/falanghina-igp-lazio\/#primaryimage\"},\"image\":{\"@id\":\"https:\/\/casavinicolaciccariello.com\/p\/falanghina-igp-lazio\/#primaryimage\"},\"thumbnailUrl\":\"https:\/\/casavinicolaciccariello.com\/wp-content\/uploads\/2025\/08\/739260f7-10a3-4857-b396-49140a1d43f3.jpeg\",\"datePublished\":\"2025-08-11T15:24:13+00:00\",\"dateModified\":\"2025-08-11T15:24:18+00:00\",\"breadcrumb\":{\"@id\":\"https:\/\/casavinicolaciccariello.com\/p\/falanghina-igp-lazio\/#breadcrumb\"},\"inLanguage\":\"de\",\"potentialAction\":[{\"@type\":\"ReadAction\",\"target\":[\"https:\/\/casavinicolaciccariello.com\/p\/falanghina-igp-lazio\/\"]}]},{\"@type\":\"ImageObject\",\"inLanguage\":\"de\",\"@id\":\"https:\/\/casavinicolaciccariello.com\/p\/falanghina-igp-lazio\/#primaryimage\",\"url\":\"https:\/\/casavinicolaciccariello.com\/wp-content\/uploads\/2025\/08\/739260f7-10a3-4857-b396-49140a1d43f3.jpeg\",\"contentUrl\":\"https:\/\/casavinicolaciccariello.com\/wp-content\/uploads\/2025\/08\/739260f7-10a3-4857-b396-49140a1d43f3.jpeg\",\"width\":1707,\"height\":2560,\"caption\":\"Falanghina IGP Lazio Linea Tradizionale | Casa Vinicola Ciccariello\"},{\"@type\":\"BreadcrumbList\",\"@id\":\"https:\/\/casavinicolaciccariello.com\/p\/falanghina-igp-lazio\/#breadcrumb\",\"itemListElement\":[{\"@type\":\"ListItem\",\"position\":1,\"name\":\"Home\",\"item\":\"https:\/\/casavinicolaciccariello.com\/\"},{\"@type\":\"ListItem\",\"position\":2,\"name\":\"Shop\",\"item\":\"https:\/\/casavinicolaciccariello.com\/negozio\/\"},{\"@type\":\"ListItem\",\"position\":3,\"name\":\"Falanghina IGP Lazio\"}]},{\"@type\":\"WebSite\",\"@id\":\"https:\/\/casavinicolaciccariello.com\/#website\",\"url\":\"https:\/\/casavinicolaciccariello.com\/\",\"name\":\"Casa Vinicola Ciccariello\",\"description\":\"Dal 1966, la tradizione in ogni sorso.\",\"publisher\":{\"@id\":\"https:\/\/casavinicolaciccariello.com\/#organization\"},\"alternateName\":\"Cavici\",\"potentialAction\":[{\"@type\":\"SearchAction\",\"target\":{\"@type\":\"EntryPoint\",\"urlTemplate\":\"https:\/\/casavinicolaciccariello.com\/?s={search_term_string}\"},\"query-input\":{\"@type\":\"PropertyValueSpecification\",\"valueRequired\":true,\"valueName\":\"search_term_string\"}}],\"inLanguage\":\"de\"},{\"@type\":\"Organization\",\"@id\":\"https:\/\/casavinicolaciccariello.com\/#organization\",\"name\":\"Casa Vinicola Ciccariello\",\"alternateName\":\"CA.VI.CI SRL\",\"url\":\"https:\/\/casavinicolaciccariello.com\/\",\"logo\":{\"@type\":\"ImageObject\",\"inLanguage\":\"de\",\"@id\":\"https:\/\/casavinicolaciccariello.com\/#\/schema\/logo\/image\/\",\"url\":\"https:\/\/casavinicolaciccariello.com\/wp-content\/uploads\/2025\/03\/logo1200px.png\",\"contentUrl\":\"https:\/\/casavinicolaciccariello.com\/wp-content\/uploads\/2025\/03\/logo1200px.png\",\"width\":1200,\"height\":343,\"caption\":\"Casa Vinicola Ciccariello\"},\"image\":{\"@id\":\"https:\/\/casavinicolaciccariello.com\/#\/schema\/logo\/image\/\"},\"sameAs\":[\"https:\/\/www.facebook.com\/casavinicolaciccariello\",\"https:\/\/www.instagram.com\/casa_vinicola_ciccariello\/\"]}]}<\/script>\n<!-- \/ Yoast SEO plugin. -->","yoast_head_json":{"title":"Falanghina IGP Lazio | Casa Vinicola Ciccariello","robots":{"index":"index","follow":"follow","max-snippet":"max-snippet:-1","max-image-preview":"max-image-preview:large","max-video-preview":"max-video-preview:-1"},"canonical":"https:\/\/casavinicolaciccariello.com\/de\/p\/falanghina-igp-lazio\/","og_locale":"de_DE","og_type":"article","og_title":"Falanghina IGP Lazio | Casa Vinicola Ciccariello","og_description":"Falanghina IGP Lazio: un vino dal colore giallo paglierino, che sprigiona un profumo fruttato e un gusto persistente ed equilibrato. Perfetto per momenti di convivialit\u00e0, si distingue per la sua freschezza e delicatezza, ideale da gustare fresco in compagnia di piatti di pesce e crostacei.","og_url":"https:\/\/casavinicolaciccariello.com\/de\/p\/falanghina-igp-lazio\/","og_site_name":"Casa Vinicola Ciccariello","article_publisher":"https:\/\/www.facebook.com\/casavinicolaciccariello","article_modified_time":"2025-08-11T15:24:18+00:00","og_image":[{"width":1707,"height":2560,"url":"https:\/\/casavinicolaciccariello.com\/wp-content\/uploads\/2025\/08\/739260f7-10a3-4857-b396-49140a1d43f3.jpeg","type":"image\/jpeg"}],"twitter_card":"summary_large_image","twitter_misc":{"Gesch\u00e4tzte Lesezeit":"2\u00a0Minuten"},"schema":{"@context":"https:\/\/schema.org","@graph":[{"@type":"WebPage","@id":"https:\/\/casavinicolaciccariello.com\/p\/falanghina-igp-lazio\/","url":"https:\/\/casavinicolaciccariello.com\/p\/falanghina-igp-lazio\/","name":"Falanghina IGP Lazio | Casa Vinicola Ciccariello","isPartOf":{"@id":"https:\/\/casavinicolaciccariello.com\/#website"},"primaryImageOfPage":{"@id":"https:\/\/casavinicolaciccariello.com\/p\/falanghina-igp-lazio\/#primaryimage"},"image":{"@id":"https:\/\/casavinicolaciccariello.com\/p\/falanghina-igp-lazio\/#primaryimage"},"thumbnailUrl":"https:\/\/casavinicolaciccariello.com\/wp-content\/uploads\/2025\/08\/739260f7-10a3-4857-b396-49140a1d43f3.jpeg","datePublished":"2025-08-11T15:24:13+00:00","dateModified":"2025-08-11T15:24:18+00:00","breadcrumb":{"@id":"https:\/\/casavinicolaciccariello.com\/p\/falanghina-igp-lazio\/#breadcrumb"},"inLanguage":"de","potentialAction":[{"@type":"ReadAction","target":["https:\/\/casavinicolaciccariello.com\/p\/falanghina-igp-lazio\/"]}]},{"@type":"ImageObject","inLanguage":"de","@id":"https:\/\/casavinicolaciccariello.com\/p\/falanghina-igp-lazio\/#primaryimage","url":"https:\/\/casavinicolaciccariello.com\/wp-content\/uploads\/2025\/08\/739260f7-10a3-4857-b396-49140a1d43f3.jpeg","contentUrl":"https:\/\/casavinicolaciccariello.com\/wp-content\/uploads\/2025\/08\/739260f7-10a3-4857-b396-49140a1d43f3.jpeg","width":1707,"height":2560,"caption":"Falanghina IGP Lazio Linea Tradizionale | Casa Vinicola Ciccariello"},{"@type":"BreadcrumbList","@id":"https:\/\/casavinicolaciccariello.com\/p\/falanghina-igp-lazio\/#breadcrumb","itemListElement":[{"@type":"ListItem","position":1,"name":"Home","item":"https:\/\/casavinicolaciccariello.com\/"},{"@type":"ListItem","position":2,"name":"Shop","item":"https:\/\/casavinicolaciccariello.com\/negozio\/"},{"@type":"ListItem","position":3,"name":"Falanghina IGP Lazio"}]},{"@type":"WebSite","@id":"https:\/\/casavinicolaciccariello.com\/#website","url":"https:\/\/casavinicolaciccariello.com\/","name":"Casa Vinicola Ciccariello","description":"Dal 1966, la tradizione in ogni sorso.","publisher":{"@id":"https:\/\/casavinicolaciccariello.com\/#organization"},"alternateName":"Cavici","potentialAction":[{"@type":"SearchAction","target":{"@type":"EntryPoint","urlTemplate":"https:\/\/casavinicolaciccariello.com\/?s={search_term_string}"},"query-input":{"@type":"PropertyValueSpecification","valueRequired":true,"valueName":"search_term_string"}}],"inLanguage":"de"},{"@type":"Organization","@id":"https:\/\/casavinicolaciccariello.com\/#organization","name":"Casa Vinicola Ciccariello","alternateName":"CA.VI.CI SRL","url":"https:\/\/casavinicolaciccariello.com\/","logo":{"@type":"ImageObject","inLanguage":"de","@id":"https:\/\/casavinicolaciccariello.com\/#\/schema\/logo\/image\/","url":"https:\/\/casavinicolaciccariello.com\/wp-content\/uploads\/2025\/03\/logo1200px.png","contentUrl":"https:\/\/casavinicolaciccariello.com\/wp-content\/uploads\/2025\/03\/logo1200px.png","width":1200,"height":343,"caption":"Casa Vinicola Ciccariello"},"image":{"@id":"https:\/\/casavinicolaciccariello.com\/#\/schema\/logo\/image\/"},"sameAs":["https:\/\/www.facebook.com\/casavinicolaciccariello","https:\/\/www.instagram.com\/casa_vinicola_ciccariello\/"]}]}},"_links":{"self":[{"href":"https:\/\/casavinicolaciccariello.com\/de\/wp-json\/wp\/v2\/product\/102","targetHints":{"allow":["GET"]}}],"collection":[{"href":"https:\/\/casavinicolaciccariello.com\/de\/wp-json\/wp\/v2\/product"}],"about":[{"href":"https:\/\/casavinicolaciccariello.com\/de\/wp-json\/wp\/v2\/types\/product"}],"replies":[{"embeddable":true,"href":"https:\/\/casavinicolaciccariello.com\/de\/wp-json\/wp\/v2\/comments?post=102"}],"wp:featuredmedia":[{"embeddable":true,"href":"https:\/\/casavinicolaciccariello.com\/de\/wp-json\/wp\/v2\/media\/1072"}],"wp:attachment":[{"href":"https:\/\/casavinicolaciccariello.com\/de\/wp-json\/wp\/v2\/media?parent=102"}],"wp:term":[{"taxonomy":"product_brand","embeddable":true,"href":"https:\/\/casavinicolaciccariello.com\/de\/wp-json\/wp\/v2\/product_brand?post=102"},{"taxonomy":"product_cat","embeddable":true,"href":"https:\/\/casavinicolaciccariello.com\/de\/wp-json\/wp\/v2\/product_cat?post=102"},{"taxonomy":"product_tag","embeddable":true,"href":"https:\/\/casavinicolaciccariello.com\/de\/wp-json\/wp\/v2\/product_tag?post=102"}],"curies":[{"name":"wp","href":"https:\/\/api.w.org\/{rel}","templated":true}]}}