{"id":103,"date":"2025-08-11T17:28:12","date_gmt":"2025-08-11T15:28:12","guid":{"rendered":"https:\/\/casavinicolaciccariello.com\/prodotto\/novello-merlot-igp-lazio\/"},"modified":"2026-02-12T14:26:36","modified_gmt":"2026-02-12T13:26:36","slug":"novello-merlot-igp-lazio","status":"publish","type":"product","link":"https:\/\/casavinicolaciccariello.com\/de\/p\/novello-merlot-igp-lazio\/","title":{"rendered":"Novello Merlot g.g.A. Latium"},"content":{"rendered":"<h2>Novello Merlot g.g.A. Latium<\/h2>\n<p><strong>Eine Explosion von Jugend und Vitalit\u00e4t<\/strong> - Die <strong>Novello Merlot g.g.A. Latium<\/strong> ist eine Hommage an die Weinbautradition des Latiums, interpretiert durch den lebendigen Charakter einer wertvollen Rebsorte wie dem Merlot. Aus reinen Trauben hergestellt, ist dieser Wein aus der Leidenschaft f\u00fcr die Rebe und dem Respekt f\u00fcr das Land geboren, was diesem Erstling eine frische und einnehmende Seele verleiht, perfekt f\u00fcr die informellsten und geselligsten Momente.<\/p>\n<p>Seine <strong>leuchtend rote Farbe mit violetten Reflexen<\/strong> f\u00e4llt sofort ins Auge, ein Auftakt zu einem intensiven und einladenden Bouquet, das an reife Pflaumen, rote Fr\u00fcchte und einen Hauch von Marmelade erinnert. Beim ersten Schluck wird der <strong>weicher, harmonischer und anhaltender Geschmack<\/strong> umh\u00fcllt den Gaumen und offenbart seinen jungen und dynamischen Charakter, eine wahre Hymne an die Frische und G\u00fcte des neuen Weins. Die kohlens\u00e4urehaltige G\u00e4rung, eine Technik, die die Aromen und die Weichheit der Trauben hervorhebt, macht diesen Merlot zu einem einzigartigen sensorischen Erlebnis, das die Farben und Aromen eines Landes mit reicher Geschichte und Tradition hervorruft.<\/p>\n<h3>Geschichte und Territorium<\/h3>\n<p>Latium, das Land der gro\u00dfen Zivilisationen und bezaubernden Landschaften, zeichnet sich durch seine reiche Weinbautradition aus. Die Produktion von <em>Neuartige<\/em> ist ein Moment des Feierns und der Erneuerung, eine Gelegenheit, die Essenz des Gebiets in einem jungen Wein zu genie\u00dfen, der die ganze Leidenschaft und Energie der Region verk\u00f6rpert. Der Weinberg, der sich in strategischen Gebieten des Latiums befindet, profitiert von einem gem\u00e4\u00dfigten mediterranen Klima mit B\u00f6den, die eine ausgewogene Reifung der Trauben beg\u00fcnstigen, was zu Weinen mit gro\u00dfer Pers\u00f6nlichkeit und Charakter f\u00fchrt.<\/p>\n<h3>Verkostungstipps und Kombinationen<\/h3>\n<ul>\n<li>Nudelgerichte mit leichten So\u00dfen<\/li>\n<li>Wurstwaren und Frischk\u00e4se<\/li>\n<li>Hei\u00dfe ger\u00f6stete Kastanien f\u00fcr einen Moment der Gem\u00fctlichkeit<\/li>\n<\/ul>\n<h3>Ideale Anl\u00e4sse<\/h3>\n<p>Die <strong>Novello Merlot g.g.A. Latium<\/strong> ist perfekt f\u00fcr gesellige Momente mit Freunden, informelle Aperitifs und unbeschwerte Abendessen. Durch seine Frische ist er ideal, um bei einer Temperatur von 14-16\u00b0C genossen zu werden, am besten sofort nach der Abf\u00fcllung, um seine ganze Vitalit\u00e4t zu genie\u00dfen.<\/p>\n<h3>FAQ<\/h3>\n<p><strong>1. Was ist die beste Serviertemperatur?<\/strong><br \/>\nWir empfehlen, den Novello Merlot bei einer Temperatur zwischen 14 und 16\u00b0C zu servieren, um seine Frische und Aromatik zu unterstreichen.<\/p>\n<p><strong>2. Zu welchen Gerichten passt es am besten?<\/strong><br \/>\nEr passt hervorragend zu leichten Nudelgerichten, Wurstwaren, Frischk\u00e4se und ger\u00f6steten Kastanien und begleitet jeden Moment der Geselligkeit.<\/p>\n<p><strong>3. Wie lange kann es gelagert werden?<\/strong><br \/>\nDa es sich um einen jungen, neuen Wein handelt, ist es ideal, ihn innerhalb weniger Monate nach der Abf\u00fcllung zu genie\u00dfen, vorzugsweise am Ende der Saison nach der Ernte.<\/p>\n<p><strong>4. Welches sind die wichtigsten organoleptischen Merkmale?<\/strong><br \/>\nDer Novello Merlot zeichnet sich durch seine lebendige Farbe, sein Aroma von Pflaumen und roten Fr\u00fcchten und seinen weichen und anhaltenden Geschmack aus, was ihn zu einem energiegeladenen und angenehmen Wein macht.<\/p>","protected":false},"excerpt":{"rendered":"<p>Novello Merlot IGP Lazio: ein lebhafter, leuchtender Rotwein, der einladende Aromen von Pflaumen und roten Fr\u00fcchten verstr\u00f6mt und zu geselligen Momenten einl\u00e4dt. Perfekt zu Vorspeisen, ersten G\u00e4ngen und gebratenen Kastanien, gibt Frische und Fr\u00f6hlichkeit mit jedem Schluck.<\/p>","protected":false},"featured_media":1077,"comment_status":"closed","ping_status":"closed","template":"","meta":[],"product_brand":[18],"product_cat":[28],"product_tag":[163],"class_list":{"0":"post-103","1":"product","2":"type-product","3":"status-publish","4":"has-post-thumbnail","6":"product_brand-casa-vinicola-ciccariello","7":"product_cat-linea-tradizionale","8":"product_tag-vino-rosso","9":"pa_annata-132","10":"pa_formato-17","11":"pa_linea-linea-tradizionale","13":"first","14":"instock","15":"purchasable","16":"product-type-simple"},"yoast_head":"<!-- This site is optimized with the Yoast SEO plugin v27.2 - https:\/\/yoast.com\/product\/yoast-seo-wordpress\/ -->\n<title>Novello Merlot IGP Lazio | Casa Vinicola Ciccariello<\/title>\n<meta name=\"robots\" content=\"index, follow, max-snippet:-1, max-image-preview:large, max-video-preview:-1\" \/>\n<link rel=\"canonical\" href=\"https:\/\/casavinicolaciccariello.com\/de\/p\/novello-merlot-igp-lazio\/\" \/>\n<meta property=\"og:locale\" content=\"de_DE\" \/>\n<meta property=\"og:type\" content=\"article\" \/>\n<meta property=\"og:title\" content=\"Novello Merlot IGP Lazio | Casa Vinicola Ciccariello\" \/>\n<meta property=\"og:description\" content=\"Novello Merlot IGP Lazio: un rosso vivace e brillante, che sprigiona profumi avvolgenti di prugna e frutti rossi, invitando a momenti di convivialit\u00e0. Perfetto per accompagnare antipasti, primi piatti e caldarroste, regalando freschezza e allegria a ogni sorso.\" \/>\n<meta property=\"og:url\" content=\"https:\/\/casavinicolaciccariello.com\/de\/p\/novello-merlot-igp-lazio\/\" \/>\n<meta property=\"og:site_name\" content=\"Casa Vinicola Ciccariello\" \/>\n<meta property=\"article:publisher\" content=\"https:\/\/www.facebook.com\/casavinicolaciccariello\" \/>\n<meta property=\"article:modified_time\" content=\"2026-02-12T13:26:36+00:00\" \/>\n<meta property=\"og:image\" content=\"https:\/\/casavinicolaciccariello.com\/wp-content\/uploads\/2025\/08\/9558e47d-a7ba-4a7b-85c3-2b37b71b6e34.jpeg\" \/>\n\t<meta property=\"og:image:width\" content=\"1707\" \/>\n\t<meta property=\"og:image:height\" content=\"2560\" \/>\n\t<meta property=\"og:image:type\" content=\"image\/jpeg\" \/>\n<meta name=\"twitter:card\" content=\"summary_large_image\" \/>\n<meta name=\"twitter:label1\" content=\"Gesch\u00e4tzte Lesezeit\" \/>\n\t<meta name=\"twitter:data1\" content=\"3\u00a0Minuten\" \/>\n<script type=\"application\/ld+json\" class=\"yoast-schema-graph\">{\"@context\":\"https:\/\/schema.org\",\"@graph\":[{\"@type\":\"WebPage\",\"@id\":\"https:\/\/casavinicolaciccariello.com\/p\/novello-merlot-igp-lazio\/\",\"url\":\"https:\/\/casavinicolaciccariello.com\/p\/novello-merlot-igp-lazio\/\",\"name\":\"Novello Merlot IGP Lazio | Casa Vinicola Ciccariello\",\"isPartOf\":{\"@id\":\"https:\/\/casavinicolaciccariello.com\/#website\"},\"primaryImageOfPage\":{\"@id\":\"https:\/\/casavinicolaciccariello.com\/p\/novello-merlot-igp-lazio\/#primaryimage\"},\"image\":{\"@id\":\"https:\/\/casavinicolaciccariello.com\/p\/novello-merlot-igp-lazio\/#primaryimage\"},\"thumbnailUrl\":\"https:\/\/casavinicolaciccariello.com\/wp-content\/uploads\/2025\/08\/9558e47d-a7ba-4a7b-85c3-2b37b71b6e34.jpeg\",\"datePublished\":\"2025-08-11T15:28:12+00:00\",\"dateModified\":\"2026-02-12T13:26:36+00:00\",\"breadcrumb\":{\"@id\":\"https:\/\/casavinicolaciccariello.com\/p\/novello-merlot-igp-lazio\/#breadcrumb\"},\"inLanguage\":\"de\",\"potentialAction\":[{\"@type\":\"ReadAction\",\"target\":[\"https:\/\/casavinicolaciccariello.com\/p\/novello-merlot-igp-lazio\/\"]}]},{\"@type\":\"ImageObject\",\"inLanguage\":\"de\",\"@id\":\"https:\/\/casavinicolaciccariello.com\/p\/novello-merlot-igp-lazio\/#primaryimage\",\"url\":\"https:\/\/casavinicolaciccariello.com\/wp-content\/uploads\/2025\/08\/9558e47d-a7ba-4a7b-85c3-2b37b71b6e34.jpeg\",\"contentUrl\":\"https:\/\/casavinicolaciccariello.com\/wp-content\/uploads\/2025\/08\/9558e47d-a7ba-4a7b-85c3-2b37b71b6e34.jpeg\",\"width\":1707,\"height\":2560,\"caption\":\"Novello Merlot IGP Lazio Linea Tradizionale | Casa Vinicola Ciccariello\"},{\"@type\":\"BreadcrumbList\",\"@id\":\"https:\/\/casavinicolaciccariello.com\/p\/novello-merlot-igp-lazio\/#breadcrumb\",\"itemListElement\":[{\"@type\":\"ListItem\",\"position\":1,\"name\":\"Home\",\"item\":\"https:\/\/casavinicolaciccariello.com\/\"},{\"@type\":\"ListItem\",\"position\":2,\"name\":\"Shop\",\"item\":\"https:\/\/casavinicolaciccariello.com\/negozio\/\"},{\"@type\":\"ListItem\",\"position\":3,\"name\":\"Novello Merlot IGP Lazio\"}]},{\"@type\":\"WebSite\",\"@id\":\"https:\/\/casavinicolaciccariello.com\/#website\",\"url\":\"https:\/\/casavinicolaciccariello.com\/\",\"name\":\"Casa Vinicola Ciccariello\",\"description\":\"Dal 1966, la tradizione in ogni sorso.\",\"publisher\":{\"@id\":\"https:\/\/casavinicolaciccariello.com\/#organization\"},\"alternateName\":\"Cavici\",\"potentialAction\":[{\"@type\":\"SearchAction\",\"target\":{\"@type\":\"EntryPoint\",\"urlTemplate\":\"https:\/\/casavinicolaciccariello.com\/?s={search_term_string}\"},\"query-input\":{\"@type\":\"PropertyValueSpecification\",\"valueRequired\":true,\"valueName\":\"search_term_string\"}}],\"inLanguage\":\"de\"},{\"@type\":\"Organization\",\"@id\":\"https:\/\/casavinicolaciccariello.com\/#organization\",\"name\":\"Casa Vinicola Ciccariello\",\"alternateName\":\"CA.VI.CI SRL\",\"url\":\"https:\/\/casavinicolaciccariello.com\/\",\"logo\":{\"@type\":\"ImageObject\",\"inLanguage\":\"de\",\"@id\":\"https:\/\/casavinicolaciccariello.com\/#\/schema\/logo\/image\/\",\"url\":\"https:\/\/casavinicolaciccariello.com\/wp-content\/uploads\/2025\/03\/logo1200px.png\",\"contentUrl\":\"https:\/\/casavinicolaciccariello.com\/wp-content\/uploads\/2025\/03\/logo1200px.png\",\"width\":1200,\"height\":343,\"caption\":\"Casa Vinicola Ciccariello\"},\"image\":{\"@id\":\"https:\/\/casavinicolaciccariello.com\/#\/schema\/logo\/image\/\"},\"sameAs\":[\"https:\/\/www.facebook.com\/casavinicolaciccariello\",\"https:\/\/www.instagram.com\/casa_vinicola_ciccariello\/\"]}]}<\/script>\n<!-- \/ Yoast SEO plugin. -->","yoast_head_json":{"title":"Novello Merlot IGP Lazio | Casa Vinicola Ciccariello","robots":{"index":"index","follow":"follow","max-snippet":"max-snippet:-1","max-image-preview":"max-image-preview:large","max-video-preview":"max-video-preview:-1"},"canonical":"https:\/\/casavinicolaciccariello.com\/de\/p\/novello-merlot-igp-lazio\/","og_locale":"de_DE","og_type":"article","og_title":"Novello Merlot IGP Lazio | Casa Vinicola Ciccariello","og_description":"Novello Merlot IGP Lazio: un rosso vivace e brillante, che sprigiona profumi avvolgenti di prugna e frutti rossi, invitando a momenti di convivialit\u00e0. Perfetto per accompagnare antipasti, primi piatti e caldarroste, regalando freschezza e allegria a ogni sorso.","og_url":"https:\/\/casavinicolaciccariello.com\/de\/p\/novello-merlot-igp-lazio\/","og_site_name":"Casa Vinicola Ciccariello","article_publisher":"https:\/\/www.facebook.com\/casavinicolaciccariello","article_modified_time":"2026-02-12T13:26:36+00:00","og_image":[{"width":1707,"height":2560,"url":"https:\/\/casavinicolaciccariello.com\/wp-content\/uploads\/2025\/08\/9558e47d-a7ba-4a7b-85c3-2b37b71b6e34.jpeg","type":"image\/jpeg"}],"twitter_card":"summary_large_image","twitter_misc":{"Gesch\u00e4tzte Lesezeit":"3\u00a0Minuten"},"schema":{"@context":"https:\/\/schema.org","@graph":[{"@type":"WebPage","@id":"https:\/\/casavinicolaciccariello.com\/p\/novello-merlot-igp-lazio\/","url":"https:\/\/casavinicolaciccariello.com\/p\/novello-merlot-igp-lazio\/","name":"Novello Merlot IGP Lazio | Casa Vinicola Ciccariello","isPartOf":{"@id":"https:\/\/casavinicolaciccariello.com\/#website"},"primaryImageOfPage":{"@id":"https:\/\/casavinicolaciccariello.com\/p\/novello-merlot-igp-lazio\/#primaryimage"},"image":{"@id":"https:\/\/casavinicolaciccariello.com\/p\/novello-merlot-igp-lazio\/#primaryimage"},"thumbnailUrl":"https:\/\/casavinicolaciccariello.com\/wp-content\/uploads\/2025\/08\/9558e47d-a7ba-4a7b-85c3-2b37b71b6e34.jpeg","datePublished":"2025-08-11T15:28:12+00:00","dateModified":"2026-02-12T13:26:36+00:00","breadcrumb":{"@id":"https:\/\/casavinicolaciccariello.com\/p\/novello-merlot-igp-lazio\/#breadcrumb"},"inLanguage":"de","potentialAction":[{"@type":"ReadAction","target":["https:\/\/casavinicolaciccariello.com\/p\/novello-merlot-igp-lazio\/"]}]},{"@type":"ImageObject","inLanguage":"de","@id":"https:\/\/casavinicolaciccariello.com\/p\/novello-merlot-igp-lazio\/#primaryimage","url":"https:\/\/casavinicolaciccariello.com\/wp-content\/uploads\/2025\/08\/9558e47d-a7ba-4a7b-85c3-2b37b71b6e34.jpeg","contentUrl":"https:\/\/casavinicolaciccariello.com\/wp-content\/uploads\/2025\/08\/9558e47d-a7ba-4a7b-85c3-2b37b71b6e34.jpeg","width":1707,"height":2560,"caption":"Novello Merlot IGP Lazio Linea Tradizionale | Casa Vinicola Ciccariello"},{"@type":"BreadcrumbList","@id":"https:\/\/casavinicolaciccariello.com\/p\/novello-merlot-igp-lazio\/#breadcrumb","itemListElement":[{"@type":"ListItem","position":1,"name":"Home","item":"https:\/\/casavinicolaciccariello.com\/"},{"@type":"ListItem","position":2,"name":"Shop","item":"https:\/\/casavinicolaciccariello.com\/negozio\/"},{"@type":"ListItem","position":3,"name":"Novello Merlot IGP Lazio"}]},{"@type":"WebSite","@id":"https:\/\/casavinicolaciccariello.com\/#website","url":"https:\/\/casavinicolaciccariello.com\/","name":"Casa Vinicola Ciccariello","description":"Dal 1966, la tradizione in ogni sorso.","publisher":{"@id":"https:\/\/casavinicolaciccariello.com\/#organization"},"alternateName":"Cavici","potentialAction":[{"@type":"SearchAction","target":{"@type":"EntryPoint","urlTemplate":"https:\/\/casavinicolaciccariello.com\/?s={search_term_string}"},"query-input":{"@type":"PropertyValueSpecification","valueRequired":true,"valueName":"search_term_string"}}],"inLanguage":"de"},{"@type":"Organization","@id":"https:\/\/casavinicolaciccariello.com\/#organization","name":"Casa Vinicola Ciccariello","alternateName":"CA.VI.CI SRL","url":"https:\/\/casavinicolaciccariello.com\/","logo":{"@type":"ImageObject","inLanguage":"de","@id":"https:\/\/casavinicolaciccariello.com\/#\/schema\/logo\/image\/","url":"https:\/\/casavinicolaciccariello.com\/wp-content\/uploads\/2025\/03\/logo1200px.png","contentUrl":"https:\/\/casavinicolaciccariello.com\/wp-content\/uploads\/2025\/03\/logo1200px.png","width":1200,"height":343,"caption":"Casa Vinicola Ciccariello"},"image":{"@id":"https:\/\/casavinicolaciccariello.com\/#\/schema\/logo\/image\/"},"sameAs":["https:\/\/www.facebook.com\/casavinicolaciccariello","https:\/\/www.instagram.com\/casa_vinicola_ciccariello\/"]}]}},"_links":{"self":[{"href":"https:\/\/casavinicolaciccariello.com\/de\/wp-json\/wp\/v2\/product\/103","targetHints":{"allow":["GET"]}}],"collection":[{"href":"https:\/\/casavinicolaciccariello.com\/de\/wp-json\/wp\/v2\/product"}],"about":[{"href":"https:\/\/casavinicolaciccariello.com\/de\/wp-json\/wp\/v2\/types\/product"}],"replies":[{"embeddable":true,"href":"https:\/\/casavinicolaciccariello.com\/de\/wp-json\/wp\/v2\/comments?post=103"}],"wp:featuredmedia":[{"embeddable":true,"href":"https:\/\/casavinicolaciccariello.com\/de\/wp-json\/wp\/v2\/media\/1077"}],"wp:attachment":[{"href":"https:\/\/casavinicolaciccariello.com\/de\/wp-json\/wp\/v2\/media?parent=103"}],"wp:term":[{"taxonomy":"product_brand","embeddable":true,"href":"https:\/\/casavinicolaciccariello.com\/de\/wp-json\/wp\/v2\/product_brand?post=103"},{"taxonomy":"product_cat","embeddable":true,"href":"https:\/\/casavinicolaciccariello.com\/de\/wp-json\/wp\/v2\/product_cat?post=103"},{"taxonomy":"product_tag","embeddable":true,"href":"https:\/\/casavinicolaciccariello.com\/de\/wp-json\/wp\/v2\/product_tag?post=103"}],"curies":[{"name":"wp","href":"https:\/\/api.w.org\/{rel}","templated":true}]}}