{"id":106,"date":"2025-08-11T17:28:55","date_gmt":"2025-08-11T15:28:55","guid":{"rendered":"https:\/\/casavinicolaciccariello.com\/prodotto\/lambrusco-donatello-igt-dolce\/"},"modified":"2025-11-26T11:57:27","modified_gmt":"2025-11-26T10:57:27","slug":"lambrusco-donatello-igt-dolce","status":"publish","type":"product","link":"https:\/\/casavinicolaciccariello.com\/de\/p\/lambrusco-donatello-igt-dolce\/","title":{"rendered":"Lambrusco \"Donatello\" IGT Dolce"},"content":{"rendered":"<h2>Lambrusco \"Donatello\" IGT Dolce<\/h2>\n<p><strong>Eine faszinierende Begegnung zwischen Tradition und Frische<\/strong> - Die <strong>Lambrusco \"Donatello\" IGT Dolce<\/strong> stammt aus der authentischen Produktion von reinen Merlot-Trauben, die mit Sorgfalt und Leidenschaft im Herzen der traditionellen Linie angebaut werden. Dieser Wein ist eine moderne Interpretation einer jahrhundertealten Tradition, ein Beispiel daf\u00fcr, wie das Gebiet seine authentische Seele durch junge und lebendige Weine zum Ausdruck bringen kann.<\/p>\n<p>Seine Farbe <strong>kr\u00e4ftiges Rot<\/strong> f\u00e4llt sofort ins Auge, ein Vorspiel f\u00fcr ein Parf\u00fcm <strong>fruchtig, reichhaltig mit Noten von Kirsche und Himbeere<\/strong>die mit nat\u00fcrlicher Frische freigesetzt werden. Der erste Schluck offenbart einen Geschmack <strong>frisch, harmonisch und angenehm fruchtig<\/strong>mit einem Abgang, der zu einer zweiten Verkostung einl\u00e4dt, perfekt f\u00fcr informelle und gesellige Momente.<\/p>\n<h3>Beschreibung des Gebiets und der Geschichte<\/h3>\n<p>Das Herkunftsgebiet dieses Lambrusco stammt aus einem Land mit tief verwurzelten Weinbautraditionen und zeichnet sich durch fruchtbare B\u00f6den und ein mildes Klima aus, die ideal sind, um Weine mit Charakter und Frische auf den Tisch zu bringen. Die Kohlens\u00e4ureg\u00e4rung, eine Technik, die die fruchtigen Eigenschaften bewahrt und dem Wein eine ausgepr\u00e4gte Vitalit\u00e4t verleiht, macht diesen \u00f6nologischen Erstling zu einem wahren Symbol der Jugend und Spontaneit\u00e4t.<\/p>\n<p>Der Name \"Donatello\" erinnert an Kunst und Kreativit\u00e4t, Elemente, die sich auch in der Art und Weise widerspiegeln, wie dieser Wein hergestellt wird: mit Respekt vor der Tradition und Liebe zum Detail, um ein Produkt anzubieten, das Leidenschaft, Kultur und Innovation vereint.<\/p>\n<h3>Passende Tipps und Verwendung<\/h3>\n<ul>\n<li>Nudelgerichte, wie Tagliatelle mit Fleischsauce oder Nudeln mit leichten Saucen<\/li>\n<li>Wurstwaren und Frischk\u00e4se<\/li>\n<li>Kastanien und zwanglose Gem\u00fctlichkeit<\/li>\n<\/ul>\n<p>Serviert mit einer Temperatur von <strong>14-16\u00b0C<\/strong>Dieser Lambrusco eignet sich hervorragend als Aperitif oder zum Essen und bringt einen Hauch von Spontaneit\u00e4t und Fr\u00f6hlichkeit in jeden Anlass.<\/p>\n<h3>FAQ<\/h3>\n<p><strong>1. Was ist das Besondere am Lambrusco \"Donatello\"?<\/strong><br \/>Es handelt sich um einen jungen Wein aus reinen Merlot-Trauben mit Kohlens\u00e4ureg\u00e4rung, die seine Frische und seinen fruchtigen Charakter unterstreicht.<\/p>\n<p><strong>2. Bei welcher Temperatur sollte es serviert werden?<\/strong><br \/>Um seine Eigenschaften voll zur Geltung zu bringen, empfehlen wir, ihn zwischen 14 und 16\u00b0C zu servieren, am besten an einem k\u00fchlen Ort.<\/p>\n<p><strong>3. Zu welchen Gerichten passt es am besten?<\/strong><br \/>Hervorragend zu Nudelgerichten, Wurstwaren, Frischk\u00e4se und sogar zu ger\u00f6steten Kastanien, die jeden geselligen Moment schmackhafter und unbeschwerter machen.<\/p>\n<p><strong>4. Ist sie f\u00fcr informelle oder formelle Anl\u00e4sse geeignet?<\/strong><br \/>Es ist ideal f\u00fcr informelle Momente, Aperitifs und Abendessen mit Freunden, dank seiner lebendigen und einnehmenden Art.<\/p>","protected":false},"excerpt":{"rendered":"<p>Lambrusco 'Donatello' IGT Dolce: ein intensiver, lebendiger Rotwein, der einh\u00fcllende fruchtige Aromen und einen frischen, harmonischen Geschmack verstr\u00f6mt. Er ist ideal f\u00fcr fr\u00f6hliche Trinkspr\u00fcche und passt hervorragend zu Vorspeisen, Wurstwaren und Momenten echter Geselligkeit.<\/p>","protected":false},"featured_media":1081,"comment_status":"closed","ping_status":"closed","template":"","meta":[],"product_brand":[18],"product_cat":[28],"product_tag":[163],"class_list":{"0":"post-106","1":"product","2":"type-product","3":"status-publish","4":"has-post-thumbnail","6":"product_brand-casa-vinicola-ciccariello","7":"product_cat-linea-tradizionale","8":"product_tag-vino-rosso","9":"pa_formato-17","10":"pa_linea-linea-tradizionale","12":"first","13":"outofstock","14":"purchasable","15":"product-type-simple"},"yoast_head":"<!-- This site is optimized with the Yoast SEO plugin v27.2 - https:\/\/yoast.com\/product\/yoast-seo-wordpress\/ -->\n<title>Lambrusco &quot;Donatello&quot; IGT Dolce | Casa Vinicola Ciccariello<\/title>\n<meta name=\"robots\" content=\"index, follow, max-snippet:-1, max-image-preview:large, max-video-preview:-1\" \/>\n<link rel=\"canonical\" href=\"https:\/\/casavinicolaciccariello.com\/de\/p\/lambrusco-donatello-igt-dolce\/\" \/>\n<meta property=\"og:locale\" content=\"de_DE\" \/>\n<meta property=\"og:type\" content=\"article\" \/>\n<meta property=\"og:title\" content=\"Lambrusco &quot;Donatello&quot; IGT Dolce | Casa Vinicola Ciccariello\" \/>\n<meta property=\"og:description\" content=\"Lambrusco &quot;Donatello&quot; IGT Dolce: un rosso intenso e vivace, che sprigiona profumi fruttati avvolgenti e un gusto fresco e armonico. Ideale per brindare con allegria, accompagna splendidamente antipasti, salumi e momenti di convivialit&agrave; autentica.\" \/>\n<meta property=\"og:url\" content=\"https:\/\/casavinicolaciccariello.com\/de\/p\/lambrusco-donatello-igt-dolce\/\" \/>\n<meta property=\"og:site_name\" content=\"Casa Vinicola Ciccariello\" \/>\n<meta property=\"article:publisher\" content=\"https:\/\/www.facebook.com\/casavinicolaciccariello\" \/>\n<meta property=\"article:modified_time\" content=\"2025-11-26T10:57:27+00:00\" \/>\n<meta property=\"og:image\" content=\"https:\/\/casavinicolaciccariello.com\/wp-content\/uploads\/2025\/08\/a7d1dd51-60d8-4bd7-b4fb-a51ee9644b97.jpeg\" \/>\n\t<meta property=\"og:image:width\" content=\"1707\" \/>\n\t<meta property=\"og:image:height\" content=\"2560\" \/>\n\t<meta property=\"og:image:type\" content=\"image\/jpeg\" \/>\n<meta name=\"twitter:card\" content=\"summary_large_image\" \/>\n<meta name=\"twitter:label1\" content=\"Gesch\u00e4tzte Lesezeit\" \/>\n\t<meta name=\"twitter:data1\" content=\"2\u00a0Minuten\" \/>\n<script type=\"application\/ld+json\" class=\"yoast-schema-graph\">{\"@context\":\"https:\/\/schema.org\",\"@graph\":[{\"@type\":\"WebPage\",\"@id\":\"https:\/\/casavinicolaciccariello.com\/p\/lambrusco-donatello-igt-dolce\/\",\"url\":\"https:\/\/casavinicolaciccariello.com\/p\/lambrusco-donatello-igt-dolce\/\",\"name\":\"Lambrusco \\\"Donatello\\\" IGT Dolce | Casa Vinicola Ciccariello\",\"isPartOf\":{\"@id\":\"https:\/\/casavinicolaciccariello.com\/#website\"},\"primaryImageOfPage\":{\"@id\":\"https:\/\/casavinicolaciccariello.com\/p\/lambrusco-donatello-igt-dolce\/#primaryimage\"},\"image\":{\"@id\":\"https:\/\/casavinicolaciccariello.com\/p\/lambrusco-donatello-igt-dolce\/#primaryimage\"},\"thumbnailUrl\":\"https:\/\/casavinicolaciccariello.com\/wp-content\/uploads\/2025\/08\/a7d1dd51-60d8-4bd7-b4fb-a51ee9644b97.jpeg\",\"datePublished\":\"2025-08-11T15:28:55+00:00\",\"dateModified\":\"2025-11-26T10:57:27+00:00\",\"breadcrumb\":{\"@id\":\"https:\/\/casavinicolaciccariello.com\/p\/lambrusco-donatello-igt-dolce\/#breadcrumb\"},\"inLanguage\":\"de\",\"potentialAction\":[{\"@type\":\"ReadAction\",\"target\":[\"https:\/\/casavinicolaciccariello.com\/p\/lambrusco-donatello-igt-dolce\/\"]}]},{\"@type\":\"ImageObject\",\"inLanguage\":\"de\",\"@id\":\"https:\/\/casavinicolaciccariello.com\/p\/lambrusco-donatello-igt-dolce\/#primaryimage\",\"url\":\"https:\/\/casavinicolaciccariello.com\/wp-content\/uploads\/2025\/08\/a7d1dd51-60d8-4bd7-b4fb-a51ee9644b97.jpeg\",\"contentUrl\":\"https:\/\/casavinicolaciccariello.com\/wp-content\/uploads\/2025\/08\/a7d1dd51-60d8-4bd7-b4fb-a51ee9644b97.jpeg\",\"width\":1707,\"height\":2560,\"caption\":\"Lambrusco \\\"Donatello\\\" IGT Dolce Linea Tradizionale | Casa Vinicola Ciccariello\"},{\"@type\":\"BreadcrumbList\",\"@id\":\"https:\/\/casavinicolaciccariello.com\/p\/lambrusco-donatello-igt-dolce\/#breadcrumb\",\"itemListElement\":[{\"@type\":\"ListItem\",\"position\":1,\"name\":\"Home\",\"item\":\"https:\/\/casavinicolaciccariello.com\/\"},{\"@type\":\"ListItem\",\"position\":2,\"name\":\"Shop\",\"item\":\"https:\/\/casavinicolaciccariello.com\/negozio\/\"},{\"@type\":\"ListItem\",\"position\":3,\"name\":\"Lambrusco &#8220;Donatello&#8221; IGT Dolce\"}]},{\"@type\":\"WebSite\",\"@id\":\"https:\/\/casavinicolaciccariello.com\/#website\",\"url\":\"https:\/\/casavinicolaciccariello.com\/\",\"name\":\"Casa Vinicola Ciccariello\",\"description\":\"Dal 1966, la tradizione in ogni sorso.\",\"publisher\":{\"@id\":\"https:\/\/casavinicolaciccariello.com\/#organization\"},\"alternateName\":\"Cavici\",\"potentialAction\":[{\"@type\":\"SearchAction\",\"target\":{\"@type\":\"EntryPoint\",\"urlTemplate\":\"https:\/\/casavinicolaciccariello.com\/?s={search_term_string}\"},\"query-input\":{\"@type\":\"PropertyValueSpecification\",\"valueRequired\":true,\"valueName\":\"search_term_string\"}}],\"inLanguage\":\"de\"},{\"@type\":\"Organization\",\"@id\":\"https:\/\/casavinicolaciccariello.com\/#organization\",\"name\":\"Casa Vinicola Ciccariello\",\"alternateName\":\"CA.VI.CI SRL\",\"url\":\"https:\/\/casavinicolaciccariello.com\/\",\"logo\":{\"@type\":\"ImageObject\",\"inLanguage\":\"de\",\"@id\":\"https:\/\/casavinicolaciccariello.com\/#\/schema\/logo\/image\/\",\"url\":\"https:\/\/casavinicolaciccariello.com\/wp-content\/uploads\/2025\/03\/logo1200px.png\",\"contentUrl\":\"https:\/\/casavinicolaciccariello.com\/wp-content\/uploads\/2025\/03\/logo1200px.png\",\"width\":1200,\"height\":343,\"caption\":\"Casa Vinicola Ciccariello\"},\"image\":{\"@id\":\"https:\/\/casavinicolaciccariello.com\/#\/schema\/logo\/image\/\"},\"sameAs\":[\"https:\/\/www.facebook.com\/casavinicolaciccariello\",\"https:\/\/www.instagram.com\/casa_vinicola_ciccariello\/\"]}]}<\/script>\n<!-- \/ Yoast SEO plugin. -->","yoast_head_json":{"title":"Lambrusco \"Donatello\" IGT Dolce | Casa Vinicola Ciccariello","robots":{"index":"index","follow":"follow","max-snippet":"max-snippet:-1","max-image-preview":"max-image-preview:large","max-video-preview":"max-video-preview:-1"},"canonical":"https:\/\/casavinicolaciccariello.com\/de\/p\/lambrusco-donatello-igt-dolce\/","og_locale":"de_DE","og_type":"article","og_title":"Lambrusco \"Donatello\" IGT Dolce | Casa Vinicola Ciccariello","og_description":"Lambrusco \"Donatello\" IGT Dolce: un rosso intenso e vivace, che sprigiona profumi fruttati avvolgenti e un gusto fresco e armonico. Ideale per brindare con allegria, accompagna splendidamente antipasti, salumi e momenti di convivialit&agrave; autentica.","og_url":"https:\/\/casavinicolaciccariello.com\/de\/p\/lambrusco-donatello-igt-dolce\/","og_site_name":"Casa Vinicola Ciccariello","article_publisher":"https:\/\/www.facebook.com\/casavinicolaciccariello","article_modified_time":"2025-11-26T10:57:27+00:00","og_image":[{"width":1707,"height":2560,"url":"https:\/\/casavinicolaciccariello.com\/wp-content\/uploads\/2025\/08\/a7d1dd51-60d8-4bd7-b4fb-a51ee9644b97.jpeg","type":"image\/jpeg"}],"twitter_card":"summary_large_image","twitter_misc":{"Gesch\u00e4tzte Lesezeit":"2\u00a0Minuten"},"schema":{"@context":"https:\/\/schema.org","@graph":[{"@type":"WebPage","@id":"https:\/\/casavinicolaciccariello.com\/p\/lambrusco-donatello-igt-dolce\/","url":"https:\/\/casavinicolaciccariello.com\/p\/lambrusco-donatello-igt-dolce\/","name":"Lambrusco \"Donatello\" IGT Dolce | Casa Vinicola Ciccariello","isPartOf":{"@id":"https:\/\/casavinicolaciccariello.com\/#website"},"primaryImageOfPage":{"@id":"https:\/\/casavinicolaciccariello.com\/p\/lambrusco-donatello-igt-dolce\/#primaryimage"},"image":{"@id":"https:\/\/casavinicolaciccariello.com\/p\/lambrusco-donatello-igt-dolce\/#primaryimage"},"thumbnailUrl":"https:\/\/casavinicolaciccariello.com\/wp-content\/uploads\/2025\/08\/a7d1dd51-60d8-4bd7-b4fb-a51ee9644b97.jpeg","datePublished":"2025-08-11T15:28:55+00:00","dateModified":"2025-11-26T10:57:27+00:00","breadcrumb":{"@id":"https:\/\/casavinicolaciccariello.com\/p\/lambrusco-donatello-igt-dolce\/#breadcrumb"},"inLanguage":"de","potentialAction":[{"@type":"ReadAction","target":["https:\/\/casavinicolaciccariello.com\/p\/lambrusco-donatello-igt-dolce\/"]}]},{"@type":"ImageObject","inLanguage":"de","@id":"https:\/\/casavinicolaciccariello.com\/p\/lambrusco-donatello-igt-dolce\/#primaryimage","url":"https:\/\/casavinicolaciccariello.com\/wp-content\/uploads\/2025\/08\/a7d1dd51-60d8-4bd7-b4fb-a51ee9644b97.jpeg","contentUrl":"https:\/\/casavinicolaciccariello.com\/wp-content\/uploads\/2025\/08\/a7d1dd51-60d8-4bd7-b4fb-a51ee9644b97.jpeg","width":1707,"height":2560,"caption":"Lambrusco \"Donatello\" IGT Dolce Linea Tradizionale | Casa Vinicola Ciccariello"},{"@type":"BreadcrumbList","@id":"https:\/\/casavinicolaciccariello.com\/p\/lambrusco-donatello-igt-dolce\/#breadcrumb","itemListElement":[{"@type":"ListItem","position":1,"name":"Home","item":"https:\/\/casavinicolaciccariello.com\/"},{"@type":"ListItem","position":2,"name":"Shop","item":"https:\/\/casavinicolaciccariello.com\/negozio\/"},{"@type":"ListItem","position":3,"name":"Lambrusco &#8220;Donatello&#8221; IGT Dolce"}]},{"@type":"WebSite","@id":"https:\/\/casavinicolaciccariello.com\/#website","url":"https:\/\/casavinicolaciccariello.com\/","name":"Casa Vinicola Ciccariello","description":"Dal 1966, la tradizione in ogni sorso.","publisher":{"@id":"https:\/\/casavinicolaciccariello.com\/#organization"},"alternateName":"Cavici","potentialAction":[{"@type":"SearchAction","target":{"@type":"EntryPoint","urlTemplate":"https:\/\/casavinicolaciccariello.com\/?s={search_term_string}"},"query-input":{"@type":"PropertyValueSpecification","valueRequired":true,"valueName":"search_term_string"}}],"inLanguage":"de"},{"@type":"Organization","@id":"https:\/\/casavinicolaciccariello.com\/#organization","name":"Casa Vinicola Ciccariello","alternateName":"CA.VI.CI SRL","url":"https:\/\/casavinicolaciccariello.com\/","logo":{"@type":"ImageObject","inLanguage":"de","@id":"https:\/\/casavinicolaciccariello.com\/#\/schema\/logo\/image\/","url":"https:\/\/casavinicolaciccariello.com\/wp-content\/uploads\/2025\/03\/logo1200px.png","contentUrl":"https:\/\/casavinicolaciccariello.com\/wp-content\/uploads\/2025\/03\/logo1200px.png","width":1200,"height":343,"caption":"Casa Vinicola Ciccariello"},"image":{"@id":"https:\/\/casavinicolaciccariello.com\/#\/schema\/logo\/image\/"},"sameAs":["https:\/\/www.facebook.com\/casavinicolaciccariello","https:\/\/www.instagram.com\/casa_vinicola_ciccariello\/"]}]}},"_links":{"self":[{"href":"https:\/\/casavinicolaciccariello.com\/de\/wp-json\/wp\/v2\/product\/106","targetHints":{"allow":["GET"]}}],"collection":[{"href":"https:\/\/casavinicolaciccariello.com\/de\/wp-json\/wp\/v2\/product"}],"about":[{"href":"https:\/\/casavinicolaciccariello.com\/de\/wp-json\/wp\/v2\/types\/product"}],"replies":[{"embeddable":true,"href":"https:\/\/casavinicolaciccariello.com\/de\/wp-json\/wp\/v2\/comments?post=106"}],"wp:featuredmedia":[{"embeddable":true,"href":"https:\/\/casavinicolaciccariello.com\/de\/wp-json\/wp\/v2\/media\/1081"}],"wp:attachment":[{"href":"https:\/\/casavinicolaciccariello.com\/de\/wp-json\/wp\/v2\/media?parent=106"}],"wp:term":[{"taxonomy":"product_brand","embeddable":true,"href":"https:\/\/casavinicolaciccariello.com\/de\/wp-json\/wp\/v2\/product_brand?post=106"},{"taxonomy":"product_cat","embeddable":true,"href":"https:\/\/casavinicolaciccariello.com\/de\/wp-json\/wp\/v2\/product_cat?post=106"},{"taxonomy":"product_tag","embeddable":true,"href":"https:\/\/casavinicolaciccariello.com\/de\/wp-json\/wp\/v2\/product_tag?post=106"}],"curies":[{"name":"wp","href":"https:\/\/api.w.org\/{rel}","templated":true}]}}