{"id":107,"date":"2025-08-11T17:29:05","date_gmt":"2025-08-11T15:29:05","guid":{"rendered":"https:\/\/casavinicolaciccariello.com\/prodotto\/donatello-vino-bianco\/"},"modified":"2025-08-11T17:29:10","modified_gmt":"2025-08-11T15:29:10","slug":"donatello-weiswein","status":"publish","type":"product","link":"https:\/\/casavinicolaciccariello.com\/de\/p\/donatello-weiswein\/","title":{"rendered":"Donatello\" Wei\u00dfwein"},"content":{"rendered":"<h2>Donatello Wei\u00dfwein<\/h2>\n<p><strong>Eine Hommage an die italienische Weinbautradition und das Gebiet<\/strong> &#8211; <em>Donatello<\/em> ist ein Wei\u00dfwein, der die Eleganz und Raffinesse eines im Land verwurzelten Weinerbes verk\u00f6rpert. Als Ergebnis einer sorgf\u00e4ltigen Auswahl der Trauben stellt dieser Wein ein perfektes Gleichgewicht zwischen den beiden Rebsorten dar, aus denen er besteht, Trebbiano und Malvasia, die beide ihre eigene Geschichte und Pers\u00f6nlichkeit haben.<\/p>\n<p>Die Farbe <strong>strohgelb<\/strong> Ein intensives, weiniges Bouquet, das die Sinne mit delikaten, einladenden Noten umh\u00fcllt, ist zu erwarten. Beim ersten Schluck genie\u00dft man einen Geschmack, der <strong>weich und ziemlich s\u00e4uerlich<\/strong>f\u00e4hig, Frische und Annehmlichkeit in jedem Geschmack zu bieten. Seine Vielseitigkeit und Rundheit machen ihn zu einem Wein mit einer sanften Seele, der viele Momente der Geselligkeit begleiten kann.<\/p>\n<p>Gewonnen aus sorgf\u00e4ltig vinifizierten Trauben, <em>Donatello<\/em> zeichnet sich durch seine elegante Schlichtheit und seine F\u00e4higkeit aus, die delikatesten Gerichte der mediterranen K\u00fcche zu begleiten. Seine Frische und sein weiniger Duft machen ihn ideal f\u00fcr einen informellen Aperitif, aber auch f\u00fcr ein Gesch\u00e4ftsessen oder ein geselliges Abendessen, bei dem der Wein die F\u00fchrung \u00fcbernimmt, ohne zu \u00fcbertreiben.<\/p>\n<h3>Territorium und Tradition<\/h3>\n<p>Sie stammen aus einer Region, die reich an Geschichte und Weinkultur ist, <em>Donatello<\/em> inspiriert sich an den Weinbautraditionen, die von Generation zu Generation weitergegeben wurden. Die sorgf\u00e4ltige Pflege im Weinberg und im Keller f\u00fchrt zu einem authentischen Wein, einem reinen Ausdruck des Terroirs, der in der Lage ist, die Geschichte seiner Herkunft mit Einfachheit und Raffinesse zu erz\u00e4hlen.<\/p>\n<h3>Passende Tipps<\/h3>\n<ul>\n<li>Vorspeisen aus Meeresfr\u00fcchten und Schalentieren<\/li>\n<li>Gem\u00fcsegerichte und Risottos<\/li>\n<li>Frische und leicht gereifte K\u00e4sesorten<\/li>\n<li>Aperitifs mit Meeresfr\u00fcchten und delikaten Aufschnitten<\/li>\n<\/ul>\n<h3>Servieren Sie ihn bei einer Temperatur von 8-10\u00b0C, um seine Frische und Aromen voll zur Geltung zu bringen.<\/h3>\n<h3>FAQ<\/h3>\n<p><strong>1. Was ist der Ursprung der Trauben von <em>Donatello<\/em>?<\/strong><br \/>Die Trauben stammen von ausgew\u00e4hlten Weinbergen, die nach traditionellen Methoden im Ursprungsgebiet bewirtschaftet werden, was ein authentisches Qualit\u00e4tsprodukt garantiert.<\/p>\n<p><strong>2. Zu welchen Gerichten passt dieser Wein am besten?<\/strong><br \/>Aufgrund seiner Vielseitigkeit, <em>Donatello<\/em> passt hervorragend zu Fischgerichten, Vorspeisen mit Meeresfr\u00fcchten, wei\u00dfem Reis, gegrilltem Gem\u00fcse und Frischk\u00e4se.<\/p>\n<p><strong>3. Wie wird es am besten gelagert?<\/strong><br \/>Er sollte k\u00fchl und trocken gelagert werden, fern von Licht- und W\u00e4rmequellen, und gek\u00fchlt serviert werden, um seine organoleptischen Eigenschaften zu verbessern.<\/p>\n<p><strong>4. Wie lange kann es gelagert werden?<\/strong><br \/>Da es sich um einen jungen Wein handelt, ist es ideal, ihn innerhalb von 1-2 Jahren nach dem Kauf zu konsumieren, um seine ganze Frische und Lebendigkeit zu genie\u00dfen.<\/p>","protected":false},"excerpt":{"rendered":"<p>Donatello Vino Bianco: ein umh\u00fcllendes sensorisches Erlebnis, das sich durch ein feines Gleichgewicht zwischen Weichheit und Frische auszeichnet. Perfekt zum Ansto\u00dfen in geselligen Momenten oder als Begleiter zu leichten Gerichten, l\u00e4dt dieser Wein dazu ein, sich von einem lebendigen und raffinierten Schluck mitrei\u00dfen zu lassen.<\/p>","protected":false},"featured_media":1082,"comment_status":"closed","ping_status":"open","template":"","meta":[],"product_brand":[18],"product_cat":[28],"product_tag":[161],"class_list":{"0":"post-107","1":"product","2":"type-product","3":"status-publish","4":"has-post-thumbnail","6":"product_brand-casa-vinicola-ciccariello","7":"product_cat-linea-tradizionale","8":"product_tag-vino-bianco","9":"pa_formato-17","10":"pa_linea-linea-tradizionale","12":"first","13":"instock","14":"purchasable","15":"product-type-simple"},"yoast_head":"<!-- This site is optimized with the Yoast SEO plugin v27.2 - https:\/\/yoast.com\/product\/yoast-seo-wordpress\/ -->\n<title>&quot;Donatello&quot; Vino Bianco | Casa Vinicola Ciccariello<\/title>\n<meta name=\"robots\" content=\"index, follow, max-snippet:-1, max-image-preview:large, max-video-preview:-1\" \/>\n<link rel=\"canonical\" href=\"https:\/\/casavinicolaciccariello.com\/de\/p\/donatello-weiswein\/\" \/>\n<meta property=\"og:locale\" content=\"de_DE\" \/>\n<meta property=\"og:type\" content=\"article\" \/>\n<meta property=\"og:title\" content=\"&quot;Donatello&quot; Vino Bianco | Casa Vinicola Ciccariello\" \/>\n<meta property=\"og:description\" content=\"Donatello Vino Bianco: un&#039;esperienza sensoriale avvolgente caratterizzata da un delicato equilibrio tra morbidezza e freschezza. Perfetto per brindare in momenti di convivialit\u00e0 o per accompagnare piatti leggeri, questo vino invita a lasciarsi trasportare da un sorso vibrante e raffinato.\" \/>\n<meta property=\"og:url\" content=\"https:\/\/casavinicolaciccariello.com\/de\/p\/donatello-weiswein\/\" \/>\n<meta property=\"og:site_name\" content=\"Casa Vinicola Ciccariello\" \/>\n<meta property=\"article:publisher\" content=\"https:\/\/www.facebook.com\/casavinicolaciccariello\" \/>\n<meta property=\"article:modified_time\" content=\"2025-08-11T15:29:10+00:00\" \/>\n<meta property=\"og:image\" content=\"https:\/\/casavinicolaciccariello.com\/wp-content\/uploads\/2025\/08\/a224419d-ce2e-41d7-b33d-62ed157cc274.jpeg\" \/>\n\t<meta property=\"og:image:width\" content=\"500\" \/>\n\t<meta property=\"og:image:height\" content=\"750\" \/>\n\t<meta property=\"og:image:type\" content=\"image\/jpeg\" \/>\n<meta name=\"twitter:card\" content=\"summary_large_image\" \/>\n<meta name=\"twitter:label1\" content=\"Gesch\u00e4tzte Lesezeit\" \/>\n\t<meta name=\"twitter:data1\" content=\"2\u00a0Minuten\" \/>\n<script type=\"application\/ld+json\" class=\"yoast-schema-graph\">{\"@context\":\"https:\/\/schema.org\",\"@graph\":[{\"@type\":\"WebPage\",\"@id\":\"https:\/\/casavinicolaciccariello.com\/p\/donatello-vino-bianco\/\",\"url\":\"https:\/\/casavinicolaciccariello.com\/p\/donatello-vino-bianco\/\",\"name\":\"\\\"Donatello\\\" Vino Bianco | Casa Vinicola Ciccariello\",\"isPartOf\":{\"@id\":\"https:\/\/casavinicolaciccariello.com\/#website\"},\"primaryImageOfPage\":{\"@id\":\"https:\/\/casavinicolaciccariello.com\/p\/donatello-vino-bianco\/#primaryimage\"},\"image\":{\"@id\":\"https:\/\/casavinicolaciccariello.com\/p\/donatello-vino-bianco\/#primaryimage\"},\"thumbnailUrl\":\"https:\/\/casavinicolaciccariello.com\/wp-content\/uploads\/2025\/08\/a224419d-ce2e-41d7-b33d-62ed157cc274.jpeg\",\"datePublished\":\"2025-08-11T15:29:05+00:00\",\"dateModified\":\"2025-08-11T15:29:10+00:00\",\"breadcrumb\":{\"@id\":\"https:\/\/casavinicolaciccariello.com\/p\/donatello-vino-bianco\/#breadcrumb\"},\"inLanguage\":\"de\",\"potentialAction\":[{\"@type\":\"ReadAction\",\"target\":[\"https:\/\/casavinicolaciccariello.com\/p\/donatello-vino-bianco\/\"]}]},{\"@type\":\"ImageObject\",\"inLanguage\":\"de\",\"@id\":\"https:\/\/casavinicolaciccariello.com\/p\/donatello-vino-bianco\/#primaryimage\",\"url\":\"https:\/\/casavinicolaciccariello.com\/wp-content\/uploads\/2025\/08\/a224419d-ce2e-41d7-b33d-62ed157cc274.jpeg\",\"contentUrl\":\"https:\/\/casavinicolaciccariello.com\/wp-content\/uploads\/2025\/08\/a224419d-ce2e-41d7-b33d-62ed157cc274.jpeg\",\"width\":500,\"height\":750,\"caption\":\"\\\"Donatello\\\" Vino Bianco Linea Tradizionale | Casa Vinicola Ciccariello\"},{\"@type\":\"BreadcrumbList\",\"@id\":\"https:\/\/casavinicolaciccariello.com\/p\/donatello-vino-bianco\/#breadcrumb\",\"itemListElement\":[{\"@type\":\"ListItem\",\"position\":1,\"name\":\"Home\",\"item\":\"https:\/\/casavinicolaciccariello.com\/\"},{\"@type\":\"ListItem\",\"position\":2,\"name\":\"Shop\",\"item\":\"https:\/\/casavinicolaciccariello.com\/negozio\/\"},{\"@type\":\"ListItem\",\"position\":3,\"name\":\"&#8220;Donatello&#8221; Vino Bianco\"}]},{\"@type\":\"WebSite\",\"@id\":\"https:\/\/casavinicolaciccariello.com\/#website\",\"url\":\"https:\/\/casavinicolaciccariello.com\/\",\"name\":\"Casa Vinicola Ciccariello\",\"description\":\"Dal 1966, la tradizione in ogni sorso.\",\"publisher\":{\"@id\":\"https:\/\/casavinicolaciccariello.com\/#organization\"},\"alternateName\":\"Cavici\",\"potentialAction\":[{\"@type\":\"SearchAction\",\"target\":{\"@type\":\"EntryPoint\",\"urlTemplate\":\"https:\/\/casavinicolaciccariello.com\/?s={search_term_string}\"},\"query-input\":{\"@type\":\"PropertyValueSpecification\",\"valueRequired\":true,\"valueName\":\"search_term_string\"}}],\"inLanguage\":\"de\"},{\"@type\":\"Organization\",\"@id\":\"https:\/\/casavinicolaciccariello.com\/#organization\",\"name\":\"Casa Vinicola Ciccariello\",\"alternateName\":\"CA.VI.CI SRL\",\"url\":\"https:\/\/casavinicolaciccariello.com\/\",\"logo\":{\"@type\":\"ImageObject\",\"inLanguage\":\"de\",\"@id\":\"https:\/\/casavinicolaciccariello.com\/#\/schema\/logo\/image\/\",\"url\":\"https:\/\/casavinicolaciccariello.com\/wp-content\/uploads\/2025\/03\/logo1200px.png\",\"contentUrl\":\"https:\/\/casavinicolaciccariello.com\/wp-content\/uploads\/2025\/03\/logo1200px.png\",\"width\":1200,\"height\":343,\"caption\":\"Casa Vinicola Ciccariello\"},\"image\":{\"@id\":\"https:\/\/casavinicolaciccariello.com\/#\/schema\/logo\/image\/\"},\"sameAs\":[\"https:\/\/www.facebook.com\/casavinicolaciccariello\",\"https:\/\/www.instagram.com\/casa_vinicola_ciccariello\/\"]}]}<\/script>\n<!-- \/ Yoast SEO plugin. -->","yoast_head_json":{"title":"\"Donatello\" Vino Bianco | Casa Vinicola Ciccariello","robots":{"index":"index","follow":"follow","max-snippet":"max-snippet:-1","max-image-preview":"max-image-preview:large","max-video-preview":"max-video-preview:-1"},"canonical":"https:\/\/casavinicolaciccariello.com\/de\/p\/donatello-weiswein\/","og_locale":"de_DE","og_type":"article","og_title":"\"Donatello\" Vino Bianco | Casa Vinicola Ciccariello","og_description":"Donatello Vino Bianco: un'esperienza sensoriale avvolgente caratterizzata da un delicato equilibrio tra morbidezza e freschezza. Perfetto per brindare in momenti di convivialit\u00e0 o per accompagnare piatti leggeri, questo vino invita a lasciarsi trasportare da un sorso vibrante e raffinato.","og_url":"https:\/\/casavinicolaciccariello.com\/de\/p\/donatello-weiswein\/","og_site_name":"Casa Vinicola Ciccariello","article_publisher":"https:\/\/www.facebook.com\/casavinicolaciccariello","article_modified_time":"2025-08-11T15:29:10+00:00","og_image":[{"width":500,"height":750,"url":"https:\/\/casavinicolaciccariello.com\/wp-content\/uploads\/2025\/08\/a224419d-ce2e-41d7-b33d-62ed157cc274.jpeg","type":"image\/jpeg"}],"twitter_card":"summary_large_image","twitter_misc":{"Gesch\u00e4tzte Lesezeit":"2\u00a0Minuten"},"schema":{"@context":"https:\/\/schema.org","@graph":[{"@type":"WebPage","@id":"https:\/\/casavinicolaciccariello.com\/p\/donatello-vino-bianco\/","url":"https:\/\/casavinicolaciccariello.com\/p\/donatello-vino-bianco\/","name":"\"Donatello\" Vino Bianco | Casa Vinicola Ciccariello","isPartOf":{"@id":"https:\/\/casavinicolaciccariello.com\/#website"},"primaryImageOfPage":{"@id":"https:\/\/casavinicolaciccariello.com\/p\/donatello-vino-bianco\/#primaryimage"},"image":{"@id":"https:\/\/casavinicolaciccariello.com\/p\/donatello-vino-bianco\/#primaryimage"},"thumbnailUrl":"https:\/\/casavinicolaciccariello.com\/wp-content\/uploads\/2025\/08\/a224419d-ce2e-41d7-b33d-62ed157cc274.jpeg","datePublished":"2025-08-11T15:29:05+00:00","dateModified":"2025-08-11T15:29:10+00:00","breadcrumb":{"@id":"https:\/\/casavinicolaciccariello.com\/p\/donatello-vino-bianco\/#breadcrumb"},"inLanguage":"de","potentialAction":[{"@type":"ReadAction","target":["https:\/\/casavinicolaciccariello.com\/p\/donatello-vino-bianco\/"]}]},{"@type":"ImageObject","inLanguage":"de","@id":"https:\/\/casavinicolaciccariello.com\/p\/donatello-vino-bianco\/#primaryimage","url":"https:\/\/casavinicolaciccariello.com\/wp-content\/uploads\/2025\/08\/a224419d-ce2e-41d7-b33d-62ed157cc274.jpeg","contentUrl":"https:\/\/casavinicolaciccariello.com\/wp-content\/uploads\/2025\/08\/a224419d-ce2e-41d7-b33d-62ed157cc274.jpeg","width":500,"height":750,"caption":"\"Donatello\" Vino Bianco Linea Tradizionale | Casa Vinicola Ciccariello"},{"@type":"BreadcrumbList","@id":"https:\/\/casavinicolaciccariello.com\/p\/donatello-vino-bianco\/#breadcrumb","itemListElement":[{"@type":"ListItem","position":1,"name":"Home","item":"https:\/\/casavinicolaciccariello.com\/"},{"@type":"ListItem","position":2,"name":"Shop","item":"https:\/\/casavinicolaciccariello.com\/negozio\/"},{"@type":"ListItem","position":3,"name":"&#8220;Donatello&#8221; Vino Bianco"}]},{"@type":"WebSite","@id":"https:\/\/casavinicolaciccariello.com\/#website","url":"https:\/\/casavinicolaciccariello.com\/","name":"Casa Vinicola Ciccariello","description":"Dal 1966, la tradizione in ogni sorso.","publisher":{"@id":"https:\/\/casavinicolaciccariello.com\/#organization"},"alternateName":"Cavici","potentialAction":[{"@type":"SearchAction","target":{"@type":"EntryPoint","urlTemplate":"https:\/\/casavinicolaciccariello.com\/?s={search_term_string}"},"query-input":{"@type":"PropertyValueSpecification","valueRequired":true,"valueName":"search_term_string"}}],"inLanguage":"de"},{"@type":"Organization","@id":"https:\/\/casavinicolaciccariello.com\/#organization","name":"Casa Vinicola Ciccariello","alternateName":"CA.VI.CI SRL","url":"https:\/\/casavinicolaciccariello.com\/","logo":{"@type":"ImageObject","inLanguage":"de","@id":"https:\/\/casavinicolaciccariello.com\/#\/schema\/logo\/image\/","url":"https:\/\/casavinicolaciccariello.com\/wp-content\/uploads\/2025\/03\/logo1200px.png","contentUrl":"https:\/\/casavinicolaciccariello.com\/wp-content\/uploads\/2025\/03\/logo1200px.png","width":1200,"height":343,"caption":"Casa Vinicola Ciccariello"},"image":{"@id":"https:\/\/casavinicolaciccariello.com\/#\/schema\/logo\/image\/"},"sameAs":["https:\/\/www.facebook.com\/casavinicolaciccariello","https:\/\/www.instagram.com\/casa_vinicola_ciccariello\/"]}]}},"_links":{"self":[{"href":"https:\/\/casavinicolaciccariello.com\/de\/wp-json\/wp\/v2\/product\/107","targetHints":{"allow":["GET"]}}],"collection":[{"href":"https:\/\/casavinicolaciccariello.com\/de\/wp-json\/wp\/v2\/product"}],"about":[{"href":"https:\/\/casavinicolaciccariello.com\/de\/wp-json\/wp\/v2\/types\/product"}],"replies":[{"embeddable":true,"href":"https:\/\/casavinicolaciccariello.com\/de\/wp-json\/wp\/v2\/comments?post=107"}],"wp:featuredmedia":[{"embeddable":true,"href":"https:\/\/casavinicolaciccariello.com\/de\/wp-json\/wp\/v2\/media\/1082"}],"wp:attachment":[{"href":"https:\/\/casavinicolaciccariello.com\/de\/wp-json\/wp\/v2\/media?parent=107"}],"wp:term":[{"taxonomy":"product_brand","embeddable":true,"href":"https:\/\/casavinicolaciccariello.com\/de\/wp-json\/wp\/v2\/product_brand?post=107"},{"taxonomy":"product_cat","embeddable":true,"href":"https:\/\/casavinicolaciccariello.com\/de\/wp-json\/wp\/v2\/product_cat?post=107"},{"taxonomy":"product_tag","embeddable":true,"href":"https:\/\/casavinicolaciccariello.com\/de\/wp-json\/wp\/v2\/product_tag?post=107"}],"curies":[{"name":"wp","href":"https:\/\/api.w.org\/{rel}","templated":true}]}}