{"id":108,"date":"2025-08-11T16:42:37","date_gmt":"2025-08-11T14:42:37","guid":{"rendered":"https:\/\/casavinicolaciccariello.com\/prodotto\/donatello-vino-rosso\/"},"modified":"2025-08-11T17:15:12","modified_gmt":"2025-08-11T15:15:12","slug":"donatello-rotwein","status":"publish","type":"product","link":"https:\/\/casavinicolaciccariello.com\/de\/p\/donatello-rotwein\/","title":{"rendered":"Rotwein \"Donatello"},"content":{"rendered":"<h2>Rotwein \"Donatello<\/h2>\n<p><strong>Eine Harmonie aus Tradition und Leidenschaft, umschlossen von einem Kelch<\/strong> - Die <strong>Rotwein \"Donatello<\/strong> ist das Ergebnis der sorgf\u00e4ltigen Vinifizierung ausgew\u00e4hlter Trauben aus einem geschichtstr\u00e4chtigen und \u00f6nologischen Terroir. Mit einem Alkoholgehalt von 11% ist dieser Wein der Traditionslinie eine Hommage an die italienische Weinbautradition, die sich in Eleganz und Einfachheit ausdr\u00fcckt.<\/p>\n<p>Seine Farbe <strong>intensives Rubinrot<\/strong> sticht sofort ins Auge und erinnert an die Tiefe der Weinberge, die sich zwischen H\u00fcgeln und sanften H\u00e4ngen erstrecken. Das weinige und einh\u00fcllende Bouquet mit Noten von reifen roten Fr\u00fcchten und w\u00fcrzigen Ankl\u00e4ngen l\u00e4dt zu einer sensorischen Reise durch die Weinberge ein. Am Gaumen zeichnet sich der \"Donatello\" durch seine <strong>angenehme Weichheit und angenehme S\u00e4ure<\/strong>die ihm Ausgewogenheit und Frische verleihen und ihn zu einem vielseitigen Wein machen, der zu vielen Gelegenheiten passt.<\/p>\n<h3>Geschichte und das Territorium<\/h3>\n<p>Der Name \"Donatello\" erinnert an die Kunst und Kultur der italienischen Renaissance, Symbole f\u00fcr Kreativit\u00e4t und Handwerkskunst. Unsere Kellerei befindet sich in einem Gebiet, das seit jeher f\u00fcr den Weinbau geeignet ist, wo das gem\u00e4\u00dfigte Klima, die mineralhaltigen B\u00f6den und die alten Traditionen authentische Weine mit Charakter hervorbringen. Die Weinbereitung erfolgt nach traditionellen Methoden, wobei die Qualit\u00e4t der Trauben und das Erbe des Landes respektiert werden, um ein Produkt anzubieten, das die ganze Leidenschaft und Geschichte dieses Landes widerspiegelt.<\/p>\n<h3>Passende Tipps<\/h3>\n<ul>\n<li>Rote Fleischgerichte und Braten<\/li>\n<li>Gereifte K\u00e4sesorten<\/li>\n<li>Mediterrane Gerichte wie Nudeln mit Tomatensauce und Auberginen<\/li>\n<li>Hors d'oeuvres aus Wurstwaren und Aufschnitt<\/li>\n<\/ul>\n<h3>Anl\u00e4sse f\u00fcr die Verwendung<\/h3>\n<p>Donatello\" eignet sich perfekt f\u00fcr gesellige Momente, wie Abendessen mit Freunden, Familientreffen oder informelle Anl\u00e4sse, aber auch f\u00fcr elegantere Tafeln, wo sein ausgewogener Charakter voll zum Ausdruck kommt. Aufgrund seiner Vielseitigkeit ist er auch ideal, um zu traditionellen italienischen Gerichten genossen zu werden, immer bei einer Temperatur von 12-14\u00b0C, vorzugsweise gerade entkorkt.<\/p>\n<h3>FAQ<\/h3>\n<p><strong>1. Wie wird der \"Donatello\" serviert?<\/strong><br \/>Er sollte bei einer Temperatur von 12-14\u00b0C serviert werden, am besten sofort nach dem \u00d6ffnen, um seine Aromen und seine Weichheit voll zur Geltung zu bringen.<\/p>\n<p><strong>2. Zu welchen Gerichten passt es am besten?<\/strong><br \/>Er passt hervorragend zu rotem Fleisch, reifem K\u00e4se, mediterranen Gerichten und Vorspeisen aus Wurstwaren.<\/p>\n<p><strong>3. Welches sind die wichtigsten organoleptischen Merkmale?<\/strong><br \/>Der \"Donatello\" hat eine intensive rubinrote Farbe, ein weiniges Aroma mit Noten von reifen roten Fr\u00fcchten und einen weichen, ausgewogenen und leicht s\u00e4uerlichen Geschmack.<\/p>\n<p><strong>4. Eignet er sich auch als Beilage zu leichten Mahlzeiten?<\/strong><br \/>Obwohl es sich um einen k\u00f6rperreichen Wein handelt, eignet er sich dank seiner S\u00e4ure und seiner Geschmeidigkeit auch f\u00fcr leichtere Gerichte wie Vorspeisen und einfache Pasta.<\/p>","protected":false},"excerpt":{"rendered":"<p>Donatello Vino Rosso: ein umh\u00fcllender Ausdruck von Eleganz, mit einer intensiven rubinroten Farbe und einem weinigen Bouquet, das die Sinne verf\u00fchrt. Weich und leicht s\u00e4uerlich, eignet er sich f\u00fcr gesellige Momente und entspannte Abende und hinterl\u00e4sst eine Erinnerung von warmer Raffinesse.<\/p>","protected":false},"featured_media":1086,"comment_status":"closed","ping_status":"open","template":"","meta":[],"product_brand":[18],"product_cat":[28],"product_tag":[163],"class_list":{"0":"post-108","1":"product","2":"type-product","3":"status-publish","4":"has-post-thumbnail","6":"product_brand-casa-vinicola-ciccariello","7":"product_cat-linea-tradizionale","8":"product_tag-vino-rosso","9":"pa_formato-17","10":"pa_linea-linea-tradizionale","12":"first","13":"instock","14":"purchasable","15":"product-type-simple"},"yoast_head":"<!-- This site is optimized with the Yoast SEO plugin v27.2 - https:\/\/yoast.com\/product\/yoast-seo-wordpress\/ -->\n<title>&quot;Donatello&quot; Vino Rosso | Casa Vinicola Ciccariello<\/title>\n<meta name=\"robots\" content=\"index, follow, max-snippet:-1, max-image-preview:large, max-video-preview:-1\" \/>\n<link rel=\"canonical\" href=\"https:\/\/casavinicolaciccariello.com\/de\/p\/donatello-rotwein\/\" \/>\n<meta property=\"og:locale\" content=\"de_DE\" \/>\n<meta property=\"og:type\" content=\"article\" \/>\n<meta property=\"og:title\" content=\"&quot;Donatello&quot; Vino Rosso | Casa Vinicola Ciccariello\" \/>\n<meta property=\"og:description\" content=\"Donatello Vino Rosso: un\u2019espressione avvolgente di eleganza, con il suo intenso colore rubino e un profumo vinoso che seduce i sensi. Morbido e leggermente acidulo, si presta a momenti di convivialit\u00e0 e serate rilassate, lasciando un ricordo di calda raffinatezza.\" \/>\n<meta property=\"og:url\" content=\"https:\/\/casavinicolaciccariello.com\/de\/p\/donatello-rotwein\/\" \/>\n<meta property=\"og:site_name\" content=\"Casa Vinicola Ciccariello\" \/>\n<meta property=\"article:publisher\" content=\"https:\/\/www.facebook.com\/casavinicolaciccariello\" \/>\n<meta property=\"article:modified_time\" content=\"2025-08-11T15:15:12+00:00\" \/>\n<meta property=\"og:image\" content=\"https:\/\/casavinicolaciccariello.com\/wp-content\/uploads\/2025\/08\/34dfe2f0-31af-4b13-8c60-d05ebd37c882.jpeg\" \/>\n\t<meta property=\"og:image:width\" content=\"500\" \/>\n\t<meta property=\"og:image:height\" content=\"750\" \/>\n\t<meta property=\"og:image:type\" content=\"image\/jpeg\" \/>\n<meta name=\"twitter:card\" content=\"summary_large_image\" \/>\n<meta name=\"twitter:label1\" content=\"Gesch\u00e4tzte Lesezeit\" \/>\n\t<meta name=\"twitter:data1\" content=\"2\u00a0Minuten\" \/>\n<script type=\"application\/ld+json\" class=\"yoast-schema-graph\">{\"@context\":\"https:\/\/schema.org\",\"@graph\":[{\"@type\":\"WebPage\",\"@id\":\"https:\/\/casavinicolaciccariello.com\/p\/donatello-vino-rosso\/\",\"url\":\"https:\/\/casavinicolaciccariello.com\/p\/donatello-vino-rosso\/\",\"name\":\"\\\"Donatello\\\" Vino Rosso | Casa Vinicola Ciccariello\",\"isPartOf\":{\"@id\":\"https:\/\/casavinicolaciccariello.com\/#website\"},\"primaryImageOfPage\":{\"@id\":\"https:\/\/casavinicolaciccariello.com\/p\/donatello-vino-rosso\/#primaryimage\"},\"image\":{\"@id\":\"https:\/\/casavinicolaciccariello.com\/p\/donatello-vino-rosso\/#primaryimage\"},\"thumbnailUrl\":\"https:\/\/casavinicolaciccariello.com\/wp-content\/uploads\/2025\/08\/34dfe2f0-31af-4b13-8c60-d05ebd37c882.jpeg\",\"datePublished\":\"2025-08-11T14:42:37+00:00\",\"dateModified\":\"2025-08-11T15:15:12+00:00\",\"breadcrumb\":{\"@id\":\"https:\/\/casavinicolaciccariello.com\/p\/donatello-vino-rosso\/#breadcrumb\"},\"inLanguage\":\"de\",\"potentialAction\":[{\"@type\":\"ReadAction\",\"target\":[\"https:\/\/casavinicolaciccariello.com\/p\/donatello-vino-rosso\/\"]}]},{\"@type\":\"ImageObject\",\"inLanguage\":\"de\",\"@id\":\"https:\/\/casavinicolaciccariello.com\/p\/donatello-vino-rosso\/#primaryimage\",\"url\":\"https:\/\/casavinicolaciccariello.com\/wp-content\/uploads\/2025\/08\/34dfe2f0-31af-4b13-8c60-d05ebd37c882.jpeg\",\"contentUrl\":\"https:\/\/casavinicolaciccariello.com\/wp-content\/uploads\/2025\/08\/34dfe2f0-31af-4b13-8c60-d05ebd37c882.jpeg\",\"width\":500,\"height\":750,\"caption\":\"\\\"Donatello\\\" Vino Rosso Linea Tradizionale | Casa Vinicola Ciccariello\"},{\"@type\":\"BreadcrumbList\",\"@id\":\"https:\/\/casavinicolaciccariello.com\/p\/donatello-vino-rosso\/#breadcrumb\",\"itemListElement\":[{\"@type\":\"ListItem\",\"position\":1,\"name\":\"Home\",\"item\":\"https:\/\/casavinicolaciccariello.com\/\"},{\"@type\":\"ListItem\",\"position\":2,\"name\":\"Shop\",\"item\":\"https:\/\/casavinicolaciccariello.com\/negozio\/\"},{\"@type\":\"ListItem\",\"position\":3,\"name\":\"&#8220;Donatello&#8221; Vino Rosso\"}]},{\"@type\":\"WebSite\",\"@id\":\"https:\/\/casavinicolaciccariello.com\/#website\",\"url\":\"https:\/\/casavinicolaciccariello.com\/\",\"name\":\"Casa Vinicola Ciccariello\",\"description\":\"Dal 1966, la tradizione in ogni sorso.\",\"publisher\":{\"@id\":\"https:\/\/casavinicolaciccariello.com\/#organization\"},\"alternateName\":\"Cavici\",\"potentialAction\":[{\"@type\":\"SearchAction\",\"target\":{\"@type\":\"EntryPoint\",\"urlTemplate\":\"https:\/\/casavinicolaciccariello.com\/?s={search_term_string}\"},\"query-input\":{\"@type\":\"PropertyValueSpecification\",\"valueRequired\":true,\"valueName\":\"search_term_string\"}}],\"inLanguage\":\"de\"},{\"@type\":\"Organization\",\"@id\":\"https:\/\/casavinicolaciccariello.com\/#organization\",\"name\":\"Casa Vinicola Ciccariello\",\"alternateName\":\"CA.VI.CI SRL\",\"url\":\"https:\/\/casavinicolaciccariello.com\/\",\"logo\":{\"@type\":\"ImageObject\",\"inLanguage\":\"de\",\"@id\":\"https:\/\/casavinicolaciccariello.com\/#\/schema\/logo\/image\/\",\"url\":\"https:\/\/casavinicolaciccariello.com\/wp-content\/uploads\/2025\/03\/logo1200px.png\",\"contentUrl\":\"https:\/\/casavinicolaciccariello.com\/wp-content\/uploads\/2025\/03\/logo1200px.png\",\"width\":1200,\"height\":343,\"caption\":\"Casa Vinicola Ciccariello\"},\"image\":{\"@id\":\"https:\/\/casavinicolaciccariello.com\/#\/schema\/logo\/image\/\"},\"sameAs\":[\"https:\/\/www.facebook.com\/casavinicolaciccariello\",\"https:\/\/www.instagram.com\/casa_vinicola_ciccariello\/\"]}]}<\/script>\n<!-- \/ Yoast SEO plugin. -->","yoast_head_json":{"title":"\"Donatello\" Vino Rosso | Casa Vinicola Ciccariello","robots":{"index":"index","follow":"follow","max-snippet":"max-snippet:-1","max-image-preview":"max-image-preview:large","max-video-preview":"max-video-preview:-1"},"canonical":"https:\/\/casavinicolaciccariello.com\/de\/p\/donatello-rotwein\/","og_locale":"de_DE","og_type":"article","og_title":"\"Donatello\" Vino Rosso | Casa Vinicola Ciccariello","og_description":"Donatello Vino Rosso: un\u2019espressione avvolgente di eleganza, con il suo intenso colore rubino e un profumo vinoso che seduce i sensi. Morbido e leggermente acidulo, si presta a momenti di convivialit\u00e0 e serate rilassate, lasciando un ricordo di calda raffinatezza.","og_url":"https:\/\/casavinicolaciccariello.com\/de\/p\/donatello-rotwein\/","og_site_name":"Casa Vinicola Ciccariello","article_publisher":"https:\/\/www.facebook.com\/casavinicolaciccariello","article_modified_time":"2025-08-11T15:15:12+00:00","og_image":[{"width":500,"height":750,"url":"https:\/\/casavinicolaciccariello.com\/wp-content\/uploads\/2025\/08\/34dfe2f0-31af-4b13-8c60-d05ebd37c882.jpeg","type":"image\/jpeg"}],"twitter_card":"summary_large_image","twitter_misc":{"Gesch\u00e4tzte Lesezeit":"2\u00a0Minuten"},"schema":{"@context":"https:\/\/schema.org","@graph":[{"@type":"WebPage","@id":"https:\/\/casavinicolaciccariello.com\/p\/donatello-vino-rosso\/","url":"https:\/\/casavinicolaciccariello.com\/p\/donatello-vino-rosso\/","name":"\"Donatello\" Vino Rosso | Casa Vinicola Ciccariello","isPartOf":{"@id":"https:\/\/casavinicolaciccariello.com\/#website"},"primaryImageOfPage":{"@id":"https:\/\/casavinicolaciccariello.com\/p\/donatello-vino-rosso\/#primaryimage"},"image":{"@id":"https:\/\/casavinicolaciccariello.com\/p\/donatello-vino-rosso\/#primaryimage"},"thumbnailUrl":"https:\/\/casavinicolaciccariello.com\/wp-content\/uploads\/2025\/08\/34dfe2f0-31af-4b13-8c60-d05ebd37c882.jpeg","datePublished":"2025-08-11T14:42:37+00:00","dateModified":"2025-08-11T15:15:12+00:00","breadcrumb":{"@id":"https:\/\/casavinicolaciccariello.com\/p\/donatello-vino-rosso\/#breadcrumb"},"inLanguage":"de","potentialAction":[{"@type":"ReadAction","target":["https:\/\/casavinicolaciccariello.com\/p\/donatello-vino-rosso\/"]}]},{"@type":"ImageObject","inLanguage":"de","@id":"https:\/\/casavinicolaciccariello.com\/p\/donatello-vino-rosso\/#primaryimage","url":"https:\/\/casavinicolaciccariello.com\/wp-content\/uploads\/2025\/08\/34dfe2f0-31af-4b13-8c60-d05ebd37c882.jpeg","contentUrl":"https:\/\/casavinicolaciccariello.com\/wp-content\/uploads\/2025\/08\/34dfe2f0-31af-4b13-8c60-d05ebd37c882.jpeg","width":500,"height":750,"caption":"\"Donatello\" Vino Rosso Linea Tradizionale | Casa Vinicola Ciccariello"},{"@type":"BreadcrumbList","@id":"https:\/\/casavinicolaciccariello.com\/p\/donatello-vino-rosso\/#breadcrumb","itemListElement":[{"@type":"ListItem","position":1,"name":"Home","item":"https:\/\/casavinicolaciccariello.com\/"},{"@type":"ListItem","position":2,"name":"Shop","item":"https:\/\/casavinicolaciccariello.com\/negozio\/"},{"@type":"ListItem","position":3,"name":"&#8220;Donatello&#8221; Vino Rosso"}]},{"@type":"WebSite","@id":"https:\/\/casavinicolaciccariello.com\/#website","url":"https:\/\/casavinicolaciccariello.com\/","name":"Casa Vinicola Ciccariello","description":"Dal 1966, la tradizione in ogni sorso.","publisher":{"@id":"https:\/\/casavinicolaciccariello.com\/#organization"},"alternateName":"Cavici","potentialAction":[{"@type":"SearchAction","target":{"@type":"EntryPoint","urlTemplate":"https:\/\/casavinicolaciccariello.com\/?s={search_term_string}"},"query-input":{"@type":"PropertyValueSpecification","valueRequired":true,"valueName":"search_term_string"}}],"inLanguage":"de"},{"@type":"Organization","@id":"https:\/\/casavinicolaciccariello.com\/#organization","name":"Casa Vinicola Ciccariello","alternateName":"CA.VI.CI SRL","url":"https:\/\/casavinicolaciccariello.com\/","logo":{"@type":"ImageObject","inLanguage":"de","@id":"https:\/\/casavinicolaciccariello.com\/#\/schema\/logo\/image\/","url":"https:\/\/casavinicolaciccariello.com\/wp-content\/uploads\/2025\/03\/logo1200px.png","contentUrl":"https:\/\/casavinicolaciccariello.com\/wp-content\/uploads\/2025\/03\/logo1200px.png","width":1200,"height":343,"caption":"Casa Vinicola Ciccariello"},"image":{"@id":"https:\/\/casavinicolaciccariello.com\/#\/schema\/logo\/image\/"},"sameAs":["https:\/\/www.facebook.com\/casavinicolaciccariello","https:\/\/www.instagram.com\/casa_vinicola_ciccariello\/"]}]}},"_links":{"self":[{"href":"https:\/\/casavinicolaciccariello.com\/de\/wp-json\/wp\/v2\/product\/108","targetHints":{"allow":["GET"]}}],"collection":[{"href":"https:\/\/casavinicolaciccariello.com\/de\/wp-json\/wp\/v2\/product"}],"about":[{"href":"https:\/\/casavinicolaciccariello.com\/de\/wp-json\/wp\/v2\/types\/product"}],"replies":[{"embeddable":true,"href":"https:\/\/casavinicolaciccariello.com\/de\/wp-json\/wp\/v2\/comments?post=108"}],"wp:featuredmedia":[{"embeddable":true,"href":"https:\/\/casavinicolaciccariello.com\/de\/wp-json\/wp\/v2\/media\/1086"}],"wp:attachment":[{"href":"https:\/\/casavinicolaciccariello.com\/de\/wp-json\/wp\/v2\/media?parent=108"}],"wp:term":[{"taxonomy":"product_brand","embeddable":true,"href":"https:\/\/casavinicolaciccariello.com\/de\/wp-json\/wp\/v2\/product_brand?post=108"},{"taxonomy":"product_cat","embeddable":true,"href":"https:\/\/casavinicolaciccariello.com\/de\/wp-json\/wp\/v2\/product_cat?post=108"},{"taxonomy":"product_tag","embeddable":true,"href":"https:\/\/casavinicolaciccariello.com\/de\/wp-json\/wp\/v2\/product_tag?post=108"}],"curies":[{"name":"wp","href":"https:\/\/api.w.org\/{rel}","templated":true}]}}