{"id":110,"date":"2025-08-11T17:22:57","date_gmt":"2025-08-11T15:22:57","guid":{"rendered":"https:\/\/casavinicolaciccariello.com\/prodotto\/vivace-vino-spumante-dry\/"},"modified":"2025-08-11T17:23:02","modified_gmt":"2025-08-11T15:23:02","slug":"spritziger-trockener-sekt","status":"publish","type":"product","link":"https:\/\/casavinicolaciccariello.com\/de\/p\/spritziger-trockener-sekt\/","title":{"rendered":"Vivace\" Trockener Schaumwein"},"content":{"rendered":"<h2>Vivace\" Trockener Schaumwein<\/h2>\n<p><strong>Eine Explosion von Frische und Vitalit\u00e4t, geboren aus dem Gleichgewicht zwischen Tradition und Innovation<\/strong> - Die <em>Lebendig<\/em> Der trockene Spumante, hergestellt von der renommierten Weinkellerei Ciccariello, ist eine authentische Hommage an die italienische Leidenschaft und das Weinbauhandwerk. Mit einem Alkoholgehalt von <strong>11,5%<\/strong>Dieser Schaumwein zeichnet sich durch seine Eleganz und Vielseitigkeit aus, die sich in seiner F\u00e4higkeit widerspiegeln, Momente der Geselligkeit zu begleiten und die Sch\u00f6nheit des Alltags zu feiern.<\/p>\n<p>Der Name <em>Lebendig<\/em> erinnert an seine dynamische und fr\u00f6hliche Seele, perfekt f\u00fcr unbeschwerte Toasts oder als Begleiter f\u00fcr raffinierte Aperitifs. Seine Zusammensetzung, auch wenn sie nicht explizit angegeben ist, ist inspiriert von den frischesten und lebendigsten Trauben des Gebiets, die im umliegenden Terroir einen fruchtbaren Boden aus Tradition und Innovation finden. Die Kellerei Ciccariello, verwurzelt in einem Gebiet, das reich an Geschichte und Kultur ist, hat es sich zur Aufgabe gemacht, mit diesem Schaumwein die Essenz einer Landschaft zu vermitteln, in der seit Jahrhunderten handwerklicher Weinbau betrieben wird.<\/p>\n<p>Die Farbe ist zwar nicht spezifiziert, aber typisch ist ein leuchtendes Strohgelb mit goldenen Reflexen, ein Auftakt zu einem frischen, lebendigen und komplexen Bouquet. In der Nase zeigen sich fruchtige Noten von gr\u00fcnem Apfel, Zitrusfr\u00fcchten und ein Hauch von Brotkruste, das Ergebnis einer sorgf\u00e4ltigen G\u00e4rung, die die nat\u00fcrliche Eleganz der Trauben unterstreicht. Am Gaumen, <strong>Lebendig<\/strong> erweist sich als ein Schaumwein mit zarten Tanninen, einem Hauch von Frische und einer leichten Mineralit\u00e4t, die an das Land und das mediterrane Klima seiner Herkunft erinnert. Seine ausgewogene Pr\u00e4senz macht ihn zum idealen Begleiter f\u00fcr eine Vielzahl von Anl\u00e4ssen, vom Brunch bis hin zu informellen Abendessen und besonderen Veranstaltungen.<\/p>\n<h3>Passende Tipps<\/h3>\n<ul>\n<li>Vorspeisen aus Meeresfr\u00fcchten, wie Austern und Thunfisch-Carpaccio<\/li>\n<li>Fisch- und Schalentiergerichte<\/li>\n<li>Aperitifs mit Vorspeisen und Fingerfood<\/li>\n<li>Leichte Desserts, wie z. B. Obstkuchen<\/li>\n<\/ul>\n<h3>Anl\u00e4sse f\u00fcr die Verwendung<\/h3>\n<p><em>Lebendig<\/em> eignet sich perfekt f\u00fcr informelle Trinkspr\u00fcche, gesellige Momente, Aperitifs und Feiern aller Art. Dank seiner Vielseitigkeit eignet er sich sowohl f\u00fcr zwanglose als auch f\u00fcr elegantere Anl\u00e4sse, bei denen das Gleichgewicht zwischen Frische und Raffinesse eine festliche und fr\u00f6hliche Atmosph\u00e4re schafft.<\/p>\n<h3>Geschichtenerz\u00e4hlen und Territorium<\/h3>\n<p>Im Laufe der Zeit ist es dem Weingut Ciccariello gelungen, die Kunst der Herstellung von Weinen, die die Geschichte ihres Terroirs erz\u00e4hlen, weiterzugeben. Versteckt zwischen den H\u00fcgeln und T\u00e4lern einer geschichtstr\u00e4chtigen Landschaft hat diese Region Generationen von Winzern gesehen, die sich der Kultivierung des Landes mit Respekt und Leidenschaft verschrieben haben. <em>Lebendig<\/em> ist die Frucht dieser Tradition, ein Wein, der die Essenz eines leuchtenden und lebendigen Terroirs verk\u00f6rpert, in dem jede Blase die Geschichte eines Landes mit authentischen Aromen und einem stolz bewahrten Kulturerbe erz\u00e4hlt.<\/p>\n<h3>FAQ<\/h3>\n<p><strong>1. Wie wird \"Vivace\" serviert?<\/strong><br \/>Er sollte bei einer Temperatur von etwa 6-8\u00b0C serviert werden, vorzugsweise in Fl\u00f6ten- oder Sektgl\u00e4sern, um seine Frische und seine aromatischen Noten voll zur Geltung zu bringen.<\/p>\n<p><strong>2. Zu welchen Gerichten passt dieser Schaumwein am besten?<\/strong><br \/>Ideal zu Vorspeisen mit Meeresfr\u00fcchten, rohem Fisch, Aperitifs und Fingerfood, aber auch als Begleiter zu leichten, fruchtigen Desserts.<\/p>\n<p><strong>3. Welches sind die wichtigsten organoleptischen Merkmale?<\/strong><br \/>Vivace\" zeichnet sich durch seine leuchtende Farbe, sein fruchtiges und frisches Aroma und einen ausgewogenen, lebendigen und anhaltenden Geschmack mit einer leicht mineralischen Note aus, die an das mediterrane Terroir erinnert.<\/p>","protected":false},"excerpt":{"rendered":"<p>Ciccariello \"Vivace\" Trockener Schaumwein: eine Explosion von Frische und Lebendigkeit, ideal um mit Freude und Spontaneit\u00e4t anzusto\u00dfen. Perfekt f\u00fcr Momente der Festlichkeit und Geselligkeit, bietet er Empfindungen von Leichtigkeit und Freude in jedem Schluck.<\/p>","protected":false},"featured_media":1065,"comment_status":"closed","ping_status":"open","template":"","meta":[],"product_brand":[18],"product_cat":[28],"product_tag":[],"class_list":{"0":"post-110","1":"product","2":"type-product","3":"status-publish","4":"has-post-thumbnail","6":"product_brand-casa-vinicola-ciccariello","7":"product_cat-linea-tradizionale","8":"pa_formato-17","9":"pa_linea-linea-tradizionale","11":"first","12":"instock","13":"purchasable","14":"product-type-simple"},"yoast_head":"<!-- This site is optimized with the Yoast SEO plugin v27.2 - https:\/\/yoast.com\/product\/yoast-seo-wordpress\/ -->\n<title>&quot;Vivace&quot; Vino spumante Dry | Casa Vinicola Ciccariello<\/title>\n<meta name=\"robots\" content=\"index, follow, max-snippet:-1, max-image-preview:large, max-video-preview:-1\" \/>\n<link rel=\"canonical\" href=\"https:\/\/casavinicolaciccariello.com\/de\/p\/spritziger-trockener-sekt\/\" \/>\n<meta property=\"og:locale\" content=\"de_DE\" \/>\n<meta property=\"og:type\" content=\"article\" \/>\n<meta property=\"og:title\" content=\"&quot;Vivace&quot; Vino spumante Dry | Casa Vinicola Ciccariello\" \/>\n<meta property=\"og:description\" content=\"Ciccariello &quot;Vivace&quot; Vino Spumante Dry: un\u2019esplosione di freschezza e vivacit\u00e0, ideale per brindare con allegria e spontaneit\u00e0. Perfetto per momenti di festa e convivialit\u00e0, regala sensazioni di leggerezza e gioia in ogni sorso.\" \/>\n<meta property=\"og:url\" content=\"https:\/\/casavinicolaciccariello.com\/de\/p\/spritziger-trockener-sekt\/\" \/>\n<meta property=\"og:site_name\" content=\"Casa Vinicola Ciccariello\" \/>\n<meta property=\"article:publisher\" content=\"https:\/\/www.facebook.com\/casavinicolaciccariello\" \/>\n<meta property=\"article:modified_time\" content=\"2025-08-11T15:23:02+00:00\" \/>\n<meta property=\"og:image\" content=\"https:\/\/casavinicolaciccariello.com\/wp-content\/uploads\/2025\/08\/05b871c0-f8f7-46ed-bdf9-87862944a5b7.jpeg\" \/>\n\t<meta property=\"og:image:width\" content=\"1707\" \/>\n\t<meta property=\"og:image:height\" content=\"2560\" \/>\n\t<meta property=\"og:image:type\" content=\"image\/jpeg\" \/>\n<meta name=\"twitter:card\" content=\"summary_large_image\" \/>\n<meta name=\"twitter:label1\" content=\"Gesch\u00e4tzte Lesezeit\" \/>\n\t<meta name=\"twitter:data1\" content=\"3\u00a0Minuten\" \/>\n<script type=\"application\/ld+json\" class=\"yoast-schema-graph\">{\"@context\":\"https:\/\/schema.org\",\"@graph\":[{\"@type\":\"WebPage\",\"@id\":\"https:\/\/casavinicolaciccariello.com\/p\/vivace-vino-spumante-dry\/\",\"url\":\"https:\/\/casavinicolaciccariello.com\/p\/vivace-vino-spumante-dry\/\",\"name\":\"\\\"Vivace\\\" Vino spumante Dry | Casa Vinicola Ciccariello\",\"isPartOf\":{\"@id\":\"https:\/\/casavinicolaciccariello.com\/#website\"},\"primaryImageOfPage\":{\"@id\":\"https:\/\/casavinicolaciccariello.com\/p\/vivace-vino-spumante-dry\/#primaryimage\"},\"image\":{\"@id\":\"https:\/\/casavinicolaciccariello.com\/p\/vivace-vino-spumante-dry\/#primaryimage\"},\"thumbnailUrl\":\"https:\/\/casavinicolaciccariello.com\/wp-content\/uploads\/2025\/08\/05b871c0-f8f7-46ed-bdf9-87862944a5b7.jpeg\",\"datePublished\":\"2025-08-11T15:22:57+00:00\",\"dateModified\":\"2025-08-11T15:23:02+00:00\",\"breadcrumb\":{\"@id\":\"https:\/\/casavinicolaciccariello.com\/p\/vivace-vino-spumante-dry\/#breadcrumb\"},\"inLanguage\":\"de\",\"potentialAction\":[{\"@type\":\"ReadAction\",\"target\":[\"https:\/\/casavinicolaciccariello.com\/p\/vivace-vino-spumante-dry\/\"]}]},{\"@type\":\"ImageObject\",\"inLanguage\":\"de\",\"@id\":\"https:\/\/casavinicolaciccariello.com\/p\/vivace-vino-spumante-dry\/#primaryimage\",\"url\":\"https:\/\/casavinicolaciccariello.com\/wp-content\/uploads\/2025\/08\/05b871c0-f8f7-46ed-bdf9-87862944a5b7.jpeg\",\"contentUrl\":\"https:\/\/casavinicolaciccariello.com\/wp-content\/uploads\/2025\/08\/05b871c0-f8f7-46ed-bdf9-87862944a5b7.jpeg\",\"width\":1707,\"height\":2560,\"caption\":\"\\\"Vivace\\\" Vino spumante Dry Linea Tradizionale | Casa Vinicola Ciccariello\"},{\"@type\":\"BreadcrumbList\",\"@id\":\"https:\/\/casavinicolaciccariello.com\/p\/vivace-vino-spumante-dry\/#breadcrumb\",\"itemListElement\":[{\"@type\":\"ListItem\",\"position\":1,\"name\":\"Home\",\"item\":\"https:\/\/casavinicolaciccariello.com\/\"},{\"@type\":\"ListItem\",\"position\":2,\"name\":\"Shop\",\"item\":\"https:\/\/casavinicolaciccariello.com\/negozio\/\"},{\"@type\":\"ListItem\",\"position\":3,\"name\":\"&#8220;Vivace&#8221; Vino spumante Dry\"}]},{\"@type\":\"WebSite\",\"@id\":\"https:\/\/casavinicolaciccariello.com\/#website\",\"url\":\"https:\/\/casavinicolaciccariello.com\/\",\"name\":\"Casa Vinicola Ciccariello\",\"description\":\"Dal 1966, la tradizione in ogni sorso.\",\"publisher\":{\"@id\":\"https:\/\/casavinicolaciccariello.com\/#organization\"},\"alternateName\":\"Cavici\",\"potentialAction\":[{\"@type\":\"SearchAction\",\"target\":{\"@type\":\"EntryPoint\",\"urlTemplate\":\"https:\/\/casavinicolaciccariello.com\/?s={search_term_string}\"},\"query-input\":{\"@type\":\"PropertyValueSpecification\",\"valueRequired\":true,\"valueName\":\"search_term_string\"}}],\"inLanguage\":\"de\"},{\"@type\":\"Organization\",\"@id\":\"https:\/\/casavinicolaciccariello.com\/#organization\",\"name\":\"Casa Vinicola Ciccariello\",\"alternateName\":\"CA.VI.CI SRL\",\"url\":\"https:\/\/casavinicolaciccariello.com\/\",\"logo\":{\"@type\":\"ImageObject\",\"inLanguage\":\"de\",\"@id\":\"https:\/\/casavinicolaciccariello.com\/#\/schema\/logo\/image\/\",\"url\":\"https:\/\/casavinicolaciccariello.com\/wp-content\/uploads\/2025\/03\/logo1200px.png\",\"contentUrl\":\"https:\/\/casavinicolaciccariello.com\/wp-content\/uploads\/2025\/03\/logo1200px.png\",\"width\":1200,\"height\":343,\"caption\":\"Casa Vinicola Ciccariello\"},\"image\":{\"@id\":\"https:\/\/casavinicolaciccariello.com\/#\/schema\/logo\/image\/\"},\"sameAs\":[\"https:\/\/www.facebook.com\/casavinicolaciccariello\",\"https:\/\/www.instagram.com\/casa_vinicola_ciccariello\/\"]}]}<\/script>\n<!-- \/ Yoast SEO plugin. -->","yoast_head_json":{"title":"\"Vivace\" Vino spumante Dry | Casa Vinicola Ciccariello","robots":{"index":"index","follow":"follow","max-snippet":"max-snippet:-1","max-image-preview":"max-image-preview:large","max-video-preview":"max-video-preview:-1"},"canonical":"https:\/\/casavinicolaciccariello.com\/de\/p\/spritziger-trockener-sekt\/","og_locale":"de_DE","og_type":"article","og_title":"\"Vivace\" Vino spumante Dry | Casa Vinicola Ciccariello","og_description":"Ciccariello \"Vivace\" Vino Spumante Dry: un\u2019esplosione di freschezza e vivacit\u00e0, ideale per brindare con allegria e spontaneit\u00e0. Perfetto per momenti di festa e convivialit\u00e0, regala sensazioni di leggerezza e gioia in ogni sorso.","og_url":"https:\/\/casavinicolaciccariello.com\/de\/p\/spritziger-trockener-sekt\/","og_site_name":"Casa Vinicola Ciccariello","article_publisher":"https:\/\/www.facebook.com\/casavinicolaciccariello","article_modified_time":"2025-08-11T15:23:02+00:00","og_image":[{"width":1707,"height":2560,"url":"https:\/\/casavinicolaciccariello.com\/wp-content\/uploads\/2025\/08\/05b871c0-f8f7-46ed-bdf9-87862944a5b7.jpeg","type":"image\/jpeg"}],"twitter_card":"summary_large_image","twitter_misc":{"Gesch\u00e4tzte Lesezeit":"3\u00a0Minuten"},"schema":{"@context":"https:\/\/schema.org","@graph":[{"@type":"WebPage","@id":"https:\/\/casavinicolaciccariello.com\/p\/vivace-vino-spumante-dry\/","url":"https:\/\/casavinicolaciccariello.com\/p\/vivace-vino-spumante-dry\/","name":"\"Vivace\" Vino spumante Dry | Casa Vinicola Ciccariello","isPartOf":{"@id":"https:\/\/casavinicolaciccariello.com\/#website"},"primaryImageOfPage":{"@id":"https:\/\/casavinicolaciccariello.com\/p\/vivace-vino-spumante-dry\/#primaryimage"},"image":{"@id":"https:\/\/casavinicolaciccariello.com\/p\/vivace-vino-spumante-dry\/#primaryimage"},"thumbnailUrl":"https:\/\/casavinicolaciccariello.com\/wp-content\/uploads\/2025\/08\/05b871c0-f8f7-46ed-bdf9-87862944a5b7.jpeg","datePublished":"2025-08-11T15:22:57+00:00","dateModified":"2025-08-11T15:23:02+00:00","breadcrumb":{"@id":"https:\/\/casavinicolaciccariello.com\/p\/vivace-vino-spumante-dry\/#breadcrumb"},"inLanguage":"de","potentialAction":[{"@type":"ReadAction","target":["https:\/\/casavinicolaciccariello.com\/p\/vivace-vino-spumante-dry\/"]}]},{"@type":"ImageObject","inLanguage":"de","@id":"https:\/\/casavinicolaciccariello.com\/p\/vivace-vino-spumante-dry\/#primaryimage","url":"https:\/\/casavinicolaciccariello.com\/wp-content\/uploads\/2025\/08\/05b871c0-f8f7-46ed-bdf9-87862944a5b7.jpeg","contentUrl":"https:\/\/casavinicolaciccariello.com\/wp-content\/uploads\/2025\/08\/05b871c0-f8f7-46ed-bdf9-87862944a5b7.jpeg","width":1707,"height":2560,"caption":"\"Vivace\" Vino spumante Dry Linea Tradizionale | Casa Vinicola Ciccariello"},{"@type":"BreadcrumbList","@id":"https:\/\/casavinicolaciccariello.com\/p\/vivace-vino-spumante-dry\/#breadcrumb","itemListElement":[{"@type":"ListItem","position":1,"name":"Home","item":"https:\/\/casavinicolaciccariello.com\/"},{"@type":"ListItem","position":2,"name":"Shop","item":"https:\/\/casavinicolaciccariello.com\/negozio\/"},{"@type":"ListItem","position":3,"name":"&#8220;Vivace&#8221; Vino spumante Dry"}]},{"@type":"WebSite","@id":"https:\/\/casavinicolaciccariello.com\/#website","url":"https:\/\/casavinicolaciccariello.com\/","name":"Casa Vinicola Ciccariello","description":"Dal 1966, la tradizione in ogni sorso.","publisher":{"@id":"https:\/\/casavinicolaciccariello.com\/#organization"},"alternateName":"Cavici","potentialAction":[{"@type":"SearchAction","target":{"@type":"EntryPoint","urlTemplate":"https:\/\/casavinicolaciccariello.com\/?s={search_term_string}"},"query-input":{"@type":"PropertyValueSpecification","valueRequired":true,"valueName":"search_term_string"}}],"inLanguage":"de"},{"@type":"Organization","@id":"https:\/\/casavinicolaciccariello.com\/#organization","name":"Casa Vinicola Ciccariello","alternateName":"CA.VI.CI SRL","url":"https:\/\/casavinicolaciccariello.com\/","logo":{"@type":"ImageObject","inLanguage":"de","@id":"https:\/\/casavinicolaciccariello.com\/#\/schema\/logo\/image\/","url":"https:\/\/casavinicolaciccariello.com\/wp-content\/uploads\/2025\/03\/logo1200px.png","contentUrl":"https:\/\/casavinicolaciccariello.com\/wp-content\/uploads\/2025\/03\/logo1200px.png","width":1200,"height":343,"caption":"Casa Vinicola Ciccariello"},"image":{"@id":"https:\/\/casavinicolaciccariello.com\/#\/schema\/logo\/image\/"},"sameAs":["https:\/\/www.facebook.com\/casavinicolaciccariello","https:\/\/www.instagram.com\/casa_vinicola_ciccariello\/"]}]}},"_links":{"self":[{"href":"https:\/\/casavinicolaciccariello.com\/de\/wp-json\/wp\/v2\/product\/110","targetHints":{"allow":["GET"]}}],"collection":[{"href":"https:\/\/casavinicolaciccariello.com\/de\/wp-json\/wp\/v2\/product"}],"about":[{"href":"https:\/\/casavinicolaciccariello.com\/de\/wp-json\/wp\/v2\/types\/product"}],"replies":[{"embeddable":true,"href":"https:\/\/casavinicolaciccariello.com\/de\/wp-json\/wp\/v2\/comments?post=110"}],"wp:featuredmedia":[{"embeddable":true,"href":"https:\/\/casavinicolaciccariello.com\/de\/wp-json\/wp\/v2\/media\/1065"}],"wp:attachment":[{"href":"https:\/\/casavinicolaciccariello.com\/de\/wp-json\/wp\/v2\/media?parent=110"}],"wp:term":[{"taxonomy":"product_brand","embeddable":true,"href":"https:\/\/casavinicolaciccariello.com\/de\/wp-json\/wp\/v2\/product_brand?post=110"},{"taxonomy":"product_cat","embeddable":true,"href":"https:\/\/casavinicolaciccariello.com\/de\/wp-json\/wp\/v2\/product_cat?post=110"},{"taxonomy":"product_tag","embeddable":true,"href":"https:\/\/casavinicolaciccariello.com\/de\/wp-json\/wp\/v2\/product_tag?post=110"}],"curies":[{"name":"wp","href":"https:\/\/api.w.org\/{rel}","templated":true}]}}