{"id":79,"date":"2025-08-11T17:27:50","date_gmt":"2025-08-11T15:27:50","guid":{"rendered":"https:\/\/casavinicolaciccariello.com\/prodotto\/priezze-vino-frizzante\/"},"modified":"2025-08-11T17:27:54","modified_gmt":"2025-08-11T15:27:54","slug":"sektpramierung","status":"publish","type":"product","link":"https:\/\/casavinicolaciccariello.com\/de\/p\/sektpramierung\/","title":{"rendered":"Priezze 'Schaumwein"},"content":{"rendered":"<h2>Priezze 'Schaumwein<\/h2>\n<p><strong>Ein Ausdruck der Freude und der Tradition im Kelch<\/strong> - Die <strong>Priezze 'Schaumwein<\/strong>geh\u00f6rt zur Premium Line der Weinkellerei Ciccariello und ist ein Wei\u00dfwein mit einem leichten und lebendigen Charakter, der aus der Harmonie der Weinberge im historischen Gebiet von Latium entsteht. Mit einem Alkoholgehalt von <strong>11,5%<\/strong> Mit seiner brillanten strohgelben Farbe verk\u00f6rpert dieser leichte und spritzige Schaumwein die authentische Frische und Fr\u00f6hlichkeit des Terroirs, aus dem er stammt.<\/p>\n<p>Seine <strong>fruchtiger Duft<\/strong>reich an Noten von Zitrusfr\u00fcchten und gr\u00fcnem Apfel, kombiniert mit einem <strong>Angenehm lebendiger Geschmack<\/strong>der ein angenehmes Gef\u00fchl von Frische und Leichtigkeit vermittelt. Seine subtilen, kontinuierlichen Bl\u00e4schen machen jeden Schluck zu einem Moment des Vergn\u00fcgens und der Unbeschwertheit, perfekt, um jede Gelegenheit zu begleiten, vom Aperitif bis zum allt\u00e4glichen Essen, ohne jemals die Qualit\u00e4t und Eleganz aus den Augen zu verlieren.<\/p>\n<h3>Geschichte und Territorium<\/h3>\n<p>Der Name <strong>Privilegien<\/strong>was im Dialekt von Gaetano \"Fr\u00f6hlichkeit\" bedeutet, ist eine Hommage an die tiefen Wurzeln dieses Landes und seine F\u00e4higkeit, Momente der gemeinsamen Freude zu schenken. Die Geburt dieses Weins geht auf die 1980er Jahre zur\u00fcck, als Cosmo, der Eigent\u00fcmer des Unternehmens, beschloss, seine Leidenschaft in Flaschen abzuf\u00fcllen und die Kunst der Weinherstellung in ein Symbol der Geselligkeit zu verwandeln. Priezze ist das erste Produkt, das unter dem Label CA.VI.CI. vertrieben wird, ein echter Pionier, der die Geschichte der Familie und des Gebiets gepr\u00e4gt hat.<\/p>\n<p>Weintrauben <strong>Trebbiano (40%)<\/strong>, <strong>Malvasia Puntinata (40%)<\/strong> e <strong>Bellone (20%)<\/strong> wachsen auf ausgew\u00e4hlten Weinbergen, wo das milde Klima und der kalkhaltige Boden dem Wein einen unverwechselbaren Charakter und eine nat\u00fcrliche Eleganz verleihen. Die Weinbereitung erfolgt mit Sorgfalt, wobei die Frische und die authentischen Aromen der einzelnen Rebst\u00f6cke bewahrt werden, um ein Produkt anzubieten, das die Tradition und die Innovation dieses geschichtstr\u00e4chtigen Landes verk\u00f6rpert.<\/p>\n<h3>Passende Tipps und Verwendung<\/h3>\n<ul>\n<li>Ausgezeichnet als Aperitif, serviert bei 7-8\u00b0C<\/li>\n<li>Ideal zu Schalentieren, Fisch und Fischgerichten im Allgemeinen<\/li>\n<li>Perfekt zu hellem, wei\u00dfem Fleisch<\/li>\n<li>Perfekt f\u00fcr ein informelles Mittagessen oder einen Moment der Geselligkeit<\/li>\n<\/ul>\n<h3>FAQ<\/h3>\n<p><strong>1. Wie wird Priezze \"Vino Frizzante\" serviert?<\/strong><br \/>Er sollte bei einer Temperatur von ca. 7-8 \u00b0C serviert werden, vorzugsweise in einer Fl\u00f6te, um seine feine Perlage und sein fruchtiges Aroma zu betonen.<\/p>\n<p><strong>2. Zu welchen Gerichten passt es am besten?<\/strong><br \/>Er ist ideal zu Schalentieren, Fisch, Fischgerichten im Allgemeinen und hellem Fleisch. Auch perfekt als Aperitif.<\/p>\n<p><strong>3. Welches sind die wichtigsten organoleptischen Merkmale?<\/strong><br \/>Priezze zeichnet sich durch seine leuchtend strohgelbe Farbe, sein fruchtiges Aroma nach Zitrusfr\u00fcchten und gr\u00fcnem Apfel und seinen angenehm spritzigen und frischen Geschmack mit einer leichten, anhaltenden Perlage aus.<\/p>\n<p><strong>4. Was ist die Geschichte dieses Weins?<\/strong><br \/>Priezze wurde 1980 von Cosmo, dem Eigent\u00fcmer, ins Leben gerufen und repr\u00e4sentiert die Tradition und die Innovation der famili\u00e4ren Weinherstellung. Es ist das erste Produkt, das von CA.VI.CI. ausgezeichnet wurde und ein Symbol f\u00fcr Freude und Geselligkeit ist.<\/p>","protected":false},"excerpt":{"rendered":"<p>Priezze \"Vino Frizzante\": ein lebendiger und fruchtiger Wei\u00dfwein, der einen Schluck Fr\u00f6hlichkeit und Frische schenken kann. Er eignet sich perfekt als Aperitif oder als Begleiter zu Fisch- und Meeresfr\u00fcchtegerichten und vermittelt in jedem Schluck die Spontaneit\u00e4t und W\u00e4rme der Region.<\/p>","protected":false},"featured_media":1075,"comment_status":"closed","ping_status":"open","template":"","meta":[],"product_brand":[18],"product_cat":[19],"product_tag":[161],"class_list":{"0":"post-79","1":"product","2":"type-product","3":"status-publish","4":"has-post-thumbnail","6":"product_brand-casa-vinicola-ciccariello","7":"product_cat-linea-premium","8":"product_tag-vino-bianco","9":"pa_formato-17","10":"pa_linea-linea-premium","12":"first","13":"instock","14":"purchasable","15":"product-type-simple"},"yoast_head":"<!-- This site is optimized with the Yoast SEO plugin v27.2 - https:\/\/yoast.com\/product\/yoast-seo-wordpress\/ -->\n<title>Priezze &quot;Vino Frizzante&quot; | Casa Vinicola Ciccariello<\/title>\n<meta name=\"robots\" content=\"index, follow, max-snippet:-1, max-image-preview:large, max-video-preview:-1\" \/>\n<link rel=\"canonical\" href=\"https:\/\/casavinicolaciccariello.com\/de\/p\/sektpramierung\/\" \/>\n<meta property=\"og:locale\" content=\"de_DE\" \/>\n<meta property=\"og:type\" content=\"article\" \/>\n<meta property=\"og:title\" content=\"Priezze &quot;Vino Frizzante&quot; | Casa Vinicola Ciccariello\" \/>\n<meta property=\"og:description\" content=\"Priezze &quot;Vino Frizzante&quot;: un bianco vivace e fruttato, capace di regalare un sorso di allegria e freschezza. Perfetto come aperitivo o accompagnamento a piatti di pesce e crostacei, trasmette la spontaneit\u00e0 e il calore del territorio in ogni bollicina.\" \/>\n<meta property=\"og:url\" content=\"https:\/\/casavinicolaciccariello.com\/de\/p\/sektpramierung\/\" \/>\n<meta property=\"og:site_name\" content=\"Casa Vinicola Ciccariello\" \/>\n<meta property=\"article:publisher\" content=\"https:\/\/www.facebook.com\/casavinicolaciccariello\" \/>\n<meta property=\"article:modified_time\" content=\"2025-08-11T15:27:54+00:00\" \/>\n<meta property=\"og:image\" content=\"https:\/\/casavinicolaciccariello.com\/wp-content\/uploads\/2025\/08\/53dd42da-e016-49ff-9e73-675db3a78871.jpeg\" \/>\n\t<meta property=\"og:image:width\" content=\"1707\" \/>\n\t<meta property=\"og:image:height\" content=\"2560\" \/>\n\t<meta property=\"og:image:type\" content=\"image\/jpeg\" \/>\n<meta name=\"twitter:card\" content=\"summary_large_image\" \/>\n<meta name=\"twitter:label1\" content=\"Gesch\u00e4tzte Lesezeit\" \/>\n\t<meta name=\"twitter:data1\" content=\"2\u00a0Minuten\" \/>\n<script type=\"application\/ld+json\" class=\"yoast-schema-graph\">{\"@context\":\"https:\/\/schema.org\",\"@graph\":[{\"@type\":\"WebPage\",\"@id\":\"https:\/\/casavinicolaciccariello.com\/p\/priezze-vino-frizzante\/\",\"url\":\"https:\/\/casavinicolaciccariello.com\/p\/priezze-vino-frizzante\/\",\"name\":\"Priezze \\\"Vino Frizzante\\\" | Casa Vinicola Ciccariello\",\"isPartOf\":{\"@id\":\"https:\/\/casavinicolaciccariello.com\/#website\"},\"primaryImageOfPage\":{\"@id\":\"https:\/\/casavinicolaciccariello.com\/p\/priezze-vino-frizzante\/#primaryimage\"},\"image\":{\"@id\":\"https:\/\/casavinicolaciccariello.com\/p\/priezze-vino-frizzante\/#primaryimage\"},\"thumbnailUrl\":\"https:\/\/casavinicolaciccariello.com\/wp-content\/uploads\/2025\/08\/53dd42da-e016-49ff-9e73-675db3a78871.jpeg\",\"datePublished\":\"2025-08-11T15:27:50+00:00\",\"dateModified\":\"2025-08-11T15:27:54+00:00\",\"breadcrumb\":{\"@id\":\"https:\/\/casavinicolaciccariello.com\/p\/priezze-vino-frizzante\/#breadcrumb\"},\"inLanguage\":\"de\",\"potentialAction\":[{\"@type\":\"ReadAction\",\"target\":[\"https:\/\/casavinicolaciccariello.com\/p\/priezze-vino-frizzante\/\"]}]},{\"@type\":\"ImageObject\",\"inLanguage\":\"de\",\"@id\":\"https:\/\/casavinicolaciccariello.com\/p\/priezze-vino-frizzante\/#primaryimage\",\"url\":\"https:\/\/casavinicolaciccariello.com\/wp-content\/uploads\/2025\/08\/53dd42da-e016-49ff-9e73-675db3a78871.jpeg\",\"contentUrl\":\"https:\/\/casavinicolaciccariello.com\/wp-content\/uploads\/2025\/08\/53dd42da-e016-49ff-9e73-675db3a78871.jpeg\",\"width\":1707,\"height\":2560,\"caption\":\"Priezze \\\"Vino Frizzante\\\" Linea Premium | Casa Vinicola Ciccariello\"},{\"@type\":\"BreadcrumbList\",\"@id\":\"https:\/\/casavinicolaciccariello.com\/p\/priezze-vino-frizzante\/#breadcrumb\",\"itemListElement\":[{\"@type\":\"ListItem\",\"position\":1,\"name\":\"Home\",\"item\":\"https:\/\/casavinicolaciccariello.com\/\"},{\"@type\":\"ListItem\",\"position\":2,\"name\":\"Shop\",\"item\":\"https:\/\/casavinicolaciccariello.com\/negozio\/\"},{\"@type\":\"ListItem\",\"position\":3,\"name\":\"Priezze &#8220;Vino Frizzante&#8221;\"}]},{\"@type\":\"WebSite\",\"@id\":\"https:\/\/casavinicolaciccariello.com\/#website\",\"url\":\"https:\/\/casavinicolaciccariello.com\/\",\"name\":\"Casa Vinicola Ciccariello\",\"description\":\"Dal 1966, la tradizione in ogni sorso.\",\"publisher\":{\"@id\":\"https:\/\/casavinicolaciccariello.com\/#organization\"},\"alternateName\":\"Cavici\",\"potentialAction\":[{\"@type\":\"SearchAction\",\"target\":{\"@type\":\"EntryPoint\",\"urlTemplate\":\"https:\/\/casavinicolaciccariello.com\/?s={search_term_string}\"},\"query-input\":{\"@type\":\"PropertyValueSpecification\",\"valueRequired\":true,\"valueName\":\"search_term_string\"}}],\"inLanguage\":\"de\"},{\"@type\":\"Organization\",\"@id\":\"https:\/\/casavinicolaciccariello.com\/#organization\",\"name\":\"Casa Vinicola Ciccariello\",\"alternateName\":\"CA.VI.CI SRL\",\"url\":\"https:\/\/casavinicolaciccariello.com\/\",\"logo\":{\"@type\":\"ImageObject\",\"inLanguage\":\"de\",\"@id\":\"https:\/\/casavinicolaciccariello.com\/#\/schema\/logo\/image\/\",\"url\":\"https:\/\/casavinicolaciccariello.com\/wp-content\/uploads\/2025\/03\/logo1200px.png\",\"contentUrl\":\"https:\/\/casavinicolaciccariello.com\/wp-content\/uploads\/2025\/03\/logo1200px.png\",\"width\":1200,\"height\":343,\"caption\":\"Casa Vinicola Ciccariello\"},\"image\":{\"@id\":\"https:\/\/casavinicolaciccariello.com\/#\/schema\/logo\/image\/\"},\"sameAs\":[\"https:\/\/www.facebook.com\/casavinicolaciccariello\",\"https:\/\/www.instagram.com\/casa_vinicola_ciccariello\/\"]}]}<\/script>\n<!-- \/ Yoast SEO plugin. -->","yoast_head_json":{"title":"Priezze \"Vino Frizzante\" | Casa Vinicola Ciccariello","robots":{"index":"index","follow":"follow","max-snippet":"max-snippet:-1","max-image-preview":"max-image-preview:large","max-video-preview":"max-video-preview:-1"},"canonical":"https:\/\/casavinicolaciccariello.com\/de\/p\/sektpramierung\/","og_locale":"de_DE","og_type":"article","og_title":"Priezze \"Vino Frizzante\" | Casa Vinicola Ciccariello","og_description":"Priezze \"Vino Frizzante\": un bianco vivace e fruttato, capace di regalare un sorso di allegria e freschezza. Perfetto come aperitivo o accompagnamento a piatti di pesce e crostacei, trasmette la spontaneit\u00e0 e il calore del territorio in ogni bollicina.","og_url":"https:\/\/casavinicolaciccariello.com\/de\/p\/sektpramierung\/","og_site_name":"Casa Vinicola Ciccariello","article_publisher":"https:\/\/www.facebook.com\/casavinicolaciccariello","article_modified_time":"2025-08-11T15:27:54+00:00","og_image":[{"width":1707,"height":2560,"url":"https:\/\/casavinicolaciccariello.com\/wp-content\/uploads\/2025\/08\/53dd42da-e016-49ff-9e73-675db3a78871.jpeg","type":"image\/jpeg"}],"twitter_card":"summary_large_image","twitter_misc":{"Gesch\u00e4tzte Lesezeit":"2\u00a0Minuten"},"schema":{"@context":"https:\/\/schema.org","@graph":[{"@type":"WebPage","@id":"https:\/\/casavinicolaciccariello.com\/p\/priezze-vino-frizzante\/","url":"https:\/\/casavinicolaciccariello.com\/p\/priezze-vino-frizzante\/","name":"Priezze \"Vino Frizzante\" | Casa Vinicola Ciccariello","isPartOf":{"@id":"https:\/\/casavinicolaciccariello.com\/#website"},"primaryImageOfPage":{"@id":"https:\/\/casavinicolaciccariello.com\/p\/priezze-vino-frizzante\/#primaryimage"},"image":{"@id":"https:\/\/casavinicolaciccariello.com\/p\/priezze-vino-frizzante\/#primaryimage"},"thumbnailUrl":"https:\/\/casavinicolaciccariello.com\/wp-content\/uploads\/2025\/08\/53dd42da-e016-49ff-9e73-675db3a78871.jpeg","datePublished":"2025-08-11T15:27:50+00:00","dateModified":"2025-08-11T15:27:54+00:00","breadcrumb":{"@id":"https:\/\/casavinicolaciccariello.com\/p\/priezze-vino-frizzante\/#breadcrumb"},"inLanguage":"de","potentialAction":[{"@type":"ReadAction","target":["https:\/\/casavinicolaciccariello.com\/p\/priezze-vino-frizzante\/"]}]},{"@type":"ImageObject","inLanguage":"de","@id":"https:\/\/casavinicolaciccariello.com\/p\/priezze-vino-frizzante\/#primaryimage","url":"https:\/\/casavinicolaciccariello.com\/wp-content\/uploads\/2025\/08\/53dd42da-e016-49ff-9e73-675db3a78871.jpeg","contentUrl":"https:\/\/casavinicolaciccariello.com\/wp-content\/uploads\/2025\/08\/53dd42da-e016-49ff-9e73-675db3a78871.jpeg","width":1707,"height":2560,"caption":"Priezze \"Vino Frizzante\" Linea Premium | Casa Vinicola Ciccariello"},{"@type":"BreadcrumbList","@id":"https:\/\/casavinicolaciccariello.com\/p\/priezze-vino-frizzante\/#breadcrumb","itemListElement":[{"@type":"ListItem","position":1,"name":"Home","item":"https:\/\/casavinicolaciccariello.com\/"},{"@type":"ListItem","position":2,"name":"Shop","item":"https:\/\/casavinicolaciccariello.com\/negozio\/"},{"@type":"ListItem","position":3,"name":"Priezze &#8220;Vino Frizzante&#8221;"}]},{"@type":"WebSite","@id":"https:\/\/casavinicolaciccariello.com\/#website","url":"https:\/\/casavinicolaciccariello.com\/","name":"Casa Vinicola Ciccariello","description":"Dal 1966, la tradizione in ogni sorso.","publisher":{"@id":"https:\/\/casavinicolaciccariello.com\/#organization"},"alternateName":"Cavici","potentialAction":[{"@type":"SearchAction","target":{"@type":"EntryPoint","urlTemplate":"https:\/\/casavinicolaciccariello.com\/?s={search_term_string}"},"query-input":{"@type":"PropertyValueSpecification","valueRequired":true,"valueName":"search_term_string"}}],"inLanguage":"de"},{"@type":"Organization","@id":"https:\/\/casavinicolaciccariello.com\/#organization","name":"Casa Vinicola Ciccariello","alternateName":"CA.VI.CI SRL","url":"https:\/\/casavinicolaciccariello.com\/","logo":{"@type":"ImageObject","inLanguage":"de","@id":"https:\/\/casavinicolaciccariello.com\/#\/schema\/logo\/image\/","url":"https:\/\/casavinicolaciccariello.com\/wp-content\/uploads\/2025\/03\/logo1200px.png","contentUrl":"https:\/\/casavinicolaciccariello.com\/wp-content\/uploads\/2025\/03\/logo1200px.png","width":1200,"height":343,"caption":"Casa Vinicola Ciccariello"},"image":{"@id":"https:\/\/casavinicolaciccariello.com\/#\/schema\/logo\/image\/"},"sameAs":["https:\/\/www.facebook.com\/casavinicolaciccariello","https:\/\/www.instagram.com\/casa_vinicola_ciccariello\/"]}]}},"_links":{"self":[{"href":"https:\/\/casavinicolaciccariello.com\/de\/wp-json\/wp\/v2\/product\/79","targetHints":{"allow":["GET"]}}],"collection":[{"href":"https:\/\/casavinicolaciccariello.com\/de\/wp-json\/wp\/v2\/product"}],"about":[{"href":"https:\/\/casavinicolaciccariello.com\/de\/wp-json\/wp\/v2\/types\/product"}],"replies":[{"embeddable":true,"href":"https:\/\/casavinicolaciccariello.com\/de\/wp-json\/wp\/v2\/comments?post=79"}],"wp:featuredmedia":[{"embeddable":true,"href":"https:\/\/casavinicolaciccariello.com\/de\/wp-json\/wp\/v2\/media\/1075"}],"wp:attachment":[{"href":"https:\/\/casavinicolaciccariello.com\/de\/wp-json\/wp\/v2\/media?parent=79"}],"wp:term":[{"taxonomy":"product_brand","embeddable":true,"href":"https:\/\/casavinicolaciccariello.com\/de\/wp-json\/wp\/v2\/product_brand?post=79"},{"taxonomy":"product_cat","embeddable":true,"href":"https:\/\/casavinicolaciccariello.com\/de\/wp-json\/wp\/v2\/product_cat?post=79"},{"taxonomy":"product_tag","embeddable":true,"href":"https:\/\/casavinicolaciccariello.com\/de\/wp-json\/wp\/v2\/product_tag?post=79"}],"curies":[{"name":"wp","href":"https:\/\/api.w.org\/{rel}","templated":true}]}}