{"id":80,"date":"2025-08-11T17:28:44","date_gmt":"2025-08-11T15:28:44","guid":{"rendered":"https:\/\/casavinicolaciccariello.com\/prodotto\/il-saracino-igp-lazio-rosso\/"},"modified":"2026-03-26T16:18:32","modified_gmt":"2026-03-26T15:18:32","slug":"il-saracino-igp-lazio-rosso","status":"publish","type":"product","link":"https:\/\/casavinicolaciccariello.com\/de\/p\/il-saracino-igp-lazio-rosso\/","title":{"rendered":"Der Saracino IGP Latium Rot"},"content":{"rendered":"<h2>Der Saracino IGP Latium Rot<\/h2>\n<p><strong>Eine Interpretation von Kraft und Tradition im Herzen der Region Latium<\/strong> &#8211; <em>Der Saracino IGP Latium Rot<\/em> verk\u00f6rpert die tiefe und authentische Seele des Gebiets, eine Hommage an die historischen und kulturellen Wurzeln des Landes. Dieser Wein der Premium-Linie, der aus dem geschickten Verschnitt von Sanginella Nera und Montepulciano-Trauben entsteht, zeichnet sich durch seine intensive Pers\u00f6nlichkeit und seinen starken Charakter aus, die das Ergebnis eines einzigartigen Terroirs und einer jahrhundertealten Weinbautradition sind.<\/p>\n<p>Die Farbe <strong>intensives Rubinrot mit violetten Reflexen<\/strong> sticht sofort ins Auge und bildet den Auftakt zu einem komplexen und einh\u00fcllenden Bouquet. In der Nase zeigen sich Noten von <strong>Trockenfr\u00fcchte, Tabak und Kakao<\/strong>Ein aromatisches Geflecht, das von uralten Weinst\u00f6cken und erfahrenen H\u00e4nden erz\u00e4hlt, die dieses Land seit Generationen bewirtschaften. Im Mund, <strong>breit, anhaltend und umh\u00fcllend<\/strong>mit ausgewogenen Tanninen und einer eleganten Note, die zu einem Schluck nach dem anderen einl\u00e4dt und eine angenehme Spur von W\u00e4rme und Raffinesse hinterl\u00e4sst.<\/p>\n<h3>Territorium und Geschichte<\/h3>\n<p>Der Name <em>\"Die Sarazenen<\/em> erinnert an die historischen Ereignisse der barbarischen Invasionen des 13. Jahrhunderts, als die sarazenischen Horden in unser Gebiet eindrangen. Jahrhundert, als die sarazenischen Horden in unser Gebiet eindrangen. Diese Einfl\u00fcsse haben die Umwelt tiefgreifend beeinflusst und zur Entwicklung der einheimischen Rebsorten wie der Sanginella Nera beigetragen, die in unserem Terroir einen idealen Lebensraum finden, um ihr Wesen zum Ausdruck zu bringen. Das Anbaugebiet mit seinen fruchtbaren B\u00f6den und dem mediterranen Klima erm\u00f6glicht eine langsame Reifung der Trauben, die komplexe Aromen und einen unverwechselbaren Charakter entwickeln.<\/p>\n<p>Il Saracino\" zeichnet sich nicht nur durch seine Geschichte aus, sondern auch durch die Sorgfalt, mit der er unter Wahrung der Traditionen und unter Hervorhebung der einzigartigen Eigenschaften der Trauben vinifiziert wird. Es ist ein Wein, der eine Geschichte von Leidenschaft, tiefen Wurzeln und einem Gebiet erz\u00e4hlt, das in jeder Flasche weiterlebt.<\/p>\n<h3>Abgestimmte Beratung und Nutzungszeit<\/h3>\n<ul>\n<li>Braten, z. B. Rind- und Lammfleisch<\/li>\n<li>Wildgerichte, wie Wildbret und geschmortes Wild<\/li>\n<li>Gereifte K\u00e4sesorten, wie Pecorino und gereifter Markk\u00e4se<\/li>\n<li>Perfekt f\u00fcr elegante Abendessen und gesellige Momente<\/li>\n<\/ul>\n<h3>Serviertemperatur<\/h3>\n<p>Es wird empfohlen, Folgendes zu servieren <strong>bei Raumtemperatur<\/strong>um 18-20\u00b0C, um die aromatische Komplexit\u00e4t und Struktur dieses Weins voll zur Geltung zu bringen.<\/p>\n<h3>FAQ<\/h3>\n<p><strong>1. Welches sind die wichtigsten organoleptischen Merkmale von \"Il Saracino\"?<\/strong><br \/>\nDer Wein hat eine intensive rubinrote Farbe mit violetten Reflexen, mit Aromen von Trockenfr\u00fcchten, Tabak und Kakao. Am Gaumen ist er breit, anhaltend und einh\u00fcllend, mit ausgewogenen Tanninen und gutem K\u00f6rper.<\/p>\n<p><strong>2. Zu welchen Gerichten passt es am besten?<\/strong><br \/>\nDank seiner Struktur und seiner komplexen Aromen passt er hervorragend zu gebratenem Fleisch, Wild und reifem K\u00e4se.<\/p>\n<p><strong>3. Was ist die beste Gelegenheit, ihn zu genie\u00dfen?<\/strong><br \/>\nEr eignet sich perfekt f\u00fcr wichtige Abendessen, entspannende Momente in Gesellschaft oder als Begleitung zu reichhaltigen und schmackhaften Gerichten, die jedes gastronomische Erlebnis bereichern.<\/p>\n<p><strong>4. Wie ist diese Flasche aufzubewahren?<\/strong><br \/>\nEs sollte an einem k\u00fchlen, trockenen und lichtgesch\u00fctzten Ort gelagert werden, vorzugsweise in horizontaler Lage, damit die Eigenschaften der Kappe erhalten bleiben.<\/p>","protected":false},"excerpt":{"rendered":"<p>Saracino IGP Lazio Rosso: ein Wein, der die Kraft und die Geschichte eines alten Territoriums verk\u00f6rpert, mit einem umh\u00fcllenden aromatischen Profil von Trockenfr\u00fcchten, Tabak und Kakao. Er ist der perfekte Begleiter zu herzhaften Fleischgerichten und Momenten raffinierter Geselligkeit und schenkt mit jedem Schluck intensive Eindr\u00fccke.<\/p>","protected":false},"featured_media":1080,"comment_status":"closed","ping_status":"open","template":"","meta":[],"product_brand":[18],"product_cat":[19],"product_tag":[163],"class_list":{"0":"post-80","1":"product","2":"type-product","3":"status-publish","4":"has-post-thumbnail","6":"product_brand-casa-vinicola-ciccariello","7":"product_cat-linea-premium","8":"product_tag-vino-rosso","9":"pa_annata-133","10":"pa_formato-17","11":"pa_linea-linea-premium","13":"first","14":"instock","15":"purchasable","16":"product-type-simple"},"yoast_head":"<!-- This site is optimized with the Yoast SEO plugin v27.2 - https:\/\/yoast.com\/product\/yoast-seo-wordpress\/ -->\n<title>Il Saracino IGP Lazio Rosso | Casa Vinicola Ciccariello<\/title>\n<meta name=\"robots\" content=\"index, follow, max-snippet:-1, max-image-preview:large, max-video-preview:-1\" \/>\n<link rel=\"canonical\" href=\"https:\/\/casavinicolaciccariello.com\/de\/p\/il-saracino-igp-lazio-rosso\/\" \/>\n<meta property=\"og:locale\" content=\"de_DE\" \/>\n<meta property=\"og:type\" content=\"article\" \/>\n<meta property=\"og:title\" content=\"Il Saracino IGP Lazio Rosso | Casa Vinicola Ciccariello\" \/>\n<meta property=\"og:description\" content=\"Il Saracino IGP Lazio Rosso: un vino che racchiude la forza e la storia di un territorio antico, con un profilo aromatico avvolgente di frutta secca, tabacco e cacao. Perfetto per accompagnare piatti di carne saporiti e momenti di convivialit\u00e0 raffinata, regalando sensazioni intense ad ogni sorso.\" \/>\n<meta property=\"og:url\" content=\"https:\/\/casavinicolaciccariello.com\/de\/p\/il-saracino-igp-lazio-rosso\/\" \/>\n<meta property=\"og:site_name\" content=\"Casa Vinicola Ciccariello\" \/>\n<meta property=\"article:publisher\" content=\"https:\/\/www.facebook.com\/casavinicolaciccariello\" \/>\n<meta property=\"article:modified_time\" content=\"2026-03-26T15:18:32+00:00\" \/>\n<meta property=\"og:image\" content=\"https:\/\/casavinicolaciccariello.com\/wp-content\/uploads\/2025\/08\/dbf0c780-a939-4f09-9744-744566de3f77.jpeg\" \/>\n\t<meta property=\"og:image:width\" content=\"1707\" \/>\n\t<meta property=\"og:image:height\" content=\"2560\" \/>\n\t<meta property=\"og:image:type\" content=\"image\/jpeg\" \/>\n<meta name=\"twitter:card\" content=\"summary_large_image\" \/>\n<meta name=\"twitter:label1\" content=\"Gesch\u00e4tzte Lesezeit\" \/>\n\t<meta name=\"twitter:data1\" content=\"2\u00a0Minuten\" \/>\n<script type=\"application\/ld+json\" class=\"yoast-schema-graph\">{\"@context\":\"https:\/\/schema.org\",\"@graph\":[{\"@type\":\"WebPage\",\"@id\":\"https:\/\/casavinicolaciccariello.com\/p\/il-saracino-igp-lazio-rosso\/\",\"url\":\"https:\/\/casavinicolaciccariello.com\/p\/il-saracino-igp-lazio-rosso\/\",\"name\":\"Il Saracino IGP Lazio Rosso | Casa Vinicola Ciccariello\",\"isPartOf\":{\"@id\":\"https:\/\/casavinicolaciccariello.com\/#website\"},\"primaryImageOfPage\":{\"@id\":\"https:\/\/casavinicolaciccariello.com\/p\/il-saracino-igp-lazio-rosso\/#primaryimage\"},\"image\":{\"@id\":\"https:\/\/casavinicolaciccariello.com\/p\/il-saracino-igp-lazio-rosso\/#primaryimage\"},\"thumbnailUrl\":\"https:\/\/casavinicolaciccariello.com\/wp-content\/uploads\/2025\/08\/dbf0c780-a939-4f09-9744-744566de3f77.jpeg\",\"datePublished\":\"2025-08-11T15:28:44+00:00\",\"dateModified\":\"2026-03-26T15:18:32+00:00\",\"breadcrumb\":{\"@id\":\"https:\/\/casavinicolaciccariello.com\/p\/il-saracino-igp-lazio-rosso\/#breadcrumb\"},\"inLanguage\":\"de\",\"potentialAction\":[{\"@type\":\"ReadAction\",\"target\":[\"https:\/\/casavinicolaciccariello.com\/p\/il-saracino-igp-lazio-rosso\/\"]}]},{\"@type\":\"ImageObject\",\"inLanguage\":\"de\",\"@id\":\"https:\/\/casavinicolaciccariello.com\/p\/il-saracino-igp-lazio-rosso\/#primaryimage\",\"url\":\"https:\/\/casavinicolaciccariello.com\/wp-content\/uploads\/2025\/08\/dbf0c780-a939-4f09-9744-744566de3f77.jpeg\",\"contentUrl\":\"https:\/\/casavinicolaciccariello.com\/wp-content\/uploads\/2025\/08\/dbf0c780-a939-4f09-9744-744566de3f77.jpeg\",\"width\":1707,\"height\":2560,\"caption\":\"Il Saracino IGP Lazio Rosso Linea Premium | Casa Vinicola Ciccariello\"},{\"@type\":\"BreadcrumbList\",\"@id\":\"https:\/\/casavinicolaciccariello.com\/p\/il-saracino-igp-lazio-rosso\/#breadcrumb\",\"itemListElement\":[{\"@type\":\"ListItem\",\"position\":1,\"name\":\"Home\",\"item\":\"https:\/\/casavinicolaciccariello.com\/\"},{\"@type\":\"ListItem\",\"position\":2,\"name\":\"Shop\",\"item\":\"https:\/\/casavinicolaciccariello.com\/negozio\/\"},{\"@type\":\"ListItem\",\"position\":3,\"name\":\"Il Saracino IGP Lazio Rosso\"}]},{\"@type\":\"WebSite\",\"@id\":\"https:\/\/casavinicolaciccariello.com\/#website\",\"url\":\"https:\/\/casavinicolaciccariello.com\/\",\"name\":\"Casa Vinicola Ciccariello\",\"description\":\"Dal 1966, la tradizione in ogni sorso.\",\"publisher\":{\"@id\":\"https:\/\/casavinicolaciccariello.com\/#organization\"},\"alternateName\":\"Cavici\",\"potentialAction\":[{\"@type\":\"SearchAction\",\"target\":{\"@type\":\"EntryPoint\",\"urlTemplate\":\"https:\/\/casavinicolaciccariello.com\/?s={search_term_string}\"},\"query-input\":{\"@type\":\"PropertyValueSpecification\",\"valueRequired\":true,\"valueName\":\"search_term_string\"}}],\"inLanguage\":\"de\"},{\"@type\":\"Organization\",\"@id\":\"https:\/\/casavinicolaciccariello.com\/#organization\",\"name\":\"Casa Vinicola Ciccariello\",\"alternateName\":\"CA.VI.CI SRL\",\"url\":\"https:\/\/casavinicolaciccariello.com\/\",\"logo\":{\"@type\":\"ImageObject\",\"inLanguage\":\"de\",\"@id\":\"https:\/\/casavinicolaciccariello.com\/#\/schema\/logo\/image\/\",\"url\":\"https:\/\/casavinicolaciccariello.com\/wp-content\/uploads\/2025\/03\/logo1200px.png\",\"contentUrl\":\"https:\/\/casavinicolaciccariello.com\/wp-content\/uploads\/2025\/03\/logo1200px.png\",\"width\":1200,\"height\":343,\"caption\":\"Casa Vinicola Ciccariello\"},\"image\":{\"@id\":\"https:\/\/casavinicolaciccariello.com\/#\/schema\/logo\/image\/\"},\"sameAs\":[\"https:\/\/www.facebook.com\/casavinicolaciccariello\",\"https:\/\/www.instagram.com\/casa_vinicola_ciccariello\/\"]}]}<\/script>\n<!-- \/ Yoast SEO plugin. -->","yoast_head_json":{"title":"Il Saracino IGP Lazio Rosso | Casa Vinicola Ciccariello","robots":{"index":"index","follow":"follow","max-snippet":"max-snippet:-1","max-image-preview":"max-image-preview:large","max-video-preview":"max-video-preview:-1"},"canonical":"https:\/\/casavinicolaciccariello.com\/de\/p\/il-saracino-igp-lazio-rosso\/","og_locale":"de_DE","og_type":"article","og_title":"Il Saracino IGP Lazio Rosso | Casa Vinicola Ciccariello","og_description":"Il Saracino IGP Lazio Rosso: un vino che racchiude la forza e la storia di un territorio antico, con un profilo aromatico avvolgente di frutta secca, tabacco e cacao. Perfetto per accompagnare piatti di carne saporiti e momenti di convivialit\u00e0 raffinata, regalando sensazioni intense ad ogni sorso.","og_url":"https:\/\/casavinicolaciccariello.com\/de\/p\/il-saracino-igp-lazio-rosso\/","og_site_name":"Casa Vinicola Ciccariello","article_publisher":"https:\/\/www.facebook.com\/casavinicolaciccariello","article_modified_time":"2026-03-26T15:18:32+00:00","og_image":[{"width":1707,"height":2560,"url":"https:\/\/casavinicolaciccariello.com\/wp-content\/uploads\/2025\/08\/dbf0c780-a939-4f09-9744-744566de3f77.jpeg","type":"image\/jpeg"}],"twitter_card":"summary_large_image","twitter_misc":{"Gesch\u00e4tzte Lesezeit":"2\u00a0Minuten"},"schema":{"@context":"https:\/\/schema.org","@graph":[{"@type":"WebPage","@id":"https:\/\/casavinicolaciccariello.com\/p\/il-saracino-igp-lazio-rosso\/","url":"https:\/\/casavinicolaciccariello.com\/p\/il-saracino-igp-lazio-rosso\/","name":"Il Saracino IGP Lazio Rosso | Casa Vinicola Ciccariello","isPartOf":{"@id":"https:\/\/casavinicolaciccariello.com\/#website"},"primaryImageOfPage":{"@id":"https:\/\/casavinicolaciccariello.com\/p\/il-saracino-igp-lazio-rosso\/#primaryimage"},"image":{"@id":"https:\/\/casavinicolaciccariello.com\/p\/il-saracino-igp-lazio-rosso\/#primaryimage"},"thumbnailUrl":"https:\/\/casavinicolaciccariello.com\/wp-content\/uploads\/2025\/08\/dbf0c780-a939-4f09-9744-744566de3f77.jpeg","datePublished":"2025-08-11T15:28:44+00:00","dateModified":"2026-03-26T15:18:32+00:00","breadcrumb":{"@id":"https:\/\/casavinicolaciccariello.com\/p\/il-saracino-igp-lazio-rosso\/#breadcrumb"},"inLanguage":"de","potentialAction":[{"@type":"ReadAction","target":["https:\/\/casavinicolaciccariello.com\/p\/il-saracino-igp-lazio-rosso\/"]}]},{"@type":"ImageObject","inLanguage":"de","@id":"https:\/\/casavinicolaciccariello.com\/p\/il-saracino-igp-lazio-rosso\/#primaryimage","url":"https:\/\/casavinicolaciccariello.com\/wp-content\/uploads\/2025\/08\/dbf0c780-a939-4f09-9744-744566de3f77.jpeg","contentUrl":"https:\/\/casavinicolaciccariello.com\/wp-content\/uploads\/2025\/08\/dbf0c780-a939-4f09-9744-744566de3f77.jpeg","width":1707,"height":2560,"caption":"Il Saracino IGP Lazio Rosso Linea Premium | Casa Vinicola Ciccariello"},{"@type":"BreadcrumbList","@id":"https:\/\/casavinicolaciccariello.com\/p\/il-saracino-igp-lazio-rosso\/#breadcrumb","itemListElement":[{"@type":"ListItem","position":1,"name":"Home","item":"https:\/\/casavinicolaciccariello.com\/"},{"@type":"ListItem","position":2,"name":"Shop","item":"https:\/\/casavinicolaciccariello.com\/negozio\/"},{"@type":"ListItem","position":3,"name":"Il Saracino IGP Lazio Rosso"}]},{"@type":"WebSite","@id":"https:\/\/casavinicolaciccariello.com\/#website","url":"https:\/\/casavinicolaciccariello.com\/","name":"Casa Vinicola Ciccariello","description":"Dal 1966, la tradizione in ogni sorso.","publisher":{"@id":"https:\/\/casavinicolaciccariello.com\/#organization"},"alternateName":"Cavici","potentialAction":[{"@type":"SearchAction","target":{"@type":"EntryPoint","urlTemplate":"https:\/\/casavinicolaciccariello.com\/?s={search_term_string}"},"query-input":{"@type":"PropertyValueSpecification","valueRequired":true,"valueName":"search_term_string"}}],"inLanguage":"de"},{"@type":"Organization","@id":"https:\/\/casavinicolaciccariello.com\/#organization","name":"Casa Vinicola Ciccariello","alternateName":"CA.VI.CI SRL","url":"https:\/\/casavinicolaciccariello.com\/","logo":{"@type":"ImageObject","inLanguage":"de","@id":"https:\/\/casavinicolaciccariello.com\/#\/schema\/logo\/image\/","url":"https:\/\/casavinicolaciccariello.com\/wp-content\/uploads\/2025\/03\/logo1200px.png","contentUrl":"https:\/\/casavinicolaciccariello.com\/wp-content\/uploads\/2025\/03\/logo1200px.png","width":1200,"height":343,"caption":"Casa Vinicola Ciccariello"},"image":{"@id":"https:\/\/casavinicolaciccariello.com\/#\/schema\/logo\/image\/"},"sameAs":["https:\/\/www.facebook.com\/casavinicolaciccariello","https:\/\/www.instagram.com\/casa_vinicola_ciccariello\/"]}]}},"_links":{"self":[{"href":"https:\/\/casavinicolaciccariello.com\/de\/wp-json\/wp\/v2\/product\/80","targetHints":{"allow":["GET"]}}],"collection":[{"href":"https:\/\/casavinicolaciccariello.com\/de\/wp-json\/wp\/v2\/product"}],"about":[{"href":"https:\/\/casavinicolaciccariello.com\/de\/wp-json\/wp\/v2\/types\/product"}],"replies":[{"embeddable":true,"href":"https:\/\/casavinicolaciccariello.com\/de\/wp-json\/wp\/v2\/comments?post=80"}],"wp:featuredmedia":[{"embeddable":true,"href":"https:\/\/casavinicolaciccariello.com\/de\/wp-json\/wp\/v2\/media\/1080"}],"wp:attachment":[{"href":"https:\/\/casavinicolaciccariello.com\/de\/wp-json\/wp\/v2\/media?parent=80"}],"wp:term":[{"taxonomy":"product_brand","embeddable":true,"href":"https:\/\/casavinicolaciccariello.com\/de\/wp-json\/wp\/v2\/product_brand?post=80"},{"taxonomy":"product_cat","embeddable":true,"href":"https:\/\/casavinicolaciccariello.com\/de\/wp-json\/wp\/v2\/product_cat?post=80"},{"taxonomy":"product_tag","embeddable":true,"href":"https:\/\/casavinicolaciccariello.com\/de\/wp-json\/wp\/v2\/product_tag?post=80"}],"curies":[{"name":"wp","href":"https:\/\/api.w.org\/{rel}","templated":true}]}}