{"id":81,"date":"2025-08-11T17:23:44","date_gmt":"2025-08-11T15:23:44","guid":{"rendered":"https:\/\/casavinicolaciccariello.com\/prodotto\/viognier-igp-lazio\/"},"modified":"2025-08-11T17:23:51","modified_gmt":"2025-08-11T15:23:51","slug":"viognier-igp-lazio","status":"publish","type":"product","link":"https:\/\/casavinicolaciccariello.com\/de\/p\/viognier-igp-lazio\/","title":{"rendered":"Viognier g.g.A. Latium"},"content":{"rendered":"<h2>Viognier g.g.A. Latium<\/h2>\n<p><strong>Un&rsquo;espressione raffinata del vitigno Viognier nel cuore del Lazio<\/strong> - Die <strong>Viognier g.g.A. Latium<\/strong> incarna l&rsquo;eleganza e la complessit&agrave; di un terroir unico, interpretando con grazia e carattere le potenzialit&agrave; di questa variet&agrave; aromaticamente ricca. Coltivato nelle fertili terre della regione, questo vino rappresenta l&rsquo;armonia tra tradizione e innovazione, offrendo un&rsquo;esperienza sensoriale intensa e avvolgente.<\/p>\n<p>Seine <strong>gelbe Farbe mit goldenen Reflexen<\/strong> antizipiert ein Parf\u00fcm <strong>intensiv und einh\u00fcllend<\/strong>wo Noten von reifem Obst wahrgenommen werden k\u00f6nnen, vor allem von <em>Aprikose und gelber Pfirsich<\/em>. Der Gaumen pr\u00e4sentiert sich mit einem <strong>voller, reicher und anhaltender Geschmack<\/strong>, che valorizza la morbidezza e la rotondit&agrave; delle caratteristiche aromatiche, lasciando una piacevole sensazione di eleganza e armonia.<\/p>\n<p>Herkunft und Geschichte:<\/p>\n<p>Die <strong>Viognier<\/strong>, uva dalle origini francesi, trova nel Lazio un terroir favorevole capace di esaltarne le qualit&agrave; aromatiche. La tradizione di viticoltura di questa regione, unita alla cura meticolosa delle vigne, ha dato vita a un vino che unisce la raffinatezza del vitigno con la ricchezza del paesaggio laziale, fatto di dolci colline, terreni calcarei e un clima mediterraneo ideale per la maturazione perfetta dell&rsquo;uva.<\/p>\n<p>La <em>Premium-Linie<\/em> di Ciccariello, con questo Viognier, si distingue per l&rsquo;attenzione ai dettagli e la volont&agrave; di offrire un prodotto che esprima tutta l&rsquo;eleganza e la raffinatezza del territorio, mantenendo un prezzo accessibile, di soli &euro;7.90 per una bottiglia da 75 cl. La vinificazione in purezza, con una gradazione di 13,5%, garantisce un equilibrio tra corpo e freschezza, ideale per molteplici occasioni di consumo.<\/p>\n<h3>Passende Tipps<\/h3>\n<ul>\n<li>Vorspeisen aus Fisch und Schalentieren<\/li>\n<li>Gerichte mit wei\u00dfem Fleisch, wie Huhn oder Truthahn<\/li>\n<li>Frische und delikate K\u00e4sesorten<\/li>\n<li>Andere Gelegenheiten: elegante Aperitifs und informelle Abendessen<\/li>\n<\/ul>\n<h3>Serviertemperatur<\/h3>\n<p>Es wird empfohlen, ihn bei einer Temperatur zwischen <strong>10 e 12&deg;C<\/strong>um sein aromatisches Profil und seine Frische zu optimieren.<\/p>\n<h3>FAQ<\/h3>\n<p><strong>1. Welches sind die wichtigsten organoleptischen Merkmale des Viognier g.g.A. Latium?<\/strong><br \/>Der Wein zeichnet sich durch seine <em>intensiver und umh\u00fcllender Duft<\/em>mit einem Hauch von <em>Aprikose und gelber Pfirsich<\/em>und eine Kostprobe <em>voll, weich und anhaltend<\/em> die zur Verkostung einl\u00e4dt.<\/p>\n<p><strong>2. Zu welchen Gerichten passt es am besten?<\/strong><br \/>Ideale con piatti di pesce, crostacei, carni bianche e formaggi freschi, questo vino si presta a molte occasioni, dall&rsquo;aperitivo alla cena elegante.<\/p>\n<p><strong>3. Bei welcher Temperatur sollte es serviert werden?<\/strong><br \/>Si consiglia di servirlo tra 10 e 12&deg;C, per valorizzare al massimo le sue note aromatiche e la sua freschezza.<\/p>\n<p><strong>4. &Egrave; un vino versatile adatto a diverse occasioni?<\/strong><br \/>Assolutamente s&igrave;. La sua versatilit&agrave; lo rende perfetto sia come aperitivo che come accompagnamento a piatti di pesce e carni bianche, grazie alla sua eleganza e al carattere aromatico.<\/p>","protected":false},"excerpt":{"rendered":"<p>Ciccariello Viognier IGP Lazio: ein Kelch, der mit seiner goldenen Farbe und seinen leuchtenden Reflexen bezaubert und ein intensives und umh\u00fcllendes Bouquet von reifen Fr\u00fcchten enth\u00fcllt. Am Gaumen zeigt er einen vollen und raffinierten Geschmack, der durch Noten von Aprikose und gelbem Pfirsich unterstrichen wird, perfekt f\u00fcr gesellige Momente oder einen eleganten Aperitif.<\/p>","protected":false},"featured_media":1069,"comment_status":"closed","ping_status":"open","template":"","meta":[],"product_brand":[18],"product_cat":[19],"product_tag":[161],"class_list":{"0":"post-81","1":"product","2":"type-product","3":"status-publish","4":"has-post-thumbnail","6":"product_brand-casa-vinicola-ciccariello","7":"product_cat-linea-premium","8":"product_tag-vino-bianco","9":"pa_annata-132","10":"pa_formato-17","11":"pa_linea-linea-premium","13":"first","14":"instock","15":"purchasable","16":"product-type-simple"},"yoast_head":"<!-- This site is optimized with the Yoast SEO plugin v27.2 - https:\/\/yoast.com\/product\/yoast-seo-wordpress\/ -->\n<title>Viognier IGP Lazio | Casa Vinicola Ciccariello<\/title>\n<meta name=\"robots\" content=\"index, follow, max-snippet:-1, max-image-preview:large, max-video-preview:-1\" \/>\n<link rel=\"canonical\" href=\"https:\/\/casavinicolaciccariello.com\/de\/p\/viognier-igp-lazio\/\" \/>\n<meta property=\"og:locale\" content=\"de_DE\" \/>\n<meta property=\"og:type\" content=\"article\" \/>\n<meta property=\"og:title\" content=\"Viognier IGP Lazio | Casa Vinicola Ciccariello\" \/>\n<meta property=\"og:description\" content=\"Ciccariello Viognier IGP Lazio: un calice che incanta con il suo colore dorato e riflessi luminosi, rivelando un profumo intenso e avvolgente di frutta matura. Al palato, si esprime con un gusto pieno e raffinato, impreziosito da sentori di albicocca e pesca gialla, perfetto per momenti di convivialit\u00e0 o un aperitivo elegante.\" \/>\n<meta property=\"og:url\" content=\"https:\/\/casavinicolaciccariello.com\/de\/p\/viognier-igp-lazio\/\" \/>\n<meta property=\"og:site_name\" content=\"Casa Vinicola Ciccariello\" \/>\n<meta property=\"article:publisher\" content=\"https:\/\/www.facebook.com\/casavinicolaciccariello\" \/>\n<meta property=\"article:modified_time\" content=\"2025-08-11T15:23:51+00:00\" \/>\n<meta property=\"og:image\" content=\"https:\/\/casavinicolaciccariello.com\/wp-content\/uploads\/2025\/08\/a12550aa-f2f5-49af-bc66-322c4e66db62.jpeg\" \/>\n\t<meta property=\"og:image:width\" content=\"1707\" \/>\n\t<meta property=\"og:image:height\" content=\"2560\" \/>\n\t<meta property=\"og:image:type\" content=\"image\/jpeg\" \/>\n<meta name=\"twitter:card\" content=\"summary_large_image\" \/>\n<meta name=\"twitter:label1\" content=\"Gesch\u00e4tzte Lesezeit\" \/>\n\t<meta name=\"twitter:data1\" content=\"2\u00a0Minuten\" \/>\n<script type=\"application\/ld+json\" class=\"yoast-schema-graph\">{\"@context\":\"https:\/\/schema.org\",\"@graph\":[{\"@type\":\"WebPage\",\"@id\":\"https:\/\/casavinicolaciccariello.com\/p\/viognier-igp-lazio\/\",\"url\":\"https:\/\/casavinicolaciccariello.com\/p\/viognier-igp-lazio\/\",\"name\":\"Viognier IGP Lazio | Casa Vinicola Ciccariello\",\"isPartOf\":{\"@id\":\"https:\/\/casavinicolaciccariello.com\/#website\"},\"primaryImageOfPage\":{\"@id\":\"https:\/\/casavinicolaciccariello.com\/p\/viognier-igp-lazio\/#primaryimage\"},\"image\":{\"@id\":\"https:\/\/casavinicolaciccariello.com\/p\/viognier-igp-lazio\/#primaryimage\"},\"thumbnailUrl\":\"https:\/\/casavinicolaciccariello.com\/wp-content\/uploads\/2025\/08\/a12550aa-f2f5-49af-bc66-322c4e66db62.jpeg\",\"datePublished\":\"2025-08-11T15:23:44+00:00\",\"dateModified\":\"2025-08-11T15:23:51+00:00\",\"breadcrumb\":{\"@id\":\"https:\/\/casavinicolaciccariello.com\/p\/viognier-igp-lazio\/#breadcrumb\"},\"inLanguage\":\"de\",\"potentialAction\":[{\"@type\":\"ReadAction\",\"target\":[\"https:\/\/casavinicolaciccariello.com\/p\/viognier-igp-lazio\/\"]}]},{\"@type\":\"ImageObject\",\"inLanguage\":\"de\",\"@id\":\"https:\/\/casavinicolaciccariello.com\/p\/viognier-igp-lazio\/#primaryimage\",\"url\":\"https:\/\/casavinicolaciccariello.com\/wp-content\/uploads\/2025\/08\/a12550aa-f2f5-49af-bc66-322c4e66db62.jpeg\",\"contentUrl\":\"https:\/\/casavinicolaciccariello.com\/wp-content\/uploads\/2025\/08\/a12550aa-f2f5-49af-bc66-322c4e66db62.jpeg\",\"width\":1707,\"height\":2560,\"caption\":\"Viognier IGP Lazio Linea Premium | Casa Vinicola Ciccariello\"},{\"@type\":\"BreadcrumbList\",\"@id\":\"https:\/\/casavinicolaciccariello.com\/p\/viognier-igp-lazio\/#breadcrumb\",\"itemListElement\":[{\"@type\":\"ListItem\",\"position\":1,\"name\":\"Home\",\"item\":\"https:\/\/casavinicolaciccariello.com\/\"},{\"@type\":\"ListItem\",\"position\":2,\"name\":\"Shop\",\"item\":\"https:\/\/casavinicolaciccariello.com\/negozio\/\"},{\"@type\":\"ListItem\",\"position\":3,\"name\":\"Viognier IGP Lazio\"}]},{\"@type\":\"WebSite\",\"@id\":\"https:\/\/casavinicolaciccariello.com\/#website\",\"url\":\"https:\/\/casavinicolaciccariello.com\/\",\"name\":\"Casa Vinicola Ciccariello\",\"description\":\"Dal 1966, la tradizione in ogni sorso.\",\"publisher\":{\"@id\":\"https:\/\/casavinicolaciccariello.com\/#organization\"},\"alternateName\":\"Cavici\",\"potentialAction\":[{\"@type\":\"SearchAction\",\"target\":{\"@type\":\"EntryPoint\",\"urlTemplate\":\"https:\/\/casavinicolaciccariello.com\/?s={search_term_string}\"},\"query-input\":{\"@type\":\"PropertyValueSpecification\",\"valueRequired\":true,\"valueName\":\"search_term_string\"}}],\"inLanguage\":\"de\"},{\"@type\":\"Organization\",\"@id\":\"https:\/\/casavinicolaciccariello.com\/#organization\",\"name\":\"Casa Vinicola Ciccariello\",\"alternateName\":\"CA.VI.CI SRL\",\"url\":\"https:\/\/casavinicolaciccariello.com\/\",\"logo\":{\"@type\":\"ImageObject\",\"inLanguage\":\"de\",\"@id\":\"https:\/\/casavinicolaciccariello.com\/#\/schema\/logo\/image\/\",\"url\":\"https:\/\/casavinicolaciccariello.com\/wp-content\/uploads\/2025\/03\/logo1200px.png\",\"contentUrl\":\"https:\/\/casavinicolaciccariello.com\/wp-content\/uploads\/2025\/03\/logo1200px.png\",\"width\":1200,\"height\":343,\"caption\":\"Casa Vinicola Ciccariello\"},\"image\":{\"@id\":\"https:\/\/casavinicolaciccariello.com\/#\/schema\/logo\/image\/\"},\"sameAs\":[\"https:\/\/www.facebook.com\/casavinicolaciccariello\",\"https:\/\/www.instagram.com\/casa_vinicola_ciccariello\/\"]}]}<\/script>\n<!-- \/ Yoast SEO plugin. -->","yoast_head_json":{"title":"Viognier IGP Lazio | Casa Vinicola Ciccariello","robots":{"index":"index","follow":"follow","max-snippet":"max-snippet:-1","max-image-preview":"max-image-preview:large","max-video-preview":"max-video-preview:-1"},"canonical":"https:\/\/casavinicolaciccariello.com\/de\/p\/viognier-igp-lazio\/","og_locale":"de_DE","og_type":"article","og_title":"Viognier IGP Lazio | Casa Vinicola Ciccariello","og_description":"Ciccariello Viognier IGP Lazio: un calice che incanta con il suo colore dorato e riflessi luminosi, rivelando un profumo intenso e avvolgente di frutta matura. Al palato, si esprime con un gusto pieno e raffinato, impreziosito da sentori di albicocca e pesca gialla, perfetto per momenti di convivialit\u00e0 o un aperitivo elegante.","og_url":"https:\/\/casavinicolaciccariello.com\/de\/p\/viognier-igp-lazio\/","og_site_name":"Casa Vinicola Ciccariello","article_publisher":"https:\/\/www.facebook.com\/casavinicolaciccariello","article_modified_time":"2025-08-11T15:23:51+00:00","og_image":[{"width":1707,"height":2560,"url":"https:\/\/casavinicolaciccariello.com\/wp-content\/uploads\/2025\/08\/a12550aa-f2f5-49af-bc66-322c4e66db62.jpeg","type":"image\/jpeg"}],"twitter_card":"summary_large_image","twitter_misc":{"Gesch\u00e4tzte Lesezeit":"2\u00a0Minuten"},"schema":{"@context":"https:\/\/schema.org","@graph":[{"@type":"WebPage","@id":"https:\/\/casavinicolaciccariello.com\/p\/viognier-igp-lazio\/","url":"https:\/\/casavinicolaciccariello.com\/p\/viognier-igp-lazio\/","name":"Viognier IGP Lazio | Casa Vinicola Ciccariello","isPartOf":{"@id":"https:\/\/casavinicolaciccariello.com\/#website"},"primaryImageOfPage":{"@id":"https:\/\/casavinicolaciccariello.com\/p\/viognier-igp-lazio\/#primaryimage"},"image":{"@id":"https:\/\/casavinicolaciccariello.com\/p\/viognier-igp-lazio\/#primaryimage"},"thumbnailUrl":"https:\/\/casavinicolaciccariello.com\/wp-content\/uploads\/2025\/08\/a12550aa-f2f5-49af-bc66-322c4e66db62.jpeg","datePublished":"2025-08-11T15:23:44+00:00","dateModified":"2025-08-11T15:23:51+00:00","breadcrumb":{"@id":"https:\/\/casavinicolaciccariello.com\/p\/viognier-igp-lazio\/#breadcrumb"},"inLanguage":"de","potentialAction":[{"@type":"ReadAction","target":["https:\/\/casavinicolaciccariello.com\/p\/viognier-igp-lazio\/"]}]},{"@type":"ImageObject","inLanguage":"de","@id":"https:\/\/casavinicolaciccariello.com\/p\/viognier-igp-lazio\/#primaryimage","url":"https:\/\/casavinicolaciccariello.com\/wp-content\/uploads\/2025\/08\/a12550aa-f2f5-49af-bc66-322c4e66db62.jpeg","contentUrl":"https:\/\/casavinicolaciccariello.com\/wp-content\/uploads\/2025\/08\/a12550aa-f2f5-49af-bc66-322c4e66db62.jpeg","width":1707,"height":2560,"caption":"Viognier IGP Lazio Linea Premium | Casa Vinicola Ciccariello"},{"@type":"BreadcrumbList","@id":"https:\/\/casavinicolaciccariello.com\/p\/viognier-igp-lazio\/#breadcrumb","itemListElement":[{"@type":"ListItem","position":1,"name":"Home","item":"https:\/\/casavinicolaciccariello.com\/"},{"@type":"ListItem","position":2,"name":"Shop","item":"https:\/\/casavinicolaciccariello.com\/negozio\/"},{"@type":"ListItem","position":3,"name":"Viognier IGP Lazio"}]},{"@type":"WebSite","@id":"https:\/\/casavinicolaciccariello.com\/#website","url":"https:\/\/casavinicolaciccariello.com\/","name":"Casa Vinicola Ciccariello","description":"Dal 1966, la tradizione in ogni sorso.","publisher":{"@id":"https:\/\/casavinicolaciccariello.com\/#organization"},"alternateName":"Cavici","potentialAction":[{"@type":"SearchAction","target":{"@type":"EntryPoint","urlTemplate":"https:\/\/casavinicolaciccariello.com\/?s={search_term_string}"},"query-input":{"@type":"PropertyValueSpecification","valueRequired":true,"valueName":"search_term_string"}}],"inLanguage":"de"},{"@type":"Organization","@id":"https:\/\/casavinicolaciccariello.com\/#organization","name":"Casa Vinicola Ciccariello","alternateName":"CA.VI.CI SRL","url":"https:\/\/casavinicolaciccariello.com\/","logo":{"@type":"ImageObject","inLanguage":"de","@id":"https:\/\/casavinicolaciccariello.com\/#\/schema\/logo\/image\/","url":"https:\/\/casavinicolaciccariello.com\/wp-content\/uploads\/2025\/03\/logo1200px.png","contentUrl":"https:\/\/casavinicolaciccariello.com\/wp-content\/uploads\/2025\/03\/logo1200px.png","width":1200,"height":343,"caption":"Casa Vinicola Ciccariello"},"image":{"@id":"https:\/\/casavinicolaciccariello.com\/#\/schema\/logo\/image\/"},"sameAs":["https:\/\/www.facebook.com\/casavinicolaciccariello","https:\/\/www.instagram.com\/casa_vinicola_ciccariello\/"]}]}},"_links":{"self":[{"href":"https:\/\/casavinicolaciccariello.com\/de\/wp-json\/wp\/v2\/product\/81","targetHints":{"allow":["GET"]}}],"collection":[{"href":"https:\/\/casavinicolaciccariello.com\/de\/wp-json\/wp\/v2\/product"}],"about":[{"href":"https:\/\/casavinicolaciccariello.com\/de\/wp-json\/wp\/v2\/types\/product"}],"replies":[{"embeddable":true,"href":"https:\/\/casavinicolaciccariello.com\/de\/wp-json\/wp\/v2\/comments?post=81"}],"wp:featuredmedia":[{"embeddable":true,"href":"https:\/\/casavinicolaciccariello.com\/de\/wp-json\/wp\/v2\/media\/1069"}],"wp:attachment":[{"href":"https:\/\/casavinicolaciccariello.com\/de\/wp-json\/wp\/v2\/media?parent=81"}],"wp:term":[{"taxonomy":"product_brand","embeddable":true,"href":"https:\/\/casavinicolaciccariello.com\/de\/wp-json\/wp\/v2\/product_brand?post=81"},{"taxonomy":"product_cat","embeddable":true,"href":"https:\/\/casavinicolaciccariello.com\/de\/wp-json\/wp\/v2\/product_cat?post=81"},{"taxonomy":"product_tag","embeddable":true,"href":"https:\/\/casavinicolaciccariello.com\/de\/wp-json\/wp\/v2\/product_tag?post=81"}],"curies":[{"name":"wp","href":"https:\/\/api.w.org\/{rel}","templated":true}]}}