{"id":82,"date":"2025-08-11T17:24:26","date_gmt":"2025-08-11T15:24:26","guid":{"rendered":"https:\/\/casavinicolaciccariello.com\/prodotto\/primitivo-del-salento-igp\/"},"modified":"2026-03-26T16:14:55","modified_gmt":"2026-03-26T15:14:55","slug":"primitivo-del-salento-igp","status":"publish","type":"product","link":"https:\/\/casavinicolaciccariello.com\/de\/p\/primitivo-del-salento-igp\/","title":{"rendered":"Primitivo del Salento g.g.A."},"content":{"rendered":"<h2>Primitivo del Salento g.g.A.<\/h2>\n<p><strong>Ein authentischer Ausdruck des Landes Salento<\/strong> - Die <strong>Primitivo del Salento g.g.A. 2022<\/strong>geh\u00f6rt zur Premium Line und repr\u00e4sentiert die authentischste Essenz eines Gebiets, das reich an Geschichte und Weinbautradition ist. Dieser Rotwein, der auf den sonnigen und lebendigen H\u00e4ngen des Salento angebaut wird, zeichnet sich durch seine Intensit\u00e4t und Komplexit\u00e4t aus und ist das Ergebnis einer Rebsorte, die tief in der lokalen Weinkultur verwurzelt ist.<\/p>\n<p>Von Farbe <strong>Tiefrot mit violetten Reflexen<\/strong>Der Primitivo f\u00e4llt sofort ins Auge und l\u00e4sst ein reichhaltiges, einh\u00fcllendes aromatisches Bouquet erwarten. In der Nase zeigen sich Noten von <strong>Konfit\u00fcre aus roten und schwarzen Fr\u00fcchten<\/strong>begleitet von Notizen von <strong>Vanille<\/strong> e <strong>Schokolade<\/strong>zeugt von seiner Reifung im Holz und seiner sensorischen Komplexit\u00e4t. Am Gaumen pr\u00e4sentiert er <strong>weich, rund und ausdauernd<\/strong>mit einem perfekten Gleichgewicht zwischen der S\u00fc\u00dfe seiner fruchtigen Noten und der Tanninstruktur, die zu einem Schluck nach dem anderen einl\u00e4dt.<\/p>\n<h3>Territorium und Tradition<\/h3>\n<p>Der Salento, ein Land der Mythen und Legenden, zeichnet sich durch sein mildes Klima und sein einzigartiges Terroir aus, das durch Kalk- und Lehmb\u00f6den gekennzeichnet ist, die den Reben eine unverwechselbare Pers\u00f6nlichkeit verleihen. Der Primitivo-Anbau wird hier seit Generationen weitergegeben, wobei die Weinbereitungstechniken die Tradition respektieren, aber mit Innovationen angereichert werden, die die Endqualit\u00e4t des Produkts erh\u00f6hen. Die Weinlese erfolgt von Hand, so dass nur die besten Trauben ausgew\u00e4hlt werden, die ihr Aroma und ihre Saftigkeit bewahren.<\/p>\n<h3>Paarungsempfehlungen und Zeitpunkt des Konsums<\/h3>\n<ul>\n<li>Gerichte mit rotem Fleisch, wie Steaks und Schmorbraten<\/li>\n<li>W\u00fcrzige und pikante Gerichte, typisch f\u00fcr die K\u00fcche des Salento<\/li>\n<li>Wild und gereifte K\u00e4sesorten<\/li>\n<\/ul>\n<p>Ideal f\u00fcr die Begleitung von geselligen Abendessen oder entspannenden Momenten in Gesellschaft, ist der <strong>Primitivo del Salento g.g.A.<\/strong> wird mit einer Temperatur von <strong>16\u00b0-18\u00b0C<\/strong>um seinen aromatischen Reichtum und seine Sanftheit zu maximieren.<\/p>\n<h3>FAQ<\/h3>\n<p><strong>1. Welches sind die organoleptischen Merkmale dieses Primitivo?<\/strong><br \/> <br \/>\nDer Wein hat eine intensive rote Farbe mit violetten Reflexen, Aromen von roter Fruchtmarmelade, Vanille und Schokolade und einen weichen, anhaltenden und umh\u00fcllenden Geschmack.<\/p>\n<p><strong>2. Zu welchen Gerichten passt es am besten?<\/strong><br \/> <br \/>\nDank seiner Struktur und Aromatik passt er gut zu roten Fleischgerichten, Wild, w\u00fcrzigen Speisen und reifem K\u00e4se.<\/p>\n<p><strong>3. Bei welcher Temperatur sollte es serviert werden?<\/strong><br \/> <br \/>\nEs wird empfohlen, ihn zu servieren zwischen <strong>16\u00b0 und 18\u00b0C<\/strong> um seine organoleptischen Eigenschaften voll zur Geltung zu bringen.<\/p>\n<p><strong>4. Wie lange ist es in der Flasche haltbar?<\/strong><br \/> <br \/>\nDieser Primitivo kann dank seiner Struktur und Raffinesse jung genossen werden, kann aber auch einige Jahre reifen, was seine Komplexit\u00e4t noch erh\u00f6ht.<\/p>","protected":false},"excerpt":{"rendered":"<p>Primitivo del Salento IGP: ein intensiver Rotwein, der die Sinne mit seinen violetten T\u00f6nen und einem umh\u00fcllenden Aroma von Marmelade, Vanille und Schokolade umh\u00fcllt. Perfekt f\u00fcr gesellige Momente, zeichnet er sich durch seine Weichheit und Langlebigkeit aus, ideal um am Tisch mit reichhaltigen und schmackhaften Gerichten genossen zu werden.<\/p>","protected":false},"featured_media":1094,"comment_status":"closed","ping_status":"closed","template":"","meta":[],"product_brand":[18],"product_cat":[19],"product_tag":[163],"class_list":{"0":"post-82","1":"product","2":"type-product","3":"status-publish","4":"has-post-thumbnail","6":"product_brand-casa-vinicola-ciccariello","7":"product_cat-linea-premium","8":"product_tag-vino-rosso","9":"pa_annata-133","10":"pa_formato-17","11":"pa_linea-linea-premium","13":"first","14":"outofstock","15":"purchasable","16":"product-type-simple"},"yoast_head":"<!-- This site is optimized with the Yoast SEO plugin v27.2 - https:\/\/yoast.com\/product\/yoast-seo-wordpress\/ -->\n<title>Primitivo del Salento IGP | Casa Vinicola Ciccariello<\/title>\n<meta name=\"robots\" content=\"index, follow, max-snippet:-1, max-image-preview:large, max-video-preview:-1\" \/>\n<link rel=\"canonical\" href=\"https:\/\/casavinicolaciccariello.com\/de\/p\/primitivo-del-salento-igp\/\" \/>\n<meta property=\"og:locale\" content=\"de_DE\" \/>\n<meta property=\"og:type\" content=\"article\" \/>\n<meta property=\"og:title\" content=\"Primitivo del Salento IGP | Casa Vinicola Ciccariello\" \/>\n<meta property=\"og:description\" content=\"Primitivo del Salento IGP: un rosso intenso che avvolge i sensi con i suoi riflessi violacei e un profumo avvolgente di confettura, vaniglia e cioccolato. Perfetto per momenti di convivialit\u00e0, si distingue per la sua morbidezza e persistenza, ideale da gustare a tavola con piatti ricchi e saporiti.\" \/>\n<meta property=\"og:url\" content=\"https:\/\/casavinicolaciccariello.com\/de\/p\/primitivo-del-salento-igp\/\" \/>\n<meta property=\"og:site_name\" content=\"Casa Vinicola Ciccariello\" \/>\n<meta property=\"article:publisher\" content=\"https:\/\/www.facebook.com\/casavinicolaciccariello\" \/>\n<meta property=\"article:modified_time\" content=\"2026-03-26T15:14:55+00:00\" \/>\n<meta property=\"og:image\" content=\"https:\/\/casavinicolaciccariello.com\/wp-content\/uploads\/2025\/08\/676acaa1-8a49-40f3-98b2-5dbb2ee7aeae.jpeg\" \/>\n\t<meta property=\"og:image:width\" content=\"1707\" \/>\n\t<meta property=\"og:image:height\" content=\"2560\" \/>\n\t<meta property=\"og:image:type\" content=\"image\/jpeg\" \/>\n<meta name=\"twitter:card\" content=\"summary_large_image\" \/>\n<meta name=\"twitter:label1\" content=\"Gesch\u00e4tzte Lesezeit\" \/>\n\t<meta name=\"twitter:data1\" content=\"2\u00a0Minuten\" \/>\n<script type=\"application\/ld+json\" class=\"yoast-schema-graph\">{\"@context\":\"https:\/\/schema.org\",\"@graph\":[{\"@type\":\"WebPage\",\"@id\":\"https:\/\/casavinicolaciccariello.com\/p\/primitivo-del-salento-igp\/\",\"url\":\"https:\/\/casavinicolaciccariello.com\/p\/primitivo-del-salento-igp\/\",\"name\":\"Primitivo del Salento IGP | Casa Vinicola Ciccariello\",\"isPartOf\":{\"@id\":\"https:\/\/casavinicolaciccariello.com\/#website\"},\"primaryImageOfPage\":{\"@id\":\"https:\/\/casavinicolaciccariello.com\/p\/primitivo-del-salento-igp\/#primaryimage\"},\"image\":{\"@id\":\"https:\/\/casavinicolaciccariello.com\/p\/primitivo-del-salento-igp\/#primaryimage\"},\"thumbnailUrl\":\"https:\/\/casavinicolaciccariello.com\/wp-content\/uploads\/2025\/08\/676acaa1-8a49-40f3-98b2-5dbb2ee7aeae.jpeg\",\"datePublished\":\"2025-08-11T15:24:26+00:00\",\"dateModified\":\"2026-03-26T15:14:55+00:00\",\"breadcrumb\":{\"@id\":\"https:\/\/casavinicolaciccariello.com\/p\/primitivo-del-salento-igp\/#breadcrumb\"},\"inLanguage\":\"de\",\"potentialAction\":[{\"@type\":\"ReadAction\",\"target\":[\"https:\/\/casavinicolaciccariello.com\/p\/primitivo-del-salento-igp\/\"]}]},{\"@type\":\"ImageObject\",\"inLanguage\":\"de\",\"@id\":\"https:\/\/casavinicolaciccariello.com\/p\/primitivo-del-salento-igp\/#primaryimage\",\"url\":\"https:\/\/casavinicolaciccariello.com\/wp-content\/uploads\/2025\/08\/676acaa1-8a49-40f3-98b2-5dbb2ee7aeae.jpeg\",\"contentUrl\":\"https:\/\/casavinicolaciccariello.com\/wp-content\/uploads\/2025\/08\/676acaa1-8a49-40f3-98b2-5dbb2ee7aeae.jpeg\",\"width\":1707,\"height\":2560,\"caption\":\"Primitivo del Salento IGP Linea Premium | Casa Vinicola Ciccariello\"},{\"@type\":\"BreadcrumbList\",\"@id\":\"https:\/\/casavinicolaciccariello.com\/p\/primitivo-del-salento-igp\/#breadcrumb\",\"itemListElement\":[{\"@type\":\"ListItem\",\"position\":1,\"name\":\"Home\",\"item\":\"https:\/\/casavinicolaciccariello.com\/\"},{\"@type\":\"ListItem\",\"position\":2,\"name\":\"Shop\",\"item\":\"https:\/\/casavinicolaciccariello.com\/negozio\/\"},{\"@type\":\"ListItem\",\"position\":3,\"name\":\"Primitivo del Salento IGP\"}]},{\"@type\":\"WebSite\",\"@id\":\"https:\/\/casavinicolaciccariello.com\/#website\",\"url\":\"https:\/\/casavinicolaciccariello.com\/\",\"name\":\"Casa Vinicola Ciccariello\",\"description\":\"Dal 1966, la tradizione in ogni sorso.\",\"publisher\":{\"@id\":\"https:\/\/casavinicolaciccariello.com\/#organization\"},\"alternateName\":\"Cavici\",\"potentialAction\":[{\"@type\":\"SearchAction\",\"target\":{\"@type\":\"EntryPoint\",\"urlTemplate\":\"https:\/\/casavinicolaciccariello.com\/?s={search_term_string}\"},\"query-input\":{\"@type\":\"PropertyValueSpecification\",\"valueRequired\":true,\"valueName\":\"search_term_string\"}}],\"inLanguage\":\"de\"},{\"@type\":\"Organization\",\"@id\":\"https:\/\/casavinicolaciccariello.com\/#organization\",\"name\":\"Casa Vinicola Ciccariello\",\"alternateName\":\"CA.VI.CI SRL\",\"url\":\"https:\/\/casavinicolaciccariello.com\/\",\"logo\":{\"@type\":\"ImageObject\",\"inLanguage\":\"de\",\"@id\":\"https:\/\/casavinicolaciccariello.com\/#\/schema\/logo\/image\/\",\"url\":\"https:\/\/casavinicolaciccariello.com\/wp-content\/uploads\/2025\/03\/logo1200px.png\",\"contentUrl\":\"https:\/\/casavinicolaciccariello.com\/wp-content\/uploads\/2025\/03\/logo1200px.png\",\"width\":1200,\"height\":343,\"caption\":\"Casa Vinicola Ciccariello\"},\"image\":{\"@id\":\"https:\/\/casavinicolaciccariello.com\/#\/schema\/logo\/image\/\"},\"sameAs\":[\"https:\/\/www.facebook.com\/casavinicolaciccariello\",\"https:\/\/www.instagram.com\/casa_vinicola_ciccariello\/\"]}]}<\/script>\n<!-- \/ Yoast SEO plugin. -->","yoast_head_json":{"title":"Primitivo del Salento IGP | Casa Vinicola Ciccariello","robots":{"index":"index","follow":"follow","max-snippet":"max-snippet:-1","max-image-preview":"max-image-preview:large","max-video-preview":"max-video-preview:-1"},"canonical":"https:\/\/casavinicolaciccariello.com\/de\/p\/primitivo-del-salento-igp\/","og_locale":"de_DE","og_type":"article","og_title":"Primitivo del Salento IGP | Casa Vinicola Ciccariello","og_description":"Primitivo del Salento IGP: un rosso intenso che avvolge i sensi con i suoi riflessi violacei e un profumo avvolgente di confettura, vaniglia e cioccolato. Perfetto per momenti di convivialit\u00e0, si distingue per la sua morbidezza e persistenza, ideale da gustare a tavola con piatti ricchi e saporiti.","og_url":"https:\/\/casavinicolaciccariello.com\/de\/p\/primitivo-del-salento-igp\/","og_site_name":"Casa Vinicola Ciccariello","article_publisher":"https:\/\/www.facebook.com\/casavinicolaciccariello","article_modified_time":"2026-03-26T15:14:55+00:00","og_image":[{"width":1707,"height":2560,"url":"https:\/\/casavinicolaciccariello.com\/wp-content\/uploads\/2025\/08\/676acaa1-8a49-40f3-98b2-5dbb2ee7aeae.jpeg","type":"image\/jpeg"}],"twitter_card":"summary_large_image","twitter_misc":{"Gesch\u00e4tzte Lesezeit":"2\u00a0Minuten"},"schema":{"@context":"https:\/\/schema.org","@graph":[{"@type":"WebPage","@id":"https:\/\/casavinicolaciccariello.com\/p\/primitivo-del-salento-igp\/","url":"https:\/\/casavinicolaciccariello.com\/p\/primitivo-del-salento-igp\/","name":"Primitivo del Salento IGP | Casa Vinicola Ciccariello","isPartOf":{"@id":"https:\/\/casavinicolaciccariello.com\/#website"},"primaryImageOfPage":{"@id":"https:\/\/casavinicolaciccariello.com\/p\/primitivo-del-salento-igp\/#primaryimage"},"image":{"@id":"https:\/\/casavinicolaciccariello.com\/p\/primitivo-del-salento-igp\/#primaryimage"},"thumbnailUrl":"https:\/\/casavinicolaciccariello.com\/wp-content\/uploads\/2025\/08\/676acaa1-8a49-40f3-98b2-5dbb2ee7aeae.jpeg","datePublished":"2025-08-11T15:24:26+00:00","dateModified":"2026-03-26T15:14:55+00:00","breadcrumb":{"@id":"https:\/\/casavinicolaciccariello.com\/p\/primitivo-del-salento-igp\/#breadcrumb"},"inLanguage":"de","potentialAction":[{"@type":"ReadAction","target":["https:\/\/casavinicolaciccariello.com\/p\/primitivo-del-salento-igp\/"]}]},{"@type":"ImageObject","inLanguage":"de","@id":"https:\/\/casavinicolaciccariello.com\/p\/primitivo-del-salento-igp\/#primaryimage","url":"https:\/\/casavinicolaciccariello.com\/wp-content\/uploads\/2025\/08\/676acaa1-8a49-40f3-98b2-5dbb2ee7aeae.jpeg","contentUrl":"https:\/\/casavinicolaciccariello.com\/wp-content\/uploads\/2025\/08\/676acaa1-8a49-40f3-98b2-5dbb2ee7aeae.jpeg","width":1707,"height":2560,"caption":"Primitivo del Salento IGP Linea Premium | Casa Vinicola Ciccariello"},{"@type":"BreadcrumbList","@id":"https:\/\/casavinicolaciccariello.com\/p\/primitivo-del-salento-igp\/#breadcrumb","itemListElement":[{"@type":"ListItem","position":1,"name":"Home","item":"https:\/\/casavinicolaciccariello.com\/"},{"@type":"ListItem","position":2,"name":"Shop","item":"https:\/\/casavinicolaciccariello.com\/negozio\/"},{"@type":"ListItem","position":3,"name":"Primitivo del Salento IGP"}]},{"@type":"WebSite","@id":"https:\/\/casavinicolaciccariello.com\/#website","url":"https:\/\/casavinicolaciccariello.com\/","name":"Casa Vinicola Ciccariello","description":"Dal 1966, la tradizione in ogni sorso.","publisher":{"@id":"https:\/\/casavinicolaciccariello.com\/#organization"},"alternateName":"Cavici","potentialAction":[{"@type":"SearchAction","target":{"@type":"EntryPoint","urlTemplate":"https:\/\/casavinicolaciccariello.com\/?s={search_term_string}"},"query-input":{"@type":"PropertyValueSpecification","valueRequired":true,"valueName":"search_term_string"}}],"inLanguage":"de"},{"@type":"Organization","@id":"https:\/\/casavinicolaciccariello.com\/#organization","name":"Casa Vinicola Ciccariello","alternateName":"CA.VI.CI SRL","url":"https:\/\/casavinicolaciccariello.com\/","logo":{"@type":"ImageObject","inLanguage":"de","@id":"https:\/\/casavinicolaciccariello.com\/#\/schema\/logo\/image\/","url":"https:\/\/casavinicolaciccariello.com\/wp-content\/uploads\/2025\/03\/logo1200px.png","contentUrl":"https:\/\/casavinicolaciccariello.com\/wp-content\/uploads\/2025\/03\/logo1200px.png","width":1200,"height":343,"caption":"Casa Vinicola Ciccariello"},"image":{"@id":"https:\/\/casavinicolaciccariello.com\/#\/schema\/logo\/image\/"},"sameAs":["https:\/\/www.facebook.com\/casavinicolaciccariello","https:\/\/www.instagram.com\/casa_vinicola_ciccariello\/"]}]}},"_links":{"self":[{"href":"https:\/\/casavinicolaciccariello.com\/de\/wp-json\/wp\/v2\/product\/82","targetHints":{"allow":["GET"]}}],"collection":[{"href":"https:\/\/casavinicolaciccariello.com\/de\/wp-json\/wp\/v2\/product"}],"about":[{"href":"https:\/\/casavinicolaciccariello.com\/de\/wp-json\/wp\/v2\/types\/product"}],"replies":[{"embeddable":true,"href":"https:\/\/casavinicolaciccariello.com\/de\/wp-json\/wp\/v2\/comments?post=82"}],"wp:featuredmedia":[{"embeddable":true,"href":"https:\/\/casavinicolaciccariello.com\/de\/wp-json\/wp\/v2\/media\/1094"}],"wp:attachment":[{"href":"https:\/\/casavinicolaciccariello.com\/de\/wp-json\/wp\/v2\/media?parent=82"}],"wp:term":[{"taxonomy":"product_brand","embeddable":true,"href":"https:\/\/casavinicolaciccariello.com\/de\/wp-json\/wp\/v2\/product_brand?post=82"},{"taxonomy":"product_cat","embeddable":true,"href":"https:\/\/casavinicolaciccariello.com\/de\/wp-json\/wp\/v2\/product_cat?post=82"},{"taxonomy":"product_tag","embeddable":true,"href":"https:\/\/casavinicolaciccariello.com\/de\/wp-json\/wp\/v2\/product_tag?post=82"}],"curies":[{"name":"wp","href":"https:\/\/api.w.org\/{rel}","templated":true}]}}