{"id":83,"date":"2025-08-11T16:42:25","date_gmt":"2025-08-11T14:42:25","guid":{"rendered":"https:\/\/casavinicolaciccariello.com\/prodotto\/recis-vendemmia-tardiva-lazio-igt\/"},"modified":"2026-02-19T16:23:31","modified_gmt":"2026-02-19T15:23:31","slug":"recis-spate-ernte-lazio-igt","status":"publish","type":"product","link":"https:\/\/casavinicolaciccariello.com\/de\/p\/recis-spate-ernte-lazio-igt\/","title":{"rendered":"Recis Sp\u00e4tlese Lazio IGT"},"content":{"rendered":"<h2>Recis Vendemmia Tardiva Lazio IGT<\/h2>\n<p><strong>Eine \u00f6nologische Spitzenleistung, die das Herz des Latiums verk\u00f6rpert<\/strong> - Die <strong>Recis Vendemmia Tardiva Lazio IGT<\/strong> ist ein Meisterwerk an Eleganz und Raffinesse, das aus der sorgf\u00e4ltigen Auswahl der Trauben und der von Generation zu Generation weitergegebenen Leidenschaft in der Region Latium entstanden ist. Dieser Wein, der sorgf\u00e4ltig in der Premium-Linie hergestellt wird, zeichnet sich durch seine aromatische Komplexit\u00e4t und sein perfektes Gleichgewicht zwischen S\u00fc\u00dfe und Frische aus und bietet ein einzigartiges sensorisches Erlebnis.<\/p>\n<p>Das Ursprungsgebiet, das sich durch ein mildes Klima und fruchtbare B\u00f6den auszeichnet, tr\u00e4gt zum <strong>Recis Sp\u00e4tlese<\/strong> einen unverwechselbaren Charakter. Die sp\u00e4te Weinlese, die mit Sorgfalt und Respekt vor der Tradition durchgef\u00fchrt wird, erm\u00f6glicht eine langsame Reifung der Trauben und konzentriert in jeder Traube eine F\u00fclle von Aromen und Zucker, die zu einem Wein mit gro\u00dfer Pers\u00f6nlichkeit f\u00fchren. Der Alkoholgehalt von 15% unterstreicht den Reichtum und die Struktur dieses Nektars, der in der Lage ist, auch die anspruchsvollsten Gaumen zu bezaubern.<\/p>\n<p>Auf den ersten Blick ist die Farbe dieses Weins intensiv golden, fast bernsteinfarben, der Auftakt zu einem komplexen, umh\u00fcllenden Bouquet. Die aromatischen Noten entfalten sich mit Eleganz: Ankl\u00e4nge von Honig, Trockenobst, getrockneten Aprikosen und leichte Nuancen von s\u00fc\u00dfen Gew\u00fcrzen. Am Gaumen ist der <strong>Recis Sp\u00e4tlese<\/strong> zeichnet sich durch seine umh\u00fcllende Sanftheit, seine Langlebigkeit und seinen langen Abgang aus, der mit einem perfekten Gleichgewicht von S\u00fc\u00dfe und saurer Frische an die Geruchsempfindungen erinnert.<\/p>\n<h3>Passende Tipps<\/h3>\n<ul>\n<li>Gereifter K\u00e4se und Blauschimmelk\u00e4se<\/li>\n<li>Desserts aus Trockenfr\u00fcchten und dunkler Schokolade<\/li>\n<li>Traditionelle Desserts wie Aprikosen- oder Feigenkuchen<\/li>\n<li>Verkostung von Desserts und feinem Geb\u00e4ck<\/li>\n<\/ul>\n<h3>Anl\u00e4sse f\u00fcr die Verwendung<\/h3>\n<p>Die <strong>Recis Vendemmia Tardiva Lazio IGT<\/strong> eignet sich perfekt f\u00fcr Momente der Geselligkeit und des Feierns, wie z. B. ein stilvolles Abendessen, einen besonderen Trinkspruch oder ein raffiniertes Dinner im Kreise von Freunden und Familie. Seine Komplexit\u00e4t und Eleganz machen ihn auch zum idealen Begleiter f\u00fcr Momente der Entspannung und Kontemplation, die den Charme und die Geschichte einer traditionsreichen Gegend widerspiegeln.<\/p>\n<h3>Geschichtenerz\u00e4hlen und Tradition<\/h3>\n<p>Die Region Latium, ein Land mit tausendj\u00e4hriger Geschichte und bezaubernden Landschaften, war schon immer ein Kreuzungspunkt von Kulturen und Geschm\u00e4ckern. Die Sp\u00e4tlese, die handwerklich und im Einklang mit den Jahreszeiten durchgef\u00fchrt wird, hat ihre Wurzeln in dieser alten Tradition, die von Generation zu Generation weitergegeben wird. Die <strong>Recis Sp\u00e4tlese<\/strong> verk\u00f6rpert die Seele dieses Landes und ist in der Lage, Weine von gro\u00dfer Pers\u00f6nlichkeit zu erzeugen, die von Leidenschaft, Hingabe und Respekt vor der Natur erz\u00e4hlen.<\/p>\n<h3>FAQ<\/h3>\n<p><strong>1. Was ist die ideale Serviertemperatur?<\/strong><br \/>\nEs wird empfohlen, diesen Wein bei einer Temperatur von 10-12\u00b0C zu servieren, um seine organoleptischen Eigenschaften voll zur Geltung zu bringen.<\/p>\n<p><strong>2. Zu welchen Gerichten passt es am besten?<\/strong><br \/>\nEr passt hervorragend zu reifen K\u00e4sesorten, Desserts mit Trockenfr\u00fcchten, Aprikosenkuchen und Desserts mit dunkler Schokolade.<\/p>\n<p><strong>3. Kann sie auf Dauer erhalten werden?<\/strong><br \/>\nJa, dank seiner Struktur und Komplexit\u00e4t kann er sich auch im Laufe der Jahre positiv entwickeln und weitere Geschmacksnuancen annehmen.<\/p>\n<p><strong>4. Welche Bedeutung hat die sp\u00e4te Ernte?<\/strong><br \/>\nDurch die sp\u00e4te Lese k\u00f6nnen sich die Aromen und der Zucker in den Trauben konzentrieren, was zu s\u00fc\u00dfen und intensiven Weinen von gro\u00dfer Eleganz f\u00fchrt, wie dem Recis.<\/p>","protected":false},"excerpt":{"rendered":"<p>Recis Vendemmia Tardiva Lazio IGT: ein umh\u00fcllender Nektar, der mit seiner Intensit\u00e4t und Raffinesse die S\u00fc\u00dfe der Vorfreude zelebriert. Perfekt f\u00fcr besondere Trinkspr\u00fcche und Momente der reinen Geselligkeit, die mit jedem Schluck eine unvergessliche Erinnerung hinterlassen.<\/p>","protected":false},"featured_media":1148,"comment_status":"closed","ping_status":"closed","template":"","meta":[],"product_brand":[18],"product_cat":[19],"product_tag":[],"class_list":{"0":"post-83","1":"product","2":"type-product","3":"status-publish","4":"has-post-thumbnail","6":"product_brand-casa-vinicola-ciccariello","7":"product_cat-linea-premium","8":"pa_annata-131","9":"pa_formato-23","10":"pa_linea-linea-premium","12":"first","13":"instock","14":"purchasable","15":"product-type-simple"},"yoast_head":"<!-- This site is optimized with the Yoast SEO plugin v27.2 - https:\/\/yoast.com\/product\/yoast-seo-wordpress\/ -->\n<title>Recis vendemmia tardiva Lazio IGT | Casa Vinicola Ciccariello<\/title>\n<meta name=\"robots\" content=\"index, follow, max-snippet:-1, max-image-preview:large, max-video-preview:-1\" \/>\n<link rel=\"canonical\" href=\"https:\/\/casavinicolaciccariello.com\/de\/p\/recis-spate-ernte-lazio-igt\/\" \/>\n<meta property=\"og:locale\" content=\"de_DE\" \/>\n<meta property=\"og:type\" content=\"article\" \/>\n<meta property=\"og:title\" content=\"Recis vendemmia tardiva Lazio IGT | Casa Vinicola Ciccariello\" \/>\n<meta property=\"og:description\" content=\"Recis Vendemmia Tardiva Lazio IGT: un nettare avvolgente che celebra la dolcezza dell\u2019attesa, con la sua intensit\u00e0 e raffinatezza. Perfetto per brindisi speciali e momenti di pura convivialit\u00e0, lasciando un ricordo indimenticabile di ogni sorso.\" \/>\n<meta property=\"og:url\" content=\"https:\/\/casavinicolaciccariello.com\/de\/p\/recis-spate-ernte-lazio-igt\/\" \/>\n<meta property=\"og:site_name\" content=\"Casa Vinicola Ciccariello\" \/>\n<meta property=\"article:publisher\" content=\"https:\/\/www.facebook.com\/casavinicolaciccariello\" \/>\n<meta property=\"article:modified_time\" content=\"2026-02-19T15:23:31+00:00\" \/>\n<meta property=\"og:image\" content=\"https:\/\/casavinicolaciccariello.com\/wp-content\/uploads\/2025\/08\/recis.jpeg\" \/>\n\t<meta property=\"og:image:width\" content=\"1024\" \/>\n\t<meta property=\"og:image:height\" content=\"1536\" \/>\n\t<meta property=\"og:image:type\" content=\"image\/jpeg\" \/>\n<meta name=\"twitter:card\" content=\"summary_large_image\" \/>\n<meta name=\"twitter:label1\" content=\"Gesch\u00e4tzte Lesezeit\" \/>\n\t<meta name=\"twitter:data1\" content=\"3\u00a0Minuten\" \/>\n<script type=\"application\/ld+json\" class=\"yoast-schema-graph\">{\"@context\":\"https:\/\/schema.org\",\"@graph\":[{\"@type\":\"WebPage\",\"@id\":\"https:\/\/casavinicolaciccariello.com\/p\/recis-vendemmia-tardiva-lazio-igt\/\",\"url\":\"https:\/\/casavinicolaciccariello.com\/p\/recis-vendemmia-tardiva-lazio-igt\/\",\"name\":\"Recis vendemmia tardiva Lazio IGT | Casa Vinicola Ciccariello\",\"isPartOf\":{\"@id\":\"https:\/\/casavinicolaciccariello.com\/#website\"},\"primaryImageOfPage\":{\"@id\":\"https:\/\/casavinicolaciccariello.com\/p\/recis-vendemmia-tardiva-lazio-igt\/#primaryimage\"},\"image\":{\"@id\":\"https:\/\/casavinicolaciccariello.com\/p\/recis-vendemmia-tardiva-lazio-igt\/#primaryimage\"},\"thumbnailUrl\":\"https:\/\/casavinicolaciccariello.com\/wp-content\/uploads\/2025\/08\/recis.jpeg\",\"datePublished\":\"2025-08-11T14:42:25+00:00\",\"dateModified\":\"2026-02-19T15:23:31+00:00\",\"breadcrumb\":{\"@id\":\"https:\/\/casavinicolaciccariello.com\/p\/recis-vendemmia-tardiva-lazio-igt\/#breadcrumb\"},\"inLanguage\":\"de\",\"potentialAction\":[{\"@type\":\"ReadAction\",\"target\":[\"https:\/\/casavinicolaciccariello.com\/p\/recis-vendemmia-tardiva-lazio-igt\/\"]}]},{\"@type\":\"ImageObject\",\"inLanguage\":\"de\",\"@id\":\"https:\/\/casavinicolaciccariello.com\/p\/recis-vendemmia-tardiva-lazio-igt\/#primaryimage\",\"url\":\"https:\/\/casavinicolaciccariello.com\/wp-content\/uploads\/2025\/08\/recis.jpeg\",\"contentUrl\":\"https:\/\/casavinicolaciccariello.com\/wp-content\/uploads\/2025\/08\/recis.jpeg\",\"width\":1024,\"height\":1536,\"caption\":\"Recis vendemmia tardiva Lazio IGT, Linea Premium\"},{\"@type\":\"BreadcrumbList\",\"@id\":\"https:\/\/casavinicolaciccariello.com\/p\/recis-vendemmia-tardiva-lazio-igt\/#breadcrumb\",\"itemListElement\":[{\"@type\":\"ListItem\",\"position\":1,\"name\":\"Home\",\"item\":\"https:\/\/casavinicolaciccariello.com\/\"},{\"@type\":\"ListItem\",\"position\":2,\"name\":\"Shop\",\"item\":\"https:\/\/casavinicolaciccariello.com\/negozio\/\"},{\"@type\":\"ListItem\",\"position\":3,\"name\":\"Recis vendemmia tardiva Lazio IGT\"}]},{\"@type\":\"WebSite\",\"@id\":\"https:\/\/casavinicolaciccariello.com\/#website\",\"url\":\"https:\/\/casavinicolaciccariello.com\/\",\"name\":\"Casa Vinicola Ciccariello\",\"description\":\"Dal 1966, la tradizione in ogni sorso.\",\"publisher\":{\"@id\":\"https:\/\/casavinicolaciccariello.com\/#organization\"},\"alternateName\":\"Cavici\",\"potentialAction\":[{\"@type\":\"SearchAction\",\"target\":{\"@type\":\"EntryPoint\",\"urlTemplate\":\"https:\/\/casavinicolaciccariello.com\/?s={search_term_string}\"},\"query-input\":{\"@type\":\"PropertyValueSpecification\",\"valueRequired\":true,\"valueName\":\"search_term_string\"}}],\"inLanguage\":\"de\"},{\"@type\":\"Organization\",\"@id\":\"https:\/\/casavinicolaciccariello.com\/#organization\",\"name\":\"Casa Vinicola Ciccariello\",\"alternateName\":\"CA.VI.CI SRL\",\"url\":\"https:\/\/casavinicolaciccariello.com\/\",\"logo\":{\"@type\":\"ImageObject\",\"inLanguage\":\"de\",\"@id\":\"https:\/\/casavinicolaciccariello.com\/#\/schema\/logo\/image\/\",\"url\":\"https:\/\/casavinicolaciccariello.com\/wp-content\/uploads\/2025\/03\/logo1200px.png\",\"contentUrl\":\"https:\/\/casavinicolaciccariello.com\/wp-content\/uploads\/2025\/03\/logo1200px.png\",\"width\":1200,\"height\":343,\"caption\":\"Casa Vinicola Ciccariello\"},\"image\":{\"@id\":\"https:\/\/casavinicolaciccariello.com\/#\/schema\/logo\/image\/\"},\"sameAs\":[\"https:\/\/www.facebook.com\/casavinicolaciccariello\",\"https:\/\/www.instagram.com\/casa_vinicola_ciccariello\/\"]}]}<\/script>\n<!-- \/ Yoast SEO plugin. -->","yoast_head_json":{"title":"Recis vendemmia tardiva Lazio IGT | Casa Vinicola Ciccariello","robots":{"index":"index","follow":"follow","max-snippet":"max-snippet:-1","max-image-preview":"max-image-preview:large","max-video-preview":"max-video-preview:-1"},"canonical":"https:\/\/casavinicolaciccariello.com\/de\/p\/recis-spate-ernte-lazio-igt\/","og_locale":"de_DE","og_type":"article","og_title":"Recis vendemmia tardiva Lazio IGT | Casa Vinicola Ciccariello","og_description":"Recis Vendemmia Tardiva Lazio IGT: un nettare avvolgente che celebra la dolcezza dell\u2019attesa, con la sua intensit\u00e0 e raffinatezza. Perfetto per brindisi speciali e momenti di pura convivialit\u00e0, lasciando un ricordo indimenticabile di ogni sorso.","og_url":"https:\/\/casavinicolaciccariello.com\/de\/p\/recis-spate-ernte-lazio-igt\/","og_site_name":"Casa Vinicola Ciccariello","article_publisher":"https:\/\/www.facebook.com\/casavinicolaciccariello","article_modified_time":"2026-02-19T15:23:31+00:00","og_image":[{"width":1024,"height":1536,"url":"https:\/\/casavinicolaciccariello.com\/wp-content\/uploads\/2025\/08\/recis.jpeg","type":"image\/jpeg"}],"twitter_card":"summary_large_image","twitter_misc":{"Gesch\u00e4tzte Lesezeit":"3\u00a0Minuten"},"schema":{"@context":"https:\/\/schema.org","@graph":[{"@type":"WebPage","@id":"https:\/\/casavinicolaciccariello.com\/p\/recis-vendemmia-tardiva-lazio-igt\/","url":"https:\/\/casavinicolaciccariello.com\/p\/recis-vendemmia-tardiva-lazio-igt\/","name":"Recis vendemmia tardiva Lazio IGT | Casa Vinicola Ciccariello","isPartOf":{"@id":"https:\/\/casavinicolaciccariello.com\/#website"},"primaryImageOfPage":{"@id":"https:\/\/casavinicolaciccariello.com\/p\/recis-vendemmia-tardiva-lazio-igt\/#primaryimage"},"image":{"@id":"https:\/\/casavinicolaciccariello.com\/p\/recis-vendemmia-tardiva-lazio-igt\/#primaryimage"},"thumbnailUrl":"https:\/\/casavinicolaciccariello.com\/wp-content\/uploads\/2025\/08\/recis.jpeg","datePublished":"2025-08-11T14:42:25+00:00","dateModified":"2026-02-19T15:23:31+00:00","breadcrumb":{"@id":"https:\/\/casavinicolaciccariello.com\/p\/recis-vendemmia-tardiva-lazio-igt\/#breadcrumb"},"inLanguage":"de","potentialAction":[{"@type":"ReadAction","target":["https:\/\/casavinicolaciccariello.com\/p\/recis-vendemmia-tardiva-lazio-igt\/"]}]},{"@type":"ImageObject","inLanguage":"de","@id":"https:\/\/casavinicolaciccariello.com\/p\/recis-vendemmia-tardiva-lazio-igt\/#primaryimage","url":"https:\/\/casavinicolaciccariello.com\/wp-content\/uploads\/2025\/08\/recis.jpeg","contentUrl":"https:\/\/casavinicolaciccariello.com\/wp-content\/uploads\/2025\/08\/recis.jpeg","width":1024,"height":1536,"caption":"Recis vendemmia tardiva Lazio IGT, Linea Premium"},{"@type":"BreadcrumbList","@id":"https:\/\/casavinicolaciccariello.com\/p\/recis-vendemmia-tardiva-lazio-igt\/#breadcrumb","itemListElement":[{"@type":"ListItem","position":1,"name":"Home","item":"https:\/\/casavinicolaciccariello.com\/"},{"@type":"ListItem","position":2,"name":"Shop","item":"https:\/\/casavinicolaciccariello.com\/negozio\/"},{"@type":"ListItem","position":3,"name":"Recis vendemmia tardiva Lazio IGT"}]},{"@type":"WebSite","@id":"https:\/\/casavinicolaciccariello.com\/#website","url":"https:\/\/casavinicolaciccariello.com\/","name":"Casa Vinicola Ciccariello","description":"Dal 1966, la tradizione in ogni sorso.","publisher":{"@id":"https:\/\/casavinicolaciccariello.com\/#organization"},"alternateName":"Cavici","potentialAction":[{"@type":"SearchAction","target":{"@type":"EntryPoint","urlTemplate":"https:\/\/casavinicolaciccariello.com\/?s={search_term_string}"},"query-input":{"@type":"PropertyValueSpecification","valueRequired":true,"valueName":"search_term_string"}}],"inLanguage":"de"},{"@type":"Organization","@id":"https:\/\/casavinicolaciccariello.com\/#organization","name":"Casa Vinicola Ciccariello","alternateName":"CA.VI.CI SRL","url":"https:\/\/casavinicolaciccariello.com\/","logo":{"@type":"ImageObject","inLanguage":"de","@id":"https:\/\/casavinicolaciccariello.com\/#\/schema\/logo\/image\/","url":"https:\/\/casavinicolaciccariello.com\/wp-content\/uploads\/2025\/03\/logo1200px.png","contentUrl":"https:\/\/casavinicolaciccariello.com\/wp-content\/uploads\/2025\/03\/logo1200px.png","width":1200,"height":343,"caption":"Casa Vinicola Ciccariello"},"image":{"@id":"https:\/\/casavinicolaciccariello.com\/#\/schema\/logo\/image\/"},"sameAs":["https:\/\/www.facebook.com\/casavinicolaciccariello","https:\/\/www.instagram.com\/casa_vinicola_ciccariello\/"]}]}},"_links":{"self":[{"href":"https:\/\/casavinicolaciccariello.com\/de\/wp-json\/wp\/v2\/product\/83","targetHints":{"allow":["GET"]}}],"collection":[{"href":"https:\/\/casavinicolaciccariello.com\/de\/wp-json\/wp\/v2\/product"}],"about":[{"href":"https:\/\/casavinicolaciccariello.com\/de\/wp-json\/wp\/v2\/types\/product"}],"replies":[{"embeddable":true,"href":"https:\/\/casavinicolaciccariello.com\/de\/wp-json\/wp\/v2\/comments?post=83"}],"wp:featuredmedia":[{"embeddable":true,"href":"https:\/\/casavinicolaciccariello.com\/de\/wp-json\/wp\/v2\/media\/1148"}],"wp:attachment":[{"href":"https:\/\/casavinicolaciccariello.com\/de\/wp-json\/wp\/v2\/media?parent=83"}],"wp:term":[{"taxonomy":"product_brand","embeddable":true,"href":"https:\/\/casavinicolaciccariello.com\/de\/wp-json\/wp\/v2\/product_brand?post=83"},{"taxonomy":"product_cat","embeddable":true,"href":"https:\/\/casavinicolaciccariello.com\/de\/wp-json\/wp\/v2\/product_cat?post=83"},{"taxonomy":"product_tag","embeddable":true,"href":"https:\/\/casavinicolaciccariello.com\/de\/wp-json\/wp\/v2\/product_tag?post=83"}],"curies":[{"name":"wp","href":"https:\/\/api.w.org\/{rel}","templated":true}]}}