{"id":85,"date":"2025-08-11T17:29:26","date_gmt":"2025-08-11T15:29:26","guid":{"rendered":"https:\/\/casavinicolaciccariello.com\/prodotto\/bellone-igp-lazio\/"},"modified":"2025-08-11T17:29:26","modified_gmt":"2025-08-11T15:29:26","slug":"bellone-igp-lazio","status":"publish","type":"product","link":"https:\/\/casavinicolaciccariello.com\/de\/p\/bellone-igp-lazio\/","title":{"rendered":"Bellone g.g.A. Latium"},"content":{"rendered":"<h2>Bellone g.g.A. Latium - Cosmo Ciccariello Linie<\/h2>\n<p><strong>Ein Weinschatz aus dem Latium, ein reiner Ausdruck von Tradition und Gebiet<\/strong> - Die <strong>Bellone g.g.A. Latium<\/strong> der Cosmo-Linie von Ciccariello ist ein authentisches Zeugnis des weinbaulichen Erbes der Region Latium. Sorgf\u00e4ltig angebaut in den Weinbergen auf den sanften H\u00fcgeln der Provinz Latium, wird dieser Wein aus einer autochthonen Rebsorte, der Bellone, gewonnen, die mit ihrem einzigartigen Charakter und ihrer tausendj\u00e4hrigen Geschichte die Essenz des Landes verk\u00f6rpert, auf dem sie gedeiht.<\/p>\n<p>Die Farbe <strong>leuchtendes Strohgelb<\/strong> erwartet Sie ein intensives und umh\u00fcllendes Bouquet, in dem Noten von frischen Fr\u00fcchten wie Pfirsich und Aprikose wahrgenommen werden k\u00f6nnen, begleitet von zarten floralen Noten von Orangenbl\u00fcten und wei\u00dfen Blumen. Am Gaumen pr\u00e4sentiert sich der Bellone als ein Wein <strong>trocken, harmonisch und mit guter Ausdauer<\/strong>mit einer ausgewogenen Struktur, die seine nat\u00fcrliche Eleganz und Vielseitigkeit unterstreicht. Seine Frische und sein w\u00fcrziger Abgang machen ihn zu einem idealen Begleiter f\u00fcr gesellige Momente und zur Bereicherung besonderer Anl\u00e4sse.<\/p>\n<h3>Territorium und Tradition<\/h3>\n<p>Latium, ein Land, das reich an Geschichte, Kultur und Weinbautradition ist, h\u00fctet eifers\u00fcchtig die Bellone-Rebe, die seit Jahrhunderten auf seinen H\u00fcgeln und entlang seiner K\u00fcste angebaut wird. Die Herkunft dieser Rebe passt perfekt zur Seele des Latiums, wo das mediterrane Klima, die Sonneneinstrahlung und die B\u00f6den vulkanischen Ursprungs dazu beitragen, dem Wein einen unverwechselbaren, frischen und anhaltenden Charakter zu verleihen. Die Herstellung des Bellone ist tief verwurzelt, wird von Generation zu Generation weitergegeben und steht f\u00fcr die Identit\u00e4t eines Gebiets, das sich durch seine Authentizit\u00e4t und Qualit\u00e4t auszeichnet.<\/p>\n<h3>Passende Ratschl\u00e4ge und Anl\u00e4sse f\u00fcr die Verwendung<\/h3>\n<ul>\n<li>Fisch- und Schalentiergerichte<\/li>\n<li>Vorspeisen aus Meeresfr\u00fcchten<\/li>\n<li>Leichte Nudelgerichte mit delikaten So\u00dfen<\/li>\n<li>Gem\u00fctliche Aperitifs und entspannende Momente<\/li>\n<\/ul>\n<p>Ideal zum gek\u00fchlten Servieren bei einer Temperatur von <strong>8-10\u00b0C<\/strong>Der Bellone IGP Lazio eignet sich perfekt f\u00fcr informelle Mittagessen, sommerliche Abendessen im Freien und festliche Anl\u00e4sse und bringt die Frische und Eleganz der Region Latium auf den Tisch.<\/p>\n<h3>FAQ<\/h3>\n<p><strong>1. Welches sind die wichtigsten organoleptischen Merkmale von Bellone?<\/strong><br \/>\nBellone hat eine leuchtend strohgelbe Farbe, ein intensives Aroma mit Noten von frischen Fr\u00fcchten und wei\u00dfen Blumen und einen trockenen, ausgewogenen und anhaltenden Geschmack.<\/p>\n<p><strong>2. Bei welcher Temperatur ist es ratsam, ihn zu servieren?<\/strong><br \/>\nUm seine Qualit\u00e4ten voll zur Geltung zu bringen, empfiehlt es sich, ihn bei einer Temperatur zwischen 8 und 10 \u00b0C zu servieren.<\/p>\n<p><strong>3. Zu welchen Gerichten passt es am besten?<\/strong><br \/>\nDank seiner Frische und seines Geschmacks passt er ideal zu Fischgerichten, Krustentieren, Vorspeisen aus Meeresfr\u00fcchten und leichten Vorspeisen.<\/p>\n<p><strong>4. Wie lange ist es in der Flasche haltbar?<\/strong><br \/>\nDank seiner ausgewogenen Struktur kann der Bellone innerhalb von 2-3 Jahren nach der Abf\u00fcllung genossen werden und beh\u00e4lt dabei seine urspr\u00fcnglichen Eigenschaften bei.<\/p>","protected":false},"excerpt":{"rendered":"<p>Bellone IGP Lazio: ein Wein mit frischem und umh\u00fcllendem Charakter, der einen angenehmen Duft von Fr\u00fcchten und Blumen verstr\u00f6mt, begleitet von einem trockenen und harmonischen Geschmack. Ideal f\u00fcr gesellige Momente mit Fisch, frisch zu genie\u00dfen f\u00fcr ein authentisches sensorisches Erlebnis.<\/p>","protected":false},"featured_media":1084,"comment_status":"open","ping_status":"open","template":"","meta":[],"product_brand":[18],"product_cat":[25],"product_tag":[161],"class_list":{"0":"post-85","1":"product","2":"type-product","3":"status-publish","4":"has-post-thumbnail","6":"product_brand-casa-vinicola-ciccariello","7":"product_cat-linea-cosmo-ciccariello","8":"product_tag-vino-bianco","9":"pa_annata-132","10":"pa_formato-17","11":"pa_linea-linea-cosmo-ciccariello","13":"first","14":"instock","15":"purchasable","16":"product-type-simple"},"yoast_head":"<!-- This site is optimized with the Yoast SEO plugin v27.2 - https:\/\/yoast.com\/product\/yoast-seo-wordpress\/ -->\n<title>Bellone IGP Lazio | Casa Vinicola Ciccariello<\/title>\n<meta name=\"robots\" content=\"index, follow, max-snippet:-1, max-image-preview:large, max-video-preview:-1\" \/>\n<link rel=\"canonical\" href=\"https:\/\/casavinicolaciccariello.com\/de\/p\/bellone-igp-lazio\/\" \/>\n<meta property=\"og:locale\" content=\"de_DE\" \/>\n<meta property=\"og:type\" content=\"article\" \/>\n<meta property=\"og:title\" content=\"Bellone IGP Lazio | Casa Vinicola Ciccariello\" \/>\n<meta property=\"og:description\" content=\"Bellone IGP Lazio: un vino dal carattere fresco e avvolgente, che sprigiona un profumo gradevole di frutta e fiori, accompagnato da un gusto secco ed armonico. Ideale per momenti di convivialit\u00e0 a base di pesce, da gustare fresco per vivere un\u2019esperienza sensoriale autentica.\" \/>\n<meta property=\"og:url\" content=\"https:\/\/casavinicolaciccariello.com\/de\/p\/bellone-igp-lazio\/\" \/>\n<meta property=\"og:site_name\" content=\"Casa Vinicola Ciccariello\" \/>\n<meta property=\"article:publisher\" content=\"https:\/\/www.facebook.com\/casavinicolaciccariello\" \/>\n<meta property=\"og:image\" content=\"https:\/\/casavinicolaciccariello.com\/wp-content\/uploads\/2025\/08\/baa35dca-ddc1-4295-90be-df91d56b563b.jpeg\" \/>\n\t<meta property=\"og:image:width\" content=\"1707\" \/>\n\t<meta property=\"og:image:height\" content=\"2560\" \/>\n\t<meta property=\"og:image:type\" content=\"image\/jpeg\" \/>\n<meta name=\"twitter:card\" content=\"summary_large_image\" \/>\n<meta name=\"twitter:label1\" content=\"Gesch\u00e4tzte Lesezeit\" \/>\n\t<meta name=\"twitter:data1\" content=\"2\u00a0Minuten\" \/>\n<script type=\"application\/ld+json\" class=\"yoast-schema-graph\">{\"@context\":\"https:\/\/schema.org\",\"@graph\":[{\"@type\":\"WebPage\",\"@id\":\"https:\/\/casavinicolaciccariello.com\/p\/bellone-igp-lazio\/\",\"url\":\"https:\/\/casavinicolaciccariello.com\/p\/bellone-igp-lazio\/\",\"name\":\"Bellone IGP Lazio | Casa Vinicola Ciccariello\",\"isPartOf\":{\"@id\":\"https:\/\/casavinicolaciccariello.com\/#website\"},\"primaryImageOfPage\":{\"@id\":\"https:\/\/casavinicolaciccariello.com\/p\/bellone-igp-lazio\/#primaryimage\"},\"image\":{\"@id\":\"https:\/\/casavinicolaciccariello.com\/p\/bellone-igp-lazio\/#primaryimage\"},\"thumbnailUrl\":\"https:\/\/casavinicolaciccariello.com\/wp-content\/uploads\/2025\/08\/baa35dca-ddc1-4295-90be-df91d56b563b.jpeg\",\"datePublished\":\"2025-08-11T15:29:26+00:00\",\"breadcrumb\":{\"@id\":\"https:\/\/casavinicolaciccariello.com\/p\/bellone-igp-lazio\/#breadcrumb\"},\"inLanguage\":\"de\",\"potentialAction\":[{\"@type\":\"ReadAction\",\"target\":[\"https:\/\/casavinicolaciccariello.com\/p\/bellone-igp-lazio\/\"]}]},{\"@type\":\"ImageObject\",\"inLanguage\":\"de\",\"@id\":\"https:\/\/casavinicolaciccariello.com\/p\/bellone-igp-lazio\/#primaryimage\",\"url\":\"https:\/\/casavinicolaciccariello.com\/wp-content\/uploads\/2025\/08\/baa35dca-ddc1-4295-90be-df91d56b563b.jpeg\",\"contentUrl\":\"https:\/\/casavinicolaciccariello.com\/wp-content\/uploads\/2025\/08\/baa35dca-ddc1-4295-90be-df91d56b563b.jpeg\",\"width\":1707,\"height\":2560,\"caption\":\"Bellone IGP Lazio Linea Cosmo Ciccariello | Casa Vinicola Ciccariello\"},{\"@type\":\"BreadcrumbList\",\"@id\":\"https:\/\/casavinicolaciccariello.com\/p\/bellone-igp-lazio\/#breadcrumb\",\"itemListElement\":[{\"@type\":\"ListItem\",\"position\":1,\"name\":\"Home\",\"item\":\"https:\/\/casavinicolaciccariello.com\/\"},{\"@type\":\"ListItem\",\"position\":2,\"name\":\"Shop\",\"item\":\"https:\/\/casavinicolaciccariello.com\/negozio\/\"},{\"@type\":\"ListItem\",\"position\":3,\"name\":\"Bellone IGP Lazio\"}]},{\"@type\":\"WebSite\",\"@id\":\"https:\/\/casavinicolaciccariello.com\/#website\",\"url\":\"https:\/\/casavinicolaciccariello.com\/\",\"name\":\"Casa Vinicola Ciccariello\",\"description\":\"Dal 1966, la tradizione in ogni sorso.\",\"publisher\":{\"@id\":\"https:\/\/casavinicolaciccariello.com\/#organization\"},\"alternateName\":\"Cavici\",\"potentialAction\":[{\"@type\":\"SearchAction\",\"target\":{\"@type\":\"EntryPoint\",\"urlTemplate\":\"https:\/\/casavinicolaciccariello.com\/?s={search_term_string}\"},\"query-input\":{\"@type\":\"PropertyValueSpecification\",\"valueRequired\":true,\"valueName\":\"search_term_string\"}}],\"inLanguage\":\"de\"},{\"@type\":\"Organization\",\"@id\":\"https:\/\/casavinicolaciccariello.com\/#organization\",\"name\":\"Casa Vinicola Ciccariello\",\"alternateName\":\"CA.VI.CI SRL\",\"url\":\"https:\/\/casavinicolaciccariello.com\/\",\"logo\":{\"@type\":\"ImageObject\",\"inLanguage\":\"de\",\"@id\":\"https:\/\/casavinicolaciccariello.com\/#\/schema\/logo\/image\/\",\"url\":\"https:\/\/casavinicolaciccariello.com\/wp-content\/uploads\/2025\/03\/logo1200px.png\",\"contentUrl\":\"https:\/\/casavinicolaciccariello.com\/wp-content\/uploads\/2025\/03\/logo1200px.png\",\"width\":1200,\"height\":343,\"caption\":\"Casa Vinicola Ciccariello\"},\"image\":{\"@id\":\"https:\/\/casavinicolaciccariello.com\/#\/schema\/logo\/image\/\"},\"sameAs\":[\"https:\/\/www.facebook.com\/casavinicolaciccariello\",\"https:\/\/www.instagram.com\/casa_vinicola_ciccariello\/\"]}]}<\/script>\n<!-- \/ Yoast SEO plugin. -->","yoast_head_json":{"title":"Bellone IGP Lazio | Casa Vinicola Ciccariello","robots":{"index":"index","follow":"follow","max-snippet":"max-snippet:-1","max-image-preview":"max-image-preview:large","max-video-preview":"max-video-preview:-1"},"canonical":"https:\/\/casavinicolaciccariello.com\/de\/p\/bellone-igp-lazio\/","og_locale":"de_DE","og_type":"article","og_title":"Bellone IGP Lazio | Casa Vinicola Ciccariello","og_description":"Bellone IGP Lazio: un vino dal carattere fresco e avvolgente, che sprigiona un profumo gradevole di frutta e fiori, accompagnato da un gusto secco ed armonico. Ideale per momenti di convivialit\u00e0 a base di pesce, da gustare fresco per vivere un\u2019esperienza sensoriale autentica.","og_url":"https:\/\/casavinicolaciccariello.com\/de\/p\/bellone-igp-lazio\/","og_site_name":"Casa Vinicola Ciccariello","article_publisher":"https:\/\/www.facebook.com\/casavinicolaciccariello","og_image":[{"width":1707,"height":2560,"url":"https:\/\/casavinicolaciccariello.com\/wp-content\/uploads\/2025\/08\/baa35dca-ddc1-4295-90be-df91d56b563b.jpeg","type":"image\/jpeg"}],"twitter_card":"summary_large_image","twitter_misc":{"Gesch\u00e4tzte Lesezeit":"2\u00a0Minuten"},"schema":{"@context":"https:\/\/schema.org","@graph":[{"@type":"WebPage","@id":"https:\/\/casavinicolaciccariello.com\/p\/bellone-igp-lazio\/","url":"https:\/\/casavinicolaciccariello.com\/p\/bellone-igp-lazio\/","name":"Bellone IGP Lazio | Casa Vinicola Ciccariello","isPartOf":{"@id":"https:\/\/casavinicolaciccariello.com\/#website"},"primaryImageOfPage":{"@id":"https:\/\/casavinicolaciccariello.com\/p\/bellone-igp-lazio\/#primaryimage"},"image":{"@id":"https:\/\/casavinicolaciccariello.com\/p\/bellone-igp-lazio\/#primaryimage"},"thumbnailUrl":"https:\/\/casavinicolaciccariello.com\/wp-content\/uploads\/2025\/08\/baa35dca-ddc1-4295-90be-df91d56b563b.jpeg","datePublished":"2025-08-11T15:29:26+00:00","breadcrumb":{"@id":"https:\/\/casavinicolaciccariello.com\/p\/bellone-igp-lazio\/#breadcrumb"},"inLanguage":"de","potentialAction":[{"@type":"ReadAction","target":["https:\/\/casavinicolaciccariello.com\/p\/bellone-igp-lazio\/"]}]},{"@type":"ImageObject","inLanguage":"de","@id":"https:\/\/casavinicolaciccariello.com\/p\/bellone-igp-lazio\/#primaryimage","url":"https:\/\/casavinicolaciccariello.com\/wp-content\/uploads\/2025\/08\/baa35dca-ddc1-4295-90be-df91d56b563b.jpeg","contentUrl":"https:\/\/casavinicolaciccariello.com\/wp-content\/uploads\/2025\/08\/baa35dca-ddc1-4295-90be-df91d56b563b.jpeg","width":1707,"height":2560,"caption":"Bellone IGP Lazio Linea Cosmo Ciccariello | Casa Vinicola Ciccariello"},{"@type":"BreadcrumbList","@id":"https:\/\/casavinicolaciccariello.com\/p\/bellone-igp-lazio\/#breadcrumb","itemListElement":[{"@type":"ListItem","position":1,"name":"Home","item":"https:\/\/casavinicolaciccariello.com\/"},{"@type":"ListItem","position":2,"name":"Shop","item":"https:\/\/casavinicolaciccariello.com\/negozio\/"},{"@type":"ListItem","position":3,"name":"Bellone IGP Lazio"}]},{"@type":"WebSite","@id":"https:\/\/casavinicolaciccariello.com\/#website","url":"https:\/\/casavinicolaciccariello.com\/","name":"Casa Vinicola Ciccariello","description":"Dal 1966, la tradizione in ogni sorso.","publisher":{"@id":"https:\/\/casavinicolaciccariello.com\/#organization"},"alternateName":"Cavici","potentialAction":[{"@type":"SearchAction","target":{"@type":"EntryPoint","urlTemplate":"https:\/\/casavinicolaciccariello.com\/?s={search_term_string}"},"query-input":{"@type":"PropertyValueSpecification","valueRequired":true,"valueName":"search_term_string"}}],"inLanguage":"de"},{"@type":"Organization","@id":"https:\/\/casavinicolaciccariello.com\/#organization","name":"Casa Vinicola Ciccariello","alternateName":"CA.VI.CI SRL","url":"https:\/\/casavinicolaciccariello.com\/","logo":{"@type":"ImageObject","inLanguage":"de","@id":"https:\/\/casavinicolaciccariello.com\/#\/schema\/logo\/image\/","url":"https:\/\/casavinicolaciccariello.com\/wp-content\/uploads\/2025\/03\/logo1200px.png","contentUrl":"https:\/\/casavinicolaciccariello.com\/wp-content\/uploads\/2025\/03\/logo1200px.png","width":1200,"height":343,"caption":"Casa Vinicola Ciccariello"},"image":{"@id":"https:\/\/casavinicolaciccariello.com\/#\/schema\/logo\/image\/"},"sameAs":["https:\/\/www.facebook.com\/casavinicolaciccariello","https:\/\/www.instagram.com\/casa_vinicola_ciccariello\/"]}]}},"_links":{"self":[{"href":"https:\/\/casavinicolaciccariello.com\/de\/wp-json\/wp\/v2\/product\/85","targetHints":{"allow":["GET"]}}],"collection":[{"href":"https:\/\/casavinicolaciccariello.com\/de\/wp-json\/wp\/v2\/product"}],"about":[{"href":"https:\/\/casavinicolaciccariello.com\/de\/wp-json\/wp\/v2\/types\/product"}],"replies":[{"embeddable":true,"href":"https:\/\/casavinicolaciccariello.com\/de\/wp-json\/wp\/v2\/comments?post=85"}],"wp:featuredmedia":[{"embeddable":true,"href":"https:\/\/casavinicolaciccariello.com\/de\/wp-json\/wp\/v2\/media\/1084"}],"wp:attachment":[{"href":"https:\/\/casavinicolaciccariello.com\/de\/wp-json\/wp\/v2\/media?parent=85"}],"wp:term":[{"taxonomy":"product_brand","embeddable":true,"href":"https:\/\/casavinicolaciccariello.com\/de\/wp-json\/wp\/v2\/product_brand?post=85"},{"taxonomy":"product_cat","embeddable":true,"href":"https:\/\/casavinicolaciccariello.com\/de\/wp-json\/wp\/v2\/product_cat?post=85"},{"taxonomy":"product_tag","embeddable":true,"href":"https:\/\/casavinicolaciccariello.com\/de\/wp-json\/wp\/v2\/product_tag?post=85"}],"curies":[{"name":"wp","href":"https:\/\/api.w.org\/{rel}","templated":true}]}}