{"id":86,"date":"2025-08-11T16:43:20","date_gmt":"2025-08-11T14:43:20","guid":{"rendered":"https:\/\/casavinicolaciccariello.com\/prodotto\/chardonnay-igp-lazio\/"},"modified":"2025-08-11T17:15:36","modified_gmt":"2025-08-11T15:15:36","slug":"chardonnay-igp-lazio","status":"publish","type":"product","link":"https:\/\/casavinicolaciccariello.com\/de\/p\/chardonnay-igp-lazio\/","title":{"rendered":"Chardonnay g.g.A. Latium"},"content":{"rendered":"<h2>Chardonnay g.g.A. Latium<\/h2>\n<p><strong>Ein Juwel der Linie Cosmo Ciccariello, ein reiner Ausdruck des Terroirs von Latium<\/strong> - Die <strong>Chardonnay g.g.A. Latium 2024<\/strong> verk\u00f6rpert die Eleganz und Raffinesse einer der am meisten bewunderten Rebsorten der Welt, neu interpretiert durch die Tradition und das handwerkliche K\u00f6nnen der Kellerei Ciccariello. Dieser Wein, der in den fruchtbaren B\u00f6den Latiums angebaut wird, zeichnet sich durch seine zarte Pers\u00f6nlichkeit und sein raffiniertes aromatisches Profil aus, das Ergebnis eines perfekten Gleichgewichts zwischen Weinberg und Terroir.<\/p>\n<p>Die Farbe <strong>helles Strohgelb<\/strong> l\u00e4utet ein raffiniertes Bukett ein, in dem Ankl\u00e4nge von <strong>frische Ananas<\/strong> und tropischen Fr\u00fcchten, umh\u00fcllt von einem zarten, fruchtigen Bouquet, das zum Entdecken einl\u00e4dt. Beim ersten Schluck offenbart sich der Wein <strong>elegant und harmonisch<\/strong>mit einer weichen Struktur, die sich zu einem anhaltenden und erfrischenden Abgang ausdehnt. Die leicht s\u00e4uerliche Note macht diese Flasche zum idealen Begleiter f\u00fcr gesellige und leichte Momente, ohne jemals an Klasse zu verlieren.<\/p>\n<p>Die <strong>Weintrauben<\/strong> Der f\u00fcr den 90% aus Chardonnay und f\u00fcr den 10% aus Malvasia komponierte Wein verleiht diesem Angebot einen unverwechselbaren Charakter, der die Berufung des Gebiets Latium und die Erfahrung von Ciccariello in der Herstellung von Qualit\u00e4tsweinen zum Ausdruck bringt. Bei der G\u00e4rung und dem Ausbau werden die raffiniertesten Techniken angewandt, wobei die Frische und der nat\u00fcrliche Duft der Trauben erhalten bleiben.<\/p>\n<h3>Passende Tipps<\/h3>\n<ul>\n<li>Magere Vorspeisen, wie Fischcarpaccio oder gegrilltes Gem\u00fcse<\/li>\n<li>Leichte und aromatische Kr\u00e4uterrisottos<\/li>\n<li>Gegrillte oder gebackene Fischgerichte<\/li>\n<li>Gebratener Fisch oder Schalentiere<\/li>\n<li>Auch ausgezeichnet als Aperitif, gek\u00fchlt serviert<\/li>\n<\/ul>\n<h3>Anl\u00e4sse f\u00fcr die Verwendung<\/h3>\n<p>Die <strong>Chardonnay g.g.A. Latium 2024<\/strong> eignet sich perfekt f\u00fcr gesellige Momente, informelle Abendessen und raffinierte Aperitifs. Seine Vielseitigkeit macht ihn auch ideal f\u00fcr elegantere Anl\u00e4sse, wie Gesch\u00e4ftsessen oder besondere Treffen, wo seine Feinheit die subtilsten Aromen hervorheben kann.<\/p>\n<h3>Eine Geschichte von Land und Leidenschaft<\/h3>\n<p>Latium, ein Land mit Geschichte und Weinbautradition, hat in dieser Interpretation des Chardonnay einen Weg gefunden, seine Berufung auf authentische und moderne Weise zum Ausdruck zu bringen. Die Leidenschaft der Familie Ciccariello f\u00fcr den Weinberg wurde von Generation zu Generation weitergegeben, wobei eine Philosophie des Respekts f\u00fcr das Land und die raffiniertesten Produktionstechniken verfolgt wurden. Das Ergebnis ist ein Wein, der die Seele eines Landes verk\u00f6rpert, das reich an Geschichte, Kultur und Artenvielfalt ist.<\/p>\n<h3>FAQ<\/h3>\n<p><strong>1. Bei welcher Temperatur sollte es serviert werden?<\/strong><br \/> <br \/>\nDie <strong>Chardonnay g.g.A. Latium<\/strong> Es wird empfohlen, die Speisen bei einer Temperatur von <strong>8-10\u00b0C<\/strong> um seine Frische und seinen Duft zu verbessern.<\/p>\n<p><strong>2. Was sind die wichtigsten sensorischen Merkmale?<\/strong><br \/> <br \/>\nDer Wein pr\u00e4sentiert ein <strong>feines und zartes Parf\u00fcm<\/strong>mit <strong>ein Hauch von Ananas<\/strong> und tropischen Fr\u00fcchten, und ein Geschmack <strong>frisch, harmonisch und anhaltend<\/strong>.<\/p>\n<p><strong>3. Zu welchen Gerichten passt es am besten?<\/strong><br \/> <br \/>\nEr passt ideal zu mageren Vorspeisen, Kr\u00e4uterrisotto und leichten Fischgerichten, eignet sich aber dank seiner Vielseitigkeit und Raffinesse auch hervorragend als Aperitif.<\/p>\n<p><strong>4. Wann ist die beste Zeit, ihn zu probieren?<\/strong><br \/> <br \/>\nSein frisches und zartes Profil macht ihn perfekt f\u00fcr informelle Anl\u00e4sse und elegante Momente im Laufe des Jahres.<\/p>","protected":false},"excerpt":{"rendered":"<p>Ciccariello Chardonnay IGP Lazio: ein Wei\u00dfwein von heller, strohgelber Farbe, der ein zartes, fruchtiges Bouquet mit Ankl\u00e4ngen an Ananas verstr\u00f6mt. Elegant und harmonisch, ist er der ideale Begleiter f\u00fcr raffinierte Aperitifs, leichte Vorspeisen und Fischgerichte und bietet mit jedem Schluck ein frisches und umh\u00fcllendes Erlebnis.<\/p>","protected":false},"featured_media":1089,"comment_status":"closed","ping_status":"open","template":"","meta":[],"product_brand":[18],"product_cat":[25],"product_tag":[161],"class_list":{"0":"post-86","1":"product","2":"type-product","3":"status-publish","4":"has-post-thumbnail","6":"product_brand-casa-vinicola-ciccariello","7":"product_cat-linea-cosmo-ciccariello","8":"product_tag-vino-bianco","9":"pa_annata-132","10":"pa_formato-17","11":"pa_linea-linea-cosmo-ciccariello","13":"first","14":"instock","15":"purchasable","16":"product-type-simple"},"yoast_head":"<!-- This site is optimized with the Yoast SEO plugin v27.2 - https:\/\/yoast.com\/product\/yoast-seo-wordpress\/ -->\n<title>Chardonnay IGP Lazio | Casa Vinicola Ciccariello<\/title>\n<meta name=\"robots\" content=\"index, follow, max-snippet:-1, max-image-preview:large, max-video-preview:-1\" \/>\n<link rel=\"canonical\" href=\"https:\/\/casavinicolaciccariello.com\/de\/p\/chardonnay-igp-lazio\/\" \/>\n<meta property=\"og:locale\" content=\"de_DE\" \/>\n<meta property=\"og:type\" content=\"article\" \/>\n<meta property=\"og:title\" content=\"Chardonnay IGP Lazio | Casa Vinicola Ciccariello\" \/>\n<meta property=\"og:description\" content=\"Ciccariello Chardonnay IGP Lazio: un bianco dal colore giallo paglierino scarico, che svela un profumo delicato e fruttato con accenni di ananas. Elegante e armonico, \u00e8 il compagno ideale di aperitivi raffinati, antipasti leggeri e piatti di pesce, regalando un\u2019esperienza fresca e avvolgente in ogni sorso.\" \/>\n<meta property=\"og:url\" content=\"https:\/\/casavinicolaciccariello.com\/de\/p\/chardonnay-igp-lazio\/\" \/>\n<meta property=\"og:site_name\" content=\"Casa Vinicola Ciccariello\" \/>\n<meta property=\"article:publisher\" content=\"https:\/\/www.facebook.com\/casavinicolaciccariello\" \/>\n<meta property=\"article:modified_time\" content=\"2025-08-11T15:15:36+00:00\" \/>\n<meta property=\"og:image\" content=\"https:\/\/casavinicolaciccariello.com\/wp-content\/uploads\/2025\/08\/3112d1d2-f4bf-47fb-a2cb-e4d8b52b8a63.jpeg\" \/>\n\t<meta property=\"og:image:width\" content=\"1707\" \/>\n\t<meta property=\"og:image:height\" content=\"2560\" \/>\n\t<meta property=\"og:image:type\" content=\"image\/jpeg\" \/>\n<meta name=\"twitter:card\" content=\"summary_large_image\" \/>\n<meta name=\"twitter:label1\" content=\"Gesch\u00e4tzte Lesezeit\" \/>\n\t<meta name=\"twitter:data1\" content=\"2\u00a0Minuten\" \/>\n<script type=\"application\/ld+json\" class=\"yoast-schema-graph\">{\"@context\":\"https:\/\/schema.org\",\"@graph\":[{\"@type\":\"WebPage\",\"@id\":\"https:\/\/casavinicolaciccariello.com\/p\/chardonnay-igp-lazio\/\",\"url\":\"https:\/\/casavinicolaciccariello.com\/p\/chardonnay-igp-lazio\/\",\"name\":\"Chardonnay IGP Lazio | Casa Vinicola Ciccariello\",\"isPartOf\":{\"@id\":\"https:\/\/casavinicolaciccariello.com\/#website\"},\"primaryImageOfPage\":{\"@id\":\"https:\/\/casavinicolaciccariello.com\/p\/chardonnay-igp-lazio\/#primaryimage\"},\"image\":{\"@id\":\"https:\/\/casavinicolaciccariello.com\/p\/chardonnay-igp-lazio\/#primaryimage\"},\"thumbnailUrl\":\"https:\/\/casavinicolaciccariello.com\/wp-content\/uploads\/2025\/08\/3112d1d2-f4bf-47fb-a2cb-e4d8b52b8a63.jpeg\",\"datePublished\":\"2025-08-11T14:43:20+00:00\",\"dateModified\":\"2025-08-11T15:15:36+00:00\",\"breadcrumb\":{\"@id\":\"https:\/\/casavinicolaciccariello.com\/p\/chardonnay-igp-lazio\/#breadcrumb\"},\"inLanguage\":\"de\",\"potentialAction\":[{\"@type\":\"ReadAction\",\"target\":[\"https:\/\/casavinicolaciccariello.com\/p\/chardonnay-igp-lazio\/\"]}]},{\"@type\":\"ImageObject\",\"inLanguage\":\"de\",\"@id\":\"https:\/\/casavinicolaciccariello.com\/p\/chardonnay-igp-lazio\/#primaryimage\",\"url\":\"https:\/\/casavinicolaciccariello.com\/wp-content\/uploads\/2025\/08\/3112d1d2-f4bf-47fb-a2cb-e4d8b52b8a63.jpeg\",\"contentUrl\":\"https:\/\/casavinicolaciccariello.com\/wp-content\/uploads\/2025\/08\/3112d1d2-f4bf-47fb-a2cb-e4d8b52b8a63.jpeg\",\"width\":1707,\"height\":2560,\"caption\":\"Chardonnay IGP Lazio Linea Cosmo Ciccariello | Casa Vinicola Ciccariello\"},{\"@type\":\"BreadcrumbList\",\"@id\":\"https:\/\/casavinicolaciccariello.com\/p\/chardonnay-igp-lazio\/#breadcrumb\",\"itemListElement\":[{\"@type\":\"ListItem\",\"position\":1,\"name\":\"Home\",\"item\":\"https:\/\/casavinicolaciccariello.com\/\"},{\"@type\":\"ListItem\",\"position\":2,\"name\":\"Shop\",\"item\":\"https:\/\/casavinicolaciccariello.com\/negozio\/\"},{\"@type\":\"ListItem\",\"position\":3,\"name\":\"Chardonnay IGP Lazio\"}]},{\"@type\":\"WebSite\",\"@id\":\"https:\/\/casavinicolaciccariello.com\/#website\",\"url\":\"https:\/\/casavinicolaciccariello.com\/\",\"name\":\"Casa Vinicola Ciccariello\",\"description\":\"Dal 1966, la tradizione in ogni sorso.\",\"publisher\":{\"@id\":\"https:\/\/casavinicolaciccariello.com\/#organization\"},\"alternateName\":\"Cavici\",\"potentialAction\":[{\"@type\":\"SearchAction\",\"target\":{\"@type\":\"EntryPoint\",\"urlTemplate\":\"https:\/\/casavinicolaciccariello.com\/?s={search_term_string}\"},\"query-input\":{\"@type\":\"PropertyValueSpecification\",\"valueRequired\":true,\"valueName\":\"search_term_string\"}}],\"inLanguage\":\"de\"},{\"@type\":\"Organization\",\"@id\":\"https:\/\/casavinicolaciccariello.com\/#organization\",\"name\":\"Casa Vinicola Ciccariello\",\"alternateName\":\"CA.VI.CI SRL\",\"url\":\"https:\/\/casavinicolaciccariello.com\/\",\"logo\":{\"@type\":\"ImageObject\",\"inLanguage\":\"de\",\"@id\":\"https:\/\/casavinicolaciccariello.com\/#\/schema\/logo\/image\/\",\"url\":\"https:\/\/casavinicolaciccariello.com\/wp-content\/uploads\/2025\/03\/logo1200px.png\",\"contentUrl\":\"https:\/\/casavinicolaciccariello.com\/wp-content\/uploads\/2025\/03\/logo1200px.png\",\"width\":1200,\"height\":343,\"caption\":\"Casa Vinicola Ciccariello\"},\"image\":{\"@id\":\"https:\/\/casavinicolaciccariello.com\/#\/schema\/logo\/image\/\"},\"sameAs\":[\"https:\/\/www.facebook.com\/casavinicolaciccariello\",\"https:\/\/www.instagram.com\/casa_vinicola_ciccariello\/\"]}]}<\/script>\n<!-- \/ Yoast SEO plugin. -->","yoast_head_json":{"title":"Chardonnay IGP Lazio | Casa Vinicola Ciccariello","robots":{"index":"index","follow":"follow","max-snippet":"max-snippet:-1","max-image-preview":"max-image-preview:large","max-video-preview":"max-video-preview:-1"},"canonical":"https:\/\/casavinicolaciccariello.com\/de\/p\/chardonnay-igp-lazio\/","og_locale":"de_DE","og_type":"article","og_title":"Chardonnay IGP Lazio | Casa Vinicola Ciccariello","og_description":"Ciccariello Chardonnay IGP Lazio: un bianco dal colore giallo paglierino scarico, che svela un profumo delicato e fruttato con accenni di ananas. Elegante e armonico, \u00e8 il compagno ideale di aperitivi raffinati, antipasti leggeri e piatti di pesce, regalando un\u2019esperienza fresca e avvolgente in ogni sorso.","og_url":"https:\/\/casavinicolaciccariello.com\/de\/p\/chardonnay-igp-lazio\/","og_site_name":"Casa Vinicola Ciccariello","article_publisher":"https:\/\/www.facebook.com\/casavinicolaciccariello","article_modified_time":"2025-08-11T15:15:36+00:00","og_image":[{"width":1707,"height":2560,"url":"https:\/\/casavinicolaciccariello.com\/wp-content\/uploads\/2025\/08\/3112d1d2-f4bf-47fb-a2cb-e4d8b52b8a63.jpeg","type":"image\/jpeg"}],"twitter_card":"summary_large_image","twitter_misc":{"Gesch\u00e4tzte Lesezeit":"2\u00a0Minuten"},"schema":{"@context":"https:\/\/schema.org","@graph":[{"@type":"WebPage","@id":"https:\/\/casavinicolaciccariello.com\/p\/chardonnay-igp-lazio\/","url":"https:\/\/casavinicolaciccariello.com\/p\/chardonnay-igp-lazio\/","name":"Chardonnay IGP Lazio | Casa Vinicola Ciccariello","isPartOf":{"@id":"https:\/\/casavinicolaciccariello.com\/#website"},"primaryImageOfPage":{"@id":"https:\/\/casavinicolaciccariello.com\/p\/chardonnay-igp-lazio\/#primaryimage"},"image":{"@id":"https:\/\/casavinicolaciccariello.com\/p\/chardonnay-igp-lazio\/#primaryimage"},"thumbnailUrl":"https:\/\/casavinicolaciccariello.com\/wp-content\/uploads\/2025\/08\/3112d1d2-f4bf-47fb-a2cb-e4d8b52b8a63.jpeg","datePublished":"2025-08-11T14:43:20+00:00","dateModified":"2025-08-11T15:15:36+00:00","breadcrumb":{"@id":"https:\/\/casavinicolaciccariello.com\/p\/chardonnay-igp-lazio\/#breadcrumb"},"inLanguage":"de","potentialAction":[{"@type":"ReadAction","target":["https:\/\/casavinicolaciccariello.com\/p\/chardonnay-igp-lazio\/"]}]},{"@type":"ImageObject","inLanguage":"de","@id":"https:\/\/casavinicolaciccariello.com\/p\/chardonnay-igp-lazio\/#primaryimage","url":"https:\/\/casavinicolaciccariello.com\/wp-content\/uploads\/2025\/08\/3112d1d2-f4bf-47fb-a2cb-e4d8b52b8a63.jpeg","contentUrl":"https:\/\/casavinicolaciccariello.com\/wp-content\/uploads\/2025\/08\/3112d1d2-f4bf-47fb-a2cb-e4d8b52b8a63.jpeg","width":1707,"height":2560,"caption":"Chardonnay IGP Lazio Linea Cosmo Ciccariello | Casa Vinicola Ciccariello"},{"@type":"BreadcrumbList","@id":"https:\/\/casavinicolaciccariello.com\/p\/chardonnay-igp-lazio\/#breadcrumb","itemListElement":[{"@type":"ListItem","position":1,"name":"Home","item":"https:\/\/casavinicolaciccariello.com\/"},{"@type":"ListItem","position":2,"name":"Shop","item":"https:\/\/casavinicolaciccariello.com\/negozio\/"},{"@type":"ListItem","position":3,"name":"Chardonnay IGP Lazio"}]},{"@type":"WebSite","@id":"https:\/\/casavinicolaciccariello.com\/#website","url":"https:\/\/casavinicolaciccariello.com\/","name":"Casa Vinicola Ciccariello","description":"Dal 1966, la tradizione in ogni sorso.","publisher":{"@id":"https:\/\/casavinicolaciccariello.com\/#organization"},"alternateName":"Cavici","potentialAction":[{"@type":"SearchAction","target":{"@type":"EntryPoint","urlTemplate":"https:\/\/casavinicolaciccariello.com\/?s={search_term_string}"},"query-input":{"@type":"PropertyValueSpecification","valueRequired":true,"valueName":"search_term_string"}}],"inLanguage":"de"},{"@type":"Organization","@id":"https:\/\/casavinicolaciccariello.com\/#organization","name":"Casa Vinicola Ciccariello","alternateName":"CA.VI.CI SRL","url":"https:\/\/casavinicolaciccariello.com\/","logo":{"@type":"ImageObject","inLanguage":"de","@id":"https:\/\/casavinicolaciccariello.com\/#\/schema\/logo\/image\/","url":"https:\/\/casavinicolaciccariello.com\/wp-content\/uploads\/2025\/03\/logo1200px.png","contentUrl":"https:\/\/casavinicolaciccariello.com\/wp-content\/uploads\/2025\/03\/logo1200px.png","width":1200,"height":343,"caption":"Casa Vinicola Ciccariello"},"image":{"@id":"https:\/\/casavinicolaciccariello.com\/#\/schema\/logo\/image\/"},"sameAs":["https:\/\/www.facebook.com\/casavinicolaciccariello","https:\/\/www.instagram.com\/casa_vinicola_ciccariello\/"]}]}},"_links":{"self":[{"href":"https:\/\/casavinicolaciccariello.com\/de\/wp-json\/wp\/v2\/product\/86","targetHints":{"allow":["GET"]}}],"collection":[{"href":"https:\/\/casavinicolaciccariello.com\/de\/wp-json\/wp\/v2\/product"}],"about":[{"href":"https:\/\/casavinicolaciccariello.com\/de\/wp-json\/wp\/v2\/types\/product"}],"replies":[{"embeddable":true,"href":"https:\/\/casavinicolaciccariello.com\/de\/wp-json\/wp\/v2\/comments?post=86"}],"wp:featuredmedia":[{"embeddable":true,"href":"https:\/\/casavinicolaciccariello.com\/de\/wp-json\/wp\/v2\/media\/1089"}],"wp:attachment":[{"href":"https:\/\/casavinicolaciccariello.com\/de\/wp-json\/wp\/v2\/media?parent=86"}],"wp:term":[{"taxonomy":"product_brand","embeddable":true,"href":"https:\/\/casavinicolaciccariello.com\/de\/wp-json\/wp\/v2\/product_brand?post=86"},{"taxonomy":"product_cat","embeddable":true,"href":"https:\/\/casavinicolaciccariello.com\/de\/wp-json\/wp\/v2\/product_cat?post=86"},{"taxonomy":"product_tag","embeddable":true,"href":"https:\/\/casavinicolaciccariello.com\/de\/wp-json\/wp\/v2\/product_tag?post=86"}],"curies":[{"name":"wp","href":"https:\/\/api.w.org\/{rel}","templated":true}]}}