{"id":89,"date":"2025-08-11T16:43:33","date_gmt":"2025-08-11T14:43:33","guid":{"rendered":"https:\/\/casavinicolaciccariello.com\/prodotto\/chianti-docg\/"},"modified":"2026-03-26T16:13:53","modified_gmt":"2026-03-26T15:13:53","slug":"chianti-docg","status":"publish","type":"product","link":"https:\/\/casavinicolaciccariello.com\/de\/p\/chianti-docg\/","title":{"rendered":"Chianti DOCG"},"content":{"rendered":"<h2>Chianti DOCG \"Poggio delle Sassaie<\/h2>\n<p><strong>Eine toskanische Spitzenleistung, die vom steinigen und gro\u00dfz\u00fcgigen Land des Chianti erz\u00e4hlt<\/strong> - Die <em>Chianti DOCG \"Poggio delle Sassaie<\/em> verk\u00f6rpert die authentische Seele der toskanischen Weintradition und bringt mit Stolz die Besonderheiten eines einzigartigen Gebiets zum Ausdruck. Geboren inmitten von H\u00fcgeln, die von einer jahrhundertelangen Geschichte gepr\u00e4gt sind, zeichnet sich dieser Rotwein durch seine F\u00e4higkeit aus, Rustikalit\u00e4t und Raffinesse zu vereinen, und bietet ein sensorisches Erlebnis, das die Harmonie zwischen Natur und Handwerkskunst zelebriert.<\/p>\n<p>Seine <strong>Alkoholgehalt von 12,5%<\/strong> wird von einer intensiven rubinroten Farbe mit granatroten Reflexen begleitet, die ein komplexes, einh\u00fcllendes Bouquet erahnen lassen. In der Nase nimmt man Noten von reifer Kirsche, Pflaume, w\u00fcrzigen Noten von schwarzem Pfeffer und einem Hauch von Vanille wahr, die das Ergebnis des langen Ausbaus in Barriques sind. Am Gaumen ist der Wein strukturiert und vollmundig, mit weichen Tanninen und einer angenehmen Frische, die perfekt mit seiner nat\u00fcrlichen Mineralit\u00e4t harmonieren, die von den steinigen, harten B\u00f6den der Chianti-H\u00fcgel herr\u00fchrt.<\/p>\n<p>Poggio delle Sassaie\" ist nicht einfach nur ein Wein, sondern eine wahre Geschichte von Gebiet, Tradition und Leidenschaft. Die sorgf\u00e4ltige Weinbereitung und der sorgf\u00e4ltige Ausbau in Eichenholz tragen dazu bei, die einzigartigen Eigenschaften dieses Gebiets hervorzuheben und machen jeden Schluck zu einer Reise durch die Weinberge und Landschaften, die seinen Charakter gepr\u00e4gt haben.<\/p>\n<h3>Passende Tipps<\/h3>\n<ul>\n<li>Gegrilltes oder gebratenes rotes Fleisch<\/li>\n<li>Wildgerichte<\/li>\n<li>Gereifte K\u00e4sesorten<\/li>\n<li>Traditionelle toskanische Gerichte<\/li>\n<\/ul>\n<h3>Wann man ihn probieren sollte<\/h3>\n<p>Die <em>Chianti 'Poggio delle Sassaie'<\/em> ist ideal f\u00fcr den Genuss bei Zimmertemperatur, zwischen 16 und 18\u00b0C, bei geselligen Anl\u00e4ssen, geselligen Abendessen oder Momenten der Entspannung, die einen Wein mit Charakter erfordern. Seine Komplexit\u00e4t und Ausgewogenheit machen ihn auch zum perfekten Begleiter eines reichhaltigen Essens oder zum Star eines Abends, der der Entdeckung der toskanischen Aromen gewidmet ist.<\/p>\n<h3>Geschichte und Territorium<\/h3>\n<p>Das Produktionsgebiet der <em>\"Poggio delle Sassaie<\/em> zeichnet sich durch seine steinigen und zerkl\u00fcfteten H\u00fcgel aus, die eine Herausforderung, aber auch eine gro\u00dfe Chance f\u00fcr die lokalen Winzer darstellen. Diese von der Zeit und dem mediterranen Klima gepr\u00e4gten B\u00f6den verleihen den Trauben einen einzigartigen Charakter, der den Weinen eine bemerkenswerte Struktur und Mineralit\u00e4t verleiht. Die Weinbautradition in diesem Gebiet wird seit Generationen weitergegeben, mit Techniken, die den Reichtum des Terroirs respektieren und hervorheben, was zur Schaffung eines authentischen Weins mit gro\u00dfer Pers\u00f6nlichkeit f\u00fchrt.<\/p>\n<h3>FAQ<\/h3>\n<p><strong>1. Welches sind die wichtigsten organoleptischen Merkmale des Chianti \"Poggio delle Sassaie\"?<\/strong><br \/>Der Wein hat eine intensive rubinrote Farbe mit granatroten Reflexen, ein komplexes Aroma von Kirsche, Pflaume, Gew\u00fcrzen und Vanille und einen strukturierten, ausgewogenen Geschmack mit weichen Tanninen und einer angenehmen Mineralit\u00e4t.<\/p>\n<p><strong>2. Zu welchen Gerichten passt es am besten?<\/strong><br \/>Er passt hervorragend zu rotem Fleisch, Wild, reifem K\u00e4se und traditionellen toskanischen Gerichten.<\/p>\n<p><strong>3. Wie wird es am besten serviert?<\/strong><br \/>Es wird empfohlen, ihn bei einer Temperatur zwischen 16 und 18\u00b0C zu servieren, vorzugsweise in gro\u00dfen Gl\u00e4sern, um seine Aromen voll zur Geltung zu bringen.<\/p>\n<p><strong>4. Wie lange kann er sich in der Flasche entwickeln?<\/strong><br \/>Poggio delle Sassaie\" kann jung genossen werden, eignet sich aber auch f\u00fcr eine 3 bis 5-j\u00e4hrige Reifung, die seine Komplexit\u00e4t noch verst\u00e4rkt.<\/p>","protected":false},"excerpt":{"rendered":"<p>Der Chianti \"Poggio delle Sassaie\" bringt den Geschmack und die Eigenschaften des steinigen, rauen, aber gro\u00dfz\u00fcgigen Anbaugebiets voll zum Ausdruck. Er zeichnet sich durch die sorgf\u00e4ltige Auswahl der Trauben, eine sorgf\u00e4ltige Weinbereitung und eine angemessene Reifung in Eichenholz aus. Am besten schmeckt er zu rotem Fleisch und Wild. Servieren Sie ihn bei einer Raumtemperatur von 16-18 \u00b0C.<\/p>","protected":false},"featured_media":1090,"comment_status":"closed","ping_status":"closed","template":"","meta":[],"product_brand":[18],"product_cat":[25],"product_tag":[163],"class_list":{"0":"post-89","1":"product","2":"type-product","3":"status-publish","4":"has-post-thumbnail","6":"product_brand-casa-vinicola-ciccariello","7":"product_cat-linea-cosmo-ciccariello","8":"product_tag-vino-rosso","9":"pa_annata-131","10":"pa_formato-17","11":"pa_linea-linea_cosmo_ciccariello","13":"first","14":"outofstock","15":"purchasable","16":"product-type-simple"},"yoast_head":"<!-- This site is optimized with the Yoast SEO plugin v27.2 - https:\/\/yoast.com\/product\/yoast-seo-wordpress\/ -->\n<title>Chianti DOCG | Casa Vinicola Ciccariello<\/title>\n<meta name=\"robots\" content=\"index, follow, max-snippet:-1, max-image-preview:large, max-video-preview:-1\" \/>\n<link rel=\"canonical\" href=\"https:\/\/casavinicolaciccariello.com\/de\/p\/chianti-docg\/\" \/>\n<meta property=\"og:locale\" content=\"de_DE\" \/>\n<meta property=\"og:type\" content=\"article\" \/>\n<meta property=\"og:title\" content=\"Chianti DOCG | Casa Vinicola Ciccariello\" \/>\n<meta property=\"og:description\" content=\"Il Chianti \u201cPoggio delle Sassaie\u201d esprime appieno il sapore e le caratteristiche di zone di produzione sassose, aspre, ma generose. Lo distinguono l&#039;attenta selezione delle uve, l&#039;accurata vinificazione e l&#039;adeguata stagionatura in rovere. Si apprezza al meglio accompagnato con carni rosse e selvaggina. Servire a temperatura ambiente 16-18 \u00b0C.\" \/>\n<meta property=\"og:url\" content=\"https:\/\/casavinicolaciccariello.com\/de\/p\/chianti-docg\/\" \/>\n<meta property=\"og:site_name\" content=\"Casa Vinicola Ciccariello\" \/>\n<meta property=\"article:publisher\" content=\"https:\/\/www.facebook.com\/casavinicolaciccariello\" \/>\n<meta property=\"article:modified_time\" content=\"2026-03-26T15:13:53+00:00\" \/>\n<meta property=\"og:image\" content=\"https:\/\/casavinicolaciccariello.com\/wp-content\/uploads\/2025\/08\/c089bce8-4b4e-4880-8a4e-1ecd5ea43f3d.jpeg\" \/>\n\t<meta property=\"og:image:width\" content=\"1707\" \/>\n\t<meta property=\"og:image:height\" content=\"2560\" \/>\n\t<meta property=\"og:image:type\" content=\"image\/jpeg\" \/>\n<meta name=\"twitter:card\" content=\"summary_large_image\" \/>\n<meta name=\"twitter:label1\" content=\"Gesch\u00e4tzte Lesezeit\" \/>\n\t<meta name=\"twitter:data1\" content=\"3\u00a0Minuten\" \/>\n<script type=\"application\/ld+json\" class=\"yoast-schema-graph\">{\"@context\":\"https:\/\/schema.org\",\"@graph\":[{\"@type\":\"WebPage\",\"@id\":\"https:\/\/casavinicolaciccariello.com\/p\/chianti-docg\/\",\"url\":\"https:\/\/casavinicolaciccariello.com\/p\/chianti-docg\/\",\"name\":\"Chianti DOCG | Casa Vinicola Ciccariello\",\"isPartOf\":{\"@id\":\"https:\/\/casavinicolaciccariello.com\/#website\"},\"primaryImageOfPage\":{\"@id\":\"https:\/\/casavinicolaciccariello.com\/p\/chianti-docg\/#primaryimage\"},\"image\":{\"@id\":\"https:\/\/casavinicolaciccariello.com\/p\/chianti-docg\/#primaryimage\"},\"thumbnailUrl\":\"https:\/\/casavinicolaciccariello.com\/wp-content\/uploads\/2025\/08\/c089bce8-4b4e-4880-8a4e-1ecd5ea43f3d.jpeg\",\"datePublished\":\"2025-08-11T14:43:33+00:00\",\"dateModified\":\"2026-03-26T15:13:53+00:00\",\"breadcrumb\":{\"@id\":\"https:\/\/casavinicolaciccariello.com\/p\/chianti-docg\/#breadcrumb\"},\"inLanguage\":\"de\",\"potentialAction\":[{\"@type\":\"ReadAction\",\"target\":[\"https:\/\/casavinicolaciccariello.com\/p\/chianti-docg\/\"]}]},{\"@type\":\"ImageObject\",\"inLanguage\":\"de\",\"@id\":\"https:\/\/casavinicolaciccariello.com\/p\/chianti-docg\/#primaryimage\",\"url\":\"https:\/\/casavinicolaciccariello.com\/wp-content\/uploads\/2025\/08\/c089bce8-4b4e-4880-8a4e-1ecd5ea43f3d.jpeg\",\"contentUrl\":\"https:\/\/casavinicolaciccariello.com\/wp-content\/uploads\/2025\/08\/c089bce8-4b4e-4880-8a4e-1ecd5ea43f3d.jpeg\",\"width\":1707,\"height\":2560,\"caption\":\"Chianti DOCG Linea Cosmo Ciccariello | Casa Vinicola Ciccariello\"},{\"@type\":\"BreadcrumbList\",\"@id\":\"https:\/\/casavinicolaciccariello.com\/p\/chianti-docg\/#breadcrumb\",\"itemListElement\":[{\"@type\":\"ListItem\",\"position\":1,\"name\":\"Home\",\"item\":\"https:\/\/casavinicolaciccariello.com\/\"},{\"@type\":\"ListItem\",\"position\":2,\"name\":\"Shop\",\"item\":\"https:\/\/casavinicolaciccariello.com\/negozio\/\"},{\"@type\":\"ListItem\",\"position\":3,\"name\":\"Chianti DOCG\"}]},{\"@type\":\"WebSite\",\"@id\":\"https:\/\/casavinicolaciccariello.com\/#website\",\"url\":\"https:\/\/casavinicolaciccariello.com\/\",\"name\":\"Casa Vinicola Ciccariello\",\"description\":\"Dal 1966, la tradizione in ogni sorso.\",\"publisher\":{\"@id\":\"https:\/\/casavinicolaciccariello.com\/#organization\"},\"alternateName\":\"Cavici\",\"potentialAction\":[{\"@type\":\"SearchAction\",\"target\":{\"@type\":\"EntryPoint\",\"urlTemplate\":\"https:\/\/casavinicolaciccariello.com\/?s={search_term_string}\"},\"query-input\":{\"@type\":\"PropertyValueSpecification\",\"valueRequired\":true,\"valueName\":\"search_term_string\"}}],\"inLanguage\":\"de\"},{\"@type\":\"Organization\",\"@id\":\"https:\/\/casavinicolaciccariello.com\/#organization\",\"name\":\"Casa Vinicola Ciccariello\",\"alternateName\":\"CA.VI.CI SRL\",\"url\":\"https:\/\/casavinicolaciccariello.com\/\",\"logo\":{\"@type\":\"ImageObject\",\"inLanguage\":\"de\",\"@id\":\"https:\/\/casavinicolaciccariello.com\/#\/schema\/logo\/image\/\",\"url\":\"https:\/\/casavinicolaciccariello.com\/wp-content\/uploads\/2025\/03\/logo1200px.png\",\"contentUrl\":\"https:\/\/casavinicolaciccariello.com\/wp-content\/uploads\/2025\/03\/logo1200px.png\",\"width\":1200,\"height\":343,\"caption\":\"Casa Vinicola Ciccariello\"},\"image\":{\"@id\":\"https:\/\/casavinicolaciccariello.com\/#\/schema\/logo\/image\/\"},\"sameAs\":[\"https:\/\/www.facebook.com\/casavinicolaciccariello\",\"https:\/\/www.instagram.com\/casa_vinicola_ciccariello\/\"]}]}<\/script>\n<!-- \/ Yoast SEO plugin. -->","yoast_head_json":{"title":"Chianti DOCG | Casa Vinicola Ciccariello","robots":{"index":"index","follow":"follow","max-snippet":"max-snippet:-1","max-image-preview":"max-image-preview:large","max-video-preview":"max-video-preview:-1"},"canonical":"https:\/\/casavinicolaciccariello.com\/de\/p\/chianti-docg\/","og_locale":"de_DE","og_type":"article","og_title":"Chianti DOCG | Casa Vinicola Ciccariello","og_description":"Il Chianti \u201cPoggio delle Sassaie\u201d esprime appieno il sapore e le caratteristiche di zone di produzione sassose, aspre, ma generose. Lo distinguono l'attenta selezione delle uve, l'accurata vinificazione e l'adeguata stagionatura in rovere. Si apprezza al meglio accompagnato con carni rosse e selvaggina. Servire a temperatura ambiente 16-18 \u00b0C.","og_url":"https:\/\/casavinicolaciccariello.com\/de\/p\/chianti-docg\/","og_site_name":"Casa Vinicola Ciccariello","article_publisher":"https:\/\/www.facebook.com\/casavinicolaciccariello","article_modified_time":"2026-03-26T15:13:53+00:00","og_image":[{"width":1707,"height":2560,"url":"https:\/\/casavinicolaciccariello.com\/wp-content\/uploads\/2025\/08\/c089bce8-4b4e-4880-8a4e-1ecd5ea43f3d.jpeg","type":"image\/jpeg"}],"twitter_card":"summary_large_image","twitter_misc":{"Gesch\u00e4tzte Lesezeit":"3\u00a0Minuten"},"schema":{"@context":"https:\/\/schema.org","@graph":[{"@type":"WebPage","@id":"https:\/\/casavinicolaciccariello.com\/p\/chianti-docg\/","url":"https:\/\/casavinicolaciccariello.com\/p\/chianti-docg\/","name":"Chianti DOCG | Casa Vinicola Ciccariello","isPartOf":{"@id":"https:\/\/casavinicolaciccariello.com\/#website"},"primaryImageOfPage":{"@id":"https:\/\/casavinicolaciccariello.com\/p\/chianti-docg\/#primaryimage"},"image":{"@id":"https:\/\/casavinicolaciccariello.com\/p\/chianti-docg\/#primaryimage"},"thumbnailUrl":"https:\/\/casavinicolaciccariello.com\/wp-content\/uploads\/2025\/08\/c089bce8-4b4e-4880-8a4e-1ecd5ea43f3d.jpeg","datePublished":"2025-08-11T14:43:33+00:00","dateModified":"2026-03-26T15:13:53+00:00","breadcrumb":{"@id":"https:\/\/casavinicolaciccariello.com\/p\/chianti-docg\/#breadcrumb"},"inLanguage":"de","potentialAction":[{"@type":"ReadAction","target":["https:\/\/casavinicolaciccariello.com\/p\/chianti-docg\/"]}]},{"@type":"ImageObject","inLanguage":"de","@id":"https:\/\/casavinicolaciccariello.com\/p\/chianti-docg\/#primaryimage","url":"https:\/\/casavinicolaciccariello.com\/wp-content\/uploads\/2025\/08\/c089bce8-4b4e-4880-8a4e-1ecd5ea43f3d.jpeg","contentUrl":"https:\/\/casavinicolaciccariello.com\/wp-content\/uploads\/2025\/08\/c089bce8-4b4e-4880-8a4e-1ecd5ea43f3d.jpeg","width":1707,"height":2560,"caption":"Chianti DOCG Linea Cosmo Ciccariello | Casa Vinicola Ciccariello"},{"@type":"BreadcrumbList","@id":"https:\/\/casavinicolaciccariello.com\/p\/chianti-docg\/#breadcrumb","itemListElement":[{"@type":"ListItem","position":1,"name":"Home","item":"https:\/\/casavinicolaciccariello.com\/"},{"@type":"ListItem","position":2,"name":"Shop","item":"https:\/\/casavinicolaciccariello.com\/negozio\/"},{"@type":"ListItem","position":3,"name":"Chianti DOCG"}]},{"@type":"WebSite","@id":"https:\/\/casavinicolaciccariello.com\/#website","url":"https:\/\/casavinicolaciccariello.com\/","name":"Casa Vinicola Ciccariello","description":"Dal 1966, la tradizione in ogni sorso.","publisher":{"@id":"https:\/\/casavinicolaciccariello.com\/#organization"},"alternateName":"Cavici","potentialAction":[{"@type":"SearchAction","target":{"@type":"EntryPoint","urlTemplate":"https:\/\/casavinicolaciccariello.com\/?s={search_term_string}"},"query-input":{"@type":"PropertyValueSpecification","valueRequired":true,"valueName":"search_term_string"}}],"inLanguage":"de"},{"@type":"Organization","@id":"https:\/\/casavinicolaciccariello.com\/#organization","name":"Casa Vinicola Ciccariello","alternateName":"CA.VI.CI SRL","url":"https:\/\/casavinicolaciccariello.com\/","logo":{"@type":"ImageObject","inLanguage":"de","@id":"https:\/\/casavinicolaciccariello.com\/#\/schema\/logo\/image\/","url":"https:\/\/casavinicolaciccariello.com\/wp-content\/uploads\/2025\/03\/logo1200px.png","contentUrl":"https:\/\/casavinicolaciccariello.com\/wp-content\/uploads\/2025\/03\/logo1200px.png","width":1200,"height":343,"caption":"Casa Vinicola Ciccariello"},"image":{"@id":"https:\/\/casavinicolaciccariello.com\/#\/schema\/logo\/image\/"},"sameAs":["https:\/\/www.facebook.com\/casavinicolaciccariello","https:\/\/www.instagram.com\/casa_vinicola_ciccariello\/"]}]}},"_links":{"self":[{"href":"https:\/\/casavinicolaciccariello.com\/de\/wp-json\/wp\/v2\/product\/89","targetHints":{"allow":["GET"]}}],"collection":[{"href":"https:\/\/casavinicolaciccariello.com\/de\/wp-json\/wp\/v2\/product"}],"about":[{"href":"https:\/\/casavinicolaciccariello.com\/de\/wp-json\/wp\/v2\/types\/product"}],"replies":[{"embeddable":true,"href":"https:\/\/casavinicolaciccariello.com\/de\/wp-json\/wp\/v2\/comments?post=89"}],"wp:featuredmedia":[{"embeddable":true,"href":"https:\/\/casavinicolaciccariello.com\/de\/wp-json\/wp\/v2\/media\/1090"}],"wp:attachment":[{"href":"https:\/\/casavinicolaciccariello.com\/de\/wp-json\/wp\/v2\/media?parent=89"}],"wp:term":[{"taxonomy":"product_brand","embeddable":true,"href":"https:\/\/casavinicolaciccariello.com\/de\/wp-json\/wp\/v2\/product_brand?post=89"},{"taxonomy":"product_cat","embeddable":true,"href":"https:\/\/casavinicolaciccariello.com\/de\/wp-json\/wp\/v2\/product_cat?post=89"},{"taxonomy":"product_tag","embeddable":true,"href":"https:\/\/casavinicolaciccariello.com\/de\/wp-json\/wp\/v2\/product_tag?post=89"}],"curies":[{"name":"wp","href":"https:\/\/api.w.org\/{rel}","templated":true}]}}