{"id":91,"date":"2025-08-11T17:24:54","date_gmt":"2025-08-11T15:24:54","guid":{"rendered":"https:\/\/casavinicolaciccariello.com\/prodotto\/trebbiano-igp-lazio\/"},"modified":"2025-11-26T12:01:46","modified_gmt":"2025-11-26T11:01:46","slug":"trebbiano-igp-lazio","status":"publish","type":"product","link":"https:\/\/casavinicolaciccariello.com\/de\/p\/trebbiano-igp-lazio\/","title":{"rendered":"Trebbiano g.g.A. Latium"},"content":{"rendered":"<h2>Trebbiano IGP Latium - Colli Urbis<\/h2>\n<p><strong>Ein Juwel der Weinberge des Latiums, ein authentischer Ausdruck der lokalen Weinbautradition<\/strong> - Die <strong>Trebbiano g.g.A. Latium<\/strong> der Linie <em>Colli Urbis<\/em> verk\u00f6rpert die schlichte Eleganz und Raffinesse einer Region, die reich an Geschichte und Weinkultur ist. Sorgf\u00e4ltig auf den H\u00fcgeln um Rom angebaut, zeichnet sich dieser Wein durch seine F\u00e4higkeit aus, den authentischen Charakter des Latiums zwischen Erinnerung und Moderne mit jedem Schluck zu erz\u00e4hlen.<\/p>\n<p>Auf den ersten Blick ist die Farbe <strong>leuchtendes Strohgelb<\/strong> l\u00e4dt Sie auf eine sensorische Reise ein. Das delikate, weinige Bouquet \u00f6ffnet sich mit Ankl\u00e4ngen an <em>frisches Heu<\/em> und subtile Noten, die an die W\u00e4rme der mediterranen Sonne erinnern, w\u00e4hrend der Geschmack die <strong>trocken, ausgewogen und harmonisch<\/strong>mit einem lang anhaltenden Abgang, der ein angenehmes Gef\u00fchl von Frische hinterl\u00e4sst.<\/p>\n<p>Dieser Wein stammt aus einer sorgf\u00e4ltigen Auswahl von Trauben <strong>Trebbiano (85%)<\/strong> e <strong>Malvasier (15%)<\/strong>der mit Respekt vor der Tradition und den modernsten Techniken in einem Gebiet angebaut wird, in dem der Weinbau zu einem Element der Identit\u00e4t und des Stolzes geworden ist. Der Jahrgang 2023 hat ein Produkt in die Flasche gebracht, das trotz seiner Einfachheit eine Raffinesse besitzt, die bei jedem Geschmack \u00fcberzeugt.<\/p>\n<h3>Geschichte und Territorium<\/h3>\n<p>Latium, die Wiege der r\u00f6mischen Zivilisation, verf\u00fcgt \u00fcber eine uralte und tief verwurzelte Weinbautradition, die auf Leidenschaft und Respekt f\u00fcr das Land beruht. Die Weinberge von <em>Colli Urbis<\/em>in den H\u00fcgeln rund um die Ewige Stadt gelegen, profitieren von einem milden Klima und mineralreichen B\u00f6den. Diese Kombination beg\u00fcnstigt das Wachstum von sehr hochwertigen Trauben, die die ganze Komplexit\u00e4t und Reinheit des Terroirs zum Ausdruck bringen k\u00f6nnen.<\/p>\n<p>Die <strong>Trebbiano g.g.A. Latium<\/strong> eignet sich dank seiner Vielseitigkeit und seines frischen Charakters perfekt f\u00fcr gesellige Momente. Seine Geschichte ist mit der eines Territoriums verwoben, das es verstanden hat, von Generation zu Generation die Kunst weiterzugeben, einfache Weine mit gro\u00dfer Pers\u00f6nlichkeit herzustellen.<\/p>\n<h3>Passende Ratschl\u00e4ge und Anl\u00e4sse f\u00fcr die Verwendung<\/h3>\n<ul>\n<li>Krustentiere und Meeresfr\u00fcchte<\/li>\n<li>Gegrillter oder gebackener Fisch<\/li>\n<li>Helles wei\u00dfes Fleisch<\/li>\n<li>Ausgezeichnet als Aperitif, gek\u00fchlt genossen<\/li>\n<\/ul>\n<h3>Serviertemperatur<\/h3>\n<p>Es wird empfohlen, die <strong>Trebbiano g.g.A. Latium<\/strong> unter den <strong>8 und 10\u00b0C<\/strong>um seine aromatischen und geschmacklichen Eigenschaften voll zur Geltung zu bringen.<\/p>\n<h3>FAQ<\/h3>\n<p><strong>1. Welches sind die wichtigsten organoleptischen Merkmale dieses Weins?<\/strong><br \/>\nDer Trebbiano IGP Lazio hat eine leuchtend strohgelbe Farbe, ein weiniges und delikates Aroma mit einem Hauch von Heu und einen trockenen, ausgewogenen und sehr angenehmen Geschmack.<\/p>\n<p><strong>2. Zu welchen Gerichten passt es am besten?<\/strong><br \/>\nEr passt hervorragend zu Schalentieren, frischem Fisch, hellem Fleisch und kann auch als Aperitif genossen werden.<\/p>\n<p><strong>3. Wie hoch ist die empfohlene Serviertemperatur?<\/strong><br \/>\nEs wird empfohlen, ihn gek\u00fchlt bei etwa 8-10\u00b0C zu servieren, um seine aromatischen Noten und seine Frische zu betonen.<\/p>\n<p><strong>4. Was sind die besonderen Merkmale dieses Weins im Vergleich zu anderen Weinen aus Latium?<\/strong><br \/>\nDie Kombination aus Frische, Ausgewogenheit und dem feinen Heu-Aroma machen den Trebbiano IGP Lazio zu einem authentischen Beispiel der lokalen Weinbautradition, das in jedem Schluck Einfachheit und Raffinesse vereint.<\/p>","protected":false},"excerpt":{"rendered":"<p>Dieser feine Wein wird aus der sorgf\u00e4ltigsten Auswahl von Trebbiano-Trauben gewonnen. Er hat eine strohgelbe Farbe, einen sehr angenehmen, harmonischen Geschmack und ein feines, anhaltendes Aroma. Ideal als Aperitif, aber auch zu allen Mahlzeiten, insbesondere zu Schalentieren, Fisch und wei\u00dfem Fleisch. Er sollte gek\u00fchlt bei 8-10 \u00b0C serviert werden.<\/p>","protected":false},"featured_media":1074,"comment_status":"closed","ping_status":"closed","template":"","meta":[],"product_brand":[18],"product_cat":[27],"product_tag":[161],"class_list":{"0":"post-91","1":"product","2":"type-product","3":"status-publish","4":"has-post-thumbnail","6":"product_brand-casa-vinicola-ciccariello","7":"product_cat-colli-urbis","8":"product_tag-vino-bianco","9":"pa_annata-134","10":"pa_formato-17","11":"pa_linea-colli-urbis","13":"first","14":"instock","15":"purchasable","16":"product-type-simple"},"yoast_head":"<!-- This site is optimized with the Yoast SEO plugin v27.2 - https:\/\/yoast.com\/product\/yoast-seo-wordpress\/ -->\n<title>Trebbiano IGP Lazio | Casa Vinicola Ciccariello<\/title>\n<meta name=\"robots\" content=\"index, follow, max-snippet:-1, max-image-preview:large, max-video-preview:-1\" \/>\n<link rel=\"canonical\" href=\"https:\/\/casavinicolaciccariello.com\/de\/p\/trebbiano-igp-lazio\/\" \/>\n<meta property=\"og:locale\" content=\"de_DE\" \/>\n<meta property=\"og:type\" content=\"article\" \/>\n<meta property=\"og:title\" content=\"Trebbiano IGP Lazio | Casa Vinicola Ciccariello\" \/>\n<meta property=\"og:description\" content=\"Questo pregiato vino si ottiene dalla pi\u00f9 attenta selezione di uve Trebbiano. Ha un colore giallo paglierino, un sapore armonico assai gradevole ed un profumo fine e persistente. Ideale come aperitivo ma anche a tutto pasto, in particolare con crostacei, pesce e carni bianche. Va servito fresco a 8-10 \u00b0C.\" \/>\n<meta property=\"og:url\" content=\"https:\/\/casavinicolaciccariello.com\/de\/p\/trebbiano-igp-lazio\/\" \/>\n<meta property=\"og:site_name\" content=\"Casa Vinicola Ciccariello\" \/>\n<meta property=\"article:publisher\" content=\"https:\/\/www.facebook.com\/casavinicolaciccariello\" \/>\n<meta property=\"article:modified_time\" content=\"2025-11-26T11:01:46+00:00\" \/>\n<meta property=\"og:image\" content=\"https:\/\/casavinicolaciccariello.com\/wp-content\/uploads\/2025\/08\/69c53c56-e44d-4dc7-bf0d-f4f652a723bd.jpeg\" \/>\n\t<meta property=\"og:image:width\" content=\"1707\" \/>\n\t<meta property=\"og:image:height\" content=\"2560\" \/>\n\t<meta property=\"og:image:type\" content=\"image\/jpeg\" \/>\n<meta name=\"twitter:card\" content=\"summary_large_image\" \/>\n<meta name=\"twitter:label1\" content=\"Gesch\u00e4tzte Lesezeit\" \/>\n\t<meta name=\"twitter:data1\" content=\"3\u00a0Minuten\" \/>\n<script type=\"application\/ld+json\" class=\"yoast-schema-graph\">{\"@context\":\"https:\/\/schema.org\",\"@graph\":[{\"@type\":\"WebPage\",\"@id\":\"https:\/\/casavinicolaciccariello.com\/p\/trebbiano-igp-lazio\/\",\"url\":\"https:\/\/casavinicolaciccariello.com\/p\/trebbiano-igp-lazio\/\",\"name\":\"Trebbiano IGP Lazio | Casa Vinicola Ciccariello\",\"isPartOf\":{\"@id\":\"https:\/\/casavinicolaciccariello.com\/#website\"},\"primaryImageOfPage\":{\"@id\":\"https:\/\/casavinicolaciccariello.com\/p\/trebbiano-igp-lazio\/#primaryimage\"},\"image\":{\"@id\":\"https:\/\/casavinicolaciccariello.com\/p\/trebbiano-igp-lazio\/#primaryimage\"},\"thumbnailUrl\":\"https:\/\/casavinicolaciccariello.com\/wp-content\/uploads\/2025\/08\/69c53c56-e44d-4dc7-bf0d-f4f652a723bd.jpeg\",\"datePublished\":\"2025-08-11T15:24:54+00:00\",\"dateModified\":\"2025-11-26T11:01:46+00:00\",\"breadcrumb\":{\"@id\":\"https:\/\/casavinicolaciccariello.com\/p\/trebbiano-igp-lazio\/#breadcrumb\"},\"inLanguage\":\"de\",\"potentialAction\":[{\"@type\":\"ReadAction\",\"target\":[\"https:\/\/casavinicolaciccariello.com\/p\/trebbiano-igp-lazio\/\"]}]},{\"@type\":\"ImageObject\",\"inLanguage\":\"de\",\"@id\":\"https:\/\/casavinicolaciccariello.com\/p\/trebbiano-igp-lazio\/#primaryimage\",\"url\":\"https:\/\/casavinicolaciccariello.com\/wp-content\/uploads\/2025\/08\/69c53c56-e44d-4dc7-bf0d-f4f652a723bd.jpeg\",\"contentUrl\":\"https:\/\/casavinicolaciccariello.com\/wp-content\/uploads\/2025\/08\/69c53c56-e44d-4dc7-bf0d-f4f652a723bd.jpeg\",\"width\":1707,\"height\":2560,\"caption\":\"Trebbiano IGP Lazio Colli Urbis | Casa Vinicola Ciccariello\"},{\"@type\":\"BreadcrumbList\",\"@id\":\"https:\/\/casavinicolaciccariello.com\/p\/trebbiano-igp-lazio\/#breadcrumb\",\"itemListElement\":[{\"@type\":\"ListItem\",\"position\":1,\"name\":\"Home\",\"item\":\"https:\/\/casavinicolaciccariello.com\/\"},{\"@type\":\"ListItem\",\"position\":2,\"name\":\"Shop\",\"item\":\"https:\/\/casavinicolaciccariello.com\/negozio\/\"},{\"@type\":\"ListItem\",\"position\":3,\"name\":\"Trebbiano IGP Lazio\"}]},{\"@type\":\"WebSite\",\"@id\":\"https:\/\/casavinicolaciccariello.com\/#website\",\"url\":\"https:\/\/casavinicolaciccariello.com\/\",\"name\":\"Casa Vinicola Ciccariello\",\"description\":\"Dal 1966, la tradizione in ogni sorso.\",\"publisher\":{\"@id\":\"https:\/\/casavinicolaciccariello.com\/#organization\"},\"alternateName\":\"Cavici\",\"potentialAction\":[{\"@type\":\"SearchAction\",\"target\":{\"@type\":\"EntryPoint\",\"urlTemplate\":\"https:\/\/casavinicolaciccariello.com\/?s={search_term_string}\"},\"query-input\":{\"@type\":\"PropertyValueSpecification\",\"valueRequired\":true,\"valueName\":\"search_term_string\"}}],\"inLanguage\":\"de\"},{\"@type\":\"Organization\",\"@id\":\"https:\/\/casavinicolaciccariello.com\/#organization\",\"name\":\"Casa Vinicola Ciccariello\",\"alternateName\":\"CA.VI.CI SRL\",\"url\":\"https:\/\/casavinicolaciccariello.com\/\",\"logo\":{\"@type\":\"ImageObject\",\"inLanguage\":\"de\",\"@id\":\"https:\/\/casavinicolaciccariello.com\/#\/schema\/logo\/image\/\",\"url\":\"https:\/\/casavinicolaciccariello.com\/wp-content\/uploads\/2025\/03\/logo1200px.png\",\"contentUrl\":\"https:\/\/casavinicolaciccariello.com\/wp-content\/uploads\/2025\/03\/logo1200px.png\",\"width\":1200,\"height\":343,\"caption\":\"Casa Vinicola Ciccariello\"},\"image\":{\"@id\":\"https:\/\/casavinicolaciccariello.com\/#\/schema\/logo\/image\/\"},\"sameAs\":[\"https:\/\/www.facebook.com\/casavinicolaciccariello\",\"https:\/\/www.instagram.com\/casa_vinicola_ciccariello\/\"]}]}<\/script>\n<!-- \/ Yoast SEO plugin. -->","yoast_head_json":{"title":"Trebbiano IGP Lazio | Casa Vinicola Ciccariello","robots":{"index":"index","follow":"follow","max-snippet":"max-snippet:-1","max-image-preview":"max-image-preview:large","max-video-preview":"max-video-preview:-1"},"canonical":"https:\/\/casavinicolaciccariello.com\/de\/p\/trebbiano-igp-lazio\/","og_locale":"de_DE","og_type":"article","og_title":"Trebbiano IGP Lazio | Casa Vinicola Ciccariello","og_description":"Questo pregiato vino si ottiene dalla pi\u00f9 attenta selezione di uve Trebbiano. Ha un colore giallo paglierino, un sapore armonico assai gradevole ed un profumo fine e persistente. Ideale come aperitivo ma anche a tutto pasto, in particolare con crostacei, pesce e carni bianche. Va servito fresco a 8-10 \u00b0C.","og_url":"https:\/\/casavinicolaciccariello.com\/de\/p\/trebbiano-igp-lazio\/","og_site_name":"Casa Vinicola Ciccariello","article_publisher":"https:\/\/www.facebook.com\/casavinicolaciccariello","article_modified_time":"2025-11-26T11:01:46+00:00","og_image":[{"width":1707,"height":2560,"url":"https:\/\/casavinicolaciccariello.com\/wp-content\/uploads\/2025\/08\/69c53c56-e44d-4dc7-bf0d-f4f652a723bd.jpeg","type":"image\/jpeg"}],"twitter_card":"summary_large_image","twitter_misc":{"Gesch\u00e4tzte Lesezeit":"3\u00a0Minuten"},"schema":{"@context":"https:\/\/schema.org","@graph":[{"@type":"WebPage","@id":"https:\/\/casavinicolaciccariello.com\/p\/trebbiano-igp-lazio\/","url":"https:\/\/casavinicolaciccariello.com\/p\/trebbiano-igp-lazio\/","name":"Trebbiano IGP Lazio | Casa Vinicola Ciccariello","isPartOf":{"@id":"https:\/\/casavinicolaciccariello.com\/#website"},"primaryImageOfPage":{"@id":"https:\/\/casavinicolaciccariello.com\/p\/trebbiano-igp-lazio\/#primaryimage"},"image":{"@id":"https:\/\/casavinicolaciccariello.com\/p\/trebbiano-igp-lazio\/#primaryimage"},"thumbnailUrl":"https:\/\/casavinicolaciccariello.com\/wp-content\/uploads\/2025\/08\/69c53c56-e44d-4dc7-bf0d-f4f652a723bd.jpeg","datePublished":"2025-08-11T15:24:54+00:00","dateModified":"2025-11-26T11:01:46+00:00","breadcrumb":{"@id":"https:\/\/casavinicolaciccariello.com\/p\/trebbiano-igp-lazio\/#breadcrumb"},"inLanguage":"de","potentialAction":[{"@type":"ReadAction","target":["https:\/\/casavinicolaciccariello.com\/p\/trebbiano-igp-lazio\/"]}]},{"@type":"ImageObject","inLanguage":"de","@id":"https:\/\/casavinicolaciccariello.com\/p\/trebbiano-igp-lazio\/#primaryimage","url":"https:\/\/casavinicolaciccariello.com\/wp-content\/uploads\/2025\/08\/69c53c56-e44d-4dc7-bf0d-f4f652a723bd.jpeg","contentUrl":"https:\/\/casavinicolaciccariello.com\/wp-content\/uploads\/2025\/08\/69c53c56-e44d-4dc7-bf0d-f4f652a723bd.jpeg","width":1707,"height":2560,"caption":"Trebbiano IGP Lazio Colli Urbis | Casa Vinicola Ciccariello"},{"@type":"BreadcrumbList","@id":"https:\/\/casavinicolaciccariello.com\/p\/trebbiano-igp-lazio\/#breadcrumb","itemListElement":[{"@type":"ListItem","position":1,"name":"Home","item":"https:\/\/casavinicolaciccariello.com\/"},{"@type":"ListItem","position":2,"name":"Shop","item":"https:\/\/casavinicolaciccariello.com\/negozio\/"},{"@type":"ListItem","position":3,"name":"Trebbiano IGP Lazio"}]},{"@type":"WebSite","@id":"https:\/\/casavinicolaciccariello.com\/#website","url":"https:\/\/casavinicolaciccariello.com\/","name":"Casa Vinicola Ciccariello","description":"Dal 1966, la tradizione in ogni sorso.","publisher":{"@id":"https:\/\/casavinicolaciccariello.com\/#organization"},"alternateName":"Cavici","potentialAction":[{"@type":"SearchAction","target":{"@type":"EntryPoint","urlTemplate":"https:\/\/casavinicolaciccariello.com\/?s={search_term_string}"},"query-input":{"@type":"PropertyValueSpecification","valueRequired":true,"valueName":"search_term_string"}}],"inLanguage":"de"},{"@type":"Organization","@id":"https:\/\/casavinicolaciccariello.com\/#organization","name":"Casa Vinicola Ciccariello","alternateName":"CA.VI.CI SRL","url":"https:\/\/casavinicolaciccariello.com\/","logo":{"@type":"ImageObject","inLanguage":"de","@id":"https:\/\/casavinicolaciccariello.com\/#\/schema\/logo\/image\/","url":"https:\/\/casavinicolaciccariello.com\/wp-content\/uploads\/2025\/03\/logo1200px.png","contentUrl":"https:\/\/casavinicolaciccariello.com\/wp-content\/uploads\/2025\/03\/logo1200px.png","width":1200,"height":343,"caption":"Casa Vinicola Ciccariello"},"image":{"@id":"https:\/\/casavinicolaciccariello.com\/#\/schema\/logo\/image\/"},"sameAs":["https:\/\/www.facebook.com\/casavinicolaciccariello","https:\/\/www.instagram.com\/casa_vinicola_ciccariello\/"]}]}},"_links":{"self":[{"href":"https:\/\/casavinicolaciccariello.com\/de\/wp-json\/wp\/v2\/product\/91","targetHints":{"allow":["GET"]}}],"collection":[{"href":"https:\/\/casavinicolaciccariello.com\/de\/wp-json\/wp\/v2\/product"}],"about":[{"href":"https:\/\/casavinicolaciccariello.com\/de\/wp-json\/wp\/v2\/types\/product"}],"replies":[{"embeddable":true,"href":"https:\/\/casavinicolaciccariello.com\/de\/wp-json\/wp\/v2\/comments?post=91"}],"wp:featuredmedia":[{"embeddable":true,"href":"https:\/\/casavinicolaciccariello.com\/de\/wp-json\/wp\/v2\/media\/1074"}],"wp:attachment":[{"href":"https:\/\/casavinicolaciccariello.com\/de\/wp-json\/wp\/v2\/media?parent=91"}],"wp:term":[{"taxonomy":"product_brand","embeddable":true,"href":"https:\/\/casavinicolaciccariello.com\/de\/wp-json\/wp\/v2\/product_brand?post=91"},{"taxonomy":"product_cat","embeddable":true,"href":"https:\/\/casavinicolaciccariello.com\/de\/wp-json\/wp\/v2\/product_cat?post=91"},{"taxonomy":"product_tag","embeddable":true,"href":"https:\/\/casavinicolaciccariello.com\/de\/wp-json\/wp\/v2\/product_tag?post=91"}],"curies":[{"name":"wp","href":"https:\/\/api.w.org\/{rel}","templated":true}]}}