{"id":93,"date":"2025-08-11T16:44:18","date_gmt":"2025-08-11T14:44:18","guid":{"rendered":"https:\/\/casavinicolaciccariello.com\/prodotto\/merlot-igp-lazio\/"},"modified":"2025-08-11T17:16:12","modified_gmt":"2025-08-11T15:16:12","slug":"merlot-igp-lazio","status":"publish","type":"product","link":"https:\/\/casavinicolaciccariello.com\/de\/p\/merlot-igp-lazio\/","title":{"rendered":"Merlot g.g.A. Latium"},"content":{"rendered":"<h2>Merlot g.g.A. Latium<\/h2>\n<p><strong>Ein eleganter Ausdruck der Weinbautradition des Latiums<\/strong> - Die <strong>Merlot g.g.A. Latium<\/strong> stellt eine sensorische Reise durch die eindrucksvollsten Weinberge der Region dar, ein Wein, der die Harmonie zwischen dem gem\u00e4\u00dfigten Klima und den fruchtbaren B\u00f6den der Region verk\u00f6rpert. Dieser Wein, der in den am besten geeigneten Gebieten des Latiums angebaut wird, zeichnet sich durch seine entschlossene und doch ausgewogene Pers\u00f6nlichkeit aus, die das Ergebnis einer sorgf\u00e4ltigen Arbeit im Weinberg und einer jahrhundertealten Tradition ist, die die Merlot-Rebe hervorhebt, flankiert von der eleganten Note des Sangiovese.<\/p>\n<p>Die Farbe <strong>intensives Rubinrot<\/strong> f\u00e4llt sofort ins Auge, ein Vorspiel zu einem weinigen, umh\u00fcllenden Duft mit Noten von <strong>reife Pflaume<\/strong> und leichte Gew\u00fcrznoten, die an die Komplexit\u00e4t des Terroirs erinnern. Am Gaumen ist der <strong>der Geschmack ist voll, anhaltend und harmonisch<\/strong>mit weichen Tanninen und einem umh\u00fcllenden Abgang, der zu einem Schluck nach dem anderen einl\u00e4dt. Seine ausgewogene Struktur macht ihn zum perfekten Begleiter schmackhafter und geselliger Gerichte, die Tradition und Moderne vereinen.<\/p>\n<h3>Geschichte und Territorium<\/h3>\n<p>Die <strong>Gebiet der Colli Urbis<\/strong>Die Region Latium, das pulsierende Herz des Latiums, ist bekannt f\u00fcr ihre sanften H\u00fcgel und mineralhaltigen B\u00f6den, die ihren Weinen einen unverwechselbaren und erkennbaren Charakter verleihen. Die Geschichte dieses Landes ist von jahrhundertelangem Weinanbau gepr\u00e4gt und zeugt von einem kulturellen Erbe, das von Generation zu Generation weitergegeben wurde. Die <em>Merlot g.g.A. Latium<\/em> ist aus der Liebe zu diesem Land, dem Engagement der \u00f6rtlichen Winzer und der Leidenschaft f\u00fcr Qualit\u00e4t entstanden und bietet einen Wein an, der f\u00fcr eine an Geschichte und Tradition reiche Region steht.<\/p>\n<h3>Abgestimmte Beratung und Nutzungskontext<\/h3>\n<ul>\n<li>Braten und gegrillte Fleischsorten<\/li>\n<li>Wurstwaren und gereifte K\u00e4sesorten<\/li>\n<li>Schmorgerichte und mediterrane Gerichte<\/li>\n<li>Perfekt f\u00fcr gesellige Abendessen und entspannende Momente<\/li>\n<\/ul>\n<h3>Serviertemperatur<\/h3>\n<p>Um seine Nuancen am besten zu genie\u00dfen, empfehlen wir, den <strong>Merlot g.g.A. Latium<\/strong> bei einer Temperatur von <strong>14-15\u00b0C<\/strong>.<\/p>\n<h3>FAQ<\/h3>\n<p><strong>1. Was ist das wichtigste Merkmal des Merlot Lazio?<\/strong><br \/>Der Merlot Lazio zeichnet sich durch seine intensive Farbe, sein weiniges Pflaumenaroma und seinen trockenen, vollen und harmonischen Geschmack aus, der die Qualit\u00e4t des Terroirs des Latiums widerspiegelt.<\/p>\n<p><strong>2. Zu welchen Gerichten passt es am besten?<\/strong><br \/>Dank seiner ausgewogenen Struktur und seines vollen Geschmacks ist er ideal zu Braten, gegrilltem Fleisch, Aufschnitt und Eint\u00f6pfen.<\/p>\n<p><strong>3. Ist es f\u00fcr besondere Anl\u00e4sse oder f\u00fcr den t\u00e4glichen Gebrauch geeignet?<\/strong><br \/>Dank seines erschwinglichen Preises und seiner Vielseitigkeit eignet er sich sowohl f\u00fcr die allt\u00e4gliche Geselligkeit als auch f\u00fcr informelle oder legere Anl\u00e4sse.<\/p>\n<p><strong>4. Welches sind die wichtigsten organoleptischen Merkmale?<\/strong><br \/>Weiniges Aroma mit Pflaumennoten, trockener, voller und ausgewogener Geschmack mit weichen Tanninen und einem lang anhaltenden Abgang.<\/p>","protected":false},"excerpt":{"rendered":"<p>Merlot IGP Lazio: ein intensives Rubinrot, das die Sinne mit Pflaumennoten und einem anhaltenden, ausgewogenen Geschmack umh\u00fcllt. Perfekt, um gesellige Momente und informelle Abendessen zu begleiten, gibt W\u00e4rme und Raffinesse zu jedem Schluck.<\/p>","protected":false},"featured_media":1093,"comment_status":"closed","ping_status":"open","template":"","meta":[],"product_brand":[18],"product_cat":[27],"product_tag":[163],"class_list":{"0":"post-93","1":"product","2":"type-product","3":"status-publish","4":"has-post-thumbnail","6":"product_brand-casa-vinicola-ciccariello","7":"product_cat-colli-urbis","8":"product_tag-vino-rosso","9":"pa_annata-134","10":"pa_formato-17","11":"pa_linea-colli-urbis","13":"first","14":"instock","15":"purchasable","16":"product-type-simple"},"yoast_head":"<!-- This site is optimized with the Yoast SEO plugin v27.2 - https:\/\/yoast.com\/product\/yoast-seo-wordpress\/ -->\n<title>Merlot IGP Lazio | Casa Vinicola Ciccariello<\/title>\n<meta name=\"robots\" content=\"index, follow, max-snippet:-1, max-image-preview:large, max-video-preview:-1\" \/>\n<link rel=\"canonical\" href=\"https:\/\/casavinicolaciccariello.com\/de\/p\/merlot-igp-lazio\/\" \/>\n<meta property=\"og:locale\" content=\"de_DE\" \/>\n<meta property=\"og:type\" content=\"article\" \/>\n<meta property=\"og:title\" content=\"Merlot IGP Lazio | Casa Vinicola Ciccariello\" \/>\n<meta property=\"og:description\" content=\"Merlot IGP Lazio: un rosso rubino intenso che avvolge i sensi con sentori di prugna e un gusto persistente ed equilibrato. Perfetto per accompagnare momenti di convivialit\u00e0 e cene informali, regalando calore e raffinatezza ad ogni sorso.\" \/>\n<meta property=\"og:url\" content=\"https:\/\/casavinicolaciccariello.com\/de\/p\/merlot-igp-lazio\/\" \/>\n<meta property=\"og:site_name\" content=\"Casa Vinicola Ciccariello\" \/>\n<meta property=\"article:publisher\" content=\"https:\/\/www.facebook.com\/casavinicolaciccariello\" \/>\n<meta property=\"article:modified_time\" content=\"2025-08-11T15:16:12+00:00\" \/>\n<meta property=\"og:image\" content=\"https:\/\/casavinicolaciccariello.com\/wp-content\/uploads\/2025\/08\/6e3c1c49-e511-4e93-921b-879802eef72f.jpeg\" \/>\n\t<meta property=\"og:image:width\" content=\"500\" \/>\n\t<meta property=\"og:image:height\" content=\"700\" \/>\n\t<meta property=\"og:image:type\" content=\"image\/jpeg\" \/>\n<meta name=\"twitter:card\" content=\"summary_large_image\" \/>\n<meta name=\"twitter:label1\" content=\"Gesch\u00e4tzte Lesezeit\" \/>\n\t<meta name=\"twitter:data1\" content=\"2\u00a0Minuten\" \/>\n<script type=\"application\/ld+json\" class=\"yoast-schema-graph\">{\"@context\":\"https:\/\/schema.org\",\"@graph\":[{\"@type\":\"WebPage\",\"@id\":\"https:\/\/casavinicolaciccariello.com\/p\/merlot-igp-lazio\/\",\"url\":\"https:\/\/casavinicolaciccariello.com\/p\/merlot-igp-lazio\/\",\"name\":\"Merlot IGP Lazio | Casa Vinicola Ciccariello\",\"isPartOf\":{\"@id\":\"https:\/\/casavinicolaciccariello.com\/#website\"},\"primaryImageOfPage\":{\"@id\":\"https:\/\/casavinicolaciccariello.com\/p\/merlot-igp-lazio\/#primaryimage\"},\"image\":{\"@id\":\"https:\/\/casavinicolaciccariello.com\/p\/merlot-igp-lazio\/#primaryimage\"},\"thumbnailUrl\":\"https:\/\/casavinicolaciccariello.com\/wp-content\/uploads\/2025\/08\/6e3c1c49-e511-4e93-921b-879802eef72f.jpeg\",\"datePublished\":\"2025-08-11T14:44:18+00:00\",\"dateModified\":\"2025-08-11T15:16:12+00:00\",\"breadcrumb\":{\"@id\":\"https:\/\/casavinicolaciccariello.com\/p\/merlot-igp-lazio\/#breadcrumb\"},\"inLanguage\":\"de\",\"potentialAction\":[{\"@type\":\"ReadAction\",\"target\":[\"https:\/\/casavinicolaciccariello.com\/p\/merlot-igp-lazio\/\"]}]},{\"@type\":\"ImageObject\",\"inLanguage\":\"de\",\"@id\":\"https:\/\/casavinicolaciccariello.com\/p\/merlot-igp-lazio\/#primaryimage\",\"url\":\"https:\/\/casavinicolaciccariello.com\/wp-content\/uploads\/2025\/08\/6e3c1c49-e511-4e93-921b-879802eef72f.jpeg\",\"contentUrl\":\"https:\/\/casavinicolaciccariello.com\/wp-content\/uploads\/2025\/08\/6e3c1c49-e511-4e93-921b-879802eef72f.jpeg\",\"width\":500,\"height\":700,\"caption\":\"Merlot IGP Lazio Colli Urbis | Casa Vinicola Ciccariello\"},{\"@type\":\"BreadcrumbList\",\"@id\":\"https:\/\/casavinicolaciccariello.com\/p\/merlot-igp-lazio\/#breadcrumb\",\"itemListElement\":[{\"@type\":\"ListItem\",\"position\":1,\"name\":\"Home\",\"item\":\"https:\/\/casavinicolaciccariello.com\/\"},{\"@type\":\"ListItem\",\"position\":2,\"name\":\"Shop\",\"item\":\"https:\/\/casavinicolaciccariello.com\/negozio\/\"},{\"@type\":\"ListItem\",\"position\":3,\"name\":\"Merlot IGP Lazio\"}]},{\"@type\":\"WebSite\",\"@id\":\"https:\/\/casavinicolaciccariello.com\/#website\",\"url\":\"https:\/\/casavinicolaciccariello.com\/\",\"name\":\"Casa Vinicola Ciccariello\",\"description\":\"Dal 1966, la tradizione in ogni sorso.\",\"publisher\":{\"@id\":\"https:\/\/casavinicolaciccariello.com\/#organization\"},\"alternateName\":\"Cavici\",\"potentialAction\":[{\"@type\":\"SearchAction\",\"target\":{\"@type\":\"EntryPoint\",\"urlTemplate\":\"https:\/\/casavinicolaciccariello.com\/?s={search_term_string}\"},\"query-input\":{\"@type\":\"PropertyValueSpecification\",\"valueRequired\":true,\"valueName\":\"search_term_string\"}}],\"inLanguage\":\"de\"},{\"@type\":\"Organization\",\"@id\":\"https:\/\/casavinicolaciccariello.com\/#organization\",\"name\":\"Casa Vinicola Ciccariello\",\"alternateName\":\"CA.VI.CI SRL\",\"url\":\"https:\/\/casavinicolaciccariello.com\/\",\"logo\":{\"@type\":\"ImageObject\",\"inLanguage\":\"de\",\"@id\":\"https:\/\/casavinicolaciccariello.com\/#\/schema\/logo\/image\/\",\"url\":\"https:\/\/casavinicolaciccariello.com\/wp-content\/uploads\/2025\/03\/logo1200px.png\",\"contentUrl\":\"https:\/\/casavinicolaciccariello.com\/wp-content\/uploads\/2025\/03\/logo1200px.png\",\"width\":1200,\"height\":343,\"caption\":\"Casa Vinicola Ciccariello\"},\"image\":{\"@id\":\"https:\/\/casavinicolaciccariello.com\/#\/schema\/logo\/image\/\"},\"sameAs\":[\"https:\/\/www.facebook.com\/casavinicolaciccariello\",\"https:\/\/www.instagram.com\/casa_vinicola_ciccariello\/\"]}]}<\/script>\n<!-- \/ Yoast SEO plugin. -->","yoast_head_json":{"title":"Merlot IGP Lazio | Casa Vinicola Ciccariello","robots":{"index":"index","follow":"follow","max-snippet":"max-snippet:-1","max-image-preview":"max-image-preview:large","max-video-preview":"max-video-preview:-1"},"canonical":"https:\/\/casavinicolaciccariello.com\/de\/p\/merlot-igp-lazio\/","og_locale":"de_DE","og_type":"article","og_title":"Merlot IGP Lazio | Casa Vinicola Ciccariello","og_description":"Merlot IGP Lazio: un rosso rubino intenso che avvolge i sensi con sentori di prugna e un gusto persistente ed equilibrato. Perfetto per accompagnare momenti di convivialit\u00e0 e cene informali, regalando calore e raffinatezza ad ogni sorso.","og_url":"https:\/\/casavinicolaciccariello.com\/de\/p\/merlot-igp-lazio\/","og_site_name":"Casa Vinicola Ciccariello","article_publisher":"https:\/\/www.facebook.com\/casavinicolaciccariello","article_modified_time":"2025-08-11T15:16:12+00:00","og_image":[{"width":500,"height":700,"url":"https:\/\/casavinicolaciccariello.com\/wp-content\/uploads\/2025\/08\/6e3c1c49-e511-4e93-921b-879802eef72f.jpeg","type":"image\/jpeg"}],"twitter_card":"summary_large_image","twitter_misc":{"Gesch\u00e4tzte Lesezeit":"2\u00a0Minuten"},"schema":{"@context":"https:\/\/schema.org","@graph":[{"@type":"WebPage","@id":"https:\/\/casavinicolaciccariello.com\/p\/merlot-igp-lazio\/","url":"https:\/\/casavinicolaciccariello.com\/p\/merlot-igp-lazio\/","name":"Merlot IGP Lazio | Casa Vinicola Ciccariello","isPartOf":{"@id":"https:\/\/casavinicolaciccariello.com\/#website"},"primaryImageOfPage":{"@id":"https:\/\/casavinicolaciccariello.com\/p\/merlot-igp-lazio\/#primaryimage"},"image":{"@id":"https:\/\/casavinicolaciccariello.com\/p\/merlot-igp-lazio\/#primaryimage"},"thumbnailUrl":"https:\/\/casavinicolaciccariello.com\/wp-content\/uploads\/2025\/08\/6e3c1c49-e511-4e93-921b-879802eef72f.jpeg","datePublished":"2025-08-11T14:44:18+00:00","dateModified":"2025-08-11T15:16:12+00:00","breadcrumb":{"@id":"https:\/\/casavinicolaciccariello.com\/p\/merlot-igp-lazio\/#breadcrumb"},"inLanguage":"de","potentialAction":[{"@type":"ReadAction","target":["https:\/\/casavinicolaciccariello.com\/p\/merlot-igp-lazio\/"]}]},{"@type":"ImageObject","inLanguage":"de","@id":"https:\/\/casavinicolaciccariello.com\/p\/merlot-igp-lazio\/#primaryimage","url":"https:\/\/casavinicolaciccariello.com\/wp-content\/uploads\/2025\/08\/6e3c1c49-e511-4e93-921b-879802eef72f.jpeg","contentUrl":"https:\/\/casavinicolaciccariello.com\/wp-content\/uploads\/2025\/08\/6e3c1c49-e511-4e93-921b-879802eef72f.jpeg","width":500,"height":700,"caption":"Merlot IGP Lazio Colli Urbis | Casa Vinicola Ciccariello"},{"@type":"BreadcrumbList","@id":"https:\/\/casavinicolaciccariello.com\/p\/merlot-igp-lazio\/#breadcrumb","itemListElement":[{"@type":"ListItem","position":1,"name":"Home","item":"https:\/\/casavinicolaciccariello.com\/"},{"@type":"ListItem","position":2,"name":"Shop","item":"https:\/\/casavinicolaciccariello.com\/negozio\/"},{"@type":"ListItem","position":3,"name":"Merlot IGP Lazio"}]},{"@type":"WebSite","@id":"https:\/\/casavinicolaciccariello.com\/#website","url":"https:\/\/casavinicolaciccariello.com\/","name":"Casa Vinicola Ciccariello","description":"Dal 1966, la tradizione in ogni sorso.","publisher":{"@id":"https:\/\/casavinicolaciccariello.com\/#organization"},"alternateName":"Cavici","potentialAction":[{"@type":"SearchAction","target":{"@type":"EntryPoint","urlTemplate":"https:\/\/casavinicolaciccariello.com\/?s={search_term_string}"},"query-input":{"@type":"PropertyValueSpecification","valueRequired":true,"valueName":"search_term_string"}}],"inLanguage":"de"},{"@type":"Organization","@id":"https:\/\/casavinicolaciccariello.com\/#organization","name":"Casa Vinicola Ciccariello","alternateName":"CA.VI.CI SRL","url":"https:\/\/casavinicolaciccariello.com\/","logo":{"@type":"ImageObject","inLanguage":"de","@id":"https:\/\/casavinicolaciccariello.com\/#\/schema\/logo\/image\/","url":"https:\/\/casavinicolaciccariello.com\/wp-content\/uploads\/2025\/03\/logo1200px.png","contentUrl":"https:\/\/casavinicolaciccariello.com\/wp-content\/uploads\/2025\/03\/logo1200px.png","width":1200,"height":343,"caption":"Casa Vinicola Ciccariello"},"image":{"@id":"https:\/\/casavinicolaciccariello.com\/#\/schema\/logo\/image\/"},"sameAs":["https:\/\/www.facebook.com\/casavinicolaciccariello","https:\/\/www.instagram.com\/casa_vinicola_ciccariello\/"]}]}},"_links":{"self":[{"href":"https:\/\/casavinicolaciccariello.com\/de\/wp-json\/wp\/v2\/product\/93","targetHints":{"allow":["GET"]}}],"collection":[{"href":"https:\/\/casavinicolaciccariello.com\/de\/wp-json\/wp\/v2\/product"}],"about":[{"href":"https:\/\/casavinicolaciccariello.com\/de\/wp-json\/wp\/v2\/types\/product"}],"replies":[{"embeddable":true,"href":"https:\/\/casavinicolaciccariello.com\/de\/wp-json\/wp\/v2\/comments?post=93"}],"wp:featuredmedia":[{"embeddable":true,"href":"https:\/\/casavinicolaciccariello.com\/de\/wp-json\/wp\/v2\/media\/1093"}],"wp:attachment":[{"href":"https:\/\/casavinicolaciccariello.com\/de\/wp-json\/wp\/v2\/media?parent=93"}],"wp:term":[{"taxonomy":"product_brand","embeddable":true,"href":"https:\/\/casavinicolaciccariello.com\/de\/wp-json\/wp\/v2\/product_brand?post=93"},{"taxonomy":"product_cat","embeddable":true,"href":"https:\/\/casavinicolaciccariello.com\/de\/wp-json\/wp\/v2\/product_cat?post=93"},{"taxonomy":"product_tag","embeddable":true,"href":"https:\/\/casavinicolaciccariello.com\/de\/wp-json\/wp\/v2\/product_tag?post=93"}],"curies":[{"name":"wp","href":"https:\/\/api.w.org\/{rel}","templated":true}]}}