{"id":94,"date":"2025-08-11T16:44:03","date_gmt":"2025-08-11T14:44:03","guid":{"rendered":"https:\/\/casavinicolaciccariello.com\/prodotto\/montepulciano-dabruzzo-dop\/"},"modified":"2025-08-11T17:16:06","modified_gmt":"2025-08-11T15:16:06","slug":"montepulciano-dabruzzo-doc","status":"publish","type":"product","link":"https:\/\/casavinicolaciccariello.com\/de\/p\/montepulciano-dabruzzo-doc\/","title":{"rendered":"Montepulciano d'Abruzzo DOC"},"content":{"rendered":"<h2>Montepulciano d'Abruzzo DOC - Colli Urbis 2022<\/h2>\n<p><strong>Eine Exzellenz aus dem Herzen der Abruzzen<\/strong> - Die <strong>Montepulciano d'Abruzzo DOC Colli Urbis 2022<\/strong>&nbsp;ist der authentischste und raffinierteste Ausdruck der Weinbautradition der Abruzzen. Aus einer sorgf\u00e4ltigen Auswahl der besten Montepulciano-Trauben entstanden, ist dieser Wein eine wahre Hymne an die Territorialit\u00e4t, die Geschichte und die Leidenschaft der Weinberge, die in den H\u00fcgeln dieser Region wachsen. Seine starke und einh\u00fcllende Pers\u00f6nlichkeit dr\u00fcckt sich in einer intensiven rot-violetten Farbe aus, mit spannungsgeladenen Reflexen, die das Auge fesseln und ein fesselndes sensorisches Erlebnis erwarten lassen.<\/p>\n<p>Das Bouquet dieses Weins ist delikat und komplex zugleich, dominiert von Noten von Tabak und reifen roten Fr\u00fcchten wie Kirschen und Pflaumen, verwoben mit w\u00fcrzigen und leicht rauchigen Noten. Am Gaumen ist der <strong>der Geschmack ist vollmundig, weich und anhaltend<\/strong>mit einem ausgewogenen Geschmack, der jeden Schluck umh\u00fcllend und harmonisch macht. Seine ausgewogene Struktur macht ihn zum idealen Begleiter f\u00fcr Gerichte mit viel Substanz und Charakter und ist ein Symbol f\u00fcr Eleganz und Tradition.<\/p>\n<h3>Territorium und Tradition<\/h3>\n<p>Die Weinberge, aus denen die <strong>Montepulciano d'Abruzzo DOC Colli Urbis<\/strong> befinden sich in h\u00fcgeligem Gel\u00e4nde zwischen den Provinzen Chieti und Pescara, in einem Terroir, das sich durch mineralreiche B\u00f6den und ein gem\u00e4\u00dfigtes mediterranes Klima auszeichnet. Diese Kombination beg\u00fcnstigt die volle Reifung der Trauben und verleiht dem Wein eine starke territoriale Identit\u00e4t. Die Geschichte dieser Rebsorte ist in den b\u00e4uerlichen Traditionen der Abruzzen verwurzelt, die von Generation zu Generation weitergegeben wurden, und ist heute ein Symbol des lokalen Stolzes. Die mit Leidenschaft und Liebe zum Detail durchgef\u00fchrte Weinbereitung erm\u00f6glicht es, die Authentizit\u00e4t der Rebe zu bewahren und ein Produkt anzubieten, das den Charme dieser gro\u00dfz\u00fcgigen Gegend verk\u00f6rpert.<\/p>\n<h3>Passende Tipps und Anl\u00e4sse<\/h3>\n<ul>\n<li>Braten und Wild<\/li>\n<li>Geschmortes und ged\u00fcnstetes Fleisch<\/li>\n<li>Gebackenes Lammfleisch<\/li>\n<li>Deftige Gerichte der traditionellen abruzzesischen K\u00fcche<\/li>\n<li>Perfekt f\u00fcr gesellige Abendessen und Momente der puren Entspannung<\/li>\n<\/ul>\n<h3>Serviertemperatur<\/h3>\n<p>Um seine Eigenschaften voll zur Geltung zu bringen, empfehlen wir, ihn bei einer Temperatur von <strong>16-18\u00b0C<\/strong>in einem hochwertigen Kelch langsam \u00f6ffnen lassen.<\/p>\n<h3>FAQ<\/h3>\n<p><strong>1. Welches sind die wichtigsten organoleptischen Merkmale dieses Weins?<\/strong><br \/>Die <strong>Montepulciano d'Abruzzo g.U. Colli Urbis<\/strong> zeichnet sich durch seine tief purpurrote Farbe, sein delikates Aroma nach Tabak und roten Fr\u00fcchten und seinen ausgewogenen, vollmundigen und anhaltenden Geschmack mit w\u00fcrzigen und harmonischen Noten aus.<\/p>\n<p><strong>2. Zu welchen Gerichten passt es am besten?<\/strong><br \/>Dank seiner Struktur und aromatischen Komplexit\u00e4t passt er ideal zu Braten, Wild, Schmorbraten und kr\u00e4ftigen Fleischgerichten.<\/p>\n<p><strong>3. Wie lange kann es gelagert werden?<\/strong><br \/>Dank seiner Eleganz und Struktur kann dieser Wein auch noch nach einigen Jahren genossen werden, vorausgesetzt, er wird unter stabilen Temperaturbedingungen und in einer trockenen Umgebung gelagert.<\/p>\n<p><strong>4. Was ist die beste Serviertemperatur?<\/strong><br \/>Dienen zwischen <strong>16 und 18\u00b0C<\/strong> erm\u00f6glicht es, seine sensorischen Eigenschaften zu verbessern und die Aromen und die Struktur zu verst\u00e4rken.<\/p>\n<p><strong>5. Warum diesen Wein w\u00e4hlen?<\/strong><br \/>Denn er stellt die perfekte Synthese aus Tradition, Territorium und Leidenschaft dar und bietet ein intensives und fesselndes sensorisches Erlebnis, ideal f\u00fcr gesellige und feierliche Momente.<\/p>","protected":false},"excerpt":{"rendered":"<p>Montepulciano d'Abruzzo DOC Colli Urbis: ein intensiver und einh\u00fcllender Rotwein, der zu Momenten der Geselligkeit und raffinierter Geselligkeit einl\u00e4dt. Seine Noten von Tabak und roten Fr\u00fcchten harmonieren perfekt mit herzhaften Fleischgerichten und bieten mit jedem Schluck Empfindungen von Ausgewogenheit und Ausdauer.<\/p>","protected":false},"featured_media":1092,"comment_status":"closed","ping_status":"open","template":"","meta":[],"product_brand":[18],"product_cat":[27],"product_tag":[163],"class_list":{"0":"post-94","1":"product","2":"type-product","3":"status-publish","4":"has-post-thumbnail","6":"product_brand-casa-vinicola-ciccariello","7":"product_cat-colli-urbis","8":"product_tag-vino-rosso","9":"pa_annata-133","10":"pa_formato-17","11":"pa_linea-colli-urbis","13":"first","14":"instock","15":"purchasable","16":"product-type-simple"},"yoast_head":"<!-- This site is optimized with the Yoast SEO plugin v27.2 - https:\/\/yoast.com\/product\/yoast-seo-wordpress\/ -->\n<title>Montepulciano d\u2019Abruzzo DOC | Casa Vinicola Ciccariello<\/title>\n<meta name=\"robots\" content=\"index, follow, max-snippet:-1, max-image-preview:large, max-video-preview:-1\" \/>\n<link rel=\"canonical\" href=\"https:\/\/casavinicolaciccariello.com\/de\/p\/montepulciano-dabruzzo-doc\/\" \/>\n<meta property=\"og:locale\" content=\"de_DE\" \/>\n<meta property=\"og:type\" content=\"article\" \/>\n<meta property=\"og:title\" content=\"Montepulciano d\u2019Abruzzo DOC | Casa Vinicola Ciccariello\" \/>\n<meta property=\"og:description\" content=\"Montepulciano d&rsquo;Abruzzo DOC Colli Urbis: un rosso intenso e avvolgente, che invita a momenti di convivialit&agrave; e raffinata convivialit&agrave;. I suoi sentori di tabacco e frutta rossa si armonizzano perfettamente con piatti di carne saporiti, regalando sensazioni di equilibrio e persistenza ad ogni sorso.\" \/>\n<meta property=\"og:url\" content=\"https:\/\/casavinicolaciccariello.com\/de\/p\/montepulciano-dabruzzo-doc\/\" \/>\n<meta property=\"og:site_name\" content=\"Casa Vinicola Ciccariello\" \/>\n<meta property=\"article:publisher\" content=\"https:\/\/www.facebook.com\/casavinicolaciccariello\" \/>\n<meta property=\"article:modified_time\" content=\"2025-08-11T15:16:06+00:00\" \/>\n<meta property=\"og:image\" content=\"https:\/\/casavinicolaciccariello.com\/wp-content\/uploads\/2025\/08\/dea35d43-0682-4403-9e60-2fb443cc119b.jpeg\" \/>\n\t<meta property=\"og:image:width\" content=\"500\" \/>\n\t<meta property=\"og:image:height\" content=\"700\" \/>\n\t<meta property=\"og:image:type\" content=\"image\/jpeg\" \/>\n<meta name=\"twitter:card\" content=\"summary_large_image\" \/>\n<meta name=\"twitter:label1\" content=\"Gesch\u00e4tzte Lesezeit\" \/>\n\t<meta name=\"twitter:data1\" content=\"3\u00a0Minuten\" \/>\n<script type=\"application\/ld+json\" class=\"yoast-schema-graph\">{\"@context\":\"https:\/\/schema.org\",\"@graph\":[{\"@type\":\"WebPage\",\"@id\":\"https:\/\/casavinicolaciccariello.com\/p\/montepulciano-dabruzzo-doc\/\",\"url\":\"https:\/\/casavinicolaciccariello.com\/p\/montepulciano-dabruzzo-doc\/\",\"name\":\"Montepulciano d\u2019Abruzzo DOC | Casa Vinicola Ciccariello\",\"isPartOf\":{\"@id\":\"https:\/\/casavinicolaciccariello.com\/#website\"},\"primaryImageOfPage\":{\"@id\":\"https:\/\/casavinicolaciccariello.com\/p\/montepulciano-dabruzzo-doc\/#primaryimage\"},\"image\":{\"@id\":\"https:\/\/casavinicolaciccariello.com\/p\/montepulciano-dabruzzo-doc\/#primaryimage\"},\"thumbnailUrl\":\"https:\/\/casavinicolaciccariello.com\/wp-content\/uploads\/2025\/08\/dea35d43-0682-4403-9e60-2fb443cc119b.jpeg\",\"datePublished\":\"2025-08-11T14:44:03+00:00\",\"dateModified\":\"2025-08-11T15:16:06+00:00\",\"breadcrumb\":{\"@id\":\"https:\/\/casavinicolaciccariello.com\/p\/montepulciano-dabruzzo-doc\/#breadcrumb\"},\"inLanguage\":\"de\",\"potentialAction\":[{\"@type\":\"ReadAction\",\"target\":[\"https:\/\/casavinicolaciccariello.com\/p\/montepulciano-dabruzzo-doc\/\"]}]},{\"@type\":\"ImageObject\",\"inLanguage\":\"de\",\"@id\":\"https:\/\/casavinicolaciccariello.com\/p\/montepulciano-dabruzzo-doc\/#primaryimage\",\"url\":\"https:\/\/casavinicolaciccariello.com\/wp-content\/uploads\/2025\/08\/dea35d43-0682-4403-9e60-2fb443cc119b.jpeg\",\"contentUrl\":\"https:\/\/casavinicolaciccariello.com\/wp-content\/uploads\/2025\/08\/dea35d43-0682-4403-9e60-2fb443cc119b.jpeg\",\"width\":500,\"height\":700,\"caption\":\"Montepulciano d\u2019Abruzzo DOC Colli Urbis | Casa Vinicola Ciccariello\"},{\"@type\":\"BreadcrumbList\",\"@id\":\"https:\/\/casavinicolaciccariello.com\/p\/montepulciano-dabruzzo-doc\/#breadcrumb\",\"itemListElement\":[{\"@type\":\"ListItem\",\"position\":1,\"name\":\"Home\",\"item\":\"https:\/\/casavinicolaciccariello.com\/\"},{\"@type\":\"ListItem\",\"position\":2,\"name\":\"Shop\",\"item\":\"https:\/\/casavinicolaciccariello.com\/negozio\/\"},{\"@type\":\"ListItem\",\"position\":3,\"name\":\"Montepulciano d\u2019Abruzzo DOC\"}]},{\"@type\":\"WebSite\",\"@id\":\"https:\/\/casavinicolaciccariello.com\/#website\",\"url\":\"https:\/\/casavinicolaciccariello.com\/\",\"name\":\"Casa Vinicola Ciccariello\",\"description\":\"Dal 1966, la tradizione in ogni sorso.\",\"publisher\":{\"@id\":\"https:\/\/casavinicolaciccariello.com\/#organization\"},\"alternateName\":\"Cavici\",\"potentialAction\":[{\"@type\":\"SearchAction\",\"target\":{\"@type\":\"EntryPoint\",\"urlTemplate\":\"https:\/\/casavinicolaciccariello.com\/?s={search_term_string}\"},\"query-input\":{\"@type\":\"PropertyValueSpecification\",\"valueRequired\":true,\"valueName\":\"search_term_string\"}}],\"inLanguage\":\"de\"},{\"@type\":\"Organization\",\"@id\":\"https:\/\/casavinicolaciccariello.com\/#organization\",\"name\":\"Casa Vinicola Ciccariello\",\"alternateName\":\"CA.VI.CI SRL\",\"url\":\"https:\/\/casavinicolaciccariello.com\/\",\"logo\":{\"@type\":\"ImageObject\",\"inLanguage\":\"de\",\"@id\":\"https:\/\/casavinicolaciccariello.com\/#\/schema\/logo\/image\/\",\"url\":\"https:\/\/casavinicolaciccariello.com\/wp-content\/uploads\/2025\/03\/logo1200px.png\",\"contentUrl\":\"https:\/\/casavinicolaciccariello.com\/wp-content\/uploads\/2025\/03\/logo1200px.png\",\"width\":1200,\"height\":343,\"caption\":\"Casa Vinicola Ciccariello\"},\"image\":{\"@id\":\"https:\/\/casavinicolaciccariello.com\/#\/schema\/logo\/image\/\"},\"sameAs\":[\"https:\/\/www.facebook.com\/casavinicolaciccariello\",\"https:\/\/www.instagram.com\/casa_vinicola_ciccariello\/\"]}]}<\/script>\n<!-- \/ Yoast SEO plugin. -->","yoast_head_json":{"title":"Montepulciano d\u2019Abruzzo DOC | Casa Vinicola Ciccariello","robots":{"index":"index","follow":"follow","max-snippet":"max-snippet:-1","max-image-preview":"max-image-preview:large","max-video-preview":"max-video-preview:-1"},"canonical":"https:\/\/casavinicolaciccariello.com\/de\/p\/montepulciano-dabruzzo-doc\/","og_locale":"de_DE","og_type":"article","og_title":"Montepulciano d\u2019Abruzzo DOC | Casa Vinicola Ciccariello","og_description":"Montepulciano d&rsquo;Abruzzo DOC Colli Urbis: un rosso intenso e avvolgente, che invita a momenti di convivialit&agrave; e raffinata convivialit&agrave;. I suoi sentori di tabacco e frutta rossa si armonizzano perfettamente con piatti di carne saporiti, regalando sensazioni di equilibrio e persistenza ad ogni sorso.","og_url":"https:\/\/casavinicolaciccariello.com\/de\/p\/montepulciano-dabruzzo-doc\/","og_site_name":"Casa Vinicola Ciccariello","article_publisher":"https:\/\/www.facebook.com\/casavinicolaciccariello","article_modified_time":"2025-08-11T15:16:06+00:00","og_image":[{"width":500,"height":700,"url":"https:\/\/casavinicolaciccariello.com\/wp-content\/uploads\/2025\/08\/dea35d43-0682-4403-9e60-2fb443cc119b.jpeg","type":"image\/jpeg"}],"twitter_card":"summary_large_image","twitter_misc":{"Gesch\u00e4tzte Lesezeit":"3\u00a0Minuten"},"schema":{"@context":"https:\/\/schema.org","@graph":[{"@type":"WebPage","@id":"https:\/\/casavinicolaciccariello.com\/p\/montepulciano-dabruzzo-doc\/","url":"https:\/\/casavinicolaciccariello.com\/p\/montepulciano-dabruzzo-doc\/","name":"Montepulciano d\u2019Abruzzo DOC | Casa Vinicola Ciccariello","isPartOf":{"@id":"https:\/\/casavinicolaciccariello.com\/#website"},"primaryImageOfPage":{"@id":"https:\/\/casavinicolaciccariello.com\/p\/montepulciano-dabruzzo-doc\/#primaryimage"},"image":{"@id":"https:\/\/casavinicolaciccariello.com\/p\/montepulciano-dabruzzo-doc\/#primaryimage"},"thumbnailUrl":"https:\/\/casavinicolaciccariello.com\/wp-content\/uploads\/2025\/08\/dea35d43-0682-4403-9e60-2fb443cc119b.jpeg","datePublished":"2025-08-11T14:44:03+00:00","dateModified":"2025-08-11T15:16:06+00:00","breadcrumb":{"@id":"https:\/\/casavinicolaciccariello.com\/p\/montepulciano-dabruzzo-doc\/#breadcrumb"},"inLanguage":"de","potentialAction":[{"@type":"ReadAction","target":["https:\/\/casavinicolaciccariello.com\/p\/montepulciano-dabruzzo-doc\/"]}]},{"@type":"ImageObject","inLanguage":"de","@id":"https:\/\/casavinicolaciccariello.com\/p\/montepulciano-dabruzzo-doc\/#primaryimage","url":"https:\/\/casavinicolaciccariello.com\/wp-content\/uploads\/2025\/08\/dea35d43-0682-4403-9e60-2fb443cc119b.jpeg","contentUrl":"https:\/\/casavinicolaciccariello.com\/wp-content\/uploads\/2025\/08\/dea35d43-0682-4403-9e60-2fb443cc119b.jpeg","width":500,"height":700,"caption":"Montepulciano d\u2019Abruzzo DOC Colli Urbis | Casa Vinicola Ciccariello"},{"@type":"BreadcrumbList","@id":"https:\/\/casavinicolaciccariello.com\/p\/montepulciano-dabruzzo-doc\/#breadcrumb","itemListElement":[{"@type":"ListItem","position":1,"name":"Home","item":"https:\/\/casavinicolaciccariello.com\/"},{"@type":"ListItem","position":2,"name":"Shop","item":"https:\/\/casavinicolaciccariello.com\/negozio\/"},{"@type":"ListItem","position":3,"name":"Montepulciano d\u2019Abruzzo DOC"}]},{"@type":"WebSite","@id":"https:\/\/casavinicolaciccariello.com\/#website","url":"https:\/\/casavinicolaciccariello.com\/","name":"Casa Vinicola Ciccariello","description":"Dal 1966, la tradizione in ogni sorso.","publisher":{"@id":"https:\/\/casavinicolaciccariello.com\/#organization"},"alternateName":"Cavici","potentialAction":[{"@type":"SearchAction","target":{"@type":"EntryPoint","urlTemplate":"https:\/\/casavinicolaciccariello.com\/?s={search_term_string}"},"query-input":{"@type":"PropertyValueSpecification","valueRequired":true,"valueName":"search_term_string"}}],"inLanguage":"de"},{"@type":"Organization","@id":"https:\/\/casavinicolaciccariello.com\/#organization","name":"Casa Vinicola Ciccariello","alternateName":"CA.VI.CI SRL","url":"https:\/\/casavinicolaciccariello.com\/","logo":{"@type":"ImageObject","inLanguage":"de","@id":"https:\/\/casavinicolaciccariello.com\/#\/schema\/logo\/image\/","url":"https:\/\/casavinicolaciccariello.com\/wp-content\/uploads\/2025\/03\/logo1200px.png","contentUrl":"https:\/\/casavinicolaciccariello.com\/wp-content\/uploads\/2025\/03\/logo1200px.png","width":1200,"height":343,"caption":"Casa Vinicola Ciccariello"},"image":{"@id":"https:\/\/casavinicolaciccariello.com\/#\/schema\/logo\/image\/"},"sameAs":["https:\/\/www.facebook.com\/casavinicolaciccariello","https:\/\/www.instagram.com\/casa_vinicola_ciccariello\/"]}]}},"_links":{"self":[{"href":"https:\/\/casavinicolaciccariello.com\/de\/wp-json\/wp\/v2\/product\/94","targetHints":{"allow":["GET"]}}],"collection":[{"href":"https:\/\/casavinicolaciccariello.com\/de\/wp-json\/wp\/v2\/product"}],"about":[{"href":"https:\/\/casavinicolaciccariello.com\/de\/wp-json\/wp\/v2\/types\/product"}],"replies":[{"embeddable":true,"href":"https:\/\/casavinicolaciccariello.com\/de\/wp-json\/wp\/v2\/comments?post=94"}],"wp:featuredmedia":[{"embeddable":true,"href":"https:\/\/casavinicolaciccariello.com\/de\/wp-json\/wp\/v2\/media\/1092"}],"wp:attachment":[{"href":"https:\/\/casavinicolaciccariello.com\/de\/wp-json\/wp\/v2\/media?parent=94"}],"wp:term":[{"taxonomy":"product_brand","embeddable":true,"href":"https:\/\/casavinicolaciccariello.com\/de\/wp-json\/wp\/v2\/product_brand?post=94"},{"taxonomy":"product_cat","embeddable":true,"href":"https:\/\/casavinicolaciccariello.com\/de\/wp-json\/wp\/v2\/product_cat?post=94"},{"taxonomy":"product_tag","embeddable":true,"href":"https:\/\/casavinicolaciccariello.com\/de\/wp-json\/wp\/v2\/product_tag?post=94"}],"curies":[{"name":"wp","href":"https:\/\/api.w.org\/{rel}","templated":true}]}}