{"id":98,"date":"2025-08-11T17:28:01","date_gmt":"2025-08-11T15:28:01","guid":{"rendered":"https:\/\/casavinicolaciccariello.com\/prodotto\/castelli-romani-dop-rosso\/"},"modified":"2025-08-11T17:28:06","modified_gmt":"2025-08-11T15:28:06","slug":"castelli-romani-dop-rot","status":"publish","type":"product","link":"https:\/\/casavinicolaciccariello.com\/de\/p\/castelli-romani-dop-rot\/","title":{"rendered":"Castelli Romani g.U. Rot"},"content":{"rendered":"<h2>Castelli Romani g.U. Rot<\/h2>\n<p><strong>Eine authentische Interpretation des Herzens der Castelli Romani<\/strong> - Die <strong>Castelli Romani g.U. Rot<\/strong> repr\u00e4sentiert die Eleganz und Tradition des r\u00f6mischen Weinbaus und bringt einen Wein auf den Tisch, der von geschichtstr\u00e4chtigen und leidenschaftlichen Territorien erz\u00e4hlt. Gewonnen aus der geschickten Vinifizierung von Trauben <em>Sangiovese<\/em> e <em>Merlot<\/em>Dieser Rotwein mit einem Alkoholgehalt von 12% verk\u00f6rpert die Essenz eines einzigartigen Gebiets, das zwischen H\u00fcgeln und Weinbergen mit Blick auf malerische Seen und alte r\u00f6mische Villen liegt.<\/p>\n<p>Seine Farbe <strong>Ziemlich intensives Rubinrot<\/strong> erinnert an die warme Atmosph\u00e4re eines sommerlichen Sonnenuntergangs, w\u00e4hrend der Duft von <strong>Beeren<\/strong> umh\u00fcllt die Sinne mit Noten von Kirsche und Brombeere, bereichert durch Nuancen von zarten Gew\u00fcrzen. Am Gaumen pr\u00e4sentiert der Wein <strong>harmonisch trocken und ausgewogen<\/strong>mit einem Geschmack, der zur Geselligkeit und zur Entdeckung von authentischen Aromen einl\u00e4dt. Seine elegante Struktur macht ihn zum idealen Begleiter von reichhaltigen und schmackhaften Gerichten, insbesondere von Braten, Steaks und Wild, und schafft so eine Kombination aus Tradition und Geschmack, die auch die raffiniertesten Genie\u00dfer begeistern wird.<\/p>\n<h3>Eine Geschichte von Terroir und Tradition<\/h3>\n<p>Das Gebiet der Castelli Romani, das seit der R\u00f6merzeit als Ort der Erholung und des Weinanbaus bekannt ist, verleiht diesem Wein eine einzigartige Pers\u00f6nlichkeit. Die vulkanischen H\u00fcgel mit ihren mineralhaltigen B\u00f6den verleihen dem <em>Castelli Romani g.U. Rot<\/em> eine aromatische Komplexit\u00e4t und Finesse, die sich in seinem sensorischen Profil widerspiegeln. Die Weinbautradition in diesem Gebiet wurde von Generation zu Generation weitergegeben, wobei die \u00e4ltesten Techniken und die Sorgfalt f\u00fcr jedes Detail, von der Ernte bis zur G\u00e4rung, beibehalten wurden.<\/p>\n<h3>Servierempfehlungen und Kombinationen<\/h3>\n<ul>\n<li>Bei einer Temperatur zwischen 16\u00b0C und 18\u00b0C servieren, um die organoleptischen Eigenschaften zu verbessern<\/li>\n<li>Ideal zu Braten, Steaks und Wild<\/li>\n<li>Perfekt f\u00fcr gesellige Mittag- und Abendessen mit Freunden, wenn Sie einen Wein suchen, der Geschmack und Tradition vereint<\/li>\n<\/ul>\n<h3>FAQ<\/h3>\n<p><strong>1. Was ist die beste Serviertemperatur f\u00fcr Castelli Romani DOP Rosso?<\/strong><br \/>Der Wein wird am besten bei einer Temperatur zwischen 16\u00b0C und 18\u00b0C genossen, um seine Struktur und sein aromatisches Profil zu verbessern.<\/p>\n<p><strong>2. Zu welchen Gerichten passt es perfekt?<\/strong><br \/>Dank seiner Harmonie und seines kr\u00e4ftigen Geschmacks passt er hervorragend zu Braten, Steaks und Wild.<\/p>\n<p><strong>3. Welches sind die wichtigsten organoleptischen Merkmale?<\/strong><br \/>Der Castelli Romani g.U. Rosso zeichnet sich durch seine intensive rubinrote Farbe, seinen Duft nach Waldbeeren und seinen harmonischen, trockenen Geschmack aus, perfekt f\u00fcr gesellige Genussmomente.<\/p>\n<p><strong>4. Ist es f\u00fcr besondere oder allt\u00e4gliche Anl\u00e4sse geeignet?<\/strong><br \/>Dank seiner Vielseitigkeit eignet er sich sowohl f\u00fcr informelle Abendessen als auch f\u00fcr raffiniertere Anl\u00e4sse, da er eine zug\u00e4ngliche Eleganz und eine starke territoriale Identit\u00e4t aufweist.<\/p>","protected":false},"excerpt":{"rendered":"<p>Castelli Romani DOP Rosso: ein Wein, der mit seiner intensiven rubinroten Farbe und dem umh\u00fcllenden Duft von Beeren eine authentische und gesellige Atmosph\u00e4re heraufbeschw\u00f6rt. Er eignet sich perfekt als Begleiter von Genussmomenten und reichhaltigen Fleischgerichten und vermittelt mit jedem Schluck ein Gef\u00fchl von Harmonie.<\/p>","protected":false},"featured_media":1076,"comment_status":"closed","ping_status":"open","template":"","meta":[],"product_brand":[18],"product_cat":[28],"product_tag":[163],"class_list":{"0":"post-98","1":"product","2":"type-product","3":"status-publish","4":"has-post-thumbnail","6":"product_brand-casa-vinicola-ciccariello","7":"product_cat-linea-tradizionale","8":"product_tag-vino-rosso","9":"pa_annata-132","10":"pa_formato-17","11":"pa_linea-linea-tradizionale","13":"first","14":"instock","15":"purchasable","16":"product-type-simple"},"yoast_head":"<!-- This site is optimized with the Yoast SEO plugin v27.2 - https:\/\/yoast.com\/product\/yoast-seo-wordpress\/ -->\n<title>Castelli Romani DOP Rosso | Casa Vinicola Ciccariello<\/title>\n<meta name=\"robots\" content=\"index, follow, max-snippet:-1, max-image-preview:large, max-video-preview:-1\" \/>\n<link rel=\"canonical\" href=\"https:\/\/casavinicolaciccariello.com\/de\/p\/castelli-romani-dop-rot\/\" \/>\n<meta property=\"og:locale\" content=\"de_DE\" \/>\n<meta property=\"og:type\" content=\"article\" \/>\n<meta property=\"og:title\" content=\"Castelli Romani DOP Rosso | Casa Vinicola Ciccariello\" \/>\n<meta property=\"og:description\" content=\"Castelli Romani DOP Rosso: un vino che avvolge con il suo intenso rosso rubino e il profumo avvolgente di frutti di bosco, evocando atmosfere autentiche e conviviali. Perfetto per accompagnare momenti di piacere e ricche cene a base di carne, regalando sensazioni di armonia ad ogni sorso.\" \/>\n<meta property=\"og:url\" content=\"https:\/\/casavinicolaciccariello.com\/de\/p\/castelli-romani-dop-rot\/\" \/>\n<meta property=\"og:site_name\" content=\"Casa Vinicola Ciccariello\" \/>\n<meta property=\"article:publisher\" content=\"https:\/\/www.facebook.com\/casavinicolaciccariello\" \/>\n<meta property=\"article:modified_time\" content=\"2025-08-11T15:28:06+00:00\" \/>\n<meta property=\"og:image\" content=\"https:\/\/casavinicolaciccariello.com\/wp-content\/uploads\/2025\/08\/b44f1551-5d11-41af-84f1-44434971aba9.jpeg\" \/>\n\t<meta property=\"og:image:width\" content=\"500\" \/>\n\t<meta property=\"og:image:height\" content=\"750\" \/>\n\t<meta property=\"og:image:type\" content=\"image\/jpeg\" \/>\n<meta name=\"twitter:card\" content=\"summary_large_image\" \/>\n<meta name=\"twitter:label1\" content=\"Gesch\u00e4tzte Lesezeit\" \/>\n\t<meta name=\"twitter:data1\" content=\"2\u00a0Minuten\" \/>\n<script type=\"application\/ld+json\" class=\"yoast-schema-graph\">{\"@context\":\"https:\/\/schema.org\",\"@graph\":[{\"@type\":\"WebPage\",\"@id\":\"https:\/\/casavinicolaciccariello.com\/p\/castelli-romani-dop-rosso\/\",\"url\":\"https:\/\/casavinicolaciccariello.com\/p\/castelli-romani-dop-rosso\/\",\"name\":\"Castelli Romani DOP Rosso | Casa Vinicola Ciccariello\",\"isPartOf\":{\"@id\":\"https:\/\/casavinicolaciccariello.com\/#website\"},\"primaryImageOfPage\":{\"@id\":\"https:\/\/casavinicolaciccariello.com\/p\/castelli-romani-dop-rosso\/#primaryimage\"},\"image\":{\"@id\":\"https:\/\/casavinicolaciccariello.com\/p\/castelli-romani-dop-rosso\/#primaryimage\"},\"thumbnailUrl\":\"https:\/\/casavinicolaciccariello.com\/wp-content\/uploads\/2025\/08\/b44f1551-5d11-41af-84f1-44434971aba9.jpeg\",\"datePublished\":\"2025-08-11T15:28:01+00:00\",\"dateModified\":\"2025-08-11T15:28:06+00:00\",\"breadcrumb\":{\"@id\":\"https:\/\/casavinicolaciccariello.com\/p\/castelli-romani-dop-rosso\/#breadcrumb\"},\"inLanguage\":\"de\",\"potentialAction\":[{\"@type\":\"ReadAction\",\"target\":[\"https:\/\/casavinicolaciccariello.com\/p\/castelli-romani-dop-rosso\/\"]}]},{\"@type\":\"ImageObject\",\"inLanguage\":\"de\",\"@id\":\"https:\/\/casavinicolaciccariello.com\/p\/castelli-romani-dop-rosso\/#primaryimage\",\"url\":\"https:\/\/casavinicolaciccariello.com\/wp-content\/uploads\/2025\/08\/b44f1551-5d11-41af-84f1-44434971aba9.jpeg\",\"contentUrl\":\"https:\/\/casavinicolaciccariello.com\/wp-content\/uploads\/2025\/08\/b44f1551-5d11-41af-84f1-44434971aba9.jpeg\",\"width\":500,\"height\":750,\"caption\":\"Castelli Romani DOP Rosso Linea Tradizionale | Casa Vinicola Ciccariello\"},{\"@type\":\"BreadcrumbList\",\"@id\":\"https:\/\/casavinicolaciccariello.com\/p\/castelli-romani-dop-rosso\/#breadcrumb\",\"itemListElement\":[{\"@type\":\"ListItem\",\"position\":1,\"name\":\"Home\",\"item\":\"https:\/\/casavinicolaciccariello.com\/\"},{\"@type\":\"ListItem\",\"position\":2,\"name\":\"Shop\",\"item\":\"https:\/\/casavinicolaciccariello.com\/negozio\/\"},{\"@type\":\"ListItem\",\"position\":3,\"name\":\"Castelli Romani DOP Rosso\"}]},{\"@type\":\"WebSite\",\"@id\":\"https:\/\/casavinicolaciccariello.com\/#website\",\"url\":\"https:\/\/casavinicolaciccariello.com\/\",\"name\":\"Casa Vinicola Ciccariello\",\"description\":\"Dal 1966, la tradizione in ogni sorso.\",\"publisher\":{\"@id\":\"https:\/\/casavinicolaciccariello.com\/#organization\"},\"alternateName\":\"Cavici\",\"potentialAction\":[{\"@type\":\"SearchAction\",\"target\":{\"@type\":\"EntryPoint\",\"urlTemplate\":\"https:\/\/casavinicolaciccariello.com\/?s={search_term_string}\"},\"query-input\":{\"@type\":\"PropertyValueSpecification\",\"valueRequired\":true,\"valueName\":\"search_term_string\"}}],\"inLanguage\":\"de\"},{\"@type\":\"Organization\",\"@id\":\"https:\/\/casavinicolaciccariello.com\/#organization\",\"name\":\"Casa Vinicola Ciccariello\",\"alternateName\":\"CA.VI.CI SRL\",\"url\":\"https:\/\/casavinicolaciccariello.com\/\",\"logo\":{\"@type\":\"ImageObject\",\"inLanguage\":\"de\",\"@id\":\"https:\/\/casavinicolaciccariello.com\/#\/schema\/logo\/image\/\",\"url\":\"https:\/\/casavinicolaciccariello.com\/wp-content\/uploads\/2025\/03\/logo1200px.png\",\"contentUrl\":\"https:\/\/casavinicolaciccariello.com\/wp-content\/uploads\/2025\/03\/logo1200px.png\",\"width\":1200,\"height\":343,\"caption\":\"Casa Vinicola Ciccariello\"},\"image\":{\"@id\":\"https:\/\/casavinicolaciccariello.com\/#\/schema\/logo\/image\/\"},\"sameAs\":[\"https:\/\/www.facebook.com\/casavinicolaciccariello\",\"https:\/\/www.instagram.com\/casa_vinicola_ciccariello\/\"]}]}<\/script>\n<!-- \/ Yoast SEO plugin. -->","yoast_head_json":{"title":"Castelli Romani DOP Rosso | Casa Vinicola Ciccariello","robots":{"index":"index","follow":"follow","max-snippet":"max-snippet:-1","max-image-preview":"max-image-preview:large","max-video-preview":"max-video-preview:-1"},"canonical":"https:\/\/casavinicolaciccariello.com\/de\/p\/castelli-romani-dop-rot\/","og_locale":"de_DE","og_type":"article","og_title":"Castelli Romani DOP Rosso | Casa Vinicola Ciccariello","og_description":"Castelli Romani DOP Rosso: un vino che avvolge con il suo intenso rosso rubino e il profumo avvolgente di frutti di bosco, evocando atmosfere autentiche e conviviali. Perfetto per accompagnare momenti di piacere e ricche cene a base di carne, regalando sensazioni di armonia ad ogni sorso.","og_url":"https:\/\/casavinicolaciccariello.com\/de\/p\/castelli-romani-dop-rot\/","og_site_name":"Casa Vinicola Ciccariello","article_publisher":"https:\/\/www.facebook.com\/casavinicolaciccariello","article_modified_time":"2025-08-11T15:28:06+00:00","og_image":[{"width":500,"height":750,"url":"https:\/\/casavinicolaciccariello.com\/wp-content\/uploads\/2025\/08\/b44f1551-5d11-41af-84f1-44434971aba9.jpeg","type":"image\/jpeg"}],"twitter_card":"summary_large_image","twitter_misc":{"Gesch\u00e4tzte Lesezeit":"2\u00a0Minuten"},"schema":{"@context":"https:\/\/schema.org","@graph":[{"@type":"WebPage","@id":"https:\/\/casavinicolaciccariello.com\/p\/castelli-romani-dop-rosso\/","url":"https:\/\/casavinicolaciccariello.com\/p\/castelli-romani-dop-rosso\/","name":"Castelli Romani DOP Rosso | Casa Vinicola Ciccariello","isPartOf":{"@id":"https:\/\/casavinicolaciccariello.com\/#website"},"primaryImageOfPage":{"@id":"https:\/\/casavinicolaciccariello.com\/p\/castelli-romani-dop-rosso\/#primaryimage"},"image":{"@id":"https:\/\/casavinicolaciccariello.com\/p\/castelli-romani-dop-rosso\/#primaryimage"},"thumbnailUrl":"https:\/\/casavinicolaciccariello.com\/wp-content\/uploads\/2025\/08\/b44f1551-5d11-41af-84f1-44434971aba9.jpeg","datePublished":"2025-08-11T15:28:01+00:00","dateModified":"2025-08-11T15:28:06+00:00","breadcrumb":{"@id":"https:\/\/casavinicolaciccariello.com\/p\/castelli-romani-dop-rosso\/#breadcrumb"},"inLanguage":"de","potentialAction":[{"@type":"ReadAction","target":["https:\/\/casavinicolaciccariello.com\/p\/castelli-romani-dop-rosso\/"]}]},{"@type":"ImageObject","inLanguage":"de","@id":"https:\/\/casavinicolaciccariello.com\/p\/castelli-romani-dop-rosso\/#primaryimage","url":"https:\/\/casavinicolaciccariello.com\/wp-content\/uploads\/2025\/08\/b44f1551-5d11-41af-84f1-44434971aba9.jpeg","contentUrl":"https:\/\/casavinicolaciccariello.com\/wp-content\/uploads\/2025\/08\/b44f1551-5d11-41af-84f1-44434971aba9.jpeg","width":500,"height":750,"caption":"Castelli Romani DOP Rosso Linea Tradizionale | Casa Vinicola Ciccariello"},{"@type":"BreadcrumbList","@id":"https:\/\/casavinicolaciccariello.com\/p\/castelli-romani-dop-rosso\/#breadcrumb","itemListElement":[{"@type":"ListItem","position":1,"name":"Home","item":"https:\/\/casavinicolaciccariello.com\/"},{"@type":"ListItem","position":2,"name":"Shop","item":"https:\/\/casavinicolaciccariello.com\/negozio\/"},{"@type":"ListItem","position":3,"name":"Castelli Romani DOP Rosso"}]},{"@type":"WebSite","@id":"https:\/\/casavinicolaciccariello.com\/#website","url":"https:\/\/casavinicolaciccariello.com\/","name":"Casa Vinicola Ciccariello","description":"Dal 1966, la tradizione in ogni sorso.","publisher":{"@id":"https:\/\/casavinicolaciccariello.com\/#organization"},"alternateName":"Cavici","potentialAction":[{"@type":"SearchAction","target":{"@type":"EntryPoint","urlTemplate":"https:\/\/casavinicolaciccariello.com\/?s={search_term_string}"},"query-input":{"@type":"PropertyValueSpecification","valueRequired":true,"valueName":"search_term_string"}}],"inLanguage":"de"},{"@type":"Organization","@id":"https:\/\/casavinicolaciccariello.com\/#organization","name":"Casa Vinicola Ciccariello","alternateName":"CA.VI.CI SRL","url":"https:\/\/casavinicolaciccariello.com\/","logo":{"@type":"ImageObject","inLanguage":"de","@id":"https:\/\/casavinicolaciccariello.com\/#\/schema\/logo\/image\/","url":"https:\/\/casavinicolaciccariello.com\/wp-content\/uploads\/2025\/03\/logo1200px.png","contentUrl":"https:\/\/casavinicolaciccariello.com\/wp-content\/uploads\/2025\/03\/logo1200px.png","width":1200,"height":343,"caption":"Casa Vinicola Ciccariello"},"image":{"@id":"https:\/\/casavinicolaciccariello.com\/#\/schema\/logo\/image\/"},"sameAs":["https:\/\/www.facebook.com\/casavinicolaciccariello","https:\/\/www.instagram.com\/casa_vinicola_ciccariello\/"]}]}},"_links":{"self":[{"href":"https:\/\/casavinicolaciccariello.com\/de\/wp-json\/wp\/v2\/product\/98","targetHints":{"allow":["GET"]}}],"collection":[{"href":"https:\/\/casavinicolaciccariello.com\/de\/wp-json\/wp\/v2\/product"}],"about":[{"href":"https:\/\/casavinicolaciccariello.com\/de\/wp-json\/wp\/v2\/types\/product"}],"replies":[{"embeddable":true,"href":"https:\/\/casavinicolaciccariello.com\/de\/wp-json\/wp\/v2\/comments?post=98"}],"wp:featuredmedia":[{"embeddable":true,"href":"https:\/\/casavinicolaciccariello.com\/de\/wp-json\/wp\/v2\/media\/1076"}],"wp:attachment":[{"href":"https:\/\/casavinicolaciccariello.com\/de\/wp-json\/wp\/v2\/media?parent=98"}],"wp:term":[{"taxonomy":"product_brand","embeddable":true,"href":"https:\/\/casavinicolaciccariello.com\/de\/wp-json\/wp\/v2\/product_brand?post=98"},{"taxonomy":"product_cat","embeddable":true,"href":"https:\/\/casavinicolaciccariello.com\/de\/wp-json\/wp\/v2\/product_cat?post=98"},{"taxonomy":"product_tag","embeddable":true,"href":"https:\/\/casavinicolaciccariello.com\/de\/wp-json\/wp\/v2\/product_tag?post=98"}],"curies":[{"name":"wp","href":"https:\/\/api.w.org\/{rel}","templated":true}]}}