{"id":13,"date":"2025-03-04T16:43:56","date_gmt":"2025-03-04T15:43:56","guid":{"rendered":"https:\/\/casavinicolaciccariello.com\/?page_id=13"},"modified":"2025-05-28T11:18:07","modified_gmt":"2025-05-28T09:18:07","slug":"devoluciones-y-reembolsos","status":"publish","type":"page","link":"https:\/\/casavinicolaciccariello.com\/es\/devoluciones-y-reembolsos\/","title":{"rendered":"Devoluciones y reembolsos"},"content":{"rendered":"<div data-elementor-type=\"wp-page\" data-elementor-id=\"13\" class=\"elementor elementor-13\" data-elementor-post-type=\"page\">\n\t\t\t\t<div class=\"wd-negative-gap elementor-element elementor-element-1949c4fb e-flex e-con-boxed e-con e-parent\" data-id=\"1949c4fb\" data-element_type=\"container\">\n\t\t\t\t\t<div class=\"e-con-inner\">\n\t\t\t\t<div class=\"elementor-element elementor-element-693d753e color-scheme-inherit text-left elementor-widget elementor-widget-text-editor\" data-id=\"693d753e\" data-element_type=\"widget\" data-widget_type=\"text-editor.default\">\n\t\t\t\t<div class=\"elementor-widget-container\">\n\t\t\t\t\t\t\t\t\t\n<p class=\"p1\">En <span class=\"s1\"><b>Bodega Ciccariello<\/b><\/span>queremos que quede plenamente satisfecho con su compra. Si por cualquier motivo no est\u00e1 satisfecho con el producto que ha recibido, tiene derecho a devolverlo dentro de los plazos legales.<\/p>\n<h3><b>Derecho de retractaci\u00f3n<\/b><\/h3>\n<p class=\"p1\">De conformidad con el Decreto Legislativo 206\/2005 (C\u00f3digo de Consumo), usted tiene derecho a rescindir el contrato de compra sin indicar los motivos en el plazo de <span class=\"s1\"><b>14 d\u00edas<\/b><\/span> a partir de la fecha de recepci\u00f3n de la mercanc\u00eda.<\/p>\n<p class=\"p1\">Para ejercer el derecho de desistimiento, basta con enviar una notificaci\u00f3n escrita por correo electr\u00f3nico a <span class=\"s1\"><b>[insertar correo electr\u00f3nico de asistencia].<\/b><\/span>indicando:<\/p>\n<ul>\n<li>\n<p class=\"p1\">N\u00famero de pedido<\/p>\n<\/li>\n<li>\n<p class=\"p1\">Productos retornables<\/p>\n<\/li>\n<li>\n<p class=\"p1\">Datos maestros del titular de la orden<\/p>\n<\/li>\n<\/ul>\n<h3><b>Condiciones de devoluci\u00f3n<\/b><\/h3>\n<p class=\"p1\">Los productos deben devolverse:<\/p>\n<ul>\n<li>\n<p class=\"p1\"><span class=\"s1\"><b>Integra<\/b><\/span>sin abrir y sin da\u00f1os<\/p>\n<\/li>\n<li>\n<p class=\"p1\"><span class=\"s1\"><b>En su caja original<\/b><\/span>incluido cualquier accesorio o material informativo<\/p>\n<\/li>\n<\/ul>\n<p class=\"p4\"><b>Los productos que hayan sido abiertos, utilizados o muestren signos evidentes de manipulaci\u00f3n no podr\u00e1n devolverse.<\/b><b><\/b><\/p>\n<p class=\"p1\">Derecho de retractaci\u00f3n <span class=\"s1\"><b>no se aplica<\/b><\/span> mercanc\u00edas perecederas o personalizadas, de conformidad con el art\u00edculo 59 del C\u00f3digo de Consumo.<\/p>\n<h3><b>Pol\u00edtica de devoluciones<\/b><\/h3>\n<p class=\"p1\">Tras la notificaci\u00f3n de retirada:<\/p>\n<ol start=\"1\">\n<li>\n<p class=\"p1\">El cliente ha <span class=\"s1\"><b>14 d\u00edas<\/b><\/span> Devolver los productos a su cargo a la direcci\u00f3n que nos facilite por correo electr\u00f3nico.<\/p>\n<\/li>\n<li>\n<p class=\"p1\">Recomendamos utilizar un servicio de seguimiento para el env\u00edo de devoluciones.<\/p>\n<\/li>\n<\/ol>\n<h3><b>Reembolso<\/b><\/h3>\n<p class=\"p1\">Una vez recibida y verificada la integridad de la mercanc\u00eda, procederemos:<\/p>\n<ul>\n<li>\n<p class=\"p1\">Reembolsar el importe pagado dentro de <span class=\"s1\"><b>14 d\u00edas laborables<\/b><b><\/b><\/span><\/p>\n<\/li>\n<li>\n<p class=\"p1\">El reembolso se efectuar\u00e1 a trav\u00e9s del mismo medio de pago utilizado para el pedido<\/p>\n<\/li>\n<\/ul>\n<p class=\"p1\">Le <span class=\"s1\"><b>gastos de env\u00edo originales<\/b><\/span> (en su caso) y <span class=\"s1\"><b>los de restituci\u00f3n<\/b><\/span> son responsabilidad del cliente, salvo en caso de producto incorrecto o defectuoso.<\/p>\n<h3><b>Productos da\u00f1ados o incorrectos<\/b><\/h3>\n<p class=\"p1\">Si recibe un producto da\u00f1ado o diferente del que pidi\u00f3:<\/p>\n<ul>\n<li>\n<p class=\"p1\">P\u00f3ngase en contacto con nosotros <span class=\"s1\"><b>48 horas<\/b><\/span> desde la entrega por correo electr\u00f3nico con fotos claras de los da\u00f1os o errores encontrados<\/p>\n<\/li>\n<li>\n<p class=\"p1\">Sustituiremos el producto o le reembolsaremos el importe sin coste adicional.<\/p>\n<\/li>\n<\/ul>\n<hr \/>\n<p class=\"p1\">Para cualquier duda o necesidad, nuestro <span class=\"s1\"><b>atenci\u00f3n al cliente<\/b><\/span> est\u00e1 a su disposici\u00f3n en: info@cavici.it<\/p>\n\t\t\t\t\t\t\t\t<\/div>\n\t\t\t\t<\/div>\n\t\t\t\t\t<\/div>\n\t\t\t\t<\/div>\n\t\t\t\t<\/div>","protected":false},"excerpt":{"rendered":"<p>En Casa Vinicola Ciccariello queremos que est\u00e9s plenamente satisfecho con tu compra. Si por alguna raz\u00f3n no est\u00e1 satisfecho<\/p>","protected":false},"author":1,"featured_media":0,"parent":0,"menu_order":0,"comment_status":"closed","ping_status":"closed","template":"","meta":{"footnotes":""},"class_list":["post-13","page","type-page","status-publish","hentry"],"yoast_head":"<!-- This site is optimized with the Yoast SEO plugin v27.2 - https:\/\/yoast.com\/product\/yoast-seo-wordpress\/ -->\n<title>Resi e Rimborsi | Casa Vinicola Ciccariello<\/title>\n<meta name=\"robots\" content=\"index, follow, max-snippet:-1, max-image-preview:large, max-video-preview:-1\" \/>\n<link rel=\"canonical\" href=\"https:\/\/casavinicolaciccariello.com\/es\/devoluciones-y-reembolsos\/\" \/>\n<meta property=\"og:locale\" content=\"es_ES\" \/>\n<meta property=\"og:type\" content=\"article\" \/>\n<meta property=\"og:title\" content=\"Resi e Rimborsi | Casa Vinicola Ciccariello\" \/>\n<meta property=\"og:description\" content=\"Alla Casa Vinicola Ciccariello, vogliamo che tu sia pienamente soddisfatto del tuo acquisto. Se per qualsiasi motivo non sei contento\" \/>\n<meta property=\"og:url\" content=\"https:\/\/casavinicolaciccariello.com\/es\/devoluciones-y-reembolsos\/\" \/>\n<meta property=\"og:site_name\" content=\"Casa Vinicola Ciccariello\" \/>\n<meta property=\"article:publisher\" content=\"https:\/\/www.facebook.com\/casavinicolaciccariello\" \/>\n<meta property=\"article:modified_time\" content=\"2025-05-28T09:18:07+00:00\" \/>\n<meta property=\"og:image\" content=\"https:\/\/casavinicolaciccariello.com\/wp-content\/uploads\/2025\/03\/logo1200px.png\" \/>\n\t<meta property=\"og:image:width\" content=\"1200\" \/>\n\t<meta property=\"og:image:height\" content=\"343\" \/>\n\t<meta property=\"og:image:type\" content=\"image\/png\" \/>\n<meta name=\"twitter:card\" content=\"summary_large_image\" \/>\n<meta name=\"twitter:label1\" content=\"Tiempo de lectura\" \/>\n\t<meta name=\"twitter:data1\" content=\"2 minutos\" \/>\n<script type=\"application\/ld+json\" class=\"yoast-schema-graph\">{\"@context\":\"https:\/\/schema.org\",\"@graph\":[{\"@type\":\"WebPage\",\"@id\":\"https:\/\/casavinicolaciccariello.com\/resi-e-rimborsi\/\",\"url\":\"https:\/\/casavinicolaciccariello.com\/resi-e-rimborsi\/\",\"name\":\"Resi e Rimborsi | Casa Vinicola Ciccariello\",\"isPartOf\":{\"@id\":\"https:\/\/casavinicolaciccariello.com\/#website\"},\"datePublished\":\"2025-03-04T15:43:56+00:00\",\"dateModified\":\"2025-05-28T09:18:07+00:00\",\"breadcrumb\":{\"@id\":\"https:\/\/casavinicolaciccariello.com\/resi-e-rimborsi\/#breadcrumb\"},\"inLanguage\":\"es\",\"potentialAction\":[{\"@type\":\"ReadAction\",\"target\":[\"https:\/\/casavinicolaciccariello.com\/resi-e-rimborsi\/\"]}]},{\"@type\":\"BreadcrumbList\",\"@id\":\"https:\/\/casavinicolaciccariello.com\/resi-e-rimborsi\/#breadcrumb\",\"itemListElement\":[{\"@type\":\"ListItem\",\"position\":1,\"name\":\"Home\",\"item\":\"https:\/\/casavinicolaciccariello.com\/\"},{\"@type\":\"ListItem\",\"position\":2,\"name\":\"Resi e Rimborsi\"}]},{\"@type\":\"WebSite\",\"@id\":\"https:\/\/casavinicolaciccariello.com\/#website\",\"url\":\"https:\/\/casavinicolaciccariello.com\/\",\"name\":\"Casa Vinicola Ciccariello\",\"description\":\"Dal 1966, la tradizione in ogni sorso.\",\"publisher\":{\"@id\":\"https:\/\/casavinicolaciccariello.com\/#organization\"},\"alternateName\":\"Cavici\",\"potentialAction\":[{\"@type\":\"SearchAction\",\"target\":{\"@type\":\"EntryPoint\",\"urlTemplate\":\"https:\/\/casavinicolaciccariello.com\/?s={search_term_string}\"},\"query-input\":{\"@type\":\"PropertyValueSpecification\",\"valueRequired\":true,\"valueName\":\"search_term_string\"}}],\"inLanguage\":\"es\"},{\"@type\":\"Organization\",\"@id\":\"https:\/\/casavinicolaciccariello.com\/#organization\",\"name\":\"Casa Vinicola Ciccariello\",\"alternateName\":\"CA.VI.CI SRL\",\"url\":\"https:\/\/casavinicolaciccariello.com\/\",\"logo\":{\"@type\":\"ImageObject\",\"inLanguage\":\"es\",\"@id\":\"https:\/\/casavinicolaciccariello.com\/#\/schema\/logo\/image\/\",\"url\":\"https:\/\/casavinicolaciccariello.com\/wp-content\/uploads\/2025\/03\/logo1200px.png\",\"contentUrl\":\"https:\/\/casavinicolaciccariello.com\/wp-content\/uploads\/2025\/03\/logo1200px.png\",\"width\":1200,\"height\":343,\"caption\":\"Casa Vinicola Ciccariello\"},\"image\":{\"@id\":\"https:\/\/casavinicolaciccariello.com\/#\/schema\/logo\/image\/\"},\"sameAs\":[\"https:\/\/www.facebook.com\/casavinicolaciccariello\",\"https:\/\/www.instagram.com\/casa_vinicola_ciccariello\/\"]}]}<\/script>\n<!-- \/ Yoast SEO plugin. -->","yoast_head_json":{"title":"Resi e Rimborsi | Casa Vinicola Ciccariello","robots":{"index":"index","follow":"follow","max-snippet":"max-snippet:-1","max-image-preview":"max-image-preview:large","max-video-preview":"max-video-preview:-1"},"canonical":"https:\/\/casavinicolaciccariello.com\/es\/devoluciones-y-reembolsos\/","og_locale":"es_ES","og_type":"article","og_title":"Resi e Rimborsi | Casa Vinicola Ciccariello","og_description":"Alla Casa Vinicola Ciccariello, vogliamo che tu sia pienamente soddisfatto del tuo acquisto. Se per qualsiasi motivo non sei contento","og_url":"https:\/\/casavinicolaciccariello.com\/es\/devoluciones-y-reembolsos\/","og_site_name":"Casa Vinicola Ciccariello","article_publisher":"https:\/\/www.facebook.com\/casavinicolaciccariello","article_modified_time":"2025-05-28T09:18:07+00:00","og_image":[{"width":1200,"height":343,"url":"https:\/\/casavinicolaciccariello.com\/wp-content\/uploads\/2025\/03\/logo1200px.png","type":"image\/png"}],"twitter_card":"summary_large_image","twitter_misc":{"Tiempo de lectura":"2 minutos"},"schema":{"@context":"https:\/\/schema.org","@graph":[{"@type":"WebPage","@id":"https:\/\/casavinicolaciccariello.com\/resi-e-rimborsi\/","url":"https:\/\/casavinicolaciccariello.com\/resi-e-rimborsi\/","name":"Resi e Rimborsi | Casa Vinicola Ciccariello","isPartOf":{"@id":"https:\/\/casavinicolaciccariello.com\/#website"},"datePublished":"2025-03-04T15:43:56+00:00","dateModified":"2025-05-28T09:18:07+00:00","breadcrumb":{"@id":"https:\/\/casavinicolaciccariello.com\/resi-e-rimborsi\/#breadcrumb"},"inLanguage":"es","potentialAction":[{"@type":"ReadAction","target":["https:\/\/casavinicolaciccariello.com\/resi-e-rimborsi\/"]}]},{"@type":"BreadcrumbList","@id":"https:\/\/casavinicolaciccariello.com\/resi-e-rimborsi\/#breadcrumb","itemListElement":[{"@type":"ListItem","position":1,"name":"Home","item":"https:\/\/casavinicolaciccariello.com\/"},{"@type":"ListItem","position":2,"name":"Resi e Rimborsi"}]},{"@type":"WebSite","@id":"https:\/\/casavinicolaciccariello.com\/#website","url":"https:\/\/casavinicolaciccariello.com\/","name":"Casa Vinicola Ciccariello","description":"Dal 1966, la tradizione in ogni sorso.","publisher":{"@id":"https:\/\/casavinicolaciccariello.com\/#organization"},"alternateName":"Cavici","potentialAction":[{"@type":"SearchAction","target":{"@type":"EntryPoint","urlTemplate":"https:\/\/casavinicolaciccariello.com\/?s={search_term_string}"},"query-input":{"@type":"PropertyValueSpecification","valueRequired":true,"valueName":"search_term_string"}}],"inLanguage":"es"},{"@type":"Organization","@id":"https:\/\/casavinicolaciccariello.com\/#organization","name":"Casa Vinicola Ciccariello","alternateName":"CA.VI.CI SRL","url":"https:\/\/casavinicolaciccariello.com\/","logo":{"@type":"ImageObject","inLanguage":"es","@id":"https:\/\/casavinicolaciccariello.com\/#\/schema\/logo\/image\/","url":"https:\/\/casavinicolaciccariello.com\/wp-content\/uploads\/2025\/03\/logo1200px.png","contentUrl":"https:\/\/casavinicolaciccariello.com\/wp-content\/uploads\/2025\/03\/logo1200px.png","width":1200,"height":343,"caption":"Casa Vinicola Ciccariello"},"image":{"@id":"https:\/\/casavinicolaciccariello.com\/#\/schema\/logo\/image\/"},"sameAs":["https:\/\/www.facebook.com\/casavinicolaciccariello","https:\/\/www.instagram.com\/casa_vinicola_ciccariello\/"]}]}},"_links":{"self":[{"href":"https:\/\/casavinicolaciccariello.com\/es\/wp-json\/wp\/v2\/pages\/13","targetHints":{"allow":["GET"]}}],"collection":[{"href":"https:\/\/casavinicolaciccariello.com\/es\/wp-json\/wp\/v2\/pages"}],"about":[{"href":"https:\/\/casavinicolaciccariello.com\/es\/wp-json\/wp\/v2\/types\/page"}],"author":[{"embeddable":true,"href":"https:\/\/casavinicolaciccariello.com\/es\/wp-json\/wp\/v2\/users\/1"}],"replies":[{"embeddable":true,"href":"https:\/\/casavinicolaciccariello.com\/es\/wp-json\/wp\/v2\/comments?post=13"}],"version-history":[{"count":3,"href":"https:\/\/casavinicolaciccariello.com\/es\/wp-json\/wp\/v2\/pages\/13\/revisions"}],"predecessor-version":[{"id":989,"href":"https:\/\/casavinicolaciccariello.com\/es\/wp-json\/wp\/v2\/pages\/13\/revisions\/989"}],"wp:attachment":[{"href":"https:\/\/casavinicolaciccariello.com\/es\/wp-json\/wp\/v2\/media?parent=13"}],"curies":[{"name":"wp","href":"https:\/\/api.w.org\/{rel}","templated":true}]}}