{"id":288,"date":"2025-03-04T15:54:29","date_gmt":"2025-03-04T14:54:29","guid":{"rendered":"https:\/\/casavinicolaciccariello.com\/?page_id=288"},"modified":"2025-04-08T13:15:13","modified_gmt":"2025-04-08T11:15:13","slug":"la-planta-de-velletri","status":"publish","type":"page","link":"https:\/\/casavinicolaciccariello.com\/es\/empresa\/la-planta-de-velletri\/","title":{"rendered":"La planta de Velletri"},"content":{"rendered":"<div data-elementor-type=\"wp-page\" data-elementor-id=\"288\" class=\"elementor elementor-288\" data-elementor-post-type=\"page\">\n\t\t\t\t<div class=\"wd-negative-gap elementor-element elementor-element-a9e381b e-flex e-con-boxed e-con e-parent\" data-id=\"a9e381b\" data-element_type=\"container\">\n\t\t\t\t\t<div class=\"e-con-inner\">\n\t\t<div class=\"elementor-element elementor-element-2d42cba e-con-full e-flex e-con e-child\" data-id=\"2d42cba\" data-element_type=\"container\">\n\t\t\t\t<div class=\"elementor-element elementor-element-f06fd0e elementor-widget elementor-widget-image\" data-id=\"f06fd0e\" data-element_type=\"widget\" data-widget_type=\"image.default\">\n\t\t\t\t<div class=\"elementor-widget-container\">\n\t\t\t\t\t\t\t\t\t\t\t\t\t\t\t<img decoding=\"async\" src=\"https:\/\/casavinicolaciccariello.com\/wp-content\/uploads\/elementor\/thumbs\/P9127233-1-r41yhfbmsb300ta7brq5heotzkzsm1vr4yyqdd9qnc.jpg\" title=\"P9127233 (1)\" alt=\"La planta de Velletri,\" loading=\"lazy\" \/>\t\t\t\t\t\t\t\t\t\t\t\t\t\t\t<\/div>\n\t\t\t\t<\/div>\n\t\t\t\t<\/div>\n\t\t<div class=\"elementor-element elementor-element-dda1560 e-con-full e-flex e-con e-child\" data-id=\"dda1560\" data-element_type=\"container\">\n\t\t\t\t<div class=\"elementor-element elementor-element-e39bcf9 wd-width-100 elementor-widget elementor-widget-wd_title\" data-id=\"e39bcf9\" data-element_type=\"widget\" data-widget_type=\"wd_title.default\">\n\t\t\t\t<div class=\"elementor-widget-container\">\n\t\t\t\t\t\t\t<div class=\"title-wrapper wd-set-mb reset-last-child wd-title-color-default wd-title-style-default wd-title-size-default text-left\">\n\n\t\t\t\n\t\t\t<div class=\"liner-continer\">\n\t\t\t\t<h4 class=\"woodmart-title-container title wd-fontsize-l\">Tecnolog\u00edas de vanguardia<\/h4> \n\t\t\t\t\t\t\t<\/div>\n\n\t\t\t\t\t\t\t<div class=\"title-after_title reset-last-child wd-fontsize-xs\">\n\t\t\t\t\t<p><strong>La f\u00e1brica de vino de Velletri<\/strong>\u00a0se compone de <strong>40 tarros de vino<\/strong> de acero inoxidable, con una capacidad de almacenamiento de <strong>35.000,00 hectolitros<\/strong> sobre el vino, y utiliza las mejores tecnolog\u00edas enol\u00f3gicas para preservar y mejorar la calidad de las uvas.<\/p>\t\t\t\t<\/div>\n\t\t\t\t\t<\/div>\n\t\t\t\t\t\t<\/div>\n\t\t\t\t<\/div>\n\t\t\t\t<\/div>\n\t\t\t\t\t<\/div>\n\t\t\t\t<\/div>\n\t\t<div class=\"wd-negative-gap elementor-element elementor-element-1ca34e8 e-flex e-con-boxed e-con e-parent\" data-id=\"1ca34e8\" data-element_type=\"container\">\n\t\t\t\t\t<div class=\"e-con-inner\">\n\t\t<div class=\"elementor-element elementor-element-44154bc e-con-full e-flex e-con e-child\" data-id=\"44154bc\" data-element_type=\"container\">\n\t\t\t\t<div class=\"elementor-element elementor-element-318ffad wd-width-100 elementor-widget elementor-widget-wd_title\" data-id=\"318ffad\" data-element_type=\"widget\" data-widget_type=\"wd_title.default\">\n\t\t\t\t<div class=\"elementor-widget-container\">\n\t\t\t\t\t\t\t<div class=\"title-wrapper wd-set-mb reset-last-child wd-title-color-default wd-title-style-default wd-title-size-default text-left\">\n\n\t\t\t\n\t\t\t<div class=\"liner-continer\">\n\t\t\t\t<h4 class=\"woodmart-title-container title wd-fontsize-l\">Capacidad de producci\u00f3n<\/h4> \n\t\t\t\t\t\t\t<\/div>\n\n\t\t\t\t\t\t\t<div class=\"title-after_title reset-last-child wd-fontsize-xs\">\n\t\t\t\t\t<p>\u00a0Adem\u00e1s, hay tres l\u00edneas de trituraci\u00f3n, con una capacidad de producci\u00f3n por hora de <strong>1.200,00<\/strong> quintales de uva. Tambi\u00e9n se utilizan vinificadores con camisas de control externo de la temperatura, gracias a un nuevo sistema de refrigeraci\u00f3n de <strong>600.000 fr\/h<\/strong>. Sin olvidar en absoluto la presencia, en la sala de elaboraci\u00f3n, de las mejores tecnolog\u00edas para la clarificaci\u00f3n y filtraci\u00f3n de los mostos.<\/p>\t\t\t\t<\/div>\n\t\t\t\t\t<\/div>\n\t\t\t\t\t\t<\/div>\n\t\t\t\t<\/div>\n\t\t\t\t<\/div>\n\t\t<div class=\"elementor-element elementor-element-97da69c e-con-full e-flex e-con e-child\" data-id=\"97da69c\" data-element_type=\"container\">\n\t\t\t\t<div class=\"elementor-element elementor-element-e8f7ba9 elementor-widget elementor-widget-image\" data-id=\"e8f7ba9\" data-element_type=\"widget\" data-widget_type=\"image.default\">\n\t\t\t\t<div class=\"elementor-widget-container\">\n\t\t\t\t\t\t\t\t\t\t\t\t\t\t\t<img decoding=\"async\" src=\"https:\/\/casavinicolaciccariello.com\/wp-content\/uploads\/elementor\/thumbs\/P9127313-r41yhi55ct6uzn63vay16vz7rqlw956y5cx6t75k4o.jpg\" title=\"P9127313\" alt=\"La planta de Velletri,\" loading=\"lazy\" \/>\t\t\t\t\t\t\t\t\t\t\t\t\t\t\t<\/div>\n\t\t\t\t<\/div>\n\t\t\t\t<\/div>\n\t\t\t\t\t<\/div>\n\t\t\t\t<\/div>\n\t\t<div class=\"wd-negative-gap elementor-element elementor-element-129d257 wd-section-stretch e-flex e-con-boxed e-con e-parent\" data-id=\"129d257\" data-element_type=\"container\">\n\t\t\t\t\t<div class=\"e-con-inner\">\n\t\t\t\t<div class=\"elementor-element elementor-element-b801b9d elementor-widget elementor-widget-template\" data-id=\"b801b9d\" data-element_type=\"widget\" data-widget_type=\"template.default\">\n\t\t\t\t<div class=\"elementor-widget-container\">\n\t\t\t\t\t\t\t<div class=\"elementor-template\">\n\t\t\t\t\t<div data-elementor-type=\"container\" data-elementor-id=\"630\" class=\"elementor elementor-630\" data-elementor-post-type=\"elementor_library\">\n\t\t\t\t<div class=\"wd-negative-gap elementor-element elementor-element-f053996 e-flex e-con-boxed e-con e-parent\" data-id=\"f053996\" data-element_type=\"container\" data-settings=\"{&quot;background_background&quot;:&quot;classic&quot;}\">\n\t\t\t\t\t<div class=\"e-con-inner\">\n\t\t<div class=\"elementor-element elementor-element-5bc5b67f text-center e-con-full e-flex e-con e-child\" data-id=\"5bc5b67f\" data-element_type=\"container\">\n\t\t\t\t<div class=\"elementor-element elementor-element-44537d40 wd-width-100 elementor-widget elementor-widget-wd_title\" data-id=\"44537d40\" data-element_type=\"widget\" data-widget_type=\"wd_title.default\">\n\t\t\t\t<div class=\"elementor-widget-container\">\n\t\t\t\t\t\t\t<div class=\"title-wrapper wd-set-mb reset-last-child wd-title-color-white wd-title-style-default wd-title-size-large text-center\">\n\n\t\t\t\t\t\t\t\t\t\t\t<div class=\"title-subtitle subtitle-color-white subtitle-style-default wd-fontsize-xs\">\n\t\t\t\t\t\u00bfTienes alguna idea? \t\t\t\t<\/div>\n\t\t\t\n\t\t\t<div class=\"liner-continer\">\n\t\t\t\t<h4 class=\"woodmart-title-container title wd-fontsize-xxl\">Lo embotellamos<\/h4> \n\t\t\t\t\t\t\t<\/div>\n\n\t\t\t\t\t\t\t<div class=\"title-after_title reset-last-child wd-fontsize-s\">\n\t\t\t\t\t<p>Su etiqueta, nuestro vino: comience su proyecto hoy mismo.<\/p>\t\t\t\t<\/div>\n\t\t\t\t\t<\/div>\n\t\t\t\t\t\t<\/div>\n\t\t\t\t<\/div>\n\t\t\t\t<div class=\"elementor-element elementor-element-3b8d9d42 elementor-widget__width-auto elementor-widget elementor-widget-wd_button\" data-id=\"3b8d9d42\" data-element_type=\"widget\" data-widget_type=\"wd_button.default\">\n\t\t\t\t<div class=\"elementor-widget-container\">\n\t\t\t\t\t\t\t<div class=\"wd-button-wrapper text-center\" >\n\t\t\t<a class=\"btn btn-style-round btn-shape-rectangle btn-size-default btn-color-black btn-icon-pos-right\"  href=\"\/es\/contacto\/\">\n\t\t\t\t<span class=\"wd-btn-text\" data-elementor-setting-key=\"text\">\n\t\t\t\t\tP\u00f3ngase en contacto con nosotros\t\t\t\t<\/span>\n\n\t\t\t\t\t\t\t<\/a>\n\t\t<\/div>\n\t\t\t\t\t\t<\/div>\n\t\t\t\t<\/div>\n\t\t\t\t<\/div>\n\t\t<div class=\"elementor-element elementor-element-16a19449 e-con-full e-flex e-con e-child\" data-id=\"16a19449\" data-element_type=\"container\">\n\t\t\t\t<div class=\"elementor-element elementor-element-65a9bb39 elementor-widget elementor-widget-wd_image_or_svg\" data-id=\"65a9bb39\" data-element_type=\"widget\" data-widget_type=\"wd_image_or_svg.default\">\n\t\t\t\t<div class=\"elementor-widget-container\">\n\t\t\t\t\t\n\t\t<div class=\"wd-image text-left\">\n\t\t\t\t\t\t\t\t<img fetchpriority=\"high\" decoding=\"async\" width=\"1200\" height=\"487\" src=\"https:\/\/casavinicolaciccariello.com\/wp-content\/uploads\/2025\/04\/cavici-m2.png\" class=\"attachment-full size-full\" alt=\"La planta de Gaeta,\" srcset=\"https:\/\/casavinicolaciccariello.com\/wp-content\/uploads\/2025\/04\/cavici-m2.png 1200w, https:\/\/casavinicolaciccariello.com\/wp-content\/uploads\/2025\/04\/cavici-m2-300x122.png 300w, https:\/\/casavinicolaciccariello.com\/wp-content\/uploads\/2025\/04\/cavici-m2-1024x416.png 1024w, https:\/\/casavinicolaciccariello.com\/wp-content\/uploads\/2025\/04\/cavici-m2-768x312.png 768w, https:\/\/casavinicolaciccariello.com\/wp-content\/uploads\/2025\/04\/cavici-m2-18x7.png 18w, https:\/\/casavinicolaciccariello.com\/wp-content\/uploads\/2025\/04\/cavici-m2-150x61.png 150w\" sizes=\"(max-width: 1200px) 100vw, 1200px\" \/>\t\t\t\t\t<\/div>\n\n\t\t\t\t\t\t<\/div>\n\t\t\t\t<\/div>\n\t\t\t\t<\/div>\n\t\t\t\t\t<\/div>\n\t\t\t\t<\/div>\n\t\t\t\t<\/div>\n\t\t\t\t<\/div>\n\t\t\t\t\t\t<\/div>\n\t\t\t\t<\/div>\n\t\t\t\t\t<\/div>\n\t\t\t\t<\/div>\n\t\t\t\t<\/div>","protected":false},"excerpt":{"rendered":"<p>Tecnologie all&#8217;avanguardia Lo stabilimento di vinificazione di Velletri\u00a0\u00e8 composto da 40 vasi vinari in acciaio inox, con una capacit\u00e0 di<\/p>","protected":false},"author":2,"featured_media":0,"parent":178,"menu_order":0,"comment_status":"closed","ping_status":"closed","template":"","meta":{"footnotes":""},"class_list":["post-288","page","type-page","status-publish","hentry"],"yoast_head":"<!-- This site is optimized with the Yoast SEO plugin v27.2 - https:\/\/yoast.com\/product\/yoast-seo-wordpress\/ -->\n<title>Lo stabilimento di Velletri | Casa Vinicola Ciccariello<\/title>\n<meta name=\"robots\" content=\"index, follow, max-snippet:-1, max-image-preview:large, max-video-preview:-1\" \/>\n<link rel=\"canonical\" href=\"https:\/\/casavinicolaciccariello.com\/es\/empresa\/la-planta-de-velletri\/\" \/>\n<meta property=\"og:locale\" content=\"es_ES\" \/>\n<meta property=\"og:type\" content=\"article\" \/>\n<meta property=\"og:title\" content=\"Lo stabilimento di Velletri | Casa Vinicola Ciccariello\" \/>\n<meta property=\"og:description\" content=\"Tecnologie all&#8217;avanguardia Lo stabilimento di vinificazione di Velletri\u00a0\u00e8 composto da 40 vasi vinari in acciaio inox, con una capacit\u00e0 di\" \/>\n<meta property=\"og:url\" content=\"https:\/\/casavinicolaciccariello.com\/es\/empresa\/la-planta-de-velletri\/\" \/>\n<meta property=\"og:site_name\" content=\"Casa Vinicola Ciccariello\" \/>\n<meta property=\"article:publisher\" content=\"https:\/\/www.facebook.com\/casavinicolaciccariello\" \/>\n<meta property=\"article:modified_time\" content=\"2025-04-08T11:15:13+00:00\" \/>\n<meta property=\"og:image\" content=\"https:\/\/casavinicolaciccariello.com\/wp-content\/uploads\/elementor\/thumbs\/P9127233-1-r41yhfbmsb300ta7brq5heotzkzsm1vr4yyqdd9qnc.jpg\" \/>\n<meta name=\"twitter:card\" content=\"summary_large_image\" \/>\n<meta name=\"twitter:label1\" content=\"Tiempo de lectura\" \/>\n\t<meta name=\"twitter:data1\" content=\"1 minuto\" \/>\n<script type=\"application\/ld+json\" class=\"yoast-schema-graph\">{\"@context\":\"https:\/\/schema.org\",\"@graph\":[{\"@type\":\"WebPage\",\"@id\":\"https:\/\/casavinicolaciccariello.com\/azienda\/lo-stabilimento-di-velletri\/\",\"url\":\"https:\/\/casavinicolaciccariello.com\/azienda\/lo-stabilimento-di-velletri\/\",\"name\":\"Lo stabilimento di Velletri | Casa Vinicola Ciccariello\",\"isPartOf\":{\"@id\":\"https:\/\/casavinicolaciccariello.com\/#website\"},\"primaryImageOfPage\":{\"@id\":\"https:\/\/casavinicolaciccariello.com\/azienda\/lo-stabilimento-di-velletri\/#primaryimage\"},\"image\":{\"@id\":\"https:\/\/casavinicolaciccariello.com\/azienda\/lo-stabilimento-di-velletri\/#primaryimage\"},\"thumbnailUrl\":\"https:\/\/casavinicolaciccariello.com\/wp-content\/uploads\/elementor\/thumbs\/P9127233-1-r41yhfbmsb300ta7brq5heotzkzsm1vr4yyqdd9qnc.jpg\",\"datePublished\":\"2025-03-04T14:54:29+00:00\",\"dateModified\":\"2025-04-08T11:15:13+00:00\",\"breadcrumb\":{\"@id\":\"https:\/\/casavinicolaciccariello.com\/azienda\/lo-stabilimento-di-velletri\/#breadcrumb\"},\"inLanguage\":\"es\",\"potentialAction\":[{\"@type\":\"ReadAction\",\"target\":[\"https:\/\/casavinicolaciccariello.com\/azienda\/lo-stabilimento-di-velletri\/\"]}]},{\"@type\":\"ImageObject\",\"inLanguage\":\"es\",\"@id\":\"https:\/\/casavinicolaciccariello.com\/azienda\/lo-stabilimento-di-velletri\/#primaryimage\",\"url\":\"https:\/\/casavinicolaciccariello.com\/wp-content\/uploads\/elementor\/thumbs\/P9127233-1-r41yhfbmsb300ta7brq5heotzkzsm1vr4yyqdd9qnc.jpg\",\"contentUrl\":\"https:\/\/casavinicolaciccariello.com\/wp-content\/uploads\/elementor\/thumbs\/P9127233-1-r41yhfbmsb300ta7brq5heotzkzsm1vr4yyqdd9qnc.jpg\"},{\"@type\":\"BreadcrumbList\",\"@id\":\"https:\/\/casavinicolaciccariello.com\/azienda\/lo-stabilimento-di-velletri\/#breadcrumb\",\"itemListElement\":[{\"@type\":\"ListItem\",\"position\":1,\"name\":\"Home\",\"item\":\"https:\/\/casavinicolaciccariello.com\/\"},{\"@type\":\"ListItem\",\"position\":2,\"name\":\"Azienda\",\"item\":\"https:\/\/casavinicolaciccariello.com\/azienda\/\"},{\"@type\":\"ListItem\",\"position\":3,\"name\":\"Lo stabilimento di Velletri\"}]},{\"@type\":\"WebSite\",\"@id\":\"https:\/\/casavinicolaciccariello.com\/#website\",\"url\":\"https:\/\/casavinicolaciccariello.com\/\",\"name\":\"Casa Vinicola Ciccariello\",\"description\":\"Dal 1966, la tradizione in ogni sorso.\",\"publisher\":{\"@id\":\"https:\/\/casavinicolaciccariello.com\/#organization\"},\"alternateName\":\"Cavici\",\"potentialAction\":[{\"@type\":\"SearchAction\",\"target\":{\"@type\":\"EntryPoint\",\"urlTemplate\":\"https:\/\/casavinicolaciccariello.com\/?s={search_term_string}\"},\"query-input\":{\"@type\":\"PropertyValueSpecification\",\"valueRequired\":true,\"valueName\":\"search_term_string\"}}],\"inLanguage\":\"es\"},{\"@type\":\"Organization\",\"@id\":\"https:\/\/casavinicolaciccariello.com\/#organization\",\"name\":\"Casa Vinicola Ciccariello\",\"alternateName\":\"CA.VI.CI SRL\",\"url\":\"https:\/\/casavinicolaciccariello.com\/\",\"logo\":{\"@type\":\"ImageObject\",\"inLanguage\":\"es\",\"@id\":\"https:\/\/casavinicolaciccariello.com\/#\/schema\/logo\/image\/\",\"url\":\"https:\/\/casavinicolaciccariello.com\/wp-content\/uploads\/2025\/03\/logo1200px.png\",\"contentUrl\":\"https:\/\/casavinicolaciccariello.com\/wp-content\/uploads\/2025\/03\/logo1200px.png\",\"width\":1200,\"height\":343,\"caption\":\"Casa Vinicola Ciccariello\"},\"image\":{\"@id\":\"https:\/\/casavinicolaciccariello.com\/#\/schema\/logo\/image\/\"},\"sameAs\":[\"https:\/\/www.facebook.com\/casavinicolaciccariello\",\"https:\/\/www.instagram.com\/casa_vinicola_ciccariello\/\"]}]}<\/script>\n<!-- \/ Yoast SEO plugin. -->","yoast_head_json":{"title":"Lo stabilimento di Velletri | Casa Vinicola Ciccariello","robots":{"index":"index","follow":"follow","max-snippet":"max-snippet:-1","max-image-preview":"max-image-preview:large","max-video-preview":"max-video-preview:-1"},"canonical":"https:\/\/casavinicolaciccariello.com\/es\/empresa\/la-planta-de-velletri\/","og_locale":"es_ES","og_type":"article","og_title":"Lo stabilimento di Velletri | Casa Vinicola Ciccariello","og_description":"Tecnologie all&#8217;avanguardia Lo stabilimento di vinificazione di Velletri\u00a0\u00e8 composto da 40 vasi vinari in acciaio inox, con una capacit\u00e0 di","og_url":"https:\/\/casavinicolaciccariello.com\/es\/empresa\/la-planta-de-velletri\/","og_site_name":"Casa Vinicola Ciccariello","article_publisher":"https:\/\/www.facebook.com\/casavinicolaciccariello","article_modified_time":"2025-04-08T11:15:13+00:00","og_image":[{"url":"https:\/\/casavinicolaciccariello.com\/wp-content\/uploads\/elementor\/thumbs\/P9127233-1-r41yhfbmsb300ta7brq5heotzkzsm1vr4yyqdd9qnc.jpg","type":"","width":"","height":""}],"twitter_card":"summary_large_image","twitter_misc":{"Tiempo de lectura":"1 minuto"},"schema":{"@context":"https:\/\/schema.org","@graph":[{"@type":"WebPage","@id":"https:\/\/casavinicolaciccariello.com\/azienda\/lo-stabilimento-di-velletri\/","url":"https:\/\/casavinicolaciccariello.com\/azienda\/lo-stabilimento-di-velletri\/","name":"Lo stabilimento di Velletri | Casa Vinicola Ciccariello","isPartOf":{"@id":"https:\/\/casavinicolaciccariello.com\/#website"},"primaryImageOfPage":{"@id":"https:\/\/casavinicolaciccariello.com\/azienda\/lo-stabilimento-di-velletri\/#primaryimage"},"image":{"@id":"https:\/\/casavinicolaciccariello.com\/azienda\/lo-stabilimento-di-velletri\/#primaryimage"},"thumbnailUrl":"https:\/\/casavinicolaciccariello.com\/wp-content\/uploads\/elementor\/thumbs\/P9127233-1-r41yhfbmsb300ta7brq5heotzkzsm1vr4yyqdd9qnc.jpg","datePublished":"2025-03-04T14:54:29+00:00","dateModified":"2025-04-08T11:15:13+00:00","breadcrumb":{"@id":"https:\/\/casavinicolaciccariello.com\/azienda\/lo-stabilimento-di-velletri\/#breadcrumb"},"inLanguage":"es","potentialAction":[{"@type":"ReadAction","target":["https:\/\/casavinicolaciccariello.com\/azienda\/lo-stabilimento-di-velletri\/"]}]},{"@type":"ImageObject","inLanguage":"es","@id":"https:\/\/casavinicolaciccariello.com\/azienda\/lo-stabilimento-di-velletri\/#primaryimage","url":"https:\/\/casavinicolaciccariello.com\/wp-content\/uploads\/elementor\/thumbs\/P9127233-1-r41yhfbmsb300ta7brq5heotzkzsm1vr4yyqdd9qnc.jpg","contentUrl":"https:\/\/casavinicolaciccariello.com\/wp-content\/uploads\/elementor\/thumbs\/P9127233-1-r41yhfbmsb300ta7brq5heotzkzsm1vr4yyqdd9qnc.jpg"},{"@type":"BreadcrumbList","@id":"https:\/\/casavinicolaciccariello.com\/azienda\/lo-stabilimento-di-velletri\/#breadcrumb","itemListElement":[{"@type":"ListItem","position":1,"name":"Home","item":"https:\/\/casavinicolaciccariello.com\/"},{"@type":"ListItem","position":2,"name":"Azienda","item":"https:\/\/casavinicolaciccariello.com\/azienda\/"},{"@type":"ListItem","position":3,"name":"Lo stabilimento di Velletri"}]},{"@type":"WebSite","@id":"https:\/\/casavinicolaciccariello.com\/#website","url":"https:\/\/casavinicolaciccariello.com\/","name":"Casa Vinicola Ciccariello","description":"Dal 1966, la tradizione in ogni sorso.","publisher":{"@id":"https:\/\/casavinicolaciccariello.com\/#organization"},"alternateName":"Cavici","potentialAction":[{"@type":"SearchAction","target":{"@type":"EntryPoint","urlTemplate":"https:\/\/casavinicolaciccariello.com\/?s={search_term_string}"},"query-input":{"@type":"PropertyValueSpecification","valueRequired":true,"valueName":"search_term_string"}}],"inLanguage":"es"},{"@type":"Organization","@id":"https:\/\/casavinicolaciccariello.com\/#organization","name":"Casa Vinicola Ciccariello","alternateName":"CA.VI.CI SRL","url":"https:\/\/casavinicolaciccariello.com\/","logo":{"@type":"ImageObject","inLanguage":"es","@id":"https:\/\/casavinicolaciccariello.com\/#\/schema\/logo\/image\/","url":"https:\/\/casavinicolaciccariello.com\/wp-content\/uploads\/2025\/03\/logo1200px.png","contentUrl":"https:\/\/casavinicolaciccariello.com\/wp-content\/uploads\/2025\/03\/logo1200px.png","width":1200,"height":343,"caption":"Casa Vinicola Ciccariello"},"image":{"@id":"https:\/\/casavinicolaciccariello.com\/#\/schema\/logo\/image\/"},"sameAs":["https:\/\/www.facebook.com\/casavinicolaciccariello","https:\/\/www.instagram.com\/casa_vinicola_ciccariello\/"]}]}},"_links":{"self":[{"href":"https:\/\/casavinicolaciccariello.com\/es\/wp-json\/wp\/v2\/pages\/288","targetHints":{"allow":["GET"]}}],"collection":[{"href":"https:\/\/casavinicolaciccariello.com\/es\/wp-json\/wp\/v2\/pages"}],"about":[{"href":"https:\/\/casavinicolaciccariello.com\/es\/wp-json\/wp\/v2\/types\/page"}],"author":[{"embeddable":true,"href":"https:\/\/casavinicolaciccariello.com\/es\/wp-json\/wp\/v2\/users\/2"}],"replies":[{"embeddable":true,"href":"https:\/\/casavinicolaciccariello.com\/es\/wp-json\/wp\/v2\/comments?post=288"}],"version-history":[{"count":13,"href":"https:\/\/casavinicolaciccariello.com\/es\/wp-json\/wp\/v2\/pages\/288\/revisions"}],"predecessor-version":[{"id":656,"href":"https:\/\/casavinicolaciccariello.com\/es\/wp-json\/wp\/v2\/pages\/288\/revisions\/656"}],"up":[{"embeddable":true,"href":"https:\/\/casavinicolaciccariello.com\/es\/wp-json\/wp\/v2\/pages\/178"}],"wp:attachment":[{"href":"https:\/\/casavinicolaciccariello.com\/es\/wp-json\/wp\/v2\/media?parent=288"}],"curies":[{"name":"wp","href":"https:\/\/api.w.org\/{rel}","templated":true}]}}