{"id":334,"date":"2025-03-04T16:44:30","date_gmt":"2025-03-04T15:44:30","guid":{"rendered":"https:\/\/casavinicolaciccariello.com\/?page_id=334"},"modified":"2025-05-28T10:48:19","modified_gmt":"2025-05-28T08:48:19","slug":"condiciones-generales","status":"publish","type":"page","link":"https:\/\/casavinicolaciccariello.com\/es\/condiciones-generales\/","title":{"rendered":"Condiciones generales"},"content":{"rendered":"<div data-elementor-type=\"wp-page\" data-elementor-id=\"334\" class=\"elementor elementor-334\" data-elementor-post-type=\"page\">\n\t\t\t\t<div class=\"wd-negative-gap elementor-element elementor-element-7b8fee4 e-flex e-con-boxed e-con e-parent\" data-id=\"7b8fee4\" data-element_type=\"container\">\n\t\t\t\t\t<div class=\"e-con-inner\">\n\t\t\t\t<div class=\"elementor-element elementor-element-a406975 color-scheme-inherit text-left elementor-widget elementor-widget-text-editor\" data-id=\"a406975\" data-element_type=\"widget\" data-widget_type=\"text-editor.default\">\n\t\t\t\t<div class=\"elementor-widget-container\">\n\t\t\t\t\t\t\t\t\t<p class=\"p1\">El presente <span class=\"s1\"><b>Condiciones generales de venta<\/b><\/span> rigen la compra de productos realizada a trav\u00e9s del sitio web oficial de <span class=\"s1\"><b>Bodega Ciccariello<\/b><\/span> por los consumidores finales. Al realizar un pedido, usted acepta plenamente las condiciones establecidas en esta p\u00e1gina.<\/p><h3><b>1. 1. Informaci\u00f3n general<\/b><\/h3><p class=\"p1\"><b>Bodega Ciccariello<\/b><b><\/b><\/p><p class=\"p2\"><span class=\"s1\"><b>Domicilio social<\/b><\/span>Via Sant'Agostino 41, 04024 Gaeta (LT)<\/p><p class=\"p1\"><b>PEC\/Domicilio digital<\/b><span class=\"s2\">: cavici@legalmail.it<\/span><\/p><p class=\"p1\"><b>C\u00f3digo fiscal y n\u00famero de inscripci\u00f3n en el Registro Mercantil<\/b><span class=\"s2\">: 01867220590<\/span><\/p><p class=\"p2\"><span class=\"s1\"><b>N\u00ba IVA<\/b><\/span>: 01867220590<\/p><p class=\"p2\"><span class=\"s1\"><b>N\u00famero REA<\/b><\/span>LT - 128940<\/p><p class=\"p1\">Correo electr\u00f3nico: info@cavici.it<\/p><p class=\"p1\">Tel\u00e9fono: 0771 470864<\/p><p class=\"p1\">El sitio www.casavinicolaciccariello.com est\u00e1 gestionado y es propiedad de la empresa mencionada.<\/p><hr \/><h3><b>2. Modalidades de compra<\/b><\/h3><p class=\"p1\">Todos los productos en venta se describen en sus respectivas fichas de producto. Las im\u00e1genes son indicativas y pueden diferir ligeramente del producto real.<\/p><p class=\"p1\">Para completar la compra, el cliente debe:<\/p><ul><li><p class=\"p1\">Seleccione los productos deseados<\/p><\/li><li><p class=\"p1\">Rellene el formulario de pedido con sus datos personales<\/p><\/li><li><p class=\"p1\">Seleccione el m\u00e9todo de pago<\/p><\/li><li><p class=\"p1\">Confirmar pedido<\/p><\/li><\/ul><p class=\"p1\">La confirmaci\u00f3n del pedido implica la aceptaci\u00f3n de las presentes condiciones de venta.<\/p><hr \/><h3><b>3. Precios y pagos<\/b><\/h3><p class=\"p1\">Todos los precios son en euros (\u20ac) y <span class=\"s1\"><b>incluyen el IVA vigente<\/b><\/span>.<\/p><p class=\"p1\">Los gastos de env\u00edo se indican por separado antes de finalizar la compra.<\/p><p class=\"p1\">Se aceptan los siguientes m\u00e9todos de pago:<\/p><ul><li><p class=\"p1\">Tarjetas de cr\u00e9dito\/d\u00e9bito (Stripe)<\/p><\/li><li><p class=\"p1\">PayPal<\/p><\/li><li><p class=\"p1\">Apple Pay \/ Google Pay<\/p><\/li><li><p class=\"p1\">Klarna (Pago en 3 plazos)<\/p><\/li><li><p class=\"p1\">Amazon Pay<\/p><\/li><li><p class=\"p1\">Transferencia bancaria anticipada<\/p><\/li><li><p class=\"p1\">Contra reembolso (+4\u20ac)<\/p><\/li><\/ul><p class=\"p1\">El pago contra reembolso s\u00f3lo est\u00e1 disponible para env\u00edos dentro de Italia.<\/p><hr \/><h3><b>4. Env\u00edo<\/b><\/h3><p class=\"p1\">Los pedidos se tramitan en <span class=\"s1\"><b>1-2 d\u00edas laborables<\/b><\/span> y entregado en <span class=\"s1\"><b>1-2 d\u00edas laborables<\/b><\/span> por correo urgente.<\/p><p class=\"p1\"><span class=\"s1\"><b>Env\u00edo gratuito<\/b><\/span> para pedidos superiores a <span class=\"s1\"><b>\u20ac70<\/b><\/span>. Para pedidos m\u00e1s peque\u00f1os: <span class=\"s1\"><b>\u20ac3,50<\/b><\/span>.<\/p><p class=\"p1\">Para m\u00e1s informaci\u00f3n, consulte <a href=\"#\">Env\u00edo y entrega<\/a>.<\/p><hr \/><h3><b>5. Derecho de retractaci\u00f3n<\/b><\/h3><p class=\"p1\">El cliente tiene derecho a desistir de la compra en el plazo de <span class=\"s1\"><b>14 d\u00edas<\/b><\/span> a partir de la recepci\u00f3n de la mercanc\u00eda, seg\u00fan lo dispuesto en el Decreto Legislativo 206\/2005.<\/p><p class=\"p1\">Para ejercer el derecho de desistimiento y conocer los procedimientos de devoluci\u00f3n, consulte la secci\u00f3n espec\u00edfica <a href=\"#\">Devoluciones y reembolsos<\/a>.<\/p><hr \/><h3><b>6. Garant\u00eda y productos defectuosos<\/b><\/h3><p class=\"p1\">Los productos est\u00e1n cubiertos por <span class=\"s1\"><b>garant\u00eda legal de conformidad<\/b><\/span> previstas en el C\u00f3digo de Consumo.<\/p><p class=\"p1\">En caso de defectos, el cliente deber\u00e1 notificar el problema en el plazo de <span class=\"s1\"><b>2 meses despu\u00e9s del descubrimiento<\/b><\/span>adjuntando documentaci\u00f3n fotogr\u00e1fica. Le proporcionaremos la sustituci\u00f3n o el reembolso sin coste adicional.<\/p><hr \/><h3><b>7. Responsabilidad<\/b><\/h3><p class=\"p1\">Casa Vinicola Ciccariello no se hace responsable de los retrasos o da\u00f1os causados por acontecimientos de fuerza mayor, incluidas huelgas, cat\u00e1strofes naturales, interrupciones del servicio de mensajer\u00eda o problemas t\u00e9cnicos imprevistos.<\/p><hr \/><h3><b>8. Procesamiento de datos<\/b><\/h3><p class=\"p1\">Los datos personales facilitados por el cliente ser\u00e1n tratados de conformidad con la legislaci\u00f3n vigente en materia de protecci\u00f3n de datos personales (GDPR - Reglamento UE 2016\/679).<\/p><p class=\"p1\">Para m\u00e1s informaci\u00f3n, consulte nuestro <a href=\"#\">Pol\u00edtica de privacidad<\/a>.<\/p><hr \/><h3><b>9. Jurisdicci\u00f3n<\/b><\/h3><p class=\"p1\">Cualquier litigio derivado del contrato de venta ser\u00e1 resuelto por el <span class=\"s1\"><b>foro del consumidor<\/b><\/span> seg\u00fan la legislaci\u00f3n italiana.<\/p>\t\t\t\t\t\t\t\t<\/div>\n\t\t\t\t<\/div>\n\t\t\t\t\t<\/div>\n\t\t\t\t<\/div>\n\t\t\t\t<\/div>","protected":false},"excerpt":{"rendered":"<p>Las presentes Condiciones Generales de Venta regulan la compra de productos realizada a trav\u00e9s de la p\u00e1gina web oficial de Casa Vinicola Ciccariello<\/p>","protected":false},"author":2,"featured_media":0,"parent":0,"menu_order":0,"comment_status":"closed","ping_status":"closed","template":"","meta":{"footnotes":""},"class_list":["post-334","page","type-page","status-publish","hentry"],"yoast_head":"<!-- This site is optimized with the Yoast SEO plugin v27.2 - https:\/\/yoast.com\/product\/yoast-seo-wordpress\/ -->\n<title>Termini e Condizioni | Casa Vinicola Ciccariello<\/title>\n<meta name=\"robots\" content=\"index, follow, max-snippet:-1, max-image-preview:large, max-video-preview:-1\" \/>\n<link rel=\"canonical\" href=\"https:\/\/casavinicolaciccariello.com\/es\/condiciones-generales\/\" \/>\n<meta property=\"og:locale\" content=\"es_ES\" \/>\n<meta property=\"og:type\" content=\"article\" \/>\n<meta property=\"og:title\" content=\"Termini e Condizioni | Casa Vinicola Ciccariello\" \/>\n<meta property=\"og:description\" content=\"Le presenti Condizioni Generali di Vendita regolano l\u2019acquisto di prodotti effettuato tramite il sito web ufficiale di Casa Vinicola Ciccariello\" \/>\n<meta property=\"og:url\" content=\"https:\/\/casavinicolaciccariello.com\/es\/condiciones-generales\/\" \/>\n<meta property=\"og:site_name\" content=\"Casa Vinicola Ciccariello\" \/>\n<meta property=\"article:publisher\" content=\"https:\/\/www.facebook.com\/casavinicolaciccariello\" \/>\n<meta property=\"article:modified_time\" content=\"2025-05-28T08:48:19+00:00\" \/>\n<meta property=\"og:image\" content=\"https:\/\/casavinicolaciccariello.com\/wp-content\/uploads\/2025\/03\/logo1200px.png\" \/>\n\t<meta property=\"og:image:width\" content=\"1200\" \/>\n\t<meta property=\"og:image:height\" content=\"343\" \/>\n\t<meta property=\"og:image:type\" content=\"image\/png\" \/>\n<meta name=\"twitter:card\" content=\"summary_large_image\" \/>\n<meta name=\"twitter:label1\" content=\"Tiempo de lectura\" \/>\n\t<meta name=\"twitter:data1\" content=\"3 minutos\" \/>\n<script type=\"application\/ld+json\" class=\"yoast-schema-graph\">{\"@context\":\"https:\/\/schema.org\",\"@graph\":[{\"@type\":\"WebPage\",\"@id\":\"https:\/\/casavinicolaciccariello.com\/termini-e-condizioni\/\",\"url\":\"https:\/\/casavinicolaciccariello.com\/termini-e-condizioni\/\",\"name\":\"Termini e Condizioni | Casa Vinicola Ciccariello\",\"isPartOf\":{\"@id\":\"https:\/\/casavinicolaciccariello.com\/#website\"},\"datePublished\":\"2025-03-04T15:44:30+00:00\",\"dateModified\":\"2025-05-28T08:48:19+00:00\",\"breadcrumb\":{\"@id\":\"https:\/\/casavinicolaciccariello.com\/termini-e-condizioni\/#breadcrumb\"},\"inLanguage\":\"es\",\"potentialAction\":[{\"@type\":\"ReadAction\",\"target\":[\"https:\/\/casavinicolaciccariello.com\/termini-e-condizioni\/\"]}]},{\"@type\":\"BreadcrumbList\",\"@id\":\"https:\/\/casavinicolaciccariello.com\/termini-e-condizioni\/#breadcrumb\",\"itemListElement\":[{\"@type\":\"ListItem\",\"position\":1,\"name\":\"Home\",\"item\":\"https:\/\/casavinicolaciccariello.com\/\"},{\"@type\":\"ListItem\",\"position\":2,\"name\":\"Termini e Condizioni\"}]},{\"@type\":\"WebSite\",\"@id\":\"https:\/\/casavinicolaciccariello.com\/#website\",\"url\":\"https:\/\/casavinicolaciccariello.com\/\",\"name\":\"Casa Vinicola Ciccariello\",\"description\":\"Dal 1966, la tradizione in ogni sorso.\",\"publisher\":{\"@id\":\"https:\/\/casavinicolaciccariello.com\/#organization\"},\"alternateName\":\"Cavici\",\"potentialAction\":[{\"@type\":\"SearchAction\",\"target\":{\"@type\":\"EntryPoint\",\"urlTemplate\":\"https:\/\/casavinicolaciccariello.com\/?s={search_term_string}\"},\"query-input\":{\"@type\":\"PropertyValueSpecification\",\"valueRequired\":true,\"valueName\":\"search_term_string\"}}],\"inLanguage\":\"es\"},{\"@type\":\"Organization\",\"@id\":\"https:\/\/casavinicolaciccariello.com\/#organization\",\"name\":\"Casa Vinicola Ciccariello\",\"alternateName\":\"CA.VI.CI SRL\",\"url\":\"https:\/\/casavinicolaciccariello.com\/\",\"logo\":{\"@type\":\"ImageObject\",\"inLanguage\":\"es\",\"@id\":\"https:\/\/casavinicolaciccariello.com\/#\/schema\/logo\/image\/\",\"url\":\"https:\/\/casavinicolaciccariello.com\/wp-content\/uploads\/2025\/03\/logo1200px.png\",\"contentUrl\":\"https:\/\/casavinicolaciccariello.com\/wp-content\/uploads\/2025\/03\/logo1200px.png\",\"width\":1200,\"height\":343,\"caption\":\"Casa Vinicola Ciccariello\"},\"image\":{\"@id\":\"https:\/\/casavinicolaciccariello.com\/#\/schema\/logo\/image\/\"},\"sameAs\":[\"https:\/\/www.facebook.com\/casavinicolaciccariello\",\"https:\/\/www.instagram.com\/casa_vinicola_ciccariello\/\"]}]}<\/script>\n<!-- \/ Yoast SEO plugin. -->","yoast_head_json":{"title":"Termini e Condizioni | Casa Vinicola Ciccariello","robots":{"index":"index","follow":"follow","max-snippet":"max-snippet:-1","max-image-preview":"max-image-preview:large","max-video-preview":"max-video-preview:-1"},"canonical":"https:\/\/casavinicolaciccariello.com\/es\/condiciones-generales\/","og_locale":"es_ES","og_type":"article","og_title":"Termini e Condizioni | Casa Vinicola Ciccariello","og_description":"Le presenti Condizioni Generali di Vendita regolano l\u2019acquisto di prodotti effettuato tramite il sito web ufficiale di Casa Vinicola Ciccariello","og_url":"https:\/\/casavinicolaciccariello.com\/es\/condiciones-generales\/","og_site_name":"Casa Vinicola Ciccariello","article_publisher":"https:\/\/www.facebook.com\/casavinicolaciccariello","article_modified_time":"2025-05-28T08:48:19+00:00","og_image":[{"width":1200,"height":343,"url":"https:\/\/casavinicolaciccariello.com\/wp-content\/uploads\/2025\/03\/logo1200px.png","type":"image\/png"}],"twitter_card":"summary_large_image","twitter_misc":{"Tiempo de lectura":"3 minutos"},"schema":{"@context":"https:\/\/schema.org","@graph":[{"@type":"WebPage","@id":"https:\/\/casavinicolaciccariello.com\/termini-e-condizioni\/","url":"https:\/\/casavinicolaciccariello.com\/termini-e-condizioni\/","name":"Termini e Condizioni | Casa Vinicola Ciccariello","isPartOf":{"@id":"https:\/\/casavinicolaciccariello.com\/#website"},"datePublished":"2025-03-04T15:44:30+00:00","dateModified":"2025-05-28T08:48:19+00:00","breadcrumb":{"@id":"https:\/\/casavinicolaciccariello.com\/termini-e-condizioni\/#breadcrumb"},"inLanguage":"es","potentialAction":[{"@type":"ReadAction","target":["https:\/\/casavinicolaciccariello.com\/termini-e-condizioni\/"]}]},{"@type":"BreadcrumbList","@id":"https:\/\/casavinicolaciccariello.com\/termini-e-condizioni\/#breadcrumb","itemListElement":[{"@type":"ListItem","position":1,"name":"Home","item":"https:\/\/casavinicolaciccariello.com\/"},{"@type":"ListItem","position":2,"name":"Termini e Condizioni"}]},{"@type":"WebSite","@id":"https:\/\/casavinicolaciccariello.com\/#website","url":"https:\/\/casavinicolaciccariello.com\/","name":"Casa Vinicola Ciccariello","description":"Dal 1966, la tradizione in ogni sorso.","publisher":{"@id":"https:\/\/casavinicolaciccariello.com\/#organization"},"alternateName":"Cavici","potentialAction":[{"@type":"SearchAction","target":{"@type":"EntryPoint","urlTemplate":"https:\/\/casavinicolaciccariello.com\/?s={search_term_string}"},"query-input":{"@type":"PropertyValueSpecification","valueRequired":true,"valueName":"search_term_string"}}],"inLanguage":"es"},{"@type":"Organization","@id":"https:\/\/casavinicolaciccariello.com\/#organization","name":"Casa Vinicola Ciccariello","alternateName":"CA.VI.CI SRL","url":"https:\/\/casavinicolaciccariello.com\/","logo":{"@type":"ImageObject","inLanguage":"es","@id":"https:\/\/casavinicolaciccariello.com\/#\/schema\/logo\/image\/","url":"https:\/\/casavinicolaciccariello.com\/wp-content\/uploads\/2025\/03\/logo1200px.png","contentUrl":"https:\/\/casavinicolaciccariello.com\/wp-content\/uploads\/2025\/03\/logo1200px.png","width":1200,"height":343,"caption":"Casa Vinicola Ciccariello"},"image":{"@id":"https:\/\/casavinicolaciccariello.com\/#\/schema\/logo\/image\/"},"sameAs":["https:\/\/www.facebook.com\/casavinicolaciccariello","https:\/\/www.instagram.com\/casa_vinicola_ciccariello\/"]}]}},"_links":{"self":[{"href":"https:\/\/casavinicolaciccariello.com\/es\/wp-json\/wp\/v2\/pages\/334","targetHints":{"allow":["GET"]}}],"collection":[{"href":"https:\/\/casavinicolaciccariello.com\/es\/wp-json\/wp\/v2\/pages"}],"about":[{"href":"https:\/\/casavinicolaciccariello.com\/es\/wp-json\/wp\/v2\/types\/page"}],"author":[{"embeddable":true,"href":"https:\/\/casavinicolaciccariello.com\/es\/wp-json\/wp\/v2\/users\/2"}],"replies":[{"embeddable":true,"href":"https:\/\/casavinicolaciccariello.com\/es\/wp-json\/wp\/v2\/comments?post=334"}],"version-history":[{"count":3,"href":"https:\/\/casavinicolaciccariello.com\/es\/wp-json\/wp\/v2\/pages\/334\/revisions"}],"predecessor-version":[{"id":986,"href":"https:\/\/casavinicolaciccariello.com\/es\/wp-json\/wp\/v2\/pages\/334\/revisions\/986"}],"wp:attachment":[{"href":"https:\/\/casavinicolaciccariello.com\/es\/wp-json\/wp\/v2\/media?parent=334"}],"curies":[{"name":"wp","href":"https:\/\/api.w.org\/{rel}","templated":true}]}}