{"id":958,"date":"2025-05-28T09:51:59","date_gmt":"2025-05-28T07:51:59","guid":{"rendered":"https:\/\/casavinicolaciccariello.com\/?page_id=958"},"modified":"2025-08-05T11:24:41","modified_gmt":"2025-08-05T09:24:41","slug":"envio","status":"publish","type":"page","link":"https:\/\/casavinicolaciccariello.com\/es\/envio\/","title":{"rendered":"Env\u00edo"},"content":{"rendered":"<div data-elementor-type=\"wp-page\" data-elementor-id=\"958\" class=\"elementor elementor-958\" data-elementor-post-type=\"page\">\n\t\t\t\t<div class=\"wd-negative-gap elementor-element elementor-element-43f7422 e-flex e-con-boxed e-con e-parent\" data-id=\"43f7422\" data-element_type=\"container\">\n\t\t\t\t\t<div class=\"e-con-inner\">\n\t\t\t\t<div class=\"elementor-element elementor-element-00f35da color-scheme-inherit text-left elementor-widget elementor-widget-text-editor\" data-id=\"00f35da\" data-element_type=\"widget\" data-widget_type=\"text-editor.default\">\n\t\t\t\t<div class=\"elementor-widget-container\">\n\t\t\t\t\t\t\t\t\t<h2><b>Env\u00edo y entrega<\/b><\/h2><p class=\"p3\">En <span class=\"s2\"><b>Bodega Ciccariello<\/b><\/span>nos comprometemos a que cada pedido se entregue con el m\u00e1ximo cuidado y en el menor tiempo posible. A continuaci\u00f3n encontrar\u00e1 toda la informaci\u00f3n \u00fatil sobre plazos de entrega, costes y m\u00e9todos de env\u00edo.<\/p><h3><b>Tiempo de preparaci\u00f3n<\/b><\/h3><p class=\"p3\">Cada pedido es preparado cuidadosamente en nuestro almac\u00e9n por <span class=\"s2\"><b>1-2 d\u00edas laborables<\/b><\/span> desde el momento de la confirmaci\u00f3n. Prestamos especial atenci\u00f3n al embalaje para proteger las botellas durante el transporte, garantizando que lleguen a su destino en perfectas condiciones.<\/p><h3><b>Plazo de entrega<\/b><\/h3><p class=\"p3\">Una vez confiado al mensajero, el paquete se entrega generalmente en <span class=\"s2\"><b>2-3 giorni lavorativi<\/b><\/span>. Los horarios pueden variar ligeramente en funci\u00f3n del destino o de las fiestas nacionales.<\/p><h3><b>Gastos de env\u00edo<\/b><\/h3><ul><li><p class=\"p1\"><b>Env\u00edo est\u00e1ndar<\/b><span class=\"s1\">: \u20ac <\/span><b>10<\/b><b><\/b><\/p><\/li><li><p class=\"p1\"><span class=\"s1\"><b>Env\u00edo gratuito<\/b><\/span>para todos los pedidos de importe igual o superior a <span class=\"s1\"><b>\u20ac70<\/b><\/span><\/p><\/li><\/ul><p class=\"p3\">El sistema calcular\u00e1 autom\u00e1ticamente los gastos de env\u00edo durante el proceso de compra, aplicando el env\u00edo gratuito cuando proceda.<\/p><h3><b>Pago contra reembolso<\/b><\/h3><p class=\"p3\">Ofrecemos la posibilidad de pagar contra reembolso. En este caso, hay un <span class=\"s2\"><b>recargo de 4,00 euros<\/b><\/span>independientemente del importe del pedido. Le aconsejamos que prepare el importe exacto, ya que es posible que el mensajero no disponga de cambio.<\/p><h3><b>Transportistas utilizados<\/b><\/h3><p class=\"p3\">Trabajamos con transportistas fiables y r\u00e1pidos, seleccionados para garantizar un servicio puntual y rastreable en cada etapa. Una vez enviado, recibir\u00e1s un correo electr\u00f3nico con el c\u00f3digo de seguimiento para controlar la entrega en tiempo real.<\/p><h3><b>Destinos<\/b><\/h3><p class=\"p3\">Realizamos env\u00edos a toda Italia, incluidas las islas. Si tiene requisitos especiales o desea realizar varios env\u00edos a distintas direcciones, p\u00f3ngase en contacto con nosotros antes de realizar su pedido: estaremos encantados de ayudarle.<\/p>\t\t\t\t\t\t\t\t<\/div>\n\t\t\t\t<\/div>\n\t\t\t\t\t<\/div>\n\t\t\t\t<\/div>\n\t\t\t\t<\/div>","protected":false},"excerpt":{"rendered":"<p>Env\u00edo y entrega En Casa Vinicola Ciccariello, nos esforzamos por garantizar que cada pedido se entregue con el m\u00e1ximo cuidado,<\/p>","protected":false},"author":2,"featured_media":0,"parent":0,"menu_order":0,"comment_status":"closed","ping_status":"closed","template":"","meta":{"footnotes":""},"class_list":["post-958","page","type-page","status-publish","hentry"],"yoast_head":"<!-- This site is optimized with the Yoast SEO plugin v27.2 - https:\/\/yoast.com\/product\/yoast-seo-wordpress\/ -->\n<title>Spedizione | Casa Vinicola Ciccariello<\/title>\n<meta name=\"robots\" content=\"index, follow, max-snippet:-1, max-image-preview:large, max-video-preview:-1\" \/>\n<link rel=\"canonical\" href=\"https:\/\/casavinicolaciccariello.com\/es\/envio\/\" \/>\n<meta property=\"og:locale\" content=\"es_ES\" \/>\n<meta property=\"og:type\" content=\"article\" \/>\n<meta property=\"og:title\" content=\"Spedizione | Casa Vinicola Ciccariello\" \/>\n<meta property=\"og:description\" content=\"Spedizione e Consegna Alla Casa Vinicola Ciccariello, ci impegniamo a garantire che ogni ordine venga consegnato con la massima cura,\" \/>\n<meta property=\"og:url\" content=\"https:\/\/casavinicolaciccariello.com\/es\/envio\/\" \/>\n<meta property=\"og:site_name\" content=\"Casa Vinicola Ciccariello\" \/>\n<meta property=\"article:publisher\" content=\"https:\/\/www.facebook.com\/casavinicolaciccariello\" \/>\n<meta property=\"article:modified_time\" content=\"2025-08-05T09:24:41+00:00\" \/>\n<meta property=\"og:image\" content=\"https:\/\/casavinicolaciccariello.com\/wp-content\/uploads\/2025\/03\/logo1200px.png\" \/>\n\t<meta property=\"og:image:width\" content=\"1200\" \/>\n\t<meta property=\"og:image:height\" content=\"343\" \/>\n\t<meta property=\"og:image:type\" content=\"image\/png\" \/>\n<meta name=\"twitter:card\" content=\"summary_large_image\" \/>\n<meta name=\"twitter:label1\" content=\"Tiempo de lectura\" \/>\n\t<meta name=\"twitter:data1\" content=\"2 minutos\" \/>\n<script type=\"application\/ld+json\" class=\"yoast-schema-graph\">{\"@context\":\"https:\/\/schema.org\",\"@graph\":[{\"@type\":\"WebPage\",\"@id\":\"https:\/\/casavinicolaciccariello.com\/spedizione\/\",\"url\":\"https:\/\/casavinicolaciccariello.com\/spedizione\/\",\"name\":\"Spedizione | Casa Vinicola Ciccariello\",\"isPartOf\":{\"@id\":\"https:\/\/casavinicolaciccariello.com\/#website\"},\"datePublished\":\"2025-05-28T07:51:59+00:00\",\"dateModified\":\"2025-08-05T09:24:41+00:00\",\"breadcrumb\":{\"@id\":\"https:\/\/casavinicolaciccariello.com\/spedizione\/#breadcrumb\"},\"inLanguage\":\"es\",\"potentialAction\":[{\"@type\":\"ReadAction\",\"target\":[\"https:\/\/casavinicolaciccariello.com\/spedizione\/\"]}]},{\"@type\":\"BreadcrumbList\",\"@id\":\"https:\/\/casavinicolaciccariello.com\/spedizione\/#breadcrumb\",\"itemListElement\":[{\"@type\":\"ListItem\",\"position\":1,\"name\":\"Home\",\"item\":\"https:\/\/casavinicolaciccariello.com\/\"},{\"@type\":\"ListItem\",\"position\":2,\"name\":\"Spedizione\"}]},{\"@type\":\"WebSite\",\"@id\":\"https:\/\/casavinicolaciccariello.com\/#website\",\"url\":\"https:\/\/casavinicolaciccariello.com\/\",\"name\":\"Casa Vinicola Ciccariello\",\"description\":\"Dal 1966, la tradizione in ogni sorso.\",\"publisher\":{\"@id\":\"https:\/\/casavinicolaciccariello.com\/#organization\"},\"alternateName\":\"Cavici\",\"potentialAction\":[{\"@type\":\"SearchAction\",\"target\":{\"@type\":\"EntryPoint\",\"urlTemplate\":\"https:\/\/casavinicolaciccariello.com\/?s={search_term_string}\"},\"query-input\":{\"@type\":\"PropertyValueSpecification\",\"valueRequired\":true,\"valueName\":\"search_term_string\"}}],\"inLanguage\":\"es\"},{\"@type\":\"Organization\",\"@id\":\"https:\/\/casavinicolaciccariello.com\/#organization\",\"name\":\"Casa Vinicola Ciccariello\",\"alternateName\":\"CA.VI.CI SRL\",\"url\":\"https:\/\/casavinicolaciccariello.com\/\",\"logo\":{\"@type\":\"ImageObject\",\"inLanguage\":\"es\",\"@id\":\"https:\/\/casavinicolaciccariello.com\/#\/schema\/logo\/image\/\",\"url\":\"https:\/\/casavinicolaciccariello.com\/wp-content\/uploads\/2025\/03\/logo1200px.png\",\"contentUrl\":\"https:\/\/casavinicolaciccariello.com\/wp-content\/uploads\/2025\/03\/logo1200px.png\",\"width\":1200,\"height\":343,\"caption\":\"Casa Vinicola Ciccariello\"},\"image\":{\"@id\":\"https:\/\/casavinicolaciccariello.com\/#\/schema\/logo\/image\/\"},\"sameAs\":[\"https:\/\/www.facebook.com\/casavinicolaciccariello\",\"https:\/\/www.instagram.com\/casa_vinicola_ciccariello\/\"]}]}<\/script>\n<!-- \/ Yoast SEO plugin. -->","yoast_head_json":{"title":"Spedizione | Casa Vinicola Ciccariello","robots":{"index":"index","follow":"follow","max-snippet":"max-snippet:-1","max-image-preview":"max-image-preview:large","max-video-preview":"max-video-preview:-1"},"canonical":"https:\/\/casavinicolaciccariello.com\/es\/envio\/","og_locale":"es_ES","og_type":"article","og_title":"Spedizione | Casa Vinicola Ciccariello","og_description":"Spedizione e Consegna Alla Casa Vinicola Ciccariello, ci impegniamo a garantire che ogni ordine venga consegnato con la massima cura,","og_url":"https:\/\/casavinicolaciccariello.com\/es\/envio\/","og_site_name":"Casa Vinicola Ciccariello","article_publisher":"https:\/\/www.facebook.com\/casavinicolaciccariello","article_modified_time":"2025-08-05T09:24:41+00:00","og_image":[{"width":1200,"height":343,"url":"https:\/\/casavinicolaciccariello.com\/wp-content\/uploads\/2025\/03\/logo1200px.png","type":"image\/png"}],"twitter_card":"summary_large_image","twitter_misc":{"Tiempo de lectura":"2 minutos"},"schema":{"@context":"https:\/\/schema.org","@graph":[{"@type":"WebPage","@id":"https:\/\/casavinicolaciccariello.com\/spedizione\/","url":"https:\/\/casavinicolaciccariello.com\/spedizione\/","name":"Spedizione | Casa Vinicola Ciccariello","isPartOf":{"@id":"https:\/\/casavinicolaciccariello.com\/#website"},"datePublished":"2025-05-28T07:51:59+00:00","dateModified":"2025-08-05T09:24:41+00:00","breadcrumb":{"@id":"https:\/\/casavinicolaciccariello.com\/spedizione\/#breadcrumb"},"inLanguage":"es","potentialAction":[{"@type":"ReadAction","target":["https:\/\/casavinicolaciccariello.com\/spedizione\/"]}]},{"@type":"BreadcrumbList","@id":"https:\/\/casavinicolaciccariello.com\/spedizione\/#breadcrumb","itemListElement":[{"@type":"ListItem","position":1,"name":"Home","item":"https:\/\/casavinicolaciccariello.com\/"},{"@type":"ListItem","position":2,"name":"Spedizione"}]},{"@type":"WebSite","@id":"https:\/\/casavinicolaciccariello.com\/#website","url":"https:\/\/casavinicolaciccariello.com\/","name":"Casa Vinicola Ciccariello","description":"Dal 1966, la tradizione in ogni sorso.","publisher":{"@id":"https:\/\/casavinicolaciccariello.com\/#organization"},"alternateName":"Cavici","potentialAction":[{"@type":"SearchAction","target":{"@type":"EntryPoint","urlTemplate":"https:\/\/casavinicolaciccariello.com\/?s={search_term_string}"},"query-input":{"@type":"PropertyValueSpecification","valueRequired":true,"valueName":"search_term_string"}}],"inLanguage":"es"},{"@type":"Organization","@id":"https:\/\/casavinicolaciccariello.com\/#organization","name":"Casa Vinicola Ciccariello","alternateName":"CA.VI.CI SRL","url":"https:\/\/casavinicolaciccariello.com\/","logo":{"@type":"ImageObject","inLanguage":"es","@id":"https:\/\/casavinicolaciccariello.com\/#\/schema\/logo\/image\/","url":"https:\/\/casavinicolaciccariello.com\/wp-content\/uploads\/2025\/03\/logo1200px.png","contentUrl":"https:\/\/casavinicolaciccariello.com\/wp-content\/uploads\/2025\/03\/logo1200px.png","width":1200,"height":343,"caption":"Casa Vinicola Ciccariello"},"image":{"@id":"https:\/\/casavinicolaciccariello.com\/#\/schema\/logo\/image\/"},"sameAs":["https:\/\/www.facebook.com\/casavinicolaciccariello","https:\/\/www.instagram.com\/casa_vinicola_ciccariello\/"]}]}},"_links":{"self":[{"href":"https:\/\/casavinicolaciccariello.com\/es\/wp-json\/wp\/v2\/pages\/958","targetHints":{"allow":["GET"]}}],"collection":[{"href":"https:\/\/casavinicolaciccariello.com\/es\/wp-json\/wp\/v2\/pages"}],"about":[{"href":"https:\/\/casavinicolaciccariello.com\/es\/wp-json\/wp\/v2\/types\/page"}],"author":[{"embeddable":true,"href":"https:\/\/casavinicolaciccariello.com\/es\/wp-json\/wp\/v2\/users\/2"}],"replies":[{"embeddable":true,"href":"https:\/\/casavinicolaciccariello.com\/es\/wp-json\/wp\/v2\/comments?post=958"}],"version-history":[{"count":3,"href":"https:\/\/casavinicolaciccariello.com\/es\/wp-json\/wp\/v2\/pages\/958\/revisions"}],"predecessor-version":[{"id":1049,"href":"https:\/\/casavinicolaciccariello.com\/es\/wp-json\/wp\/v2\/pages\/958\/revisions\/1049"}],"wp:attachment":[{"href":"https:\/\/casavinicolaciccariello.com\/es\/wp-json\/wp\/v2\/media?parent=958"}],"curies":[{"name":"wp","href":"https:\/\/api.w.org\/{rel}","templated":true}]}}