{"id":963,"date":"2025-05-28T09:55:14","date_gmt":"2025-05-28T07:55:14","guid":{"rendered":"https:\/\/casavinicolaciccariello.com\/?page_id=963"},"modified":"2025-05-28T09:58:47","modified_gmt":"2025-05-28T07:58:47","slug":"pago-2","status":"publish","type":"page","link":"https:\/\/casavinicolaciccariello.com\/es\/pago-2\/","title":{"rendered":"Pago"},"content":{"rendered":"<div data-elementor-type=\"wp-page\" data-elementor-id=\"963\" class=\"elementor elementor-963\" data-elementor-post-type=\"page\">\n\t\t\t\t<div class=\"wd-negative-gap elementor-element elementor-element-49d7026 e-flex e-con-boxed e-con e-parent\" data-id=\"49d7026\" data-element_type=\"container\">\n\t\t\t\t\t<div class=\"e-con-inner\">\n\t\t\t\t<div class=\"elementor-element elementor-element-31f8d5d color-scheme-inherit text-left elementor-widget elementor-widget-text-editor\" data-id=\"31f8d5d\" data-element_type=\"widget\" data-widget_type=\"text-editor.default\">\n\t\t\t\t<div class=\"elementor-widget-container\">\n\t\t\t\t\t\t\t\t\t<p class=\"p1\">Para ofrecerle la m\u00e1xima comodidad y seguridad en sus compras, en el <span class=\"s1\"><b>Bodega Ciccariello<\/b><\/span> ofrecemos una amplia gama de m\u00e9todos de pago para satisfacer todas las necesidades. Todos los pagos se realizan a trav\u00e9s de sistemas seguros y certificados.<\/p><h3><b>Tarjetas de cr\u00e9dito y d\u00e9bito<\/b><\/h3><p class=\"p1\">Aceptamos los principales <span class=\"s1\"><b>tarjetas de cr\u00e9dito y d\u00e9bito<\/b><\/span> (Visa, Mastercard, Maestro, American Express) a trav\u00e9s de <span class=\"s1\"><b>Raya<\/b><\/span>una plataforma segura y r\u00e1pida para pagos en l\u00ednea.<\/p><h3><b>PayPal<\/b><\/h3><p class=\"p1\">Puede elegir pagar por <span class=\"s1\"><b>PayPal<\/b><\/span>el m\u00e9todo seguro por excelencia, que le permite comprar sin tener que introducir cada vez sus datos bancarios. Tambi\u00e9n puede utilizar PayPal sin registrarse, utilizando una tarjeta asociada.<\/p><h3><b>Apple Pay y Google Pay<\/b><\/h3><p class=\"p1\">Para quienes compren desde dispositivos compatibles, tambi\u00e9n ofrecemos el pago mediante <span class=\"s1\"><b>Apple Pay<\/b><\/span> e <span class=\"s1\"><b>Google Pay<\/b><\/span>para una experiencia a\u00fan m\u00e1s r\u00e1pida y fluida.<\/p><h3><b>Klarna (Pago en 3 plazos)<\/b><\/h3><p class=\"p1\">Gracias a la colaboraci\u00f3n con <span class=\"s1\"><b>Klarna<\/b><\/span>puede dividir el pago en <span class=\"s1\"><b>3 c\u00f3modos plazos sin intereses<\/b><\/span>directamente durante el pago. Una soluci\u00f3n flexible para comprar con tranquilidad.<\/p><h3><b>Amazon Pay<\/b><\/h3><p class=\"p1\">Con <span class=\"s1\"><b>Amazon Pay<\/b><\/span>Si lo desea, puede realizar el pago utilizando la cuenta de Amazon que ya utiliza, sin tener que volver a introducir sus datos. R\u00e1pido, seguro y familiar.<\/p><h3><b>Transferencia bancaria<\/b><\/h3><p class=\"p1\">Aceptamos pagos mediante <span class=\"s1\"><b>transferencia bancaria por adelantado<\/b><\/span>. Los datos bancarios se enviar\u00e1n por correo electr\u00f3nico tras la confirmaci\u00f3n del pedido. El env\u00edo solo se realizar\u00e1 una vez acreditado el pago (1-2 d\u00edas laborables de media).<\/p><h3><b>Pago contra reembolso<\/b><\/h3><p class=\"p1\">Puede pagar directamente contra reembolso. Este servicio incluye un <span class=\"s1\"><b>recargo de 4,00 euros<\/b><\/span>que se a\u00f1adir\u00e1 al importe total del pedido. Por favor, prepare el importe exacto que debe entregar al mensajero.<\/p>\t\t\t\t\t\t\t\t<\/div>\n\t\t\t\t<\/div>\n\t\t\t\t\t<\/div>\n\t\t\t\t<\/div>\n\t\t\t\t<\/div>","protected":false},"excerpt":{"rendered":"<p>Para ofrecerle la m\u00e1xima comodidad y seguridad a la hora de comprar, en Casa Vinicola Ciccariello ponemos a su disposici\u00f3n una amplia gama de<\/p>","protected":false},"author":2,"featured_media":0,"parent":0,"menu_order":0,"comment_status":"closed","ping_status":"closed","template":"","meta":{"footnotes":""},"class_list":["post-963","page","type-page","status-publish","hentry"],"yoast_head":"<!-- This site is optimized with the Yoast SEO plugin v27.2 - https:\/\/yoast.com\/product\/yoast-seo-wordpress\/ -->\n<title>Pagamento | Casa Vinicola Ciccariello<\/title>\n<meta name=\"robots\" content=\"index, follow, max-snippet:-1, max-image-preview:large, max-video-preview:-1\" \/>\n<link rel=\"canonical\" href=\"https:\/\/casavinicolaciccariello.com\/es\/pago-2\/\" \/>\n<meta property=\"og:locale\" content=\"es_ES\" \/>\n<meta property=\"og:type\" content=\"article\" \/>\n<meta property=\"og:title\" content=\"Pagamento | Casa Vinicola Ciccariello\" \/>\n<meta property=\"og:description\" content=\"Per offrirti la massima comodit\u00e0 e sicurezza durante gli acquisti, alla Casa Vinicola Ciccariello mettiamo a disposizione una vasta gamma\" \/>\n<meta property=\"og:url\" content=\"https:\/\/casavinicolaciccariello.com\/es\/pago-2\/\" \/>\n<meta property=\"og:site_name\" content=\"Casa Vinicola Ciccariello\" \/>\n<meta property=\"article:publisher\" content=\"https:\/\/www.facebook.com\/casavinicolaciccariello\" \/>\n<meta property=\"article:modified_time\" content=\"2025-05-28T07:58:47+00:00\" \/>\n<meta property=\"og:image\" content=\"https:\/\/casavinicolaciccariello.com\/wp-content\/uploads\/2025\/03\/logo1200px.png\" \/>\n\t<meta property=\"og:image:width\" content=\"1200\" \/>\n\t<meta property=\"og:image:height\" content=\"343\" \/>\n\t<meta property=\"og:image:type\" content=\"image\/png\" \/>\n<meta name=\"twitter:card\" content=\"summary_large_image\" \/>\n<meta name=\"twitter:label1\" content=\"Tiempo de lectura\" \/>\n\t<meta name=\"twitter:data1\" content=\"2 minutos\" \/>\n<script type=\"application\/ld+json\" class=\"yoast-schema-graph\">{\"@context\":\"https:\/\/schema.org\",\"@graph\":[{\"@type\":\"WebPage\",\"@id\":\"https:\/\/casavinicolaciccariello.com\/pagamento-2\/\",\"url\":\"https:\/\/casavinicolaciccariello.com\/pagamento-2\/\",\"name\":\"Pagamento | Casa Vinicola Ciccariello\",\"isPartOf\":{\"@id\":\"https:\/\/casavinicolaciccariello.com\/#website\"},\"datePublished\":\"2025-05-28T07:55:14+00:00\",\"dateModified\":\"2025-05-28T07:58:47+00:00\",\"breadcrumb\":{\"@id\":\"https:\/\/casavinicolaciccariello.com\/pagamento-2\/#breadcrumb\"},\"inLanguage\":\"es\",\"potentialAction\":[{\"@type\":\"ReadAction\",\"target\":[\"https:\/\/casavinicolaciccariello.com\/pagamento-2\/\"]}]},{\"@type\":\"BreadcrumbList\",\"@id\":\"https:\/\/casavinicolaciccariello.com\/pagamento-2\/#breadcrumb\",\"itemListElement\":[{\"@type\":\"ListItem\",\"position\":1,\"name\":\"Home\",\"item\":\"https:\/\/casavinicolaciccariello.com\/\"},{\"@type\":\"ListItem\",\"position\":2,\"name\":\"Pagamento\"}]},{\"@type\":\"WebSite\",\"@id\":\"https:\/\/casavinicolaciccariello.com\/#website\",\"url\":\"https:\/\/casavinicolaciccariello.com\/\",\"name\":\"Casa Vinicola Ciccariello\",\"description\":\"Dal 1966, la tradizione in ogni sorso.\",\"publisher\":{\"@id\":\"https:\/\/casavinicolaciccariello.com\/#organization\"},\"alternateName\":\"Cavici\",\"potentialAction\":[{\"@type\":\"SearchAction\",\"target\":{\"@type\":\"EntryPoint\",\"urlTemplate\":\"https:\/\/casavinicolaciccariello.com\/?s={search_term_string}\"},\"query-input\":{\"@type\":\"PropertyValueSpecification\",\"valueRequired\":true,\"valueName\":\"search_term_string\"}}],\"inLanguage\":\"es\"},{\"@type\":\"Organization\",\"@id\":\"https:\/\/casavinicolaciccariello.com\/#organization\",\"name\":\"Casa Vinicola Ciccariello\",\"alternateName\":\"CA.VI.CI SRL\",\"url\":\"https:\/\/casavinicolaciccariello.com\/\",\"logo\":{\"@type\":\"ImageObject\",\"inLanguage\":\"es\",\"@id\":\"https:\/\/casavinicolaciccariello.com\/#\/schema\/logo\/image\/\",\"url\":\"https:\/\/casavinicolaciccariello.com\/wp-content\/uploads\/2025\/03\/logo1200px.png\",\"contentUrl\":\"https:\/\/casavinicolaciccariello.com\/wp-content\/uploads\/2025\/03\/logo1200px.png\",\"width\":1200,\"height\":343,\"caption\":\"Casa Vinicola Ciccariello\"},\"image\":{\"@id\":\"https:\/\/casavinicolaciccariello.com\/#\/schema\/logo\/image\/\"},\"sameAs\":[\"https:\/\/www.facebook.com\/casavinicolaciccariello\",\"https:\/\/www.instagram.com\/casa_vinicola_ciccariello\/\"]}]}<\/script>\n<!-- \/ Yoast SEO plugin. -->","yoast_head_json":{"title":"Pagamento | Casa Vinicola Ciccariello","robots":{"index":"index","follow":"follow","max-snippet":"max-snippet:-1","max-image-preview":"max-image-preview:large","max-video-preview":"max-video-preview:-1"},"canonical":"https:\/\/casavinicolaciccariello.com\/es\/pago-2\/","og_locale":"es_ES","og_type":"article","og_title":"Pagamento | Casa Vinicola Ciccariello","og_description":"Per offrirti la massima comodit\u00e0 e sicurezza durante gli acquisti, alla Casa Vinicola Ciccariello mettiamo a disposizione una vasta gamma","og_url":"https:\/\/casavinicolaciccariello.com\/es\/pago-2\/","og_site_name":"Casa Vinicola Ciccariello","article_publisher":"https:\/\/www.facebook.com\/casavinicolaciccariello","article_modified_time":"2025-05-28T07:58:47+00:00","og_image":[{"width":1200,"height":343,"url":"https:\/\/casavinicolaciccariello.com\/wp-content\/uploads\/2025\/03\/logo1200px.png","type":"image\/png"}],"twitter_card":"summary_large_image","twitter_misc":{"Tiempo de lectura":"2 minutos"},"schema":{"@context":"https:\/\/schema.org","@graph":[{"@type":"WebPage","@id":"https:\/\/casavinicolaciccariello.com\/pagamento-2\/","url":"https:\/\/casavinicolaciccariello.com\/pagamento-2\/","name":"Pagamento | Casa Vinicola Ciccariello","isPartOf":{"@id":"https:\/\/casavinicolaciccariello.com\/#website"},"datePublished":"2025-05-28T07:55:14+00:00","dateModified":"2025-05-28T07:58:47+00:00","breadcrumb":{"@id":"https:\/\/casavinicolaciccariello.com\/pagamento-2\/#breadcrumb"},"inLanguage":"es","potentialAction":[{"@type":"ReadAction","target":["https:\/\/casavinicolaciccariello.com\/pagamento-2\/"]}]},{"@type":"BreadcrumbList","@id":"https:\/\/casavinicolaciccariello.com\/pagamento-2\/#breadcrumb","itemListElement":[{"@type":"ListItem","position":1,"name":"Home","item":"https:\/\/casavinicolaciccariello.com\/"},{"@type":"ListItem","position":2,"name":"Pagamento"}]},{"@type":"WebSite","@id":"https:\/\/casavinicolaciccariello.com\/#website","url":"https:\/\/casavinicolaciccariello.com\/","name":"Casa Vinicola Ciccariello","description":"Dal 1966, la tradizione in ogni sorso.","publisher":{"@id":"https:\/\/casavinicolaciccariello.com\/#organization"},"alternateName":"Cavici","potentialAction":[{"@type":"SearchAction","target":{"@type":"EntryPoint","urlTemplate":"https:\/\/casavinicolaciccariello.com\/?s={search_term_string}"},"query-input":{"@type":"PropertyValueSpecification","valueRequired":true,"valueName":"search_term_string"}}],"inLanguage":"es"},{"@type":"Organization","@id":"https:\/\/casavinicolaciccariello.com\/#organization","name":"Casa Vinicola Ciccariello","alternateName":"CA.VI.CI SRL","url":"https:\/\/casavinicolaciccariello.com\/","logo":{"@type":"ImageObject","inLanguage":"es","@id":"https:\/\/casavinicolaciccariello.com\/#\/schema\/logo\/image\/","url":"https:\/\/casavinicolaciccariello.com\/wp-content\/uploads\/2025\/03\/logo1200px.png","contentUrl":"https:\/\/casavinicolaciccariello.com\/wp-content\/uploads\/2025\/03\/logo1200px.png","width":1200,"height":343,"caption":"Casa Vinicola Ciccariello"},"image":{"@id":"https:\/\/casavinicolaciccariello.com\/#\/schema\/logo\/image\/"},"sameAs":["https:\/\/www.facebook.com\/casavinicolaciccariello","https:\/\/www.instagram.com\/casa_vinicola_ciccariello\/"]}]}},"_links":{"self":[{"href":"https:\/\/casavinicolaciccariello.com\/es\/wp-json\/wp\/v2\/pages\/963","targetHints":{"allow":["GET"]}}],"collection":[{"href":"https:\/\/casavinicolaciccariello.com\/es\/wp-json\/wp\/v2\/pages"}],"about":[{"href":"https:\/\/casavinicolaciccariello.com\/es\/wp-json\/wp\/v2\/types\/page"}],"author":[{"embeddable":true,"href":"https:\/\/casavinicolaciccariello.com\/es\/wp-json\/wp\/v2\/users\/2"}],"replies":[{"embeddable":true,"href":"https:\/\/casavinicolaciccariello.com\/es\/wp-json\/wp\/v2\/comments?post=963"}],"version-history":[{"count":3,"href":"https:\/\/casavinicolaciccariello.com\/es\/wp-json\/wp\/v2\/pages\/963\/revisions"}],"predecessor-version":[{"id":970,"href":"https:\/\/casavinicolaciccariello.com\/es\/wp-json\/wp\/v2\/pages\/963\/revisions\/970"}],"wp:attachment":[{"href":"https:\/\/casavinicolaciccariello.com\/es\/wp-json\/wp\/v2\/media?parent=963"}],"curies":[{"name":"wp","href":"https:\/\/api.w.org\/{rel}","templated":true}]}}