{"id":101,"date":"2025-08-11T17:28:34","date_gmt":"2025-08-11T15:28:34","guid":{"rendered":"https:\/\/casavinicolaciccariello.com\/prodotto\/aglianico-igp-beneventano-2\/"},"modified":"2026-02-19T16:15:11","modified_gmt":"2026-02-19T15:15:11","slug":"aglianico-igp-beneventano-2","status":"publish","type":"product","link":"https:\/\/casavinicolaciccariello.com\/es\/p\/aglianico-igp-beneventano-2\/","title":{"rendered":"Aglianico IGP Beneventano"},"content":{"rendered":"<h2>Aglianico IGP Beneventano<\/h2>\n<p><strong>Un aut\u00e9ntico tesoro benaventano, expresi\u00f3n de tradici\u00f3n y pasi\u00f3n<\/strong> - L'<strong>Aglianico IGP Beneventano<\/strong> encarna el alma m\u00e1s profunda de una zona rica en historia y cultura vitivin\u00edcola. Cultivada en las f\u00e9rtiles tierras de la zona de Beneventano, esta variedad de uva destaca por su capacidad para expresar la complejidad e intensidad de un terru\u00f1o \u00fanico, ofreciendo un vino de car\u00e1cter fuerte y envolvente.<\/p>\n<p>Su color <strong>rojo rub\u00ed intenso<\/strong> anticipa un bouquet rico y atractivo, con notas de fruta madura, especias y ligeras notas de vainilla, prueba de un proceso de envejecimiento tradicional que convierte cada sorbo en una experiencia sensorial compleja y fascinante. En boca, el Aglianico presenta una estructura equilibrada, taninos suaves y un final persistente, capaz de conquistar tanto a los amantes del vino m\u00e1s exigentes como a los ne\u00f3fitos deseosos de descubrir el encanto de esta variedad de uva emblem\u00e1tica.<\/p>\n<p>El m\u00e9todo tradicional de elaboraci\u00f3n y el cuidado en la elecci\u00f3n de las uvas contribuyen a preservar la autenticidad de un vino que cuenta la historia de una zona de antigua vocaci\u00f3n vitivin\u00edcola. Su versatilidad lo convierte en el compa\u00f1ero ideal de platos ricos y sabrosos, pero tambi\u00e9n en un excelente maridaje para las creaciones m\u00e1s modernas e innovadoras.<\/p>\n<h3>Historia y territorio<\/h3>\n<p>Beneventano, tierra de antiguas tradiciones enol\u00f3gicas, se distingue por su clima mediterr\u00e1neo y sus suelos ricos en minerales, que confieren a sus vinos un car\u00e1cter distintivo. L'<em>Aglianico<\/em>que encuentra aqu\u00ed su h\u00e1bitat natural, hunde sus ra\u00edces en la historia de Campania, erigi\u00e9ndose en s\u00edmbolo de fuerza y refinamiento. Las t\u00e9cnicas de vinificaci\u00f3n transmitidas de generaci\u00f3n en generaci\u00f3n se combinan con las pr\u00e1cticas modernas para ofrecer un producto que respeta la herencia del pasado al tiempo que realza las peculiaridades del terru\u00f1o.<\/p>\n<h3>Consejos adecuados y contexto de uso<\/h3>\n<ul>\n<li>Carne roja a la parrilla o estofada<\/li>\n<li>Platos de juego<\/li>\n<li>Quesos curados<\/li>\n<li>Platos salados de pescado y marisco<\/li>\n<\/ul>\n<p>Perfecto para acompa\u00f1ar una cena elegante o una convivencia informal, el<strong>Aglianico IGP Beneventano<\/strong> se sirve a temperatura ambiente, para que pueda liberar plenamente sus matices organol\u00e9pticos, proporcionando una experiencia sensorial rica y atractiva.<\/p>\n<h3>PREGUNTAS FRECUENTES<\/h3>\n<p><strong>1. \u00bfCu\u00e1l es la temperatura ideal para servir?<\/strong><br \/>Se recomienda servir el Aglianico a unos 18-20\u00b0C para maximizar su complejidad arom\u00e1tica y su estructura.<\/p>\n<p><strong>2. \u00bfCon qu\u00e9 platos combina mejor?<\/strong><br \/>Es ideal con carnes rojas, platos de caza, quesos curados y tambi\u00e9n con sabrosos platos de pescado y marisco.<\/p>\n<p><strong>3. \u00bfCu\u00e1les son las principales caracter\u00edsticas sensoriales?<\/strong><br \/>El vino tiene un intenso color rojo rub\u00ed, un rico aroma a fruta madura, especias y notas de vainilla, y un sabor equilibrado con taninos suaves y un final persistente.<\/p>\n<p><strong>4. \u00bfEs tambi\u00e9n apto para paladares j\u00f3venes?<\/strong><br \/>Aunque es un vino que puede evolucionar con el tiempo, su car\u00e1cter equilibrado y su versatilidad lo hacen disfrutable incluso a una edad temprana, especialmente cuando se marida con platos salados.<\/p>","protected":false},"excerpt":{"rendered":"<p>Aglianico IGP Beneventano: un tinto envolvente y refinado, capaz de evocar las atm\u00f3sferas aut\u00e9nticas del territorio. Perfecto para momentos de convivencia, marida a la perfecci\u00f3n con carnes saladas y platos de pescado, ofreciendo sensaciones de calidez y complejidad a cada sorbo.<\/p>","protected":false},"featured_media":1079,"comment_status":"closed","ping_status":"closed","template":"","meta":[],"product_brand":[18],"product_cat":[28],"product_tag":[163],"class_list":{"0":"post-101","1":"product","2":"type-product","3":"status-publish","4":"has-post-thumbnail","6":"product_brand-casa-vinicola-ciccariello","7":"product_cat-linea-tradizionale","8":"product_tag-vino-rosso","9":"pa_formato-17","10":"pa_linea-linea-tradizionale","12":"first","13":"outofstock","14":"purchasable","15":"product-type-simple"},"yoast_head":"<!-- This site is optimized with the Yoast SEO plugin v27.2 - https:\/\/yoast.com\/product\/yoast-seo-wordpress\/ -->\n<title>Aglianico IGP Beneventano | Casa Vinicola Ciccariello<\/title>\n<meta name=\"robots\" content=\"index, follow, max-snippet:-1, max-image-preview:large, max-video-preview:-1\" \/>\n<link rel=\"canonical\" href=\"https:\/\/casavinicolaciccariello.com\/es\/p\/aglianico-igp-beneventano-2\/\" \/>\n<meta property=\"og:locale\" content=\"es_ES\" \/>\n<meta property=\"og:type\" content=\"article\" \/>\n<meta property=\"og:title\" content=\"Aglianico IGP Beneventano | Casa Vinicola Ciccariello\" \/>\n<meta property=\"og:description\" content=\"Aglianico IGP Beneventano: un rosso avvolgente e raffinato, capace di evocare le atmosfere autentiche del territorio. Perfetto per momenti di convivialit\u00e0, si sposa splendidamente con carni saporite e piatti di pesce, regalando sensazioni di calore e complessit\u00e0 ad ogni sorso.\" \/>\n<meta property=\"og:url\" content=\"https:\/\/casavinicolaciccariello.com\/es\/p\/aglianico-igp-beneventano-2\/\" \/>\n<meta property=\"og:site_name\" content=\"Casa Vinicola Ciccariello\" \/>\n<meta property=\"article:publisher\" content=\"https:\/\/www.facebook.com\/casavinicolaciccariello\" \/>\n<meta property=\"article:modified_time\" content=\"2026-02-19T15:15:11+00:00\" \/>\n<meta property=\"og:image\" content=\"https:\/\/casavinicolaciccariello.com\/wp-content\/uploads\/2025\/08\/39683fd9-8cbb-4438-a6bf-da958e74ba45.jpeg\" \/>\n\t<meta property=\"og:image:width\" content=\"1707\" \/>\n\t<meta property=\"og:image:height\" content=\"2560\" \/>\n\t<meta property=\"og:image:type\" content=\"image\/jpeg\" \/>\n<meta name=\"twitter:card\" content=\"summary_large_image\" \/>\n<meta name=\"twitter:label1\" content=\"Tiempo de lectura\" \/>\n\t<meta name=\"twitter:data1\" content=\"3 minutos\" \/>\n<script type=\"application\/ld+json\" class=\"yoast-schema-graph\">{\"@context\":\"https:\/\/schema.org\",\"@graph\":[{\"@type\":\"WebPage\",\"@id\":\"https:\/\/casavinicolaciccariello.com\/p\/aglianico-igp-beneventano-2\/\",\"url\":\"https:\/\/casavinicolaciccariello.com\/p\/aglianico-igp-beneventano-2\/\",\"name\":\"Aglianico IGP Beneventano | Casa Vinicola Ciccariello\",\"isPartOf\":{\"@id\":\"https:\/\/casavinicolaciccariello.com\/#website\"},\"primaryImageOfPage\":{\"@id\":\"https:\/\/casavinicolaciccariello.com\/p\/aglianico-igp-beneventano-2\/#primaryimage\"},\"image\":{\"@id\":\"https:\/\/casavinicolaciccariello.com\/p\/aglianico-igp-beneventano-2\/#primaryimage\"},\"thumbnailUrl\":\"https:\/\/casavinicolaciccariello.com\/wp-content\/uploads\/2025\/08\/39683fd9-8cbb-4438-a6bf-da958e74ba45.jpeg\",\"datePublished\":\"2025-08-11T15:28:34+00:00\",\"dateModified\":\"2026-02-19T15:15:11+00:00\",\"breadcrumb\":{\"@id\":\"https:\/\/casavinicolaciccariello.com\/p\/aglianico-igp-beneventano-2\/#breadcrumb\"},\"inLanguage\":\"es\",\"potentialAction\":[{\"@type\":\"ReadAction\",\"target\":[\"https:\/\/casavinicolaciccariello.com\/p\/aglianico-igp-beneventano-2\/\"]}]},{\"@type\":\"ImageObject\",\"inLanguage\":\"es\",\"@id\":\"https:\/\/casavinicolaciccariello.com\/p\/aglianico-igp-beneventano-2\/#primaryimage\",\"url\":\"https:\/\/casavinicolaciccariello.com\/wp-content\/uploads\/2025\/08\/39683fd9-8cbb-4438-a6bf-da958e74ba45.jpeg\",\"contentUrl\":\"https:\/\/casavinicolaciccariello.com\/wp-content\/uploads\/2025\/08\/39683fd9-8cbb-4438-a6bf-da958e74ba45.jpeg\",\"width\":1707,\"height\":2560,\"caption\":\"Aglianico IGP Beneventano Linea Tradizionale | Casa Vinicola Ciccariello\"},{\"@type\":\"BreadcrumbList\",\"@id\":\"https:\/\/casavinicolaciccariello.com\/p\/aglianico-igp-beneventano-2\/#breadcrumb\",\"itemListElement\":[{\"@type\":\"ListItem\",\"position\":1,\"name\":\"Home\",\"item\":\"https:\/\/casavinicolaciccariello.com\/\"},{\"@type\":\"ListItem\",\"position\":2,\"name\":\"Shop\",\"item\":\"https:\/\/casavinicolaciccariello.com\/negozio\/\"},{\"@type\":\"ListItem\",\"position\":3,\"name\":\"Aglianico IGP Beneventano\"}]},{\"@type\":\"WebSite\",\"@id\":\"https:\/\/casavinicolaciccariello.com\/#website\",\"url\":\"https:\/\/casavinicolaciccariello.com\/\",\"name\":\"Casa Vinicola Ciccariello\",\"description\":\"Dal 1966, la tradizione in ogni sorso.\",\"publisher\":{\"@id\":\"https:\/\/casavinicolaciccariello.com\/#organization\"},\"alternateName\":\"Cavici\",\"potentialAction\":[{\"@type\":\"SearchAction\",\"target\":{\"@type\":\"EntryPoint\",\"urlTemplate\":\"https:\/\/casavinicolaciccariello.com\/?s={search_term_string}\"},\"query-input\":{\"@type\":\"PropertyValueSpecification\",\"valueRequired\":true,\"valueName\":\"search_term_string\"}}],\"inLanguage\":\"es\"},{\"@type\":\"Organization\",\"@id\":\"https:\/\/casavinicolaciccariello.com\/#organization\",\"name\":\"Casa Vinicola Ciccariello\",\"alternateName\":\"CA.VI.CI SRL\",\"url\":\"https:\/\/casavinicolaciccariello.com\/\",\"logo\":{\"@type\":\"ImageObject\",\"inLanguage\":\"es\",\"@id\":\"https:\/\/casavinicolaciccariello.com\/#\/schema\/logo\/image\/\",\"url\":\"https:\/\/casavinicolaciccariello.com\/wp-content\/uploads\/2025\/03\/logo1200px.png\",\"contentUrl\":\"https:\/\/casavinicolaciccariello.com\/wp-content\/uploads\/2025\/03\/logo1200px.png\",\"width\":1200,\"height\":343,\"caption\":\"Casa Vinicola Ciccariello\"},\"image\":{\"@id\":\"https:\/\/casavinicolaciccariello.com\/#\/schema\/logo\/image\/\"},\"sameAs\":[\"https:\/\/www.facebook.com\/casavinicolaciccariello\",\"https:\/\/www.instagram.com\/casa_vinicola_ciccariello\/\"]}]}<\/script>\n<!-- \/ Yoast SEO plugin. -->","yoast_head_json":{"title":"Aglianico IGP Beneventano | Casa Vinicola Ciccariello","robots":{"index":"index","follow":"follow","max-snippet":"max-snippet:-1","max-image-preview":"max-image-preview:large","max-video-preview":"max-video-preview:-1"},"canonical":"https:\/\/casavinicolaciccariello.com\/es\/p\/aglianico-igp-beneventano-2\/","og_locale":"es_ES","og_type":"article","og_title":"Aglianico IGP Beneventano | Casa Vinicola Ciccariello","og_description":"Aglianico IGP Beneventano: un rosso avvolgente e raffinato, capace di evocare le atmosfere autentiche del territorio. Perfetto per momenti di convivialit\u00e0, si sposa splendidamente con carni saporite e piatti di pesce, regalando sensazioni di calore e complessit\u00e0 ad ogni sorso.","og_url":"https:\/\/casavinicolaciccariello.com\/es\/p\/aglianico-igp-beneventano-2\/","og_site_name":"Casa Vinicola Ciccariello","article_publisher":"https:\/\/www.facebook.com\/casavinicolaciccariello","article_modified_time":"2026-02-19T15:15:11+00:00","og_image":[{"width":1707,"height":2560,"url":"https:\/\/casavinicolaciccariello.com\/wp-content\/uploads\/2025\/08\/39683fd9-8cbb-4438-a6bf-da958e74ba45.jpeg","type":"image\/jpeg"}],"twitter_card":"summary_large_image","twitter_misc":{"Tiempo de lectura":"3 minutos"},"schema":{"@context":"https:\/\/schema.org","@graph":[{"@type":"WebPage","@id":"https:\/\/casavinicolaciccariello.com\/p\/aglianico-igp-beneventano-2\/","url":"https:\/\/casavinicolaciccariello.com\/p\/aglianico-igp-beneventano-2\/","name":"Aglianico IGP Beneventano | Casa Vinicola Ciccariello","isPartOf":{"@id":"https:\/\/casavinicolaciccariello.com\/#website"},"primaryImageOfPage":{"@id":"https:\/\/casavinicolaciccariello.com\/p\/aglianico-igp-beneventano-2\/#primaryimage"},"image":{"@id":"https:\/\/casavinicolaciccariello.com\/p\/aglianico-igp-beneventano-2\/#primaryimage"},"thumbnailUrl":"https:\/\/casavinicolaciccariello.com\/wp-content\/uploads\/2025\/08\/39683fd9-8cbb-4438-a6bf-da958e74ba45.jpeg","datePublished":"2025-08-11T15:28:34+00:00","dateModified":"2026-02-19T15:15:11+00:00","breadcrumb":{"@id":"https:\/\/casavinicolaciccariello.com\/p\/aglianico-igp-beneventano-2\/#breadcrumb"},"inLanguage":"es","potentialAction":[{"@type":"ReadAction","target":["https:\/\/casavinicolaciccariello.com\/p\/aglianico-igp-beneventano-2\/"]}]},{"@type":"ImageObject","inLanguage":"es","@id":"https:\/\/casavinicolaciccariello.com\/p\/aglianico-igp-beneventano-2\/#primaryimage","url":"https:\/\/casavinicolaciccariello.com\/wp-content\/uploads\/2025\/08\/39683fd9-8cbb-4438-a6bf-da958e74ba45.jpeg","contentUrl":"https:\/\/casavinicolaciccariello.com\/wp-content\/uploads\/2025\/08\/39683fd9-8cbb-4438-a6bf-da958e74ba45.jpeg","width":1707,"height":2560,"caption":"Aglianico IGP Beneventano Linea Tradizionale | Casa Vinicola Ciccariello"},{"@type":"BreadcrumbList","@id":"https:\/\/casavinicolaciccariello.com\/p\/aglianico-igp-beneventano-2\/#breadcrumb","itemListElement":[{"@type":"ListItem","position":1,"name":"Home","item":"https:\/\/casavinicolaciccariello.com\/"},{"@type":"ListItem","position":2,"name":"Shop","item":"https:\/\/casavinicolaciccariello.com\/negozio\/"},{"@type":"ListItem","position":3,"name":"Aglianico IGP Beneventano"}]},{"@type":"WebSite","@id":"https:\/\/casavinicolaciccariello.com\/#website","url":"https:\/\/casavinicolaciccariello.com\/","name":"Casa Vinicola Ciccariello","description":"Dal 1966, la tradizione in ogni sorso.","publisher":{"@id":"https:\/\/casavinicolaciccariello.com\/#organization"},"alternateName":"Cavici","potentialAction":[{"@type":"SearchAction","target":{"@type":"EntryPoint","urlTemplate":"https:\/\/casavinicolaciccariello.com\/?s={search_term_string}"},"query-input":{"@type":"PropertyValueSpecification","valueRequired":true,"valueName":"search_term_string"}}],"inLanguage":"es"},{"@type":"Organization","@id":"https:\/\/casavinicolaciccariello.com\/#organization","name":"Casa Vinicola Ciccariello","alternateName":"CA.VI.CI SRL","url":"https:\/\/casavinicolaciccariello.com\/","logo":{"@type":"ImageObject","inLanguage":"es","@id":"https:\/\/casavinicolaciccariello.com\/#\/schema\/logo\/image\/","url":"https:\/\/casavinicolaciccariello.com\/wp-content\/uploads\/2025\/03\/logo1200px.png","contentUrl":"https:\/\/casavinicolaciccariello.com\/wp-content\/uploads\/2025\/03\/logo1200px.png","width":1200,"height":343,"caption":"Casa Vinicola Ciccariello"},"image":{"@id":"https:\/\/casavinicolaciccariello.com\/#\/schema\/logo\/image\/"},"sameAs":["https:\/\/www.facebook.com\/casavinicolaciccariello","https:\/\/www.instagram.com\/casa_vinicola_ciccariello\/"]}]}},"_links":{"self":[{"href":"https:\/\/casavinicolaciccariello.com\/es\/wp-json\/wp\/v2\/product\/101","targetHints":{"allow":["GET"]}}],"collection":[{"href":"https:\/\/casavinicolaciccariello.com\/es\/wp-json\/wp\/v2\/product"}],"about":[{"href":"https:\/\/casavinicolaciccariello.com\/es\/wp-json\/wp\/v2\/types\/product"}],"replies":[{"embeddable":true,"href":"https:\/\/casavinicolaciccariello.com\/es\/wp-json\/wp\/v2\/comments?post=101"}],"wp:featuredmedia":[{"embeddable":true,"href":"https:\/\/casavinicolaciccariello.com\/es\/wp-json\/wp\/v2\/media\/1079"}],"wp:attachment":[{"href":"https:\/\/casavinicolaciccariello.com\/es\/wp-json\/wp\/v2\/media?parent=101"}],"wp:term":[{"taxonomy":"product_brand","embeddable":true,"href":"https:\/\/casavinicolaciccariello.com\/es\/wp-json\/wp\/v2\/product_brand?post=101"},{"taxonomy":"product_cat","embeddable":true,"href":"https:\/\/casavinicolaciccariello.com\/es\/wp-json\/wp\/v2\/product_cat?post=101"},{"taxonomy":"product_tag","embeddable":true,"href":"https:\/\/casavinicolaciccariello.com\/es\/wp-json\/wp\/v2\/product_tag?post=101"}],"curies":[{"name":"wp","href":"https:\/\/api.w.org\/{rel}","templated":true}]}}