{"id":108,"date":"2025-08-11T16:42:37","date_gmt":"2025-08-11T14:42:37","guid":{"rendered":"https:\/\/casavinicolaciccariello.com\/prodotto\/donatello-vino-rosso\/"},"modified":"2025-08-11T17:15:12","modified_gmt":"2025-08-11T15:15:12","slug":"donatello-vino-tinto","status":"publish","type":"product","link":"https:\/\/casavinicolaciccariello.com\/es\/p\/donatello-vino-tinto\/","title":{"rendered":"Vino tinto \"Donatello"},"content":{"rendered":"<h2>Vino tinto \"Donatello<\/h2>\n<p><strong>Una armon\u00eda de tradici\u00f3n y pasi\u00f3n, encerrada en una copa<\/strong> - La <strong>Vino tinto \"Donatello<\/strong> procede de la cuidadosa vinificaci\u00f3n de uvas seleccionadas de un terru\u00f1o rico en historia y cultura enol\u00f3gica. Con una graduaci\u00f3n alcoh\u00f3lica de 11%, este vino de la L\u00ednea Tradicional es un homenaje a la tradici\u00f3n vitivin\u00edcola italiana, expresada con elegancia y sencillez.<\/p>\n<p>Su color <strong>rojo rub\u00ed intenso<\/strong> llama inmediatamente la atenci\u00f3n, evocando la profundidad de los vi\u00f1edos que se extienden entre colinas y suaves laderas. El bouquet, vinoso y envolvente, tiene notas de fruta roja madura y toques especiados, que invitan a un viaje sensorial por los vi\u00f1edos. En boca, el \"Donatello\" destaca por su <strong>agradable suavidad y agradable acidez<\/strong>que le confieren equilibrio y frescura, convirti\u00e9ndolo en un vino vers\u00e1til apto para muchas ocasiones.<\/p>\n<h3>Historia y territorio<\/h3>\n<p>El nombre \"Donatello\" evoca el arte y la cultura del Renacimiento italiano, s\u00edmbolos de creatividad y artesan\u00eda. Nuestra bodega est\u00e1 situada en una zona hist\u00f3ricamente propicia para la viticultura, donde el clima templado, los suelos ricos en minerales y las antiguas tradiciones se combinan para producir vinos aut\u00e9nticos y con car\u00e1cter. La vinificaci\u00f3n de este vino sigue m\u00e9todos tradicionales, respetando la calidad de las uvas y el patrimonio de la tierra, para ofrecer un producto que transmite toda la pasi\u00f3n y la historia de esta tierra.<\/p>\n<h3>Consejos para combinar<\/h3>\n<ul>\n<li>Platos de carne roja y asados<\/li>\n<li>Quesos curados<\/li>\n<li>Platos mediterr\u00e1neos, como pasta con salsa de tomate y berenjenas<\/li>\n<li>Entremeses de embutidos y fiambres<\/li>\n<\/ul>\n<h3>Ocasiones de uso<\/h3>\n<p>Donatello' se presta perfectamente a momentos de convivencia, como cenas con amigos, reuniones familiares u ocasiones informales, pero tambi\u00e9n a mesas m\u00e1s elegantes, donde su car\u00e1cter equilibrado puede expresarse plenamente. Su versatilidad tambi\u00e9n lo hace ideal para ser degustado en compa\u00f1\u00eda de platos tradicionales italianos, siempre a una temperatura de 12-14\u00b0C, preferiblemente descorchado en el momento.<\/p>\n<h3>PREGUNTAS FRECUENTES<\/h3>\n<p><strong>1. \u00bfC\u00f3mo se sirve el \"Donatello\"?<\/strong><br \/>Debe servirse a una temperatura de 12-14\u00b0C, preferiblemente inmediatamente despu\u00e9s de abrirlo, para apreciar plenamente sus aromas y su suavidad.<\/p>\n<p><strong>2. \u00bfCon qu\u00e9 platos combina mejor?<\/strong><br \/>Es ideal con carnes rojas, quesos curados, platos mediterr\u00e1neos y aperitivos de embutidos.<\/p>\n<p><strong>3. \u00bfCu\u00e1les son las principales caracter\u00edsticas organol\u00e9pticas?<\/strong><br \/>El \"Donatello\" tiene un intenso color rojo rub\u00ed, un aroma vinoso con notas de fruta roja madura y un sabor suave, equilibrado y ligeramente \u00e1cido.<\/p>\n<p><strong>4. \u00bfSirve tambi\u00e9n para acompa\u00f1ar comidas ligeras?<\/strong><br \/>Aunque es un vino con cuerpo, su acidez y suavidad tambi\u00e9n lo hacen adecuado para platos m\u00e1s ligeros, como aperitivos y pastas sencillas.<\/p>","protected":false},"excerpt":{"rendered":"<p>Donatello Vino Rosso: una envolvente expresi\u00f3n de elegancia, con su intenso color rub\u00ed y su bouquet vinoso que seduce los sentidos. Suave y ligeramente acidulado, se presta a momentos de convivencia y veladas relajadas, dejando un recuerdo de c\u00e1lido refinamiento.<\/p>","protected":false},"featured_media":1086,"comment_status":"closed","ping_status":"open","template":"","meta":[],"product_brand":[18],"product_cat":[28],"product_tag":[163],"class_list":{"0":"post-108","1":"product","2":"type-product","3":"status-publish","4":"has-post-thumbnail","6":"product_brand-casa-vinicola-ciccariello","7":"product_cat-linea-tradizionale","8":"product_tag-vino-rosso","9":"pa_formato-17","10":"pa_linea-linea-tradizionale","12":"first","13":"instock","14":"purchasable","15":"product-type-simple"},"yoast_head":"<!-- This site is optimized with the Yoast SEO plugin v27.2 - https:\/\/yoast.com\/product\/yoast-seo-wordpress\/ -->\n<title>&quot;Donatello&quot; Vino Rosso | Casa Vinicola Ciccariello<\/title>\n<meta name=\"robots\" content=\"index, follow, max-snippet:-1, max-image-preview:large, max-video-preview:-1\" \/>\n<link rel=\"canonical\" href=\"https:\/\/casavinicolaciccariello.com\/es\/p\/donatello-vino-tinto\/\" \/>\n<meta property=\"og:locale\" content=\"es_ES\" \/>\n<meta property=\"og:type\" content=\"article\" \/>\n<meta property=\"og:title\" content=\"&quot;Donatello&quot; Vino Rosso | Casa Vinicola Ciccariello\" \/>\n<meta property=\"og:description\" content=\"Donatello Vino Rosso: un\u2019espressione avvolgente di eleganza, con il suo intenso colore rubino e un profumo vinoso che seduce i sensi. Morbido e leggermente acidulo, si presta a momenti di convivialit\u00e0 e serate rilassate, lasciando un ricordo di calda raffinatezza.\" \/>\n<meta property=\"og:url\" content=\"https:\/\/casavinicolaciccariello.com\/es\/p\/donatello-vino-tinto\/\" \/>\n<meta property=\"og:site_name\" content=\"Casa Vinicola Ciccariello\" \/>\n<meta property=\"article:publisher\" content=\"https:\/\/www.facebook.com\/casavinicolaciccariello\" \/>\n<meta property=\"article:modified_time\" content=\"2025-08-11T15:15:12+00:00\" \/>\n<meta property=\"og:image\" content=\"https:\/\/casavinicolaciccariello.com\/wp-content\/uploads\/2025\/08\/34dfe2f0-31af-4b13-8c60-d05ebd37c882.jpeg\" \/>\n\t<meta property=\"og:image:width\" content=\"500\" \/>\n\t<meta property=\"og:image:height\" content=\"750\" \/>\n\t<meta property=\"og:image:type\" content=\"image\/jpeg\" \/>\n<meta name=\"twitter:card\" content=\"summary_large_image\" \/>\n<meta name=\"twitter:label1\" content=\"Tiempo de lectura\" \/>\n\t<meta name=\"twitter:data1\" content=\"2 minutos\" \/>\n<script type=\"application\/ld+json\" class=\"yoast-schema-graph\">{\"@context\":\"https:\/\/schema.org\",\"@graph\":[{\"@type\":\"WebPage\",\"@id\":\"https:\/\/casavinicolaciccariello.com\/p\/donatello-vino-rosso\/\",\"url\":\"https:\/\/casavinicolaciccariello.com\/p\/donatello-vino-rosso\/\",\"name\":\"\\\"Donatello\\\" Vino Rosso | Casa Vinicola Ciccariello\",\"isPartOf\":{\"@id\":\"https:\/\/casavinicolaciccariello.com\/#website\"},\"primaryImageOfPage\":{\"@id\":\"https:\/\/casavinicolaciccariello.com\/p\/donatello-vino-rosso\/#primaryimage\"},\"image\":{\"@id\":\"https:\/\/casavinicolaciccariello.com\/p\/donatello-vino-rosso\/#primaryimage\"},\"thumbnailUrl\":\"https:\/\/casavinicolaciccariello.com\/wp-content\/uploads\/2025\/08\/34dfe2f0-31af-4b13-8c60-d05ebd37c882.jpeg\",\"datePublished\":\"2025-08-11T14:42:37+00:00\",\"dateModified\":\"2025-08-11T15:15:12+00:00\",\"breadcrumb\":{\"@id\":\"https:\/\/casavinicolaciccariello.com\/p\/donatello-vino-rosso\/#breadcrumb\"},\"inLanguage\":\"es\",\"potentialAction\":[{\"@type\":\"ReadAction\",\"target\":[\"https:\/\/casavinicolaciccariello.com\/p\/donatello-vino-rosso\/\"]}]},{\"@type\":\"ImageObject\",\"inLanguage\":\"es\",\"@id\":\"https:\/\/casavinicolaciccariello.com\/p\/donatello-vino-rosso\/#primaryimage\",\"url\":\"https:\/\/casavinicolaciccariello.com\/wp-content\/uploads\/2025\/08\/34dfe2f0-31af-4b13-8c60-d05ebd37c882.jpeg\",\"contentUrl\":\"https:\/\/casavinicolaciccariello.com\/wp-content\/uploads\/2025\/08\/34dfe2f0-31af-4b13-8c60-d05ebd37c882.jpeg\",\"width\":500,\"height\":750,\"caption\":\"\\\"Donatello\\\" Vino Rosso Linea Tradizionale | Casa Vinicola Ciccariello\"},{\"@type\":\"BreadcrumbList\",\"@id\":\"https:\/\/casavinicolaciccariello.com\/p\/donatello-vino-rosso\/#breadcrumb\",\"itemListElement\":[{\"@type\":\"ListItem\",\"position\":1,\"name\":\"Home\",\"item\":\"https:\/\/casavinicolaciccariello.com\/\"},{\"@type\":\"ListItem\",\"position\":2,\"name\":\"Shop\",\"item\":\"https:\/\/casavinicolaciccariello.com\/negozio\/\"},{\"@type\":\"ListItem\",\"position\":3,\"name\":\"&#8220;Donatello&#8221; Vino Rosso\"}]},{\"@type\":\"WebSite\",\"@id\":\"https:\/\/casavinicolaciccariello.com\/#website\",\"url\":\"https:\/\/casavinicolaciccariello.com\/\",\"name\":\"Casa Vinicola Ciccariello\",\"description\":\"Dal 1966, la tradizione in ogni sorso.\",\"publisher\":{\"@id\":\"https:\/\/casavinicolaciccariello.com\/#organization\"},\"alternateName\":\"Cavici\",\"potentialAction\":[{\"@type\":\"SearchAction\",\"target\":{\"@type\":\"EntryPoint\",\"urlTemplate\":\"https:\/\/casavinicolaciccariello.com\/?s={search_term_string}\"},\"query-input\":{\"@type\":\"PropertyValueSpecification\",\"valueRequired\":true,\"valueName\":\"search_term_string\"}}],\"inLanguage\":\"es\"},{\"@type\":\"Organization\",\"@id\":\"https:\/\/casavinicolaciccariello.com\/#organization\",\"name\":\"Casa Vinicola Ciccariello\",\"alternateName\":\"CA.VI.CI SRL\",\"url\":\"https:\/\/casavinicolaciccariello.com\/\",\"logo\":{\"@type\":\"ImageObject\",\"inLanguage\":\"es\",\"@id\":\"https:\/\/casavinicolaciccariello.com\/#\/schema\/logo\/image\/\",\"url\":\"https:\/\/casavinicolaciccariello.com\/wp-content\/uploads\/2025\/03\/logo1200px.png\",\"contentUrl\":\"https:\/\/casavinicolaciccariello.com\/wp-content\/uploads\/2025\/03\/logo1200px.png\",\"width\":1200,\"height\":343,\"caption\":\"Casa Vinicola Ciccariello\"},\"image\":{\"@id\":\"https:\/\/casavinicolaciccariello.com\/#\/schema\/logo\/image\/\"},\"sameAs\":[\"https:\/\/www.facebook.com\/casavinicolaciccariello\",\"https:\/\/www.instagram.com\/casa_vinicola_ciccariello\/\"]}]}<\/script>\n<!-- \/ Yoast SEO plugin. -->","yoast_head_json":{"title":"\"Donatello\" Vino Rosso | Casa Vinicola Ciccariello","robots":{"index":"index","follow":"follow","max-snippet":"max-snippet:-1","max-image-preview":"max-image-preview:large","max-video-preview":"max-video-preview:-1"},"canonical":"https:\/\/casavinicolaciccariello.com\/es\/p\/donatello-vino-tinto\/","og_locale":"es_ES","og_type":"article","og_title":"\"Donatello\" Vino Rosso | Casa Vinicola Ciccariello","og_description":"Donatello Vino Rosso: un\u2019espressione avvolgente di eleganza, con il suo intenso colore rubino e un profumo vinoso che seduce i sensi. Morbido e leggermente acidulo, si presta a momenti di convivialit\u00e0 e serate rilassate, lasciando un ricordo di calda raffinatezza.","og_url":"https:\/\/casavinicolaciccariello.com\/es\/p\/donatello-vino-tinto\/","og_site_name":"Casa Vinicola Ciccariello","article_publisher":"https:\/\/www.facebook.com\/casavinicolaciccariello","article_modified_time":"2025-08-11T15:15:12+00:00","og_image":[{"width":500,"height":750,"url":"https:\/\/casavinicolaciccariello.com\/wp-content\/uploads\/2025\/08\/34dfe2f0-31af-4b13-8c60-d05ebd37c882.jpeg","type":"image\/jpeg"}],"twitter_card":"summary_large_image","twitter_misc":{"Tiempo de lectura":"2 minutos"},"schema":{"@context":"https:\/\/schema.org","@graph":[{"@type":"WebPage","@id":"https:\/\/casavinicolaciccariello.com\/p\/donatello-vino-rosso\/","url":"https:\/\/casavinicolaciccariello.com\/p\/donatello-vino-rosso\/","name":"\"Donatello\" Vino Rosso | Casa Vinicola Ciccariello","isPartOf":{"@id":"https:\/\/casavinicolaciccariello.com\/#website"},"primaryImageOfPage":{"@id":"https:\/\/casavinicolaciccariello.com\/p\/donatello-vino-rosso\/#primaryimage"},"image":{"@id":"https:\/\/casavinicolaciccariello.com\/p\/donatello-vino-rosso\/#primaryimage"},"thumbnailUrl":"https:\/\/casavinicolaciccariello.com\/wp-content\/uploads\/2025\/08\/34dfe2f0-31af-4b13-8c60-d05ebd37c882.jpeg","datePublished":"2025-08-11T14:42:37+00:00","dateModified":"2025-08-11T15:15:12+00:00","breadcrumb":{"@id":"https:\/\/casavinicolaciccariello.com\/p\/donatello-vino-rosso\/#breadcrumb"},"inLanguage":"es","potentialAction":[{"@type":"ReadAction","target":["https:\/\/casavinicolaciccariello.com\/p\/donatello-vino-rosso\/"]}]},{"@type":"ImageObject","inLanguage":"es","@id":"https:\/\/casavinicolaciccariello.com\/p\/donatello-vino-rosso\/#primaryimage","url":"https:\/\/casavinicolaciccariello.com\/wp-content\/uploads\/2025\/08\/34dfe2f0-31af-4b13-8c60-d05ebd37c882.jpeg","contentUrl":"https:\/\/casavinicolaciccariello.com\/wp-content\/uploads\/2025\/08\/34dfe2f0-31af-4b13-8c60-d05ebd37c882.jpeg","width":500,"height":750,"caption":"\"Donatello\" Vino Rosso Linea Tradizionale | Casa Vinicola Ciccariello"},{"@type":"BreadcrumbList","@id":"https:\/\/casavinicolaciccariello.com\/p\/donatello-vino-rosso\/#breadcrumb","itemListElement":[{"@type":"ListItem","position":1,"name":"Home","item":"https:\/\/casavinicolaciccariello.com\/"},{"@type":"ListItem","position":2,"name":"Shop","item":"https:\/\/casavinicolaciccariello.com\/negozio\/"},{"@type":"ListItem","position":3,"name":"&#8220;Donatello&#8221; Vino Rosso"}]},{"@type":"WebSite","@id":"https:\/\/casavinicolaciccariello.com\/#website","url":"https:\/\/casavinicolaciccariello.com\/","name":"Casa Vinicola Ciccariello","description":"Dal 1966, la tradizione in ogni sorso.","publisher":{"@id":"https:\/\/casavinicolaciccariello.com\/#organization"},"alternateName":"Cavici","potentialAction":[{"@type":"SearchAction","target":{"@type":"EntryPoint","urlTemplate":"https:\/\/casavinicolaciccariello.com\/?s={search_term_string}"},"query-input":{"@type":"PropertyValueSpecification","valueRequired":true,"valueName":"search_term_string"}}],"inLanguage":"es"},{"@type":"Organization","@id":"https:\/\/casavinicolaciccariello.com\/#organization","name":"Casa Vinicola Ciccariello","alternateName":"CA.VI.CI SRL","url":"https:\/\/casavinicolaciccariello.com\/","logo":{"@type":"ImageObject","inLanguage":"es","@id":"https:\/\/casavinicolaciccariello.com\/#\/schema\/logo\/image\/","url":"https:\/\/casavinicolaciccariello.com\/wp-content\/uploads\/2025\/03\/logo1200px.png","contentUrl":"https:\/\/casavinicolaciccariello.com\/wp-content\/uploads\/2025\/03\/logo1200px.png","width":1200,"height":343,"caption":"Casa Vinicola Ciccariello"},"image":{"@id":"https:\/\/casavinicolaciccariello.com\/#\/schema\/logo\/image\/"},"sameAs":["https:\/\/www.facebook.com\/casavinicolaciccariello","https:\/\/www.instagram.com\/casa_vinicola_ciccariello\/"]}]}},"_links":{"self":[{"href":"https:\/\/casavinicolaciccariello.com\/es\/wp-json\/wp\/v2\/product\/108","targetHints":{"allow":["GET"]}}],"collection":[{"href":"https:\/\/casavinicolaciccariello.com\/es\/wp-json\/wp\/v2\/product"}],"about":[{"href":"https:\/\/casavinicolaciccariello.com\/es\/wp-json\/wp\/v2\/types\/product"}],"replies":[{"embeddable":true,"href":"https:\/\/casavinicolaciccariello.com\/es\/wp-json\/wp\/v2\/comments?post=108"}],"wp:featuredmedia":[{"embeddable":true,"href":"https:\/\/casavinicolaciccariello.com\/es\/wp-json\/wp\/v2\/media\/1086"}],"wp:attachment":[{"href":"https:\/\/casavinicolaciccariello.com\/es\/wp-json\/wp\/v2\/media?parent=108"}],"wp:term":[{"taxonomy":"product_brand","embeddable":true,"href":"https:\/\/casavinicolaciccariello.com\/es\/wp-json\/wp\/v2\/product_brand?post=108"},{"taxonomy":"product_cat","embeddable":true,"href":"https:\/\/casavinicolaciccariello.com\/es\/wp-json\/wp\/v2\/product_cat?post=108"},{"taxonomy":"product_tag","embeddable":true,"href":"https:\/\/casavinicolaciccariello.com\/es\/wp-json\/wp\/v2\/product_tag?post=108"}],"curies":[{"name":"wp","href":"https:\/\/api.w.org\/{rel}","templated":true}]}}