{"id":91,"date":"2025-08-11T17:24:54","date_gmt":"2025-08-11T15:24:54","guid":{"rendered":"https:\/\/casavinicolaciccariello.com\/prodotto\/trebbiano-igp-lazio\/"},"modified":"2025-11-26T12:01:46","modified_gmt":"2025-11-26T11:01:46","slug":"trebbiano-igp-lazio","status":"publish","type":"product","link":"https:\/\/casavinicolaciccariello.com\/es\/p\/trebbiano-igp-lazio\/","title":{"rendered":"Trebbiano IGP Lazio"},"content":{"rendered":"<h2>Trebbiano IGP Lazio - Colli Urbis<\/h2>\n<p><strong>Una joya de los vi\u00f1edos del Lacio, aut\u00e9ntica expresi\u00f3n de la tradici\u00f3n vin\u00edcola local<\/strong> - La <strong>Trebbiano IGP Lazio<\/strong> de la l\u00ednea <em>Colli Urbis<\/em> encarna la sencilla elegancia y el refinamiento de una zona rica en historia y cultura vin\u00edcola. Cultivado con esmero en las colinas que rodean Roma, este vino destaca por su capacidad para contar el aut\u00e9ntico car\u00e1cter del Lacio, entre la memoria y la modernidad, a trav\u00e9s de cada sorbo.<\/p>\n<p>A primera vista, su color <strong>amarillo pajizo brillante<\/strong> le invita a un viaje sensorial. El delicado y vinoso bouquet se abre con notas de <em>heno fresco<\/em> y sutiles notas que recuerdan la calidez del sol mediterr\u00e1neo, mientras que el sabor revela <strong>seco, equilibrado y armonioso<\/strong>con un final persistente que deja una agradable sensaci\u00f3n de frescor.<\/p>\n<p>Este vino procede de una cuidadosa selecci\u00f3n de uvas <strong>Trebbiano (85%)<\/strong> e <strong>Malvas\u00eda (15%)<\/strong>cultivado con respeto por la tradici\u00f3n y las t\u00e9cnicas m\u00e1s modernas, en una zona que ha hecho de la viticultura un elemento de identidad y orgullo. La a\u00f1ada 2023 llev\u00f3 a la botella un producto que, a pesar de su sencillez, posee un refinamiento que conquista a cada paladar.<\/p>\n<h3>Historia y territorio<\/h3>\n<p>El Lacio, cuna de la civilizaci\u00f3n romana, cuenta con una antigua y arraigada tradici\u00f3n vitivin\u00edcola, basada en la pasi\u00f3n y el respeto por la tierra. Los vi\u00f1edos de <em>Colli Urbis<\/em>situadas en las zonas de colinas que rodean la Ciudad Eterna, se benefician de un clima suave y de suelos ricos en mineralidad. Esta combinaci\u00f3n favorece el crecimiento de uvas de muy alta calidad, capaces de expresar toda la complejidad y pureza del terru\u00f1o.<\/p>\n<p>En <strong>Trebbiano IGP Lazio<\/strong> se presta perfectamente a protagonizar momentos de convivencia, gracias a su versatilidad y car\u00e1cter fresco. Su historia se entrelaza con la de un territorio que ha sabido transmitir, de generaci\u00f3n en generaci\u00f3n, el arte de elaborar vinos sencillos con gran personalidad.<\/p>\n<h3>Consejos y ocasiones de uso<\/h3>\n<ul>\n<li>Crust\u00e1ceos y marisco<\/li>\n<li>Pescado a la plancha o al horno<\/li>\n<li>Carne blanca clara<\/li>\n<li>Excelente como aperitivo, se disfruta fr\u00edo<\/li>\n<\/ul>\n<h3>Temperatura de servicio<\/h3>\n<p>Se recomienda servir el <strong>Trebbiano IGP Lazio<\/strong> entre los <strong>8 y 10\u00b0C<\/strong>para resaltar al m\u00e1ximo sus caracter\u00edsticas arom\u00e1ticas y gustativas.<\/p>\n<h3>PREGUNTAS FRECUENTES<\/h3>\n<p><strong>1. \u00bfCu\u00e1les son las principales caracter\u00edsticas organol\u00e9pticas de este vino?<\/strong><br \/>\nEl Trebbiano IGP Lazio tiene un brillante color amarillo pajizo, un aroma vinoso y delicado con notas de heno, y un sabor seco, equilibrado y muy agradable.<\/p>\n<p><strong>2. \u00bfCon qu\u00e9 platos combina mejor?<\/strong><br \/>\nEs ideal con marisco, pescado fresco, carnes blancas ligeras y tambi\u00e9n puede disfrutarse como aperitivo.<\/p>\n<p><strong>3. \u00bfCu\u00e1l es la temperatura de servicio recomendada?<\/strong><br \/>\nSe recomienda servirlo fr\u00edo, a unos 8-10\u00b0C, para realzar sus notas arom\u00e1ticas y su frescura.<\/p>\n<p><strong>4. \u00bfCu\u00e1les son las caracter\u00edsticas distintivas de este vino en comparaci\u00f3n con otros del Lacio?<\/strong><br \/>\nSu combinaci\u00f3n de frescura, equilibrio y la finura de su aroma a heno hacen del Trebbiano IGP Lazio un aut\u00e9ntico ejemplo de la tradici\u00f3n vitivin\u00edcola local, capaz de combinar sencillez y refinamiento en cada sorbo.<\/p>","protected":false},"excerpt":{"rendered":"<p>Este fino vino se obtiene a partir de la m\u00e1s cuidadosa selecci\u00f3n de uvas Trebbiano. Tiene un color amarillo pajizo, un sabor armonioso muy agradable y un aroma fino y persistente. Ideal como aperitivo pero tambi\u00e9n durante toda la comida, especialmente con marisco, pescado y carnes blancas. Debe servirse fr\u00edo, a 8-10 \u00b0C.<\/p>","protected":false},"featured_media":1074,"comment_status":"closed","ping_status":"closed","template":"","meta":[],"product_brand":[18],"product_cat":[27],"product_tag":[161],"class_list":{"0":"post-91","1":"product","2":"type-product","3":"status-publish","4":"has-post-thumbnail","6":"product_brand-casa-vinicola-ciccariello","7":"product_cat-colli-urbis","8":"product_tag-vino-bianco","9":"pa_annata-134","10":"pa_formato-17","11":"pa_linea-colli-urbis","13":"first","14":"instock","15":"purchasable","16":"product-type-simple"},"yoast_head":"<!-- This site is optimized with the Yoast SEO plugin v27.2 - https:\/\/yoast.com\/product\/yoast-seo-wordpress\/ -->\n<title>Trebbiano IGP Lazio | Casa Vinicola Ciccariello<\/title>\n<meta name=\"robots\" content=\"index, follow, max-snippet:-1, max-image-preview:large, max-video-preview:-1\" \/>\n<link rel=\"canonical\" href=\"https:\/\/casavinicolaciccariello.com\/es\/p\/trebbiano-igp-lazio\/\" \/>\n<meta property=\"og:locale\" content=\"es_ES\" \/>\n<meta property=\"og:type\" content=\"article\" \/>\n<meta property=\"og:title\" content=\"Trebbiano IGP Lazio | Casa Vinicola Ciccariello\" \/>\n<meta property=\"og:description\" content=\"Questo pregiato vino si ottiene dalla pi\u00f9 attenta selezione di uve Trebbiano. Ha un colore giallo paglierino, un sapore armonico assai gradevole ed un profumo fine e persistente. Ideale come aperitivo ma anche a tutto pasto, in particolare con crostacei, pesce e carni bianche. Va servito fresco a 8-10 \u00b0C.\" \/>\n<meta property=\"og:url\" content=\"https:\/\/casavinicolaciccariello.com\/es\/p\/trebbiano-igp-lazio\/\" \/>\n<meta property=\"og:site_name\" content=\"Casa Vinicola Ciccariello\" \/>\n<meta property=\"article:publisher\" content=\"https:\/\/www.facebook.com\/casavinicolaciccariello\" \/>\n<meta property=\"article:modified_time\" content=\"2025-11-26T11:01:46+00:00\" \/>\n<meta property=\"og:image\" content=\"https:\/\/casavinicolaciccariello.com\/wp-content\/uploads\/2025\/08\/69c53c56-e44d-4dc7-bf0d-f4f652a723bd.jpeg\" \/>\n\t<meta property=\"og:image:width\" content=\"1707\" \/>\n\t<meta property=\"og:image:height\" content=\"2560\" \/>\n\t<meta property=\"og:image:type\" content=\"image\/jpeg\" \/>\n<meta name=\"twitter:card\" content=\"summary_large_image\" \/>\n<meta name=\"twitter:label1\" content=\"Tiempo de lectura\" \/>\n\t<meta name=\"twitter:data1\" content=\"3 minutos\" \/>\n<script type=\"application\/ld+json\" class=\"yoast-schema-graph\">{\"@context\":\"https:\/\/schema.org\",\"@graph\":[{\"@type\":\"WebPage\",\"@id\":\"https:\/\/casavinicolaciccariello.com\/p\/trebbiano-igp-lazio\/\",\"url\":\"https:\/\/casavinicolaciccariello.com\/p\/trebbiano-igp-lazio\/\",\"name\":\"Trebbiano IGP Lazio | Casa Vinicola Ciccariello\",\"isPartOf\":{\"@id\":\"https:\/\/casavinicolaciccariello.com\/#website\"},\"primaryImageOfPage\":{\"@id\":\"https:\/\/casavinicolaciccariello.com\/p\/trebbiano-igp-lazio\/#primaryimage\"},\"image\":{\"@id\":\"https:\/\/casavinicolaciccariello.com\/p\/trebbiano-igp-lazio\/#primaryimage\"},\"thumbnailUrl\":\"https:\/\/casavinicolaciccariello.com\/wp-content\/uploads\/2025\/08\/69c53c56-e44d-4dc7-bf0d-f4f652a723bd.jpeg\",\"datePublished\":\"2025-08-11T15:24:54+00:00\",\"dateModified\":\"2025-11-26T11:01:46+00:00\",\"breadcrumb\":{\"@id\":\"https:\/\/casavinicolaciccariello.com\/p\/trebbiano-igp-lazio\/#breadcrumb\"},\"inLanguage\":\"es\",\"potentialAction\":[{\"@type\":\"ReadAction\",\"target\":[\"https:\/\/casavinicolaciccariello.com\/p\/trebbiano-igp-lazio\/\"]}]},{\"@type\":\"ImageObject\",\"inLanguage\":\"es\",\"@id\":\"https:\/\/casavinicolaciccariello.com\/p\/trebbiano-igp-lazio\/#primaryimage\",\"url\":\"https:\/\/casavinicolaciccariello.com\/wp-content\/uploads\/2025\/08\/69c53c56-e44d-4dc7-bf0d-f4f652a723bd.jpeg\",\"contentUrl\":\"https:\/\/casavinicolaciccariello.com\/wp-content\/uploads\/2025\/08\/69c53c56-e44d-4dc7-bf0d-f4f652a723bd.jpeg\",\"width\":1707,\"height\":2560,\"caption\":\"Trebbiano IGP Lazio Colli Urbis | Casa Vinicola Ciccariello\"},{\"@type\":\"BreadcrumbList\",\"@id\":\"https:\/\/casavinicolaciccariello.com\/p\/trebbiano-igp-lazio\/#breadcrumb\",\"itemListElement\":[{\"@type\":\"ListItem\",\"position\":1,\"name\":\"Home\",\"item\":\"https:\/\/casavinicolaciccariello.com\/\"},{\"@type\":\"ListItem\",\"position\":2,\"name\":\"Shop\",\"item\":\"https:\/\/casavinicolaciccariello.com\/negozio\/\"},{\"@type\":\"ListItem\",\"position\":3,\"name\":\"Trebbiano IGP Lazio\"}]},{\"@type\":\"WebSite\",\"@id\":\"https:\/\/casavinicolaciccariello.com\/#website\",\"url\":\"https:\/\/casavinicolaciccariello.com\/\",\"name\":\"Casa Vinicola Ciccariello\",\"description\":\"Dal 1966, la tradizione in ogni sorso.\",\"publisher\":{\"@id\":\"https:\/\/casavinicolaciccariello.com\/#organization\"},\"alternateName\":\"Cavici\",\"potentialAction\":[{\"@type\":\"SearchAction\",\"target\":{\"@type\":\"EntryPoint\",\"urlTemplate\":\"https:\/\/casavinicolaciccariello.com\/?s={search_term_string}\"},\"query-input\":{\"@type\":\"PropertyValueSpecification\",\"valueRequired\":true,\"valueName\":\"search_term_string\"}}],\"inLanguage\":\"es\"},{\"@type\":\"Organization\",\"@id\":\"https:\/\/casavinicolaciccariello.com\/#organization\",\"name\":\"Casa Vinicola Ciccariello\",\"alternateName\":\"CA.VI.CI SRL\",\"url\":\"https:\/\/casavinicolaciccariello.com\/\",\"logo\":{\"@type\":\"ImageObject\",\"inLanguage\":\"es\",\"@id\":\"https:\/\/casavinicolaciccariello.com\/#\/schema\/logo\/image\/\",\"url\":\"https:\/\/casavinicolaciccariello.com\/wp-content\/uploads\/2025\/03\/logo1200px.png\",\"contentUrl\":\"https:\/\/casavinicolaciccariello.com\/wp-content\/uploads\/2025\/03\/logo1200px.png\",\"width\":1200,\"height\":343,\"caption\":\"Casa Vinicola Ciccariello\"},\"image\":{\"@id\":\"https:\/\/casavinicolaciccariello.com\/#\/schema\/logo\/image\/\"},\"sameAs\":[\"https:\/\/www.facebook.com\/casavinicolaciccariello\",\"https:\/\/www.instagram.com\/casa_vinicola_ciccariello\/\"]}]}<\/script>\n<!-- \/ Yoast SEO plugin. -->","yoast_head_json":{"title":"Trebbiano IGP Lazio | Casa Vinicola Ciccariello","robots":{"index":"index","follow":"follow","max-snippet":"max-snippet:-1","max-image-preview":"max-image-preview:large","max-video-preview":"max-video-preview:-1"},"canonical":"https:\/\/casavinicolaciccariello.com\/es\/p\/trebbiano-igp-lazio\/","og_locale":"es_ES","og_type":"article","og_title":"Trebbiano IGP Lazio | Casa Vinicola Ciccariello","og_description":"Questo pregiato vino si ottiene dalla pi\u00f9 attenta selezione di uve Trebbiano. Ha un colore giallo paglierino, un sapore armonico assai gradevole ed un profumo fine e persistente. Ideale come aperitivo ma anche a tutto pasto, in particolare con crostacei, pesce e carni bianche. Va servito fresco a 8-10 \u00b0C.","og_url":"https:\/\/casavinicolaciccariello.com\/es\/p\/trebbiano-igp-lazio\/","og_site_name":"Casa Vinicola Ciccariello","article_publisher":"https:\/\/www.facebook.com\/casavinicolaciccariello","article_modified_time":"2025-11-26T11:01:46+00:00","og_image":[{"width":1707,"height":2560,"url":"https:\/\/casavinicolaciccariello.com\/wp-content\/uploads\/2025\/08\/69c53c56-e44d-4dc7-bf0d-f4f652a723bd.jpeg","type":"image\/jpeg"}],"twitter_card":"summary_large_image","twitter_misc":{"Tiempo de lectura":"3 minutos"},"schema":{"@context":"https:\/\/schema.org","@graph":[{"@type":"WebPage","@id":"https:\/\/casavinicolaciccariello.com\/p\/trebbiano-igp-lazio\/","url":"https:\/\/casavinicolaciccariello.com\/p\/trebbiano-igp-lazio\/","name":"Trebbiano IGP Lazio | Casa Vinicola Ciccariello","isPartOf":{"@id":"https:\/\/casavinicolaciccariello.com\/#website"},"primaryImageOfPage":{"@id":"https:\/\/casavinicolaciccariello.com\/p\/trebbiano-igp-lazio\/#primaryimage"},"image":{"@id":"https:\/\/casavinicolaciccariello.com\/p\/trebbiano-igp-lazio\/#primaryimage"},"thumbnailUrl":"https:\/\/casavinicolaciccariello.com\/wp-content\/uploads\/2025\/08\/69c53c56-e44d-4dc7-bf0d-f4f652a723bd.jpeg","datePublished":"2025-08-11T15:24:54+00:00","dateModified":"2025-11-26T11:01:46+00:00","breadcrumb":{"@id":"https:\/\/casavinicolaciccariello.com\/p\/trebbiano-igp-lazio\/#breadcrumb"},"inLanguage":"es","potentialAction":[{"@type":"ReadAction","target":["https:\/\/casavinicolaciccariello.com\/p\/trebbiano-igp-lazio\/"]}]},{"@type":"ImageObject","inLanguage":"es","@id":"https:\/\/casavinicolaciccariello.com\/p\/trebbiano-igp-lazio\/#primaryimage","url":"https:\/\/casavinicolaciccariello.com\/wp-content\/uploads\/2025\/08\/69c53c56-e44d-4dc7-bf0d-f4f652a723bd.jpeg","contentUrl":"https:\/\/casavinicolaciccariello.com\/wp-content\/uploads\/2025\/08\/69c53c56-e44d-4dc7-bf0d-f4f652a723bd.jpeg","width":1707,"height":2560,"caption":"Trebbiano IGP Lazio Colli Urbis | Casa Vinicola Ciccariello"},{"@type":"BreadcrumbList","@id":"https:\/\/casavinicolaciccariello.com\/p\/trebbiano-igp-lazio\/#breadcrumb","itemListElement":[{"@type":"ListItem","position":1,"name":"Home","item":"https:\/\/casavinicolaciccariello.com\/"},{"@type":"ListItem","position":2,"name":"Shop","item":"https:\/\/casavinicolaciccariello.com\/negozio\/"},{"@type":"ListItem","position":3,"name":"Trebbiano IGP Lazio"}]},{"@type":"WebSite","@id":"https:\/\/casavinicolaciccariello.com\/#website","url":"https:\/\/casavinicolaciccariello.com\/","name":"Casa Vinicola Ciccariello","description":"Dal 1966, la tradizione in ogni sorso.","publisher":{"@id":"https:\/\/casavinicolaciccariello.com\/#organization"},"alternateName":"Cavici","potentialAction":[{"@type":"SearchAction","target":{"@type":"EntryPoint","urlTemplate":"https:\/\/casavinicolaciccariello.com\/?s={search_term_string}"},"query-input":{"@type":"PropertyValueSpecification","valueRequired":true,"valueName":"search_term_string"}}],"inLanguage":"es"},{"@type":"Organization","@id":"https:\/\/casavinicolaciccariello.com\/#organization","name":"Casa Vinicola Ciccariello","alternateName":"CA.VI.CI SRL","url":"https:\/\/casavinicolaciccariello.com\/","logo":{"@type":"ImageObject","inLanguage":"es","@id":"https:\/\/casavinicolaciccariello.com\/#\/schema\/logo\/image\/","url":"https:\/\/casavinicolaciccariello.com\/wp-content\/uploads\/2025\/03\/logo1200px.png","contentUrl":"https:\/\/casavinicolaciccariello.com\/wp-content\/uploads\/2025\/03\/logo1200px.png","width":1200,"height":343,"caption":"Casa Vinicola Ciccariello"},"image":{"@id":"https:\/\/casavinicolaciccariello.com\/#\/schema\/logo\/image\/"},"sameAs":["https:\/\/www.facebook.com\/casavinicolaciccariello","https:\/\/www.instagram.com\/casa_vinicola_ciccariello\/"]}]}},"_links":{"self":[{"href":"https:\/\/casavinicolaciccariello.com\/es\/wp-json\/wp\/v2\/product\/91","targetHints":{"allow":["GET"]}}],"collection":[{"href":"https:\/\/casavinicolaciccariello.com\/es\/wp-json\/wp\/v2\/product"}],"about":[{"href":"https:\/\/casavinicolaciccariello.com\/es\/wp-json\/wp\/v2\/types\/product"}],"replies":[{"embeddable":true,"href":"https:\/\/casavinicolaciccariello.com\/es\/wp-json\/wp\/v2\/comments?post=91"}],"wp:featuredmedia":[{"embeddable":true,"href":"https:\/\/casavinicolaciccariello.com\/es\/wp-json\/wp\/v2\/media\/1074"}],"wp:attachment":[{"href":"https:\/\/casavinicolaciccariello.com\/es\/wp-json\/wp\/v2\/media?parent=91"}],"wp:term":[{"taxonomy":"product_brand","embeddable":true,"href":"https:\/\/casavinicolaciccariello.com\/es\/wp-json\/wp\/v2\/product_brand?post=91"},{"taxonomy":"product_cat","embeddable":true,"href":"https:\/\/casavinicolaciccariello.com\/es\/wp-json\/wp\/v2\/product_cat?post=91"},{"taxonomy":"product_tag","embeddable":true,"href":"https:\/\/casavinicolaciccariello.com\/es\/wp-json\/wp\/v2\/product_tag?post=91"}],"curies":[{"name":"wp","href":"https:\/\/api.w.org\/{rel}","templated":true}]}}