{"id":95,"date":"2025-08-11T17:23:09","date_gmt":"2025-08-11T15:23:09","guid":{"rendered":"https:\/\/casavinicolaciccariello.com\/prodotto\/aglianico-igp-beneventano\/"},"modified":"2025-08-11T17:23:14","modified_gmt":"2025-08-11T15:23:14","slug":"aglianico-igp-beneventano","status":"publish","type":"product","link":"https:\/\/casavinicolaciccariello.com\/es\/p\/aglianico-igp-beneventano\/","title":{"rendered":"Aglianico IGP Beneventano"},"content":{"rendered":"<h2>Aglianico IGP Beneventano<\/h2>\n<p><strong>Una oda a la artesan\u00eda tradicional y al coraz\u00f3n de la regi\u00f3n de Benevento<\/strong> - L'<strong>Aglianico IGP Beneventano<\/strong> encarna la robusta elegancia y profundidad de una variedad de uva que ha escrito p\u00e1ginas importantes en la historia enol\u00f3gica del sur de Italia. Cultivado con esmero en las f\u00e9rtiles y soleadas colinas de Beneventano, este tinto es un aut\u00e9ntico reflejo del terru\u00f1o, que expresa plenamente su personalidad mediante un proceso de vinificaci\u00f3n tradicional que realza sus caracter\u00edsticas innatas.<\/p>\n<p>Su color <strong>rojo rub\u00ed intenso<\/strong> capta inmediatamente la atenci\u00f3n, evocando la pasi\u00f3n y la vitalidad de la tierra. Al primer sorbo, se percibe un <strong>aroma vinoso y envolvente, enriquecido con notas de frutos rojos como la cereza y la ciruela<\/strong>acompa\u00f1ado de ligeros matices especiados que revelan la complejidad y madurez de la uva. En boca, el Aglianico se distingue por su <strong>nota seca y bastante intensa<\/strong>estructura equilibrada y buena persistencia, dejando un retrogusto que invita a beber y reflexionar.<\/p>\n<h3>Territorio y tradici\u00f3n<\/h3>\n<p>Los vi\u00f1edos de los que procede este vino est\u00e1n arraigados en la f\u00e9rtil tierra de Beneventano, una zona conocida por su suelo rico en or\u00edgenes volc\u00e1nicos y un clima suave que favorece una maduraci\u00f3n lenta y perfecta de las uvas. La tradici\u00f3n vin\u00edcola local, transmitida de generaci\u00f3n en generaci\u00f3n, se combina con la experiencia moderna para crear un producto que representa el alma aut\u00e9ntica de esta regi\u00f3n. La vinificaci\u00f3n con m\u00e9todos tradicionales garantiza un resultado que desprende autenticidad y car\u00e1cter, respetando la vocaci\u00f3n natural del Aglianico.<\/p>\n<h3>Consejos para combinar<\/h3>\n<ul>\n<li>Carne roja a la plancha o al horno<\/li>\n<li>Varios quesos no picantes, curados o semicurados<\/li>\n<li>Ricos platos mediterr\u00e1neos<\/li>\n<\/ul>\n<h3>Contexto de utilizaci\u00f3n<\/h3>\n<p>Perfecto para degustar a temperatura ambiente, el Aglianico beneficia los momentos de convivencia, como las cenas con amigos o las reuniones familiares, donde su personalidad se realza y hace que cada ocasi\u00f3n sea especial. Su versatilidad tambi\u00e9n lo hace adecuado para momentos de recogimiento, acompa\u00f1ado de platos tradicionales que realzan su car\u00e1cter.<\/p>\n<h3>PREGUNTAS FRECUENTES<\/h3>\n<p><strong>1. \u00bfCu\u00e1l es la temperatura ideal para servir?<\/strong><br \/>El Aglianico se sirve mejor a unos 18\u00b0C, a temperatura ambiente, para apreciar plenamente su estructura y sus aromas.<\/p>\n<p><strong>2. \u00bfCon qu\u00e9 platos combina mejor?<\/strong><br \/>Es ideal con carnes rojas, como asados, carnes a la parrilla y estofadas, y con quesos maduros o semicurados.<\/p>\n<p><strong>3. \u00bfCu\u00e1nto dura el refinamiento?<\/strong><br \/>Gracias a su estructura, este vino tambi\u00e9n puede disfrutarse tras varios a\u00f1os de envejecimiento, mejorando a\u00fan m\u00e1s en complejidad y profundidad.<\/p>\n<p><strong>4. \u00bfCu\u00e1les son las principales caracter\u00edsticas organol\u00e9pticas?<\/strong><br \/>Color rojo rub\u00ed intenso, aroma vinoso con notas de frutos rojos y sabor seco, pleno y persistente.<\/p>","protected":false},"excerpt":{"rendered":"<p>Ciccariello Aglianico IGP Beneventano: un rojo rub\u00ed intenso que revela notas de fruta roja y un car\u00e1cter seco y envolvente. Perfecto para acompa\u00f1ar carnes sabrosas y momentos de aut\u00e9ntica convivencia.<\/p>","protected":false},"featured_media":1071,"comment_status":"closed","ping_status":"open","template":"","meta":[],"product_brand":[18],"product_cat":[27],"product_tag":[163],"class_list":{"0":"post-95","1":"product","2":"type-product","3":"status-publish","4":"has-post-thumbnail","6":"product_brand-casa-vinicola-ciccariello","7":"product_cat-colli-urbis","8":"product_tag-vino-rosso","9":"pa_formato-17","10":"pa_linea-colli-urbis","12":"first","13":"instock","14":"purchasable","15":"product-type-simple"},"yoast_head":"<!-- This site is optimized with the Yoast SEO plugin v27.2 - https:\/\/yoast.com\/product\/yoast-seo-wordpress\/ -->\n<title>Aglianico IGP Beneventano | Casa Vinicola Ciccariello<\/title>\n<meta name=\"robots\" content=\"index, follow, max-snippet:-1, max-image-preview:large, max-video-preview:-1\" \/>\n<link rel=\"canonical\" href=\"https:\/\/casavinicolaciccariello.com\/es\/p\/aglianico-igp-beneventano\/\" \/>\n<meta property=\"og:locale\" content=\"es_ES\" \/>\n<meta property=\"og:type\" content=\"article\" \/>\n<meta property=\"og:title\" content=\"Aglianico IGP Beneventano | Casa Vinicola Ciccariello\" \/>\n<meta property=\"og:description\" content=\"Ciccariello Aglianico IGP Beneventano: un rosso rubino intenso che svela sentori di frutta rossa e un carattere asciutto e avvolgente. Perfetto per accompagnare carni gustose e momenti di convivialit\u00e0 autentica.\" \/>\n<meta property=\"og:url\" content=\"https:\/\/casavinicolaciccariello.com\/es\/p\/aglianico-igp-beneventano\/\" \/>\n<meta property=\"og:site_name\" content=\"Casa Vinicola Ciccariello\" \/>\n<meta property=\"article:publisher\" content=\"https:\/\/www.facebook.com\/casavinicolaciccariello\" \/>\n<meta property=\"article:modified_time\" content=\"2025-08-11T15:23:14+00:00\" \/>\n<meta property=\"og:image\" content=\"https:\/\/casavinicolaciccariello.com\/wp-content\/uploads\/2025\/08\/6d1cc63f-3a6b-4f6f-8e2f-8983ff0a4b71.jpeg\" \/>\n\t<meta property=\"og:image:width\" content=\"1707\" \/>\n\t<meta property=\"og:image:height\" content=\"2560\" \/>\n\t<meta property=\"og:image:type\" content=\"image\/jpeg\" \/>\n<meta name=\"twitter:card\" content=\"summary_large_image\" \/>\n<meta name=\"twitter:label1\" content=\"Tiempo de lectura\" \/>\n\t<meta name=\"twitter:data1\" content=\"2 minutos\" \/>\n<script type=\"application\/ld+json\" class=\"yoast-schema-graph\">{\"@context\":\"https:\/\/schema.org\",\"@graph\":[{\"@type\":\"WebPage\",\"@id\":\"https:\/\/casavinicolaciccariello.com\/p\/aglianico-igp-beneventano\/\",\"url\":\"https:\/\/casavinicolaciccariello.com\/p\/aglianico-igp-beneventano\/\",\"name\":\"Aglianico IGP Beneventano | Casa Vinicola Ciccariello\",\"isPartOf\":{\"@id\":\"https:\/\/casavinicolaciccariello.com\/#website\"},\"primaryImageOfPage\":{\"@id\":\"https:\/\/casavinicolaciccariello.com\/p\/aglianico-igp-beneventano\/#primaryimage\"},\"image\":{\"@id\":\"https:\/\/casavinicolaciccariello.com\/p\/aglianico-igp-beneventano\/#primaryimage\"},\"thumbnailUrl\":\"https:\/\/casavinicolaciccariello.com\/wp-content\/uploads\/2025\/08\/6d1cc63f-3a6b-4f6f-8e2f-8983ff0a4b71.jpeg\",\"datePublished\":\"2025-08-11T15:23:09+00:00\",\"dateModified\":\"2025-08-11T15:23:14+00:00\",\"breadcrumb\":{\"@id\":\"https:\/\/casavinicolaciccariello.com\/p\/aglianico-igp-beneventano\/#breadcrumb\"},\"inLanguage\":\"es\",\"potentialAction\":[{\"@type\":\"ReadAction\",\"target\":[\"https:\/\/casavinicolaciccariello.com\/p\/aglianico-igp-beneventano\/\"]}]},{\"@type\":\"ImageObject\",\"inLanguage\":\"es\",\"@id\":\"https:\/\/casavinicolaciccariello.com\/p\/aglianico-igp-beneventano\/#primaryimage\",\"url\":\"https:\/\/casavinicolaciccariello.com\/wp-content\/uploads\/2025\/08\/6d1cc63f-3a6b-4f6f-8e2f-8983ff0a4b71.jpeg\",\"contentUrl\":\"https:\/\/casavinicolaciccariello.com\/wp-content\/uploads\/2025\/08\/6d1cc63f-3a6b-4f6f-8e2f-8983ff0a4b71.jpeg\",\"width\":1707,\"height\":2560,\"caption\":\"Aglianico IGP Beneventano Colli Urbis | Casa Vinicola Ciccariello\"},{\"@type\":\"BreadcrumbList\",\"@id\":\"https:\/\/casavinicolaciccariello.com\/p\/aglianico-igp-beneventano\/#breadcrumb\",\"itemListElement\":[{\"@type\":\"ListItem\",\"position\":1,\"name\":\"Home\",\"item\":\"https:\/\/casavinicolaciccariello.com\/\"},{\"@type\":\"ListItem\",\"position\":2,\"name\":\"Shop\",\"item\":\"https:\/\/casavinicolaciccariello.com\/negozio\/\"},{\"@type\":\"ListItem\",\"position\":3,\"name\":\"Aglianico IGP Beneventano\"}]},{\"@type\":\"WebSite\",\"@id\":\"https:\/\/casavinicolaciccariello.com\/#website\",\"url\":\"https:\/\/casavinicolaciccariello.com\/\",\"name\":\"Casa Vinicola Ciccariello\",\"description\":\"Dal 1966, la tradizione in ogni sorso.\",\"publisher\":{\"@id\":\"https:\/\/casavinicolaciccariello.com\/#organization\"},\"alternateName\":\"Cavici\",\"potentialAction\":[{\"@type\":\"SearchAction\",\"target\":{\"@type\":\"EntryPoint\",\"urlTemplate\":\"https:\/\/casavinicolaciccariello.com\/?s={search_term_string}\"},\"query-input\":{\"@type\":\"PropertyValueSpecification\",\"valueRequired\":true,\"valueName\":\"search_term_string\"}}],\"inLanguage\":\"es\"},{\"@type\":\"Organization\",\"@id\":\"https:\/\/casavinicolaciccariello.com\/#organization\",\"name\":\"Casa Vinicola Ciccariello\",\"alternateName\":\"CA.VI.CI SRL\",\"url\":\"https:\/\/casavinicolaciccariello.com\/\",\"logo\":{\"@type\":\"ImageObject\",\"inLanguage\":\"es\",\"@id\":\"https:\/\/casavinicolaciccariello.com\/#\/schema\/logo\/image\/\",\"url\":\"https:\/\/casavinicolaciccariello.com\/wp-content\/uploads\/2025\/03\/logo1200px.png\",\"contentUrl\":\"https:\/\/casavinicolaciccariello.com\/wp-content\/uploads\/2025\/03\/logo1200px.png\",\"width\":1200,\"height\":343,\"caption\":\"Casa Vinicola Ciccariello\"},\"image\":{\"@id\":\"https:\/\/casavinicolaciccariello.com\/#\/schema\/logo\/image\/\"},\"sameAs\":[\"https:\/\/www.facebook.com\/casavinicolaciccariello\",\"https:\/\/www.instagram.com\/casa_vinicola_ciccariello\/\"]}]}<\/script>\n<!-- \/ Yoast SEO plugin. -->","yoast_head_json":{"title":"Aglianico IGP Beneventano | Casa Vinicola Ciccariello","robots":{"index":"index","follow":"follow","max-snippet":"max-snippet:-1","max-image-preview":"max-image-preview:large","max-video-preview":"max-video-preview:-1"},"canonical":"https:\/\/casavinicolaciccariello.com\/es\/p\/aglianico-igp-beneventano\/","og_locale":"es_ES","og_type":"article","og_title":"Aglianico IGP Beneventano | Casa Vinicola Ciccariello","og_description":"Ciccariello Aglianico IGP Beneventano: un rosso rubino intenso che svela sentori di frutta rossa e un carattere asciutto e avvolgente. Perfetto per accompagnare carni gustose e momenti di convivialit\u00e0 autentica.","og_url":"https:\/\/casavinicolaciccariello.com\/es\/p\/aglianico-igp-beneventano\/","og_site_name":"Casa Vinicola Ciccariello","article_publisher":"https:\/\/www.facebook.com\/casavinicolaciccariello","article_modified_time":"2025-08-11T15:23:14+00:00","og_image":[{"width":1707,"height":2560,"url":"https:\/\/casavinicolaciccariello.com\/wp-content\/uploads\/2025\/08\/6d1cc63f-3a6b-4f6f-8e2f-8983ff0a4b71.jpeg","type":"image\/jpeg"}],"twitter_card":"summary_large_image","twitter_misc":{"Tiempo de lectura":"2 minutos"},"schema":{"@context":"https:\/\/schema.org","@graph":[{"@type":"WebPage","@id":"https:\/\/casavinicolaciccariello.com\/p\/aglianico-igp-beneventano\/","url":"https:\/\/casavinicolaciccariello.com\/p\/aglianico-igp-beneventano\/","name":"Aglianico IGP Beneventano | Casa Vinicola Ciccariello","isPartOf":{"@id":"https:\/\/casavinicolaciccariello.com\/#website"},"primaryImageOfPage":{"@id":"https:\/\/casavinicolaciccariello.com\/p\/aglianico-igp-beneventano\/#primaryimage"},"image":{"@id":"https:\/\/casavinicolaciccariello.com\/p\/aglianico-igp-beneventano\/#primaryimage"},"thumbnailUrl":"https:\/\/casavinicolaciccariello.com\/wp-content\/uploads\/2025\/08\/6d1cc63f-3a6b-4f6f-8e2f-8983ff0a4b71.jpeg","datePublished":"2025-08-11T15:23:09+00:00","dateModified":"2025-08-11T15:23:14+00:00","breadcrumb":{"@id":"https:\/\/casavinicolaciccariello.com\/p\/aglianico-igp-beneventano\/#breadcrumb"},"inLanguage":"es","potentialAction":[{"@type":"ReadAction","target":["https:\/\/casavinicolaciccariello.com\/p\/aglianico-igp-beneventano\/"]}]},{"@type":"ImageObject","inLanguage":"es","@id":"https:\/\/casavinicolaciccariello.com\/p\/aglianico-igp-beneventano\/#primaryimage","url":"https:\/\/casavinicolaciccariello.com\/wp-content\/uploads\/2025\/08\/6d1cc63f-3a6b-4f6f-8e2f-8983ff0a4b71.jpeg","contentUrl":"https:\/\/casavinicolaciccariello.com\/wp-content\/uploads\/2025\/08\/6d1cc63f-3a6b-4f6f-8e2f-8983ff0a4b71.jpeg","width":1707,"height":2560,"caption":"Aglianico IGP Beneventano Colli Urbis | Casa Vinicola Ciccariello"},{"@type":"BreadcrumbList","@id":"https:\/\/casavinicolaciccariello.com\/p\/aglianico-igp-beneventano\/#breadcrumb","itemListElement":[{"@type":"ListItem","position":1,"name":"Home","item":"https:\/\/casavinicolaciccariello.com\/"},{"@type":"ListItem","position":2,"name":"Shop","item":"https:\/\/casavinicolaciccariello.com\/negozio\/"},{"@type":"ListItem","position":3,"name":"Aglianico IGP Beneventano"}]},{"@type":"WebSite","@id":"https:\/\/casavinicolaciccariello.com\/#website","url":"https:\/\/casavinicolaciccariello.com\/","name":"Casa Vinicola Ciccariello","description":"Dal 1966, la tradizione in ogni sorso.","publisher":{"@id":"https:\/\/casavinicolaciccariello.com\/#organization"},"alternateName":"Cavici","potentialAction":[{"@type":"SearchAction","target":{"@type":"EntryPoint","urlTemplate":"https:\/\/casavinicolaciccariello.com\/?s={search_term_string}"},"query-input":{"@type":"PropertyValueSpecification","valueRequired":true,"valueName":"search_term_string"}}],"inLanguage":"es"},{"@type":"Organization","@id":"https:\/\/casavinicolaciccariello.com\/#organization","name":"Casa Vinicola Ciccariello","alternateName":"CA.VI.CI SRL","url":"https:\/\/casavinicolaciccariello.com\/","logo":{"@type":"ImageObject","inLanguage":"es","@id":"https:\/\/casavinicolaciccariello.com\/#\/schema\/logo\/image\/","url":"https:\/\/casavinicolaciccariello.com\/wp-content\/uploads\/2025\/03\/logo1200px.png","contentUrl":"https:\/\/casavinicolaciccariello.com\/wp-content\/uploads\/2025\/03\/logo1200px.png","width":1200,"height":343,"caption":"Casa Vinicola Ciccariello"},"image":{"@id":"https:\/\/casavinicolaciccariello.com\/#\/schema\/logo\/image\/"},"sameAs":["https:\/\/www.facebook.com\/casavinicolaciccariello","https:\/\/www.instagram.com\/casa_vinicola_ciccariello\/"]}]}},"_links":{"self":[{"href":"https:\/\/casavinicolaciccariello.com\/es\/wp-json\/wp\/v2\/product\/95","targetHints":{"allow":["GET"]}}],"collection":[{"href":"https:\/\/casavinicolaciccariello.com\/es\/wp-json\/wp\/v2\/product"}],"about":[{"href":"https:\/\/casavinicolaciccariello.com\/es\/wp-json\/wp\/v2\/types\/product"}],"replies":[{"embeddable":true,"href":"https:\/\/casavinicolaciccariello.com\/es\/wp-json\/wp\/v2\/comments?post=95"}],"wp:featuredmedia":[{"embeddable":true,"href":"https:\/\/casavinicolaciccariello.com\/es\/wp-json\/wp\/v2\/media\/1071"}],"wp:attachment":[{"href":"https:\/\/casavinicolaciccariello.com\/es\/wp-json\/wp\/v2\/media?parent=95"}],"wp:term":[{"taxonomy":"product_brand","embeddable":true,"href":"https:\/\/casavinicolaciccariello.com\/es\/wp-json\/wp\/v2\/product_brand?post=95"},{"taxonomy":"product_cat","embeddable":true,"href":"https:\/\/casavinicolaciccariello.com\/es\/wp-json\/wp\/v2\/product_cat?post=95"},{"taxonomy":"product_tag","embeddable":true,"href":"https:\/\/casavinicolaciccariello.com\/es\/wp-json\/wp\/v2\/product_tag?post=95"}],"curies":[{"name":"wp","href":"https:\/\/api.w.org\/{rel}","templated":true}]}}